{"id":8912,"date":"2025-09-18T12:24:47","date_gmt":"2025-09-18T12:24:47","guid":{"rendered":"https:\/\/resources.tehnomax.me\/?page_id=8912"},"modified":"2025-09-18T13:59:24","modified_gmt":"2025-09-18T13:59:24","slug":"apple-watch-s11","status":"publish","type":"page","link":"https:\/\/resources.tehnomax.me\/?page_id=8912","title":{"rendered":"APPLE WATCH S11"},"content":{"rendered":"\t\t<div data-elementor-type=\"wp-page\" data-elementor-id=\"8912\" class=\"elementor elementor-8912\" data-elementor-post-type=\"page\">\n\t\t\t\t\t\t<section class=\"elementor-section elementor-top-section elementor-element elementor-element-4555298d elementor-section-full_width elementor-section-height-default elementor-section-height-default\" data-id=\"4555298d\" data-element_type=\"section\" data-settings=\"{&quot;background_background&quot;:&quot;classic&quot;}\">\n\t\t\t\t\t\t<div class=\"elementor-container elementor-column-gap-no\">\n\t\t\t\t\t<div class=\"elementor-column elementor-col-100 elementor-top-column elementor-element elementor-element-19c23c83\" data-id=\"19c23c83\" data-element_type=\"column\">\n\t\t\t<div class=\"elementor-widget-wrap elementor-element-populated\">\n\t\t\t\t\t\t<div class=\"elementor-element elementor-element-0c09d7b elementor-widget elementor-widget-video\" data-id=\"0c09d7b\" data-element_type=\"widget\" data-settings=\"{&quot;video_type&quot;:&quot;hosted&quot;,&quot;autoplay&quot;:&quot;yes&quot;,&quot;mute&quot;:&quot;yes&quot;,&quot;play_on_mobile&quot;:&quot;yes&quot;}\" data-widget_type=\"video.default\">\n\t\t\t\t<div class=\"elementor-widget-container\">\n\t\t\t\t\t\t\t<div class=\"e-hosted-video elementor-wrapper elementor-open-inline\">\n\t\t\t\t\t<video class=\"elementor-video\" src=\"https:\/\/resources.tehnomax.me\/wp-content\/uploads\/2025\/09\/Apple-Watch-Series-11-Apple-3.mp4\" autoplay=\"\" muted=\"muted\" playsinline=\"\" controlsList=\"nodownload\"><\/video>\n\t\t\t\t<\/div>\n\t\t\t\t\t\t<\/div>\n\t\t\t\t<\/div>\n\t\t\t\t\t<\/div>\n\t\t<\/div>\n\t\t\t\t\t<\/div>\n\t\t<\/section>\n\t\t\t\t<section class=\"elementor-section elementor-top-section elementor-element elementor-element-4771461 elementor-section-boxed elementor-section-height-default elementor-section-height-default\" data-id=\"4771461\" data-element_type=\"section\" data-settings=\"{&quot;background_background&quot;:&quot;classic&quot;}\">\n\t\t\t\t\t\t<div class=\"elementor-container elementor-column-gap-default\">\n\t\t\t\t\t<div class=\"elementor-column elementor-col-100 elementor-top-column elementor-element elementor-element-6c68fc1\" data-id=\"6c68fc1\" data-element_type=\"column\">\n\t\t\t<div class=\"elementor-widget-wrap elementor-element-populated\">\n\t\t\t\t\t\t<div class=\"elementor-element elementor-element-eff96d8 elementor-widget elementor-widget-spacer\" data-id=\"eff96d8\" data-element_type=\"widget\" data-widget_type=\"spacer.default\">\n\t\t\t\t<div class=\"elementor-widget-container\">\n\t\t\t\t\t\t\t<div class=\"elementor-spacer\">\n\t\t\t<div class=\"elementor-spacer-inner\"><\/div>\n\t\t<\/div>\n\t\t\t\t\t\t<\/div>\n\t\t\t\t<\/div>\n\t\t\t\t<div class=\"elementor-element elementor-element-40f87aa elementor-invisible elementor-widget elementor-widget-heading\" data-id=\"40f87aa\" data-element_type=\"widget\" data-settings=\"{&quot;_animation&quot;:&quot;fadeInRight&quot;}\" data-widget_type=\"heading.default\">\n\t\t\t\t<div class=\"elementor-widget-container\">\n\t\t\t\t\t<h2 class=\"elementor-heading-title elementor-size-default\">Uzmite najva\u017enije.<\/h2>\t\t\t\t<\/div>\n\t\t\t\t<\/div>\n\t\t\t\t\t<\/div>\n\t\t<\/div>\n\t\t\t\t\t<\/div>\n\t\t<\/section>\n\t\t<div class=\"elementor-element elementor-element-043c406 e-grid e-con-boxed e-con e-parent\" data-id=\"043c406\" data-element_type=\"container\" data-settings=\"{&quot;background_background&quot;:&quot;classic&quot;}\">\n\t\t\t\t\t<div class=\"e-con-inner\">\n\t\t\t\t<div class=\"elementor-element elementor-element-7ca1bfd elementor-invisible elementor-widget elementor-widget-video\" data-id=\"7ca1bfd\" data-element_type=\"widget\" data-settings=\"{&quot;video_type&quot;:&quot;hosted&quot;,&quot;start&quot;:0.2,&quot;autoplay&quot;:&quot;yes&quot;,&quot;mute&quot;:&quot;yes&quot;,&quot;_animation&quot;:&quot;fadeInRight&quot;,&quot;play_on_mobile&quot;:&quot;yes&quot;}\" data-widget_type=\"video.default\">\n\t\t\t\t<div class=\"elementor-widget-container\">\n\t\t\t\t\t\t\t<div class=\"e-hosted-video elementor-wrapper elementor-open-inline\">\n\t\t\t\t\t<video class=\"elementor-video\" src=\"https:\/\/resources.tehnomax.me\/wp-content\/uploads\/2025\/09\/Apple-Watch-Series-11-Apple.mp4#t=0.2\" autoplay=\"\" muted=\"muted\" playsinline=\"\" controlsList=\"nodownload\"><\/video>\n\t\t\t\t<\/div>\n\t\t\t\t\t\t<\/div>\n\t\t\t\t<\/div>\n\t\t\t\t<div class=\"elementor-element elementor-element-fdae49c elementor-invisible elementor-widget elementor-widget-video\" data-id=\"fdae49c\" data-element_type=\"widget\" data-settings=\"{&quot;video_type&quot;:&quot;hosted&quot;,&quot;start&quot;:0.2,&quot;autoplay&quot;:&quot;yes&quot;,&quot;mute&quot;:&quot;yes&quot;,&quot;_animation&quot;:&quot;fadeInLeft&quot;,&quot;play_on_mobile&quot;:&quot;yes&quot;}\" data-widget_type=\"video.default\">\n\t\t\t\t<div class=\"elementor-widget-container\">\n\t\t\t\t\t\t\t<div class=\"e-hosted-video elementor-wrapper elementor-open-inline\">\n\t\t\t\t\t<video class=\"elementor-video\" src=\"https:\/\/resources.tehnomax.me\/wp-content\/uploads\/2025\/09\/Apple-Watch-Series-11-Apple-8.mp4#t=0.2\" autoplay=\"\" muted=\"muted\" playsinline=\"\" controlsList=\"nodownload\"><\/video>\n\t\t\t\t<\/div>\n\t\t\t\t\t\t<\/div>\n\t\t\t\t<\/div>\n\t\t\t\t<div class=\"elementor-element elementor-element-bc4bda8 elementor-invisible elementor-widget elementor-widget-video\" data-id=\"bc4bda8\" data-element_type=\"widget\" data-settings=\"{&quot;video_type&quot;:&quot;hosted&quot;,&quot;start&quot;:0.2,&quot;autoplay&quot;:&quot;yes&quot;,&quot;mute&quot;:&quot;yes&quot;,&quot;_animation&quot;:&quot;fadeInRight&quot;,&quot;play_on_mobile&quot;:&quot;yes&quot;}\" data-widget_type=\"video.default\">\n\t\t\t\t<div class=\"elementor-widget-container\">\n\t\t\t\t\t\t\t<div class=\"e-hosted-video elementor-wrapper elementor-open-inline\">\n\t\t\t\t\t<video class=\"elementor-video\" src=\"https:\/\/resources.tehnomax.me\/wp-content\/uploads\/2025\/09\/Apple-Watch-Series-11-Apple-1.mp4#t=0.2\" autoplay=\"\" muted=\"muted\" playsinline=\"\" controlsList=\"nodownload\"><\/video>\n\t\t\t\t<\/div>\n\t\t\t\t\t\t<\/div>\n\t\t\t\t<\/div>\n\t\t\t\t<div class=\"elementor-element elementor-element-b078a3a elementor-invisible elementor-widget elementor-widget-video\" data-id=\"b078a3a\" data-element_type=\"widget\" data-settings=\"{&quot;video_type&quot;:&quot;hosted&quot;,&quot;start&quot;:0.2,&quot;autoplay&quot;:&quot;yes&quot;,&quot;mute&quot;:&quot;yes&quot;,&quot;_animation&quot;:&quot;fadeInLeft&quot;,&quot;play_on_mobile&quot;:&quot;yes&quot;}\" data-widget_type=\"video.default\">\n\t\t\t\t<div class=\"elementor-widget-container\">\n\t\t\t\t\t\t\t<div class=\"e-hosted-video elementor-wrapper elementor-open-inline\">\n\t\t\t\t\t<video class=\"elementor-video\" src=\"https:\/\/resources.tehnomax.me\/wp-content\/uploads\/2025\/09\/Apple-Watch-Series-11-Apple-2.mp4#t=0.2\" autoplay=\"\" muted=\"muted\" playsinline=\"\" controlsList=\"nodownload\"><\/video>\n\t\t\t\t<\/div>\n\t\t\t\t\t\t<\/div>\n\t\t\t\t<\/div>\n\t\t\t\t\t<\/div>\n\t\t\t\t<\/div>\n\t\t<div class=\"elementor-element elementor-element-b2f64de e-flex e-con-boxed e-con e-parent\" data-id=\"b2f64de\" data-element_type=\"container\">\n\t\t\t\t\t<div class=\"e-con-inner\">\n\t\t\t\t<div class=\"elementor-element elementor-element-ce362de elementor-invisible elementor-widget elementor-widget-heading\" data-id=\"ce362de\" data-element_type=\"widget\" data-settings=\"{&quot;_animation&quot;:&quot;fadeInDown&quot;}\" data-widget_type=\"heading.default\">\n\t\t\t\t<div class=\"elementor-widget-container\">\n\t\t\t\t\t<h2 class=\"elementor-heading-title elementor-size-default\">Pogledaj pa\u017eljivije.<\/h2>\t\t\t\t<\/div>\n\t\t\t\t<\/div>\n\t\t\t\t<div class=\"elementor-element elementor-element-d2dbd52 elementor-invisible elementor-widget elementor-widget-image\" data-id=\"d2dbd52\" data-element_type=\"widget\" data-settings=\"{&quot;_animation&quot;:&quot;fadeInUp&quot;}\" data-widget_type=\"image.default\">\n\t\t\t\t<div class=\"elementor-widget-container\">\n\t\t\t\t\t\t\t\t\t\t\t\t\t\t\t<img fetchpriority=\"high\" decoding=\"async\" width=\"620\" height=\"402\" src=\"https:\/\/resources.tehnomax.me\/wp-content\/uploads\/2025\/09\/download-removebg-preview.png\" class=\"attachment-full size-full wp-image-8932\" alt=\"\" srcset=\"https:\/\/resources.tehnomax.me\/wp-content\/uploads\/2025\/09\/download-removebg-preview.png 620w, https:\/\/resources.tehnomax.me\/wp-content\/uploads\/2025\/09\/download-removebg-preview-300x195.png 300w\" sizes=\"(max-width: 620px) 100vw, 620px\" \/>\t\t\t\t\t\t\t\t\t\t\t\t\t\t\t<\/div>\n\t\t\t\t<\/div>\n\t\t\t\t\t<\/div>\n\t\t\t\t<\/div>\n\t\t\t\t<section class=\"elementor-section elementor-top-section elementor-element elementor-element-32557fe elementor-section-full_width elementor-section-height-default elementor-section-height-default\" data-id=\"32557fe\" data-element_type=\"section\" data-settings=\"{&quot;background_background&quot;:&quot;classic&quot;}\">\n\t\t\t\t\t\t<div class=\"elementor-container elementor-column-gap-no\">\n\t\t\t\t\t<div class=\"elementor-column elementor-col-100 elementor-top-column elementor-element elementor-element-68a6fd3\" data-id=\"68a6fd3\" data-element_type=\"column\">\n\t\t\t<div class=\"elementor-widget-wrap elementor-element-populated\">\n\t\t\t\t\t\t<div class=\"elementor-element elementor-element-e0b51f7 elementor-widget elementor-widget-spacer\" data-id=\"e0b51f7\" data-element_type=\"widget\" data-widget_type=\"spacer.default\">\n\t\t\t\t<div class=\"elementor-widget-container\">\n\t\t\t\t\t\t\t<div class=\"elementor-spacer\">\n\t\t\t<div class=\"elementor-spacer-inner\"><\/div>\n\t\t<\/div>\n\t\t\t\t\t\t<\/div>\n\t\t\t\t<\/div>\n\t\t<div class=\"elementor-element elementor-element-930ab22 e-flex e-con-boxed e-con e-parent\" data-id=\"930ab22\" data-element_type=\"container\">\n\t\t\t\t\t<div class=\"e-con-inner\">\n\t\t<div class=\"elementor-element elementor-element-0cbb841 e-con-full e-flex elementor-invisible e-con e-child\" data-id=\"0cbb841\" data-element_type=\"container\" data-settings=\"{&quot;animation&quot;:&quot;fadeInRight&quot;}\">\n\t\t\t\t<div class=\"elementor-element elementor-element-386509b elementor-widget elementor-widget-image\" data-id=\"386509b\" data-element_type=\"widget\" data-widget_type=\"image.default\">\n\t\t\t\t<div class=\"elementor-widget-container\">\n\t\t\t\t\t\t\t\t\t\t\t\t\t\t\t<img decoding=\"async\" width=\"372\" height=\"452\" src=\"https:\/\/resources.tehnomax.me\/wp-content\/uploads\/2025\/09\/download__1_-removebg-preview.png\" class=\"attachment-large size-large wp-image-8933\" alt=\"\" srcset=\"https:\/\/resources.tehnomax.me\/wp-content\/uploads\/2025\/09\/download__1_-removebg-preview.png 372w, https:\/\/resources.tehnomax.me\/wp-content\/uploads\/2025\/09\/download__1_-removebg-preview-247x300.png 247w\" sizes=\"(max-width: 372px) 100vw, 372px\" \/>\t\t\t\t\t\t\t\t\t\t\t\t\t\t\t<\/div>\n\t\t\t\t<\/div>\n\t\t\t\t<\/div>\n\t\t<div class=\"elementor-element elementor-element-d00c4dd e-con-full e-flex e-con e-child\" data-id=\"d00c4dd\" data-element_type=\"container\">\n\t\t\t\t<div class=\"elementor-element elementor-element-964d826 elementor-invisible elementor-widget elementor-widget-image\" data-id=\"964d826\" data-element_type=\"widget\" data-settings=\"{&quot;_animation&quot;:&quot;fadeInLeft&quot;}\" data-widget_type=\"image.default\">\n\t\t\t\t<div class=\"elementor-widget-container\">\n\t\t\t\t\t\t\t\t\t\t\t\t\t\t\t<img decoding=\"async\" width=\"372\" height=\"452\" src=\"https:\/\/resources.tehnomax.me\/wp-content\/uploads\/2025\/09\/download__2_-removebg-preview.png\" class=\"attachment-large size-large wp-image-8934\" alt=\"\" srcset=\"https:\/\/resources.tehnomax.me\/wp-content\/uploads\/2025\/09\/download__2_-removebg-preview.png 372w, https:\/\/resources.tehnomax.me\/wp-content\/uploads\/2025\/09\/download__2_-removebg-preview-247x300.png 247w\" sizes=\"(max-width: 372px) 100vw, 372px\" \/>\t\t\t\t\t\t\t\t\t\t\t\t\t\t\t<\/div>\n\t\t\t\t<\/div>\n\t\t\t\t<\/div>\n\t\t\t\t\t<\/div>\n\t\t\t\t<\/div>\n\t\t\t\t<div class=\"elementor-element elementor-element-fe5c186 elementor-widget elementor-widget-spacer\" data-id=\"fe5c186\" data-element_type=\"widget\" data-widget_type=\"spacer.default\">\n\t\t\t\t<div class=\"elementor-widget-container\">\n\t\t\t\t\t\t\t<div class=\"elementor-spacer\">\n\t\t\t<div class=\"elementor-spacer-inner\"><\/div>\n\t\t<\/div>\n\t\t\t\t\t\t<\/div>\n\t\t\t\t<\/div>\n\t\t\t\t\t<\/div>\n\t\t<\/div>\n\t\t\t\t\t<\/div>\n\t\t<\/section>\n\t\t<div class=\"elementor-element elementor-element-c73eadc e-flex e-con-boxed e-con e-parent\" data-id=\"c73eadc\" data-element_type=\"container\">\n\t\t\t\t\t<div class=\"e-con-inner\">\n\t\t\t\t<div class=\"elementor-element elementor-element-ff548dd elementor-invisible elementor-widget elementor-widget-heading\" data-id=\"ff548dd\" data-element_type=\"widget\" data-settings=\"{&quot;_animation&quot;:&quot;fadeInUp&quot;}\" data-widget_type=\"heading.default\">\n\t\t\t\t<div class=\"elementor-widget-container\">\n\t\t\t\t\t<h2 class=\"elementor-heading-title elementor-size-default\">Bezbjednost<\/h2>\t\t\t\t<\/div>\n\t\t\t\t<\/div>\n\t\t\t\t<div class=\"elementor-element elementor-element-2a7b368 animated-slow elementor-invisible elementor-widget elementor-widget-heading\" data-id=\"2a7b368\" data-element_type=\"widget\" data-settings=\"{&quot;_animation&quot;:&quot;fadeInUp&quot;}\" data-widget_type=\"heading.default\">\n\t\t\t\t<div class=\"elementor-widget-container\">\n\t\t\t\t\t<h2 class=\"elementor-heading-title elementor-size-default\">Pravi spas.<\/h2>\t\t\t\t<\/div>\n\t\t\t\t<\/div>\n\t\t\t\t<div class=\"elementor-element elementor-element-6628973 animated-slow elementor-invisible elementor-widget elementor-widget-image\" data-id=\"6628973\" data-element_type=\"widget\" data-settings=\"{&quot;_animation&quot;:&quot;fadeInDown&quot;}\" data-widget_type=\"image.default\">\n\t\t\t\t<div class=\"elementor-widget-container\">\n\t\t\t\t\t\t\t\t\t\t\t\t\t\t\t<img loading=\"lazy\" decoding=\"async\" width=\"492\" height=\"508\" src=\"https:\/\/resources.tehnomax.me\/wp-content\/uploads\/2025\/09\/download__3_-removebg-preview.png\" class=\"attachment-large size-large wp-image-8938\" alt=\"\" srcset=\"https:\/\/resources.tehnomax.me\/wp-content\/uploads\/2025\/09\/download__3_-removebg-preview.png 492w, https:\/\/resources.tehnomax.me\/wp-content\/uploads\/2025\/09\/download__3_-removebg-preview-291x300.png 291w\" sizes=\"(max-width: 492px) 100vw, 492px\" \/>\t\t\t\t\t\t\t\t\t\t\t\t\t\t\t<\/div>\n\t\t\t\t<\/div>\n\t\t\t\t\t<\/div>\n\t\t\t\t<\/div>\n\t\t<div class=\"elementor-element elementor-element-3dfdd19 e-flex e-con-boxed e-con e-parent\" data-id=\"3dfdd19\" data-element_type=\"container\">\n\t\t\t\t\t<div class=\"e-con-inner\">\n\t\t<div class=\"elementor-element elementor-element-19a35f0 e-con-full e-flex e-con e-child\" data-id=\"19a35f0\" data-element_type=\"container\" data-settings=\"{&quot;animation&quot;:&quot;none&quot;}\">\n\t\t\t\t<div class=\"elementor-element elementor-element-a7779bd elementor-invisible elementor-widget elementor-widget-image\" data-id=\"a7779bd\" data-element_type=\"widget\" data-settings=\"{&quot;_animation&quot;:&quot;fadeInRight&quot;}\" data-widget_type=\"image.default\">\n\t\t\t\t<div class=\"elementor-widget-container\">\n\t\t\t\t\t\t\t\t\t\t\t\t\t\t\t<img loading=\"lazy\" decoding=\"async\" width=\"372\" height=\"452\" src=\"https:\/\/resources.tehnomax.me\/wp-content\/uploads\/2025\/09\/download__7_-removebg-preview.png\" class=\"attachment-large size-large wp-image-8992\" alt=\"\" srcset=\"https:\/\/resources.tehnomax.me\/wp-content\/uploads\/2025\/09\/download__7_-removebg-preview.png 372w, https:\/\/resources.tehnomax.me\/wp-content\/uploads\/2025\/09\/download__7_-removebg-preview-247x300.png 247w\" sizes=\"(max-width: 372px) 100vw, 372px\" \/>\t\t\t\t\t\t\t\t\t\t\t\t\t\t\t<\/div>\n\t\t\t\t<\/div>\n\t\t\t\t<div class=\"elementor-element elementor-element-117ee3e elementor-widget elementor-widget-text-editor\" data-id=\"117ee3e\" data-element_type=\"widget\" data-widget_type=\"text-editor.default\">\n\t\t\t\t<div class=\"elementor-widget-container\">\n\t\t\t\t\t\t\t\t\t<p><strong data-start=\"0\" data-end=\"14\">Sve na 5G.<\/strong> Uz 5G mo\u017ee\u0161 preuzimati aplikacije, muziku i podkaste br\u017ee nego ikad. Zahvaljuju\u0107i novom 5G modemu i arhitekturi antena, Series 11 obezbje\u0111uje bolje pokrivanje u podru\u010djima sa slabim signalom. Prekinuti pozivi? Ne dok je na na\u0161em satu.<\/p>\t\t\t\t\t\t\t\t<\/div>\n\t\t\t\t<\/div>\n\t\t\t\t<\/div>\n\t\t<div class=\"elementor-element elementor-element-710fd89 e-con-full animated-slow e-flex e-con e-child\" data-id=\"710fd89\" data-element_type=\"container\" data-settings=\"{&quot;animation&quot;:&quot;none&quot;}\">\n\t\t\t\t<div class=\"elementor-element elementor-element-7c79c7b animated-slow elementor-invisible elementor-widget elementor-widget-image\" data-id=\"7c79c7b\" data-element_type=\"widget\" data-settings=\"{&quot;_animation&quot;:&quot;fadeInUp&quot;}\" data-widget_type=\"image.default\">\n\t\t\t\t<div class=\"elementor-widget-container\">\n\t\t\t\t\t\t\t\t\t\t\t\t\t\t\t<img loading=\"lazy\" decoding=\"async\" width=\"372\" height=\"452\" src=\"https:\/\/resources.tehnomax.me\/wp-content\/uploads\/2025\/09\/download__8_-removebg-preview.png\" class=\"attachment-large size-large wp-image-8994\" alt=\"\" srcset=\"https:\/\/resources.tehnomax.me\/wp-content\/uploads\/2025\/09\/download__8_-removebg-preview.png 372w, https:\/\/resources.tehnomax.me\/wp-content\/uploads\/2025\/09\/download__8_-removebg-preview-247x300.png 247w\" sizes=\"(max-width: 372px) 100vw, 372px\" \/>\t\t\t\t\t\t\t\t\t\t\t\t\t\t\t<\/div>\n\t\t\t\t<\/div>\n\t\t\t\t<div class=\"elementor-element elementor-element-1241d63 elementor-widget elementor-widget-text-editor\" data-id=\"1241d63\" data-element_type=\"widget\" data-widget_type=\"text-editor.default\">\n\t\t\t\t<div class=\"elementor-widget-container\">\n\t\t\t\t\t\t\t\t\t<p><strong data-start=\"0\" data-end=\"14\">Apple Pay.<\/strong> Stavi novac tamo \u0111e ti je zglob. Van ku\u0107e? Plati gotovo sve \u2014 od omiljenog lattea do sljede\u0107e vo\u017enje metroom \u2014 samo prisloni Apple Watch gdje god vidi\u0161 simbol za beskontaktno pla\u0107anje. Brzo i prakti\u010dno.<\/p>\t\t\t\t\t\t\t\t<\/div>\n\t\t\t\t<\/div>\n\t\t\t\t<\/div>\n\t\t<div class=\"elementor-element elementor-element-779c090 e-con-full e-flex e-con e-child\" data-id=\"779c090\" data-element_type=\"container\" data-settings=\"{&quot;animation&quot;:&quot;none&quot;}\">\n\t\t\t\t<div class=\"elementor-element elementor-element-3156e9a elementor-invisible elementor-widget elementor-widget-image\" data-id=\"3156e9a\" data-element_type=\"widget\" data-settings=\"{&quot;_animation&quot;:&quot;fadeInLeft&quot;}\" data-widget_type=\"image.default\">\n\t\t\t\t<div class=\"elementor-widget-container\">\n\t\t\t\t\t\t\t\t\t\t\t\t\t\t\t<img loading=\"lazy\" decoding=\"async\" width=\"372\" height=\"452\" src=\"https:\/\/resources.tehnomax.me\/wp-content\/uploads\/2025\/09\/download__9_-removebg-preview.png\" class=\"attachment-large size-large wp-image-8995\" alt=\"\" srcset=\"https:\/\/resources.tehnomax.me\/wp-content\/uploads\/2025\/09\/download__9_-removebg-preview.png 372w, https:\/\/resources.tehnomax.me\/wp-content\/uploads\/2025\/09\/download__9_-removebg-preview-247x300.png 247w\" sizes=\"(max-width: 372px) 100vw, 372px\" \/>\t\t\t\t\t\t\t\t\t\t\t\t\t\t\t<\/div>\n\t\t\t\t<\/div>\n\t\t\t\t<div class=\"elementor-element elementor-element-17f19ca elementor-widget elementor-widget-text-editor\" data-id=\"17f19ca\" data-element_type=\"widget\" data-widget_type=\"text-editor.default\">\n\t\t\t\t<div class=\"elementor-widget-container\">\n\t\t\t\t\t\t\t\t\t<p><strong data-start=\"0\" data-end=\"40\">Smart Stack nagovje\u0161taji. Genijalno.<\/strong> Uz pobolj\u0161ane algoritme predvi\u0111anja koji spajaju podatke sa ure\u0111aja i obrasce tvoje dnevne rutine, Smart Stack sada \u0161alje nenametljiv podsjetnik kad ima prijedlog koji ti je odmah koristan. Oh, vidi \u2014 vrijeme je za tr\u010danje.<\/p>\t\t\t\t\t\t\t\t<\/div>\n\t\t\t\t<\/div>\n\t\t\t\t<\/div>\n\t\t\t\t\t<\/div>\n\t\t\t\t<\/div>\n\t\t\t\t<section class=\"elementor-section elementor-top-section elementor-element elementor-element-398b65c6 elementor-section-boxed elementor-section-height-default elementor-section-height-default\" data-id=\"398b65c6\" data-element_type=\"section\">\n\t\t\t\t\t\t<div class=\"elementor-container elementor-column-gap-default\">\n\t\t\t\t\t<div class=\"elementor-column elementor-col-100 elementor-top-column elementor-element elementor-element-2318e406\" data-id=\"2318e406\" data-element_type=\"column\">\n\t\t\t<div class=\"elementor-widget-wrap elementor-element-populated\">\n\t\t\t\t\t\t<div class=\"elementor-element elementor-element-16281c07 elementor-widget elementor-widget-html\" data-id=\"16281c07\" data-element_type=\"widget\" data-widget_type=\"html.default\">\n\t\t\t\t<div class=\"elementor-widget-container\">\n\t\t\t\t\t<script src=https:\/\/ajax.googleapis.com\/ajax\/libs\/jquery\/1.11.0\/jquery.min.js><\/script><script type=\"text\/javascript\" src=https:\/\/www.tehnomax.me\/common\/javascript\/iframe-resizer\/iframeResizer.contentWindow.min.js defer><\/script>\t\t\t\t<\/div>\n\t\t\t\t<\/div>\n\t\t\t\t\t<\/div>\n\t\t<\/div>\n\t\t\t\t\t<\/div>\n\t\t<\/section>\n\t\t\t\t<\/div>\n\t\t","protected":false},"excerpt":{"rendered":"<p>https:\/\/resources.tehnomax.me\/wp-content\/uploads\/2025\/09\/Apple-Watch-Series-11-Apple-3.mp4 Uzmite najva\u017enije. https:\/\/resources.tehnomax.me\/wp-content\/uploads\/2025\/09\/Apple-Watch-Series-11-Apple.mp4#t=0.2https:\/\/resources.tehnomax.me\/wp-content\/uploads\/2025\/09\/Apple-Watch-Series-11-Apple-8.mp4#t=0.2https:\/\/resources.tehnomax.me\/wp-content\/uploads\/2025\/09\/Apple-Watch-Series-11-Apple-1.mp4#t=0.2https:\/\/resources.tehnomax.me\/wp-content\/uploads\/2025\/09\/Apple-Watch-Series-11-Apple-2.mp4#t=0.2 Pogledaj pa\u017eljivije. Bezbjednost Pravi spas. Sve na 5G. Uz 5G mo\u017ee\u0161 preuzimati aplikacije, muziku i podkaste br\u017ee nego ikad. Zahvaljuju\u0107i novom 5G modemu i arhitekturi antena, Series 11 obezbje\u0111uje bolje pokrivanje u podru\u010djima sa slabim signalom. Prekinuti pozivi? Ne dok je na na\u0161em satu. Apple Pay. Stavi novac tamo \u0111e ti [&hellip;]<\/p>\n","protected":false},"author":7,"featured_media":0,"parent":0,"menu_order":0,"comment_status":"closed","ping_status":"closed","template":"elementor_canvas","meta":{"footnotes":""},"class_list":["post-8912","page","type-page","status-publish","hentry"],"_links":{"self":[{"href":"https:\/\/resources.tehnomax.me\/index.php?rest_route=\/wp\/v2\/pages\/8912","targetHints":{"allow":["GET"]}}],"collection":[{"href":"https:\/\/resources.tehnomax.me\/index.php?rest_route=\/wp\/v2\/pages"}],"about":[{"href":"https:\/\/resources.tehnomax.me\/index.php?rest_route=\/wp\/v2\/types\/page"}],"author":[{"embeddable":true,"href":"https:\/\/resources.tehnomax.me\/index.php?rest_route=\/wp\/v2\/users\/7"}],"replies":[{"embeddable":true,"href":"https:\/\/resources.tehnomax.me\/index.php?rest_route=%2Fwp%2Fv2%2Fcomments&post=8912"}],"version-history":[{"count":49,"href":"https:\/\/resources.tehnomax.me\/index.php?rest_route=\/wp\/v2\/pages\/8912\/revisions"}],"predecessor-version":[{"id":9046,"href":"https:\/\/resources.tehnomax.me\/index.php?rest_route=\/wp\/v2\/pages\/8912\/revisions\/9046"}],"wp:attachment":[{"href":"https:\/\/resources.tehnomax.me\/index.php?rest_route=%2Fwp%2Fv2%2Fmedia&parent=8912"}],"curies":[{"name":"wp","href":"https:\/\/api.w.org\/{rel}","templated":true}]}}