{"id":7668,"date":"2025-04-02T10:08:10","date_gmt":"2025-04-02T10:08:10","guid":{"rendered":"https:\/\/resources.tehnomax.me\/?page_id=7668"},"modified":"2025-04-02T10:15:25","modified_gmt":"2025-04-02T10:15:25","slug":"usisivac-max-mvc3182b","status":"publish","type":"page","link":"https:\/\/resources.tehnomax.me\/?page_id=7668","title":{"rendered":"USISIVAC MAX MVC3182B"},"content":{"rendered":"\t\t<div data-elementor-type=\"wp-page\" data-elementor-id=\"7668\" class=\"elementor elementor-7668\" data-elementor-post-type=\"page\">\n\t\t\t\t\t\t<section class=\"elementor-section elementor-top-section elementor-element elementor-element-3e8b02c8 elementor-section-full_width elementor-section-height-default elementor-section-height-default\" data-id=\"3e8b02c8\" data-element_type=\"section\">\n\t\t\t\t\t\t<div class=\"elementor-container elementor-column-gap-default\">\n\t\t\t\t\t<div class=\"elementor-column elementor-col-50 elementor-top-column elementor-element elementor-element-5e59c54\" data-id=\"5e59c54\" data-element_type=\"column\">\n\t\t\t<div class=\"elementor-widget-wrap elementor-element-populated\">\n\t\t\t\t\t\t<div class=\"elementor-element elementor-element-3783d895 elementor-widget elementor-widget-image\" data-id=\"3783d895\" data-element_type=\"widget\" data-widget_type=\"image.default\">\n\t\t\t\t<div class=\"elementor-widget-container\">\n\t\t\t\t\t\t\t\t\t\t\t\t\t\t\t<img decoding=\"async\" width=\"182\" height=\"50\" src=\"https:\/\/resources.tehnomax.me\/wp-content\/uploads\/2023\/09\/MAX-LOGO-FINAL-1-e1575126688568-1.png\" class=\"attachment-large size-large wp-image-36\" alt=\"\" \/>\t\t\t\t\t\t\t\t\t\t\t\t\t\t\t<\/div>\n\t\t\t\t<\/div>\n\t\t\t\t\t<\/div>\n\t\t<\/div>\n\t\t\t\t<div class=\"elementor-column elementor-col-50 elementor-top-column elementor-element elementor-element-7b687b9f\" data-id=\"7b687b9f\" data-element_type=\"column\">\n\t\t\t<div class=\"elementor-widget-wrap elementor-element-populated\">\n\t\t\t\t\t\t<div class=\"elementor-element elementor-element-70d0116e elementor-widget elementor-widget-heading\" data-id=\"70d0116e\" data-element_type=\"widget\" data-widget_type=\"heading.default\">\n\t\t\t\t<div class=\"elementor-widget-container\">\n\t\t\t\t\t<h2 class=\"elementor-heading-title elementor-size-default\">Va\u0161 izbor za \u017eivot.<\/h2>\t\t\t\t<\/div>\n\t\t\t\t<\/div>\n\t\t\t\t\t<\/div>\n\t\t<\/div>\n\t\t\t\t\t<\/div>\n\t\t<\/section>\n\t\t\t\t<section class=\"elementor-section elementor-top-section elementor-element elementor-element-298c6697 elementor-section-full_width elementor-section-height-default elementor-section-height-default\" data-id=\"298c6697\" data-element_type=\"section\">\n\t\t\t\t\t\t<div class=\"elementor-container elementor-column-gap-default\">\n\t\t\t\t\t<div class=\"elementor-column elementor-col-100 elementor-top-column elementor-element elementor-element-56554510\" data-id=\"56554510\" data-element_type=\"column\">\n\t\t\t<div class=\"elementor-widget-wrap elementor-element-populated\">\n\t\t\t\t\t\t<div class=\"elementor-element elementor-element-582fc22b elementor-widget-divider--view-line elementor-widget elementor-widget-divider\" data-id=\"582fc22b\" data-element_type=\"widget\" data-widget_type=\"divider.default\">\n\t\t\t\t<div class=\"elementor-widget-container\">\n\t\t\t\t\t\t\t<div class=\"elementor-divider\">\n\t\t\t<span class=\"elementor-divider-separator\">\n\t\t\t\t\t\t<\/span>\n\t\t<\/div>\n\t\t\t\t\t\t<\/div>\n\t\t\t\t<\/div>\n\t\t\t\t\t<\/div>\n\t\t<\/div>\n\t\t\t\t\t<\/div>\n\t\t<\/section>\n\t\t<div class=\"elementor-element elementor-element-1b03b77 e-con-full e-flex e-con e-parent\" data-id=\"1b03b77\" data-element_type=\"container\" data-settings=\"{&quot;background_background&quot;:&quot;classic&quot;}\">\n\t\t\t\t<\/div>\n\t\t\t\t<section class=\"elementor-section elementor-top-section elementor-element elementor-element-16d0d9a0 elementor-section-full_width elementor-section-height-default elementor-section-height-default\" data-id=\"16d0d9a0\" data-element_type=\"section\">\n\t\t\t\t\t\t<div class=\"elementor-container elementor-column-gap-default\">\n\t\t\t\t\t<div class=\"elementor-column elementor-col-50 elementor-top-column elementor-element elementor-element-27f7e4c9\" data-id=\"27f7e4c9\" data-element_type=\"column\">\n\t\t\t<div class=\"elementor-widget-wrap elementor-element-populated\">\n\t\t\t\t\t\t<div class=\"elementor-element elementor-element-47f68519 elementor-widget elementor-widget-heading\" data-id=\"47f68519\" data-element_type=\"widget\" data-widget_type=\"heading.default\">\n\t\t\t\t<div class=\"elementor-widget-container\">\n\t\t\t\t\t<h1 class=\"elementor-heading-title elementor-size-default\">USISIVAC MAX MVC3182B<\/h1>\t\t\t\t<\/div>\n\t\t\t\t<\/div>\n\t\t\t\t<div class=\"elementor-element elementor-element-1721f0e0 elementor-widget elementor-widget-text-editor\" data-id=\"1721f0e0\" data-element_type=\"widget\" data-widget_type=\"text-editor.default\">\n\t\t\t\t<div class=\"elementor-widget-container\">\n\t\t\t\t\t\t\t\t\t<div><strong>Tip:<\/strong> Usisivac<\/div><div><strong>Proizvo\u0111a\u010d:<\/strong> Max<\/div><div><strong>Model:<\/strong> MVC3182B<\/div><div><strong>Skladi\u0161tenje pra\u0161ine:<\/strong> Kesa<\/div><div><strong>HEPA filtracija:<\/strong> Da<\/div><div><strong>Radijus djelovanja:<\/strong> 6 m<\/div><div><strong>Snaga motora:<\/strong> 1800 W<\/div><div><strong>Zapremina kese\/posude:<\/strong> 3 l<\/div><div><strong>Nivo buke:<\/strong> &lt; 89 dB<\/div><div><strong>Wi-Fi:<\/strong> Ne<\/div><div><strong>Oprema:<\/strong> Metalna teleskopska cijev<\/div><div>\u00a0 \u00a0 \u00a0 \u00a0 \u00a0 \u00a0 \u00a0 \u00a0 \u00a0 Plasti\u010dna \u010detka za pod<\/div><div>\u00a0 \u00a0 \u00a0 \u00a0 \u00a0 \u00a0 \u00a0 \u00a0 \u00a0 VDE Plug<\/div><div>\u00a0 \u00a0 \u00a0 \u00a0 \u00a0 \u00a0 \u00a0 \u00a0 \u00a0 Vre\u0107a za pra\u0161inu koja se mo\u017ee prati<\/div><div>\u00a0 \u00a0 \u00a0 \u00a0 \u00a0 \u00a0 \u00a0 \u00a0 \u00a0 Dodatni filter<\/div><div><strong>Funkcije:<\/strong> Dizajn sa ni\u017eim nivoom buke<\/div><div>\u00a0 \u00a0 \u00a0 \u00a0 \u00a0 \u00a0 \u00a0 \u00a0 \u00a0 \u00a0Fleksibilno crijevo sa funkcijom protoka vazduha ru\u010dke<\/div><div>\u00a0 \u00a0 \u00a0 \u00a0 \u00a0 \u00a0 \u00a0 \u00a0 \u00a0 \u00a0Prekida\u010d za uklju\u010divanje\/isklju\u010divanje pedale<\/div><div>\u00a0 \u00a0 \u00a0 \u00a0 \u00a0 \u00a0 \u00a0 \u00a0 \u00a0 \u00a0Funkcija automatskog premotavanja kabla<\/div><div><strong>Boja:<\/strong> Crvena<\/div>\t\t\t\t\t\t\t\t<\/div>\n\t\t\t\t<\/div>\n\t\t\t\t\t<\/div>\n\t\t<\/div>\n\t\t\t\t<div class=\"elementor-column elementor-col-50 elementor-top-column elementor-element elementor-element-388c90db\" data-id=\"388c90db\" data-element_type=\"column\">\n\t\t\t<div class=\"elementor-widget-wrap elementor-element-populated\">\n\t\t\t\t\t\t<div class=\"elementor-element elementor-element-2bd8f237 elementor-widget elementor-widget-image\" data-id=\"2bd8f237\" data-element_type=\"widget\" data-widget_type=\"image.default\">\n\t\t\t\t<div class=\"elementor-widget-container\">\n\t\t\t\t\t\t\t\t\t\t\t\t\t\t\t<img fetchpriority=\"high\" decoding=\"async\" width=\"14173\" height=\"9449\" src=\"https:\/\/resources.tehnomax.me\/wp-content\/uploads\/2024\/04\/MVC-3131B-sa-crijeva-gradient-sa-LOGO.png\" class=\"attachment-full size-full wp-image-2822\" alt=\"\" srcset=\"https:\/\/resources.tehnomax.me\/wp-content\/uploads\/2024\/04\/MVC-3131B-sa-crijeva-gradient-sa-LOGO.png 14173w, https:\/\/resources.tehnomax.me\/wp-content\/uploads\/2024\/04\/MVC-3131B-sa-crijeva-gradient-sa-LOGO-300x200.png 300w, https:\/\/resources.tehnomax.me\/wp-content\/uploads\/2024\/04\/MVC-3131B-sa-crijeva-gradient-sa-LOGO-1024x683.png 1024w, https:\/\/resources.tehnomax.me\/wp-content\/uploads\/2024\/04\/MVC-3131B-sa-crijeva-gradient-sa-LOGO-768x512.png 768w, https:\/\/resources.tehnomax.me\/wp-content\/uploads\/2024\/04\/MVC-3131B-sa-crijeva-gradient-sa-LOGO-1536x1024.png 1536w, https:\/\/resources.tehnomax.me\/wp-content\/uploads\/2024\/04\/MVC-3131B-sa-crijeva-gradient-sa-LOGO-2048x1365.png 2048w\" sizes=\"(max-width: 14173px) 100vw, 14173px\" \/>\t\t\t\t\t\t\t\t\t\t\t\t\t\t\t<\/div>\n\t\t\t\t<\/div>\n\t\t\t\t\t<\/div>\n\t\t<\/div>\n\t\t\t\t\t<\/div>\n\t\t<\/section>\n\t\t\t\t<section class=\"elementor-section elementor-top-section elementor-element elementor-element-3b78a815 elementor-section-full_width elementor-section-height-default elementor-section-height-default\" data-id=\"3b78a815\" data-element_type=\"section\">\n\t\t\t\t\t\t<div class=\"elementor-container elementor-column-gap-default\">\n\t\t\t\t\t<div class=\"elementor-column elementor-col-50 elementor-top-column elementor-element elementor-element-6770c43a elementor-hidden-mobile\" data-id=\"6770c43a\" data-element_type=\"column\">\n\t\t\t<div class=\"elementor-widget-wrap elementor-element-populated\">\n\t\t\t\t\t\t<div class=\"elementor-element elementor-element-fac4431 elementor-widget elementor-widget-image-gallery\" data-id=\"fac4431\" data-element_type=\"widget\" data-widget_type=\"image-gallery.default\">\n\t\t\t\t<div class=\"elementor-widget-container\">\n\t\t\t\t\t\t\t<div class=\"elementor-image-gallery\">\n\t\t\t<div id='gallery-1' class='gallery galleryid-7668 gallery-columns-4 gallery-size-full'><figure class='gallery-item'>\n\t\t\t<div class='gallery-icon landscape'>\n\t\t\t\t<a data-elementor-open-lightbox=\"yes\" data-elementor-lightbox-slideshow=\"fac4431\" data-elementor-lightbox-title=\"MVC-3131B sa crijeva gradient sa LOGO\" data-e-action-hash=\"#elementor-action%3Aaction%3Dlightbox%26settings%3DeyJpZCI6MjgyNCwidXJsIjoiaHR0cHM6XC9cL3Jlc291cmNlcy50ZWhub21heC5tZVwvd3AtY29udGVudFwvdXBsb2Fkc1wvMjAyNFwvMDRcL01WQy0zMTMxQi1zYS1jcmlqZXZhLWdyYWRpZW50LXNhLUxPR08tMS5wbmciLCJzbGlkZXNob3ciOiJmYWM0NDMxIn0%3D\" href='https:\/\/resources.tehnomax.me\/wp-content\/uploads\/2024\/04\/MVC-3131B-sa-crijeva-gradient-sa-LOGO-1.png'><img decoding=\"async\" width=\"14173\" height=\"9449\" src=\"https:\/\/resources.tehnomax.me\/wp-content\/uploads\/2024\/04\/MVC-3131B-sa-crijeva-gradient-sa-LOGO-1.png\" class=\"attachment-full size-full\" alt=\"\" srcset=\"https:\/\/resources.tehnomax.me\/wp-content\/uploads\/2024\/04\/MVC-3131B-sa-crijeva-gradient-sa-LOGO-1.png 14173w, https:\/\/resources.tehnomax.me\/wp-content\/uploads\/2024\/04\/MVC-3131B-sa-crijeva-gradient-sa-LOGO-1-300x200.png 300w, https:\/\/resources.tehnomax.me\/wp-content\/uploads\/2024\/04\/MVC-3131B-sa-crijeva-gradient-sa-LOGO-1-1024x683.png 1024w, https:\/\/resources.tehnomax.me\/wp-content\/uploads\/2024\/04\/MVC-3131B-sa-crijeva-gradient-sa-LOGO-1-768x512.png 768w, https:\/\/resources.tehnomax.me\/wp-content\/uploads\/2024\/04\/MVC-3131B-sa-crijeva-gradient-sa-LOGO-1-1536x1024.png 1536w, https:\/\/resources.tehnomax.me\/wp-content\/uploads\/2024\/04\/MVC-3131B-sa-crijeva-gradient-sa-LOGO-1-2048x1365.png 2048w\" sizes=\"(max-width: 14173px) 100vw, 14173px\" \/><\/a>\n\t\t\t<\/div><\/figure>\n\t\t<\/div>\n\t\t<\/div>\n\t\t\t\t\t\t<\/div>\n\t\t\t\t<\/div>\n\t\t\t\t\t<\/div>\n\t\t<\/div>\n\t\t\t\t<div class=\"elementor-column elementor-col-50 elementor-top-column elementor-element elementor-element-52517a71 elementor-hidden-desktop elementor-hidden-tablet elementor-hidden-mobile\" data-id=\"52517a71\" data-element_type=\"column\">\n\t\t\t<div class=\"elementor-widget-wrap elementor-element-populated\">\n\t\t\t\t\t\t<div class=\"elementor-element elementor-element-6bea21c9 elementor-widget elementor-widget-heading\" data-id=\"6bea21c9\" data-element_type=\"widget\" data-widget_type=\"heading.default\">\n\t\t\t\t<div class=\"elementor-widget-container\">\n\t\t\t\t\t<h1 class=\"elementor-heading-title elementor-size-default\">Pogodnosti:<\/h1>\t\t\t\t<\/div>\n\t\t\t\t<\/div>\n\t\t\t\t<div class=\"elementor-element elementor-element-104d7b60 elementor-widget elementor-widget-text-editor\" data-id=\"104d7b60\" data-element_type=\"widget\" data-widget_type=\"text-editor.default\">\n\t\t\t\t<div class=\"elementor-widget-container\">\n\t\t\t\t\t\t\t\t\t<div class=\"col-xs-12 col-md-6\"><ul><li><div class=\"f_text\">Max fri\u017eideri \u0107e vam pomoc\u0301i da odrz\u030cite svjez\u030cinu namirnica.<\/div><\/li><li><div class=\"f_text\">Uz No Frost tehnologiju us\u030ctedite energiju.<\/div><\/li><li>Bez stvaranja naslaga leda i bez zadrz\u030cavanja mirisa.<\/li><li>Idealno su rjes\u030cenje za Vas\u030cu kuhinju.<\/li><\/ul><\/div>\t\t\t\t\t\t\t\t<\/div>\n\t\t\t\t<\/div>\n\t\t\t\t\t<\/div>\n\t\t<\/div>\n\t\t\t\t\t<\/div>\n\t\t<\/section>\n\t\t\t\t<section class=\"elementor-section elementor-top-section elementor-element elementor-element-3290049e elementor-hidden-desktop elementor-hidden-tablet elementor-hidden-mobile elementor-section-boxed elementor-section-height-default elementor-section-height-default\" data-id=\"3290049e\" data-element_type=\"section\">\n\t\t\t\t\t\t<div class=\"elementor-container elementor-column-gap-default\">\n\t\t\t\t\t<div class=\"elementor-column elementor-col-100 elementor-top-column elementor-element elementor-element-7b0ba5f8\" data-id=\"7b0ba5f8\" data-element_type=\"column\">\n\t\t\t<div class=\"elementor-widget-wrap elementor-element-populated\">\n\t\t\t\t\t\t<div class=\"elementor-element elementor-element-7055ad2 elementor-widget elementor-widget-video\" data-id=\"7055ad2\" data-element_type=\"widget\" data-settings=\"{&quot;video_type&quot;:&quot;hosted&quot;,&quot;autoplay&quot;:&quot;yes&quot;,&quot;play_on_mobile&quot;:&quot;yes&quot;,&quot;mute&quot;:&quot;yes&quot;,&quot;loop&quot;:&quot;yes&quot;}\" data-widget_type=\"video.default\">\n\t\t\t\t<div class=\"elementor-widget-container\">\n\t\t\t\t\t\t\t<div class=\"e-hosted-video elementor-wrapper elementor-open-inline\">\n\t\t\t\t\t<video class=\"elementor-video\" src=\"https:\/\/maxelectronics.rs\/wp-content\/uploads\/2020\/09\/TV%2032MT101-converted.mp4\" autoplay=\"\" loop=\"\" muted=\"muted\" playsinline=\"\" controlsList=\"nodownload\"><\/video>\n\t\t\t\t<\/div>\n\t\t\t\t\t\t<\/div>\n\t\t\t\t<\/div>\n\t\t\t\t\t<\/div>\n\t\t<\/div>\n\t\t\t\t\t<\/div>\n\t\t<\/section>\n\t\t\t\t<section class=\"elementor-section elementor-top-section elementor-element elementor-element-146e404c elementor-section-full_width elementor-hidden-desktop elementor-hidden-tablet elementor-hidden-mobile elementor-section-height-default elementor-section-height-default\" data-id=\"146e404c\" data-element_type=\"section\">\n\t\t\t\t\t\t<div class=\"elementor-container elementor-column-gap-default\">\n\t\t\t\t\t<div class=\"elementor-column elementor-col-50 elementor-top-column elementor-element elementor-element-3cdc69b3\" data-id=\"3cdc69b3\" data-element_type=\"column\">\n\t\t\t<div class=\"elementor-widget-wrap elementor-element-populated\">\n\t\t\t\t\t\t<div class=\"elementor-element elementor-element-b9c74fc elementor-widget elementor-widget-heading\" data-id=\"b9c74fc\" data-element_type=\"widget\" data-widget_type=\"heading.default\">\n\t\t\t\t<div class=\"elementor-widget-container\">\n\t\t\t\t\t<h1 class=\"elementor-heading-title elementor-size-default\">MONTA\u017dA<\/h1>\t\t\t\t<\/div>\n\t\t\t\t<\/div>\n\t\t\t\t<div class=\"elementor-element elementor-element-3844a32e elementor-widget elementor-widget-text-editor\" data-id=\"3844a32e\" data-element_type=\"widget\" data-widget_type=\"text-editor.default\">\n\t\t\t\t<div class=\"elementor-widget-container\">\n\t\t\t\t\t\t\t\t\t<p>Pogledajte video uputstvo za monta\u017eu va\u0161eg TV nosa\u010da.<\/p>\t\t\t\t\t\t\t\t<\/div>\n\t\t\t\t<\/div>\n\t\t\t\t\t<\/div>\n\t\t<\/div>\n\t\t\t\t<div class=\"elementor-column elementor-col-50 elementor-top-column elementor-element elementor-element-1efac5ad\" data-id=\"1efac5ad\" data-element_type=\"column\">\n\t\t\t<div class=\"elementor-widget-wrap elementor-element-populated\">\n\t\t\t\t\t\t<div class=\"elementor-element elementor-element-12fe84f9 elementor-widget elementor-widget-video\" data-id=\"12fe84f9\" data-element_type=\"widget\" data-settings=\"{&quot;video_type&quot;:&quot;hosted&quot;,&quot;autoplay&quot;:&quot;yes&quot;,&quot;play_on_mobile&quot;:&quot;yes&quot;,&quot;mute&quot;:&quot;yes&quot;,&quot;loop&quot;:&quot;yes&quot;}\" data-widget_type=\"video.default\">\n\t\t\t\t<div class=\"elementor-widget-container\">\n\t\t\t\t\t\t\t<div class=\"e-hosted-video elementor-wrapper elementor-open-inline\">\n\t\t\t\t\t<video class=\"elementor-video\" src=\"https:\/\/maxelectronics.rs\/wp-content\/uploads\/2020\/09\/TV%2043MT300-converted.mp4\" autoplay=\"\" loop=\"\" muted=\"muted\" playsinline=\"\" controlsList=\"nodownload\"><\/video>\n\t\t\t\t<\/div>\n\t\t\t\t\t\t<\/div>\n\t\t\t\t<\/div>\n\t\t\t\t<div class=\"elementor-element elementor-element-40eb2fd0 elementor-widget elementor-widget-video\" data-id=\"40eb2fd0\" data-element_type=\"widget\" data-settings=\"{&quot;video_type&quot;:&quot;hosted&quot;,&quot;controls&quot;:&quot;yes&quot;}\" data-widget_type=\"video.default\">\n\t\t\t\t<div class=\"elementor-widget-container\">\n\t\t\t\t\t\t\t<div class=\"e-hosted-video elementor-wrapper elementor-open-inline\">\n\t\t\t\t\t<video class=\"elementor-video\" src=\"https:\/\/tehnomax.me\/UserFiles\/static\/\/upload\/video\/MEC70-02.mp4\" controls=\"\" preload=\"metadata\" controlsList=\"nodownload\"><\/video>\n\t\t\t\t<\/div>\n\t\t\t\t\t\t<\/div>\n\t\t\t\t<\/div>\n\t\t\t\t\t<\/div>\n\t\t<\/div>\n\t\t\t\t\t<\/div>\n\t\t<\/section>\n\t\t<div class=\"elementor-element elementor-element-cd4df0d e-con-full e-flex e-con e-parent\" data-id=\"cd4df0d\" data-element_type=\"container\">\n\t\t<div class=\"elementor-element elementor-element-d5627d4 e-flex e-con-boxed e-con e-child\" data-id=\"d5627d4\" data-element_type=\"container\">\n\t\t\t\t\t<div class=\"e-con-inner\">\n\t\t\t\t\t<\/div>\n\t\t\t\t<\/div>\n\t\t\t\t<\/div>\n\t\t\t\t<section class=\"elementor-section elementor-top-section elementor-element elementor-element-59afd710 elementor-section-boxed elementor-section-height-default elementor-section-height-default\" data-id=\"59afd710\" data-element_type=\"section\">\n\t\t\t\t\t\t<div class=\"elementor-container elementor-column-gap-default\">\n\t\t\t\t\t<div class=\"elementor-column elementor-col-100 elementor-top-column elementor-element elementor-element-6c1946ef\" data-id=\"6c1946ef\" data-element_type=\"column\">\n\t\t\t<div class=\"elementor-widget-wrap elementor-element-populated\">\n\t\t\t\t\t\t<div class=\"elementor-element elementor-element-6d990a84 elementor-widget elementor-widget-image\" data-id=\"6d990a84\" data-element_type=\"widget\" data-widget_type=\"image.default\">\n\t\t\t\t<div class=\"elementor-widget-container\">\n\t\t\t\t\t\t\t\t\t\t\t\t\t\t\t<img loading=\"lazy\" decoding=\"async\" width=\"182\" height=\"50\" src=\"https:\/\/resources.tehnomax.me\/wp-content\/uploads\/2023\/09\/MAX-LOGO-FINAL-1-e1575126688568-1.png\" class=\"attachment-full size-full wp-image-36\" alt=\"\" \/>\t\t\t\t\t\t\t\t\t\t\t\t\t\t\t<\/div>\n\t\t\t\t<\/div>\n\t\t\t\t\t<\/div>\n\t\t<\/div>\n\t\t\t\t\t<\/div>\n\t\t<\/section>\n\t\t\t\t<section class=\"elementor-section elementor-top-section elementor-element elementor-element-589109bf elementor-section-boxed elementor-section-height-default elementor-section-height-default\" data-id=\"589109bf\" data-element_type=\"section\">\n\t\t\t\t\t\t<div class=\"elementor-container elementor-column-gap-default\">\n\t\t\t\t\t<div class=\"elementor-column elementor-col-100 elementor-top-column elementor-element elementor-element-79ba7f0d\" data-id=\"79ba7f0d\" data-element_type=\"column\">\n\t\t\t<div class=\"elementor-widget-wrap elementor-element-populated\">\n\t\t\t\t\t\t<div class=\"elementor-element elementor-element-13c9ad80 elementor-widget elementor-widget-html\" data-id=\"13c9ad80\" data-element_type=\"widget\" data-widget_type=\"html.default\">\n\t\t\t\t<div class=\"elementor-widget-container\">\n\t\t\t\t\t<script src=https:\/\/ajax.googleapis.com\/ajax\/libs\/jquery\/1.11.0\/jquery.min.js><\/script><script type=\"text\/javascript\" src=https:\/\/www.tehnomax.me\/common\/javascript\/iframe-resizer\/iframeResizer.contentWindow.min.js defer><\/script>\t\t\t\t<\/div>\n\t\t\t\t<\/div>\n\t\t\t\t\t<\/div>\n\t\t<\/div>\n\t\t\t\t\t<\/div>\n\t\t<\/section>\n\t\t\t\t<\/div>\n\t\t","protected":false},"excerpt":{"rendered":"<p>Va\u0161 izbor za \u017eivot. USISIVAC MAX MVC3182B Tip: UsisivacProizvo\u0111a\u010d: MaxModel: MVC3182BSkladi\u0161tenje pra\u0161ine: KesaHEPA filtracija: DaRadijus djelovanja: 6 mSnaga motora: 1800 WZapremina kese\/posude: 3 lNivo buke: &lt; 89 dBWi-Fi: NeOprema: Metalna teleskopska cijev\u00a0 \u00a0 \u00a0 \u00a0 \u00a0 \u00a0 \u00a0 \u00a0 \u00a0 Plasti\u010dna \u010detka za pod\u00a0 \u00a0 \u00a0 \u00a0 \u00a0 \u00a0 \u00a0 \u00a0 \u00a0 VDE Plug\u00a0 \u00a0 [&hellip;]<\/p>\n","protected":false},"author":1,"featured_media":0,"parent":0,"menu_order":0,"comment_status":"closed","ping_status":"closed","template":"elementor_canvas","meta":{"footnotes":""},"class_list":["post-7668","page","type-page","status-publish","hentry"],"_links":{"self":[{"href":"https:\/\/resources.tehnomax.me\/index.php?rest_route=\/wp\/v2\/pages\/7668","targetHints":{"allow":["GET"]}}],"collection":[{"href":"https:\/\/resources.tehnomax.me\/index.php?rest_route=\/wp\/v2\/pages"}],"about":[{"href":"https:\/\/resources.tehnomax.me\/index.php?rest_route=\/wp\/v2\/types\/page"}],"author":[{"embeddable":true,"href":"https:\/\/resources.tehnomax.me\/index.php?rest_route=\/wp\/v2\/users\/1"}],"replies":[{"embeddable":true,"href":"https:\/\/resources.tehnomax.me\/index.php?rest_route=%2Fwp%2Fv2%2Fcomments&post=7668"}],"version-history":[{"count":10,"href":"https:\/\/resources.tehnomax.me\/index.php?rest_route=\/wp\/v2\/pages\/7668\/revisions"}],"predecessor-version":[{"id":7678,"href":"https:\/\/resources.tehnomax.me\/index.php?rest_route=\/wp\/v2\/pages\/7668\/revisions\/7678"}],"wp:attachment":[{"href":"https:\/\/resources.tehnomax.me\/index.php?rest_route=%2Fwp%2Fv2%2Fmedia&parent=7668"}],"curies":[{"name":"wp","href":"https:\/\/api.w.org\/{rel}","templated":true}]}}