{"id":7078,"date":"2025-03-20T12:56:31","date_gmt":"2025-03-20T12:56:31","guid":{"rendered":"https:\/\/resources.tehnomax.me\/?page_id=7078"},"modified":"2025-03-20T13:14:40","modified_gmt":"2025-03-20T13:14:40","slug":"7078-2","status":"publish","type":"page","link":"https:\/\/resources.tehnomax.me\/?page_id=7078","title":{"rendered":"dyson am09"},"content":{"rendered":"\t\t<div data-elementor-type=\"wp-page\" data-elementor-id=\"7078\" class=\"elementor elementor-7078\" data-elementor-post-type=\"page\">\n\t\t\t\t<div class=\"elementor-element elementor-element-73e07329 e-flex e-con-boxed e-con e-parent\" data-id=\"73e07329\" data-element_type=\"container\">\n\t\t\t\t\t<div class=\"e-con-inner\">\n\t\t\t\t<div class=\"elementor-element elementor-element-5f95080e elementor-widget elementor-widget-text-editor\" data-id=\"5f95080e\" data-element_type=\"widget\" data-widget_type=\"text-editor.default\">\n\t\t\t\t<div class=\"elementor-widget-container\">\n\t\t\t\t\t\t\t\t\t\n<!DOCTYPE html>\n<html lang=\"pl\">\n<meta charset=\"utf-8\">\n<meta name=\"viewport\" content=\"width=device-width, initial-scale=1\">\n<body>\n<div id=\"description\">\n  <style>\n#description .description-product .description-d-block{display:block!important}#description .description-product .description-py-5{padding-top:0!important;padding-bottom:0!important}#description .description-product .description-text-center{text-align:center!important}#description .description-product .text-white{color:#fff!important}#description .description-product .description-container{margin-right:auto;margin-left:auto;padding-right:0;padding-left:0}@media (min-width:768px){#description .description-product .text-md-center{text-align:center!important}#description .description-product .description-container{padding-right:0;padding-left:0;width:100%;max-width:100%}#description .description-product .description-row{margin-right:0;margin-left:0}}#description .description-product .description-row{display:flex;flex-wrap:wrap;margin-right:0;margin-left:0}@media (min-width:576px){#description .description-product .description-container{padding-right:0;padding-left:0;width:100%;max-width:100%}#description .description-product .description-row{margin-right:0;margin-left:0}}@media (min-width:992px){#description .description-product .description-container{padding-right:0;padding-left:0;width:1320px;max-width:100%}#description .description-product .description-row{margin-right:0;margin-left:0}}@media (min-width:1200px){#description .description-product .description-container{padding-right:0;padding-left:0}#description .description-product .description-row{margin-right:0;margin-left:0}}#description .description-product .col-md,#description .description-product .description-col-md-12,#description .description-product .description-col-md-4,#description .description-product .description-col-md-5,#description .description-product .description-col-md-7{position:relative;width:100%;min-height:0;padding-right:0;padding-left:0;padding-top:0!important;padding-bottom:0!important}@media (min-width:576px){#description .description-product .col-md,#description .description-product .description-col-md-12,#description .description-product .description-col-md-4,#description .description-product .description-col-md-5,#description .description-product .description-col-md-7{padding-right:5px;padding-left:5px}}@media (min-width:768px){#description .description-product .col-md,#description .description-product .description-col-md-12,#description .description-product .description-col-md-4,#description .description-product .description-col-md-5,#description .description-product .description-col-md-7{padding-right:10px;padding-left:10px}#description .description-product .description-col-md-4{flex:0 0 33.33333%;max-width:33.33333%}#description .description-product .description-col-md-5{flex:0 0 41.66667%;max-width:41.66667%}#description .description-product .description-col-md-7{flex:0 0 58.33333%;max-width:58.33333%}#description .description-product .description-col-md-12{flex:0 0 100%;max-width:100%}}@media (min-width:992px){#description .description-product .col-md,#description .description-product .description-col-md-12,#description .description-product .description-col-md-4,#description .description-product .description-col-md-5,#description .description-product .description-col-md-7{padding-right:10px;padding-left:10px}}@media (min-width:1200px){#description .description-product .col-md,#description .description-product .description-col-md-12,#description .description-product .description-col-md-4,#description .description-product .description-col-md-5,#description .description-product .description-col-md-7{padding-right:5px;padding-left:5px}}#description .description-product .description-img-fluid{max-width:100%;height:auto;margin:auto}#description .description-product{box-sizing:border-box;-webkit-text-size-adjust:100%;-ms-text-size-adjust:100%;-ms-overflow-style:scrollbar;-webkit-tap-highlight-color:transparent;font-family:Arial,sans-serif;font-size:16px;font-weight:300;line-height:1.2;color:#292b2c;background-color:#fff}#description .description-product *,#description .description-product ::after,#description .description-product ::before{box-sizing:inherit}#description .description-product h3,h4{margin-top:0;margin-bottom:.5rem}#description .description-product p{margin-top:0;margin-bottom:0}#description .description-product b{font-weight:bolder}#description .description-product a{color:#000;text-decoration:none;background-color:transparent;-webkit-text-decoration-skip:objects;touch-action:manipulation}#description .description-product a:hover{color:#000;text-decoration:none;transition:.2s;opacity:.8}#description .description-product a:not([href]):not([tabindex]),#description .description-product a:not([href]):not([tabindex]):focus,#description .description-product a:not([href]):not([tabindex]):hover{color:inherit;text-decoration:none}#description .description-product a:not([href]):not([tabindex]):focus{outline:0}#description .description-product img{vertical-align:middle;border-style:none}[hidden]{display:none!important}#description .description-product h3,#description .description-product h4{margin-bottom:.5rem;font-weight:300;line-height:1.1;color:inherit;font-family:Arial,sans-serif;font-size:2rem}#description .description-product .description-lead-2{font-size:36px;font-weight:300;font-family:Arial,sans-serif;line-height:35px;max-width:80%;margin:auto}#description .description-product .lead{font-size:30px}#description .description-product .description-para-2{margin-top:10px;font-size:24px}#description .description-product .description-para-3{margin-top:10px;text-align:left;font-size:16px;font-weight:bold;}#description .description-product .description-para-4{text-align:left;margin-bottom:10px;font-size:14px}#description .description-product>*{background-size:cover;background-repeat:none;background-position:center}#description .description-product .description-glow{box-shadow:3px 4px 49px 46px #fff85;background-color:#fff85}#description .description-product .description-mob-fix{min-width:320px}#description .description-product .pad-c{padding-bottom:15px;padding-top:15px}#description .description-product .description-darkbg{background-color:#444}#description .description-product .description-pad-b{padding-bottom:20px;padding-top:10px}#description .description-product .description-pad-f{text-align:justify;padding:30px 30px 40px}#description .description-product{min-width:320px;margin:auto}#description .description-product .md-img,#description .description-product .md-txt{width:50%}#description .description-product .col-md-6{border-bottom:0 solid gray}#description .description-product .index-pad{margin-top:10px}#description .description-product .index-pad-2{margin-left:5px;margin-right:5px}#description .description-product .description-index-pad-3{margin-top:40px}#description .description-product .index-pad-4{margin-left:10px;margin-right:10px}#description .description-product .c-pad{margin-top:10px;margin-bottom:10px}#description .description-product .description-txt-in{position:absolute;top:10%;left:5%;max-width:40%}#description .description-product .description-txt-in-fix{position:absolute;top:10%;text-align:center;width:100%}#description .description-product .fix50{max-width:50%}#description .description-product .p-top{top:20px;width:50%}#description .description-product .txt-b-in{position:absolute;bottom:0;text-align:center;width:100%}#description .description-product .txt-b-in-2{position:absolute;bottom:30%;left:30px;width:100%;text-align:left}#description .description-product .txt-d-in{position:absolute;top:10%;left:50%;width:45%}#description .description-product .txt-c-in{bottom:0;text-align:center;width:100%}#description .description-product .txt-c2-in{bottom:0;text-align:left;width:100%}#description .description-product .txt-e-in{position:absolute;top:5%;text-align:left;width:42%;left:50%}#description .description-product .txt-f-in{position:absolute;top:10%;left:30px;width:50%}#description .description-product .txt-g-in{position:absolute;top:10%;text-align:center;width:100%}#description .description-product .txt-h-in{position:absolute;top:30%;left:50px;width:40%;text-align:center}#description .description-product .txt-i-in{position:absolute;top:5%;left:53%;width:45%}#description .description-product .description-txt-j-in{position:absolute;top:10%;left:54%;width:37%}#description .description-product .description-row{overflow:hidden}#description .description-product .description-white{color:#fff;text-shadow:1px 1px 1px #000!important}#description .description-product .description-tag{font-family:'Futura PT'!important;font-weight:600;margin-top:25px;white-space:nowrap}#description .description-product .description-red{color:#cd1719}#description .description-product .description-gray{color:#9d9d9c}#description .description-product .md-img{flex:0 0 30%;max-width:60px}#description .description-product .md-txt{flex:0 0 70%;max-width:70%}@media (max-width:996px){#description .description-product .para{display:none}#description .description-product .pad-c{display:none!important}}@media (max-width:1200px){#description .description-product h3{font-size:2rem}}@media (max-width:768px){#description .description-product .txt-d-in{top:10%}#description .description-product .txt-h-in{position:absolute;top:9%;left:20px;width:48%;text-align:center}#description .description-product .h1,#description .description-product h1{font-size:1.5rem}#description .description-product .h3,#description .description-product h3{font-size:1.6rem}#description .description-product .logo{width:100%}#description .description-product .description-lead-2{font-size:1.6rem!important;line-height:26px}#description .description-product .lead{font-size:1.3rem;line-height:20px;margin-bottom:5px}#description .description-product .description-txt-in{max-width:55%;left:5%}#description .description-product .description-txt-j-in{position:absolute;top:10%;left:49%;width:50%}#description .description-product .txt-b-in{width:100%}}@media (max-width:468px){#description .description-product .description-tag{margin-top:0}#description .description-product .description-lead-2{font-size:1.2rem!important}#description .description-product .lead{font-size:1rem!important}}#description .description-product{max-width:1320px}#description .description-product .logo{width:140%} #description .bg-primary {\n background-color:#000\n}\n#description .navbar-expand-md .navbar-collapse {\n display:flex!important\n}\n#description .navbar-inverse .navbar-brand {\n color:#fff;\n font-family:Dyson Sans;\n font-weight:600;\n font-size:40px;\n text-decoration:none\n}\n#description .navbar-nav {\n    margin: auto;\n    padding: 20px 0px;\n}\n<\/style>\n  <div class=\"description-product\">\n  \n  \n  <div class=\"description-py5\">\n      <div class=\"description-container\">\n        \n        <div class=\"description-row\">\n          <div class=\"description-col-md-12\">\n           <nav class=\"navbar navbar-inverse navbar-expand-md bg-primary\">\n    <div class=\"container\">\n      <div class=\"navbar-collapse\">\n        <ul class=\"navbar-nav\">\n          <img decoding=\"async\" src=\"https:\/\/resources.tehnomax.me\/wp-content\/uploads\/2025\/03\/dlogo.jpg\" class=\"navbar-brand dfont\" href=\"index.html\">\n        <\/ul>\n      <\/div>\n    <\/div>\n  <\/nav>\n          <\/div>\n        <\/div>\n      <\/div>\n    <\/div>\n  \n  \n  \n  \n  \n  \n  \n  \n  \n  \n    <div class=\"description-py5\">\n      <div class=\"description-container\">\n        <div class=\"description-row\">\n          <div class=\"description-col-md-12\">\n            <div class=\"description-txt-in-fix description-glow\">\n             \n              \n<\/p><\/div>\n\n     <img decoding=\"async\" class=\" description-img-fluid description-d-block description-mob-fix\" src=\"https:\/\/resources.tehnomax.me\/wp-content\/uploads\/2025\/03\/01-3.jpg\"> <\/div>\n        <\/div>\n        <div class=\"description-row\">\n          <div class=\"description-col-md-12\">\n           \n          <\/div>\n        <\/div>\n      <\/div>\n    <\/div>\n\t\n\t<div class=\"description-py5\">\n      <div class=\"description-container\">\n        <div class=\"description-row\">\n          <div class=\"description-col-md-12\">\n            <div class=\"description-txt-in-fix description-glow\">\n            <\/div>\n\n     <img decoding=\"async\" class=\" description-img-fluid description-d-block description-mob-fix\" src=\"https:\/\/resources.tehnomax.me\/wp-content\/uploads\/2025\/03\/02-3.jpg\"> <\/div>\n        <\/div>\n        <div class=\"description-row\">\n          <div class=\"description-col-md-12\">\n           \n          <\/div>\n        <\/div>\n      <\/div>\n    <\/div>\n\t\n\t<div class=\"description-py5\">\n      <div class=\"description-container\">\n        <div class=\"description-row\">\n          <div class=\"description-col-md-12\">\n            <div class=\"description-txt-in-fix\">\n             <\/div>\n\n     <img decoding=\"async\" class=\" description-img-fluid description-d-block description-mob-fix\" src=\"https:\/\/resources.tehnomax.me\/wp-content\/uploads\/2025\/03\/03-3.jpg\"> <\/div>\n        <\/div>\n        <div class=\"description-row\">\n          <div class=\"description-col-md-12\">\n           \n          <\/div>\n        <\/div>\n      <\/div>\n    <\/div>\n\t\n\n\n\n   \n       \n\n\t\t\n\t\t  \n\n\n\t\t<div class=\"description-py5\">\n        <div class=\"description-container\">\n          <div class=\"description-row\">\n            <div class=\"description-col-md-12 description-index-pad-3\">\n              <h3 class=\"description-text-center description-pad-b\">Funkcije<\/h3>\n            <\/div>\n          <\/div>\n          <div class=\"description-row\">\n            <div class=\"description-col-md-12\">\n              <div class=\"description-py5\">\n                <div class=\"description-container\">\n                  <div class=\"description-row\">\n                    <div class=\"description-col-md-12\">\n                      <div class=\"description-row\">\n                        <div class=\"description-col-md-4\">\n                          <img decoding=\"async\" class=\"description-img-fluid description-d-block\" src=\"https:\/\/resources.tehnomax.me\/wp-content\/uploads\/2025\/03\/r1-3.jpg\">\n                          <p class=\"description-para-3\">Air Multiplier\u2122 tehnologija<\/p>\n\t\t\t\t\t\t  <p class=\"description-para-4\">Nema rotiraju\u0107ih lopatica, nema isprekidanog vazduha. Tehnologija Air Multiplier\u2122 poja\u010dava okolni vazduh, daju\u0107i neprekidan tok ujedna\u010denog protoka vazduha.<\/p>\n                        <\/div>\n                        <div class=\"description-col-md-4\">\n                          <img decoding=\"async\" class=\"description-img-fluid description-d-block\" src=\"https:\/\/resources.tehnomax.me\/wp-content\/uploads\/2025\/03\/r2-3.jpg\">\n                          <p class=\"description-para-3\">Precizno zagrijavanje prostorije<\/p>\n\t\t\t\t\t\t  <p class=\"description-para-4\">Projicira protok toplog zraka da bi postigao i odr\u017eao \u017eeljenu temperaturu.<\/p>\n                        <\/div>\n                        <div class=\"description-col-md-4\">\n                          <img decoding=\"async\" class=\"description-img-fluid description-d-block\" src=\"https:\/\/resources.tehnomax.me\/wp-content\/uploads\/2025\/03\/r3-3.jpg\">\n                          <p class=\"description-para-3\">Akreditacija Quiet Mark<\/p>\n\t\t\t\t\t\t  <p class=\"description-para-4\">Nagra\u0111ivan za pobolj\u0161anu akustiku ure\u0111aja. Quiet Mark je registrovani oznaka Dru\u0161tva za smanjenje buke.<\/p>\n                        <\/div>\n                      <\/div>\n                      <div class=\"description-row\">\n                        <div class=\"description-col-md-4\">\n                          <img decoding=\"async\" class=\"description-img-fluid description-d-block\" src=\"https:\/\/resources.tehnomax.me\/wp-content\/uploads\/2025\/03\/r4-3.jpg\">\n                          <p class=\"description-para-3\">Ugodno no\u0107no spavanje<\/p>\n\t\t\t\t\t\t  <p class=\"description-para-4\">Mogu\u0107e je programirati mjera\u010d vremena mirovanja da se ugasi nakon unaprijed postavljenih intervala, od 15 minuta do 9 sati.<\/p>\n                        <\/div>\n                        <div class=\"description-col-md-4\">\n                          <img decoding=\"async\" class=\"description-img-fluid description-d-block\" src=\"https:\/\/resources.tehnomax.me\/wp-content\/uploads\/2025\/03\/r5-3.jpg\">\n                          <p class=\"description-para-3\">Siguran<\/p>\n\t\t\t\t\t\t  <p class=\"description-para-4\">Nema lopatica koje se brzo okre\u0107u, nema vidljivih grija\u0107ih elemenata. Automatski se isklju\u010duje kada se prevrne. <\/p>\n                        <\/div>\n                        <div class=\"description-col-md-4\">\n                          <img decoding=\"async\" class=\"description-img-fluid description-d-block\" src=\"https:\/\/resources.tehnomax.me\/wp-content\/uploads\/2025\/03\/r6-3.jpg\">\n                          <p class=\"description-para-3\">Lako se \u010disti<\/p>\n\t\t\t\t\t\t  <p class=\"description-para-4\">Bez nezgodne sigurnosne re\u0161etke ili lopatica. Jednostavno obri\u0161ite krpom.<\/p>\n                        <\/div>\n                      <\/div>\n\t\t\t\t\t  <div class=\"description-row\">\n                        <div class=\"description-col-md-4\">\n                          <img decoding=\"async\" class=\"description-img-fluid description-d-block\" src=\"https:\/\/resources.tehnomax.me\/wp-content\/uploads\/2025\/03\/r7-3.jpg\">\n                          <p class=\"description-para-3\">Daljinski upravlja\u010d<\/p>\n\t\t\t\t\t\t  <p class=\"description-para-4\">Zakrivljen i prekriven magnetskim premazom za lak\u0161e odlaganje na ure\u0111aju. <\/p>\n                        <\/div>\n                        <div class=\"description-col-md-4\">\n                          <img decoding=\"async\" class=\"description-img-fluid description-d-block\" src=\"https:\/\/resources.tehnomax.me\/wp-content\/uploads\/2025\/03\/r8-2.jpg\">\n                          <p class=\"description-para-3\">Nema mirisa paljevine<\/p>\n\t\t\t\t\t\t  <p class=\"description-para-4\">Grija\u0107i elementi nikada ne prelaze 200\u00b0C, \u0161to je ispod to\u010dke gorenja pra\u0161ine \u2013 tako da nema zabrinjavaju\u0107eg mirisa. <\/p>\n                        <\/div>\n                        <div class=\"description-col-md-4\">\n                          <img decoding=\"async\" class=\"description-img-fluid description-d-block\" src=\"https:\/\/resources.tehnomax.me\/wp-content\/uploads\/2025\/03\/r9-2.jpg\">\n                          <p class=\"description-para-3\">Ujedna\u010deno osciliranje<\/p>\n\t\t\t\t\t\t  <p class=\"description-para-4\">Za usmjeravanje protoka zraka po prostoriji.<\/p>\n                        <\/div>\n                      <\/div>\n\t\t\t\t\t  \n\t\t\t\t\n\n            <!-- <div class=\"description-col-md-12 description-index-pad-3\"> -->\n              <!-- <p class=\"description-para-4\"><sup><\/sup><\/p> -->\n            <!-- <\/div> -->\n\n                    <\/div>\n                  <\/div>\n                <\/div>\n              <\/div>\n            <\/div>\n          <\/div>\n\t\t  \n        <\/div>\n\t\t<\/body>\n\t\t<\/html>\n\t\t\n               \n\n                  \n          \n\n\n\n<p><\/p>\n\t\t\t\t\t\t\t\t<\/div>\n\t\t\t\t<\/div>\n\t\t\t\t\t<\/div>\n\t\t\t\t<\/div>\n\t\t<div class=\"elementor-element elementor-element-e00cb63 e-flex e-con-boxed e-con e-parent\" data-id=\"e00cb63\" data-element_type=\"container\">\n\t\t\t\t\t<div class=\"e-con-inner\">\n\t\t\t\t<div class=\"elementor-element elementor-element-e29756b elementor-widget elementor-widget-html\" data-id=\"e29756b\" data-element_type=\"widget\" data-widget_type=\"html.default\">\n\t\t\t\t<div class=\"elementor-widget-container\">\n\t\t\t\t\t<script src=https:\/\/ajax.googleapis.com\/ajax\/libs\/jquery\/1.11.0\/jquery.min.js><\/script><script type=\"text\/javascript\" src=https:\/\/www.tehnomax.me\/common\/javascript\/iframe-resizer\/iframeResizer.contentWindow.min.js defer><\/script>\t\t\t\t<\/div>\n\t\t\t\t<\/div>\n\t\t\t\t\t<\/div>\n\t\t\t\t<\/div>\n\t\t\t\t<\/div>\n\t\t","protected":false},"excerpt":{"rendered":"<p>Funkcije Air Multiplier\u2122 tehnologija Nema rotiraju\u0107ih lopatica, nema isprekidanog vazduha. Tehnologija Air Multiplier\u2122 poja\u010dava okolni vazduh, daju\u0107i neprekidan tok ujedna\u010denog protoka vazduha. Precizno zagrijavanje prostorije Projicira protok toplog zraka da bi postigao i odr\u017eao \u017eeljenu temperaturu. Akreditacija Quiet Mark Nagra\u0111ivan za pobolj\u0161anu akustiku ure\u0111aja. Quiet Mark je registrovani oznaka Dru\u0161tva za smanjenje buke. Ugodno no\u0107no [&hellip;]<\/p>\n","protected":false},"author":6,"featured_media":0,"parent":0,"menu_order":0,"comment_status":"closed","ping_status":"closed","template":"elementor_canvas","meta":{"footnotes":""},"class_list":["post-7078","page","type-page","status-publish","hentry"],"_links":{"self":[{"href":"https:\/\/resources.tehnomax.me\/index.php?rest_route=\/wp\/v2\/pages\/7078","targetHints":{"allow":["GET"]}}],"collection":[{"href":"https:\/\/resources.tehnomax.me\/index.php?rest_route=\/wp\/v2\/pages"}],"about":[{"href":"https:\/\/resources.tehnomax.me\/index.php?rest_route=\/wp\/v2\/types\/page"}],"author":[{"embeddable":true,"href":"https:\/\/resources.tehnomax.me\/index.php?rest_route=\/wp\/v2\/users\/6"}],"replies":[{"embeddable":true,"href":"https:\/\/resources.tehnomax.me\/index.php?rest_route=%2Fwp%2Fv2%2Fcomments&post=7078"}],"version-history":[{"count":12,"href":"https:\/\/resources.tehnomax.me\/index.php?rest_route=\/wp\/v2\/pages\/7078\/revisions"}],"predecessor-version":[{"id":7124,"href":"https:\/\/resources.tehnomax.me\/index.php?rest_route=\/wp\/v2\/pages\/7078\/revisions\/7124"}],"wp:attachment":[{"href":"https:\/\/resources.tehnomax.me\/index.php?rest_route=%2Fwp%2Fv2%2Fmedia&parent=7078"}],"curies":[{"name":"wp","href":"https:\/\/api.w.org\/{rel}","templated":true}]}}