{"id":525,"date":"2023-09-20T08:26:23","date_gmt":"2023-09-20T08:26:23","guid":{"rendered":"https:\/\/resources.tehnomax.me\/?page_id=525"},"modified":"2023-09-20T08:33:13","modified_gmt":"2023-09-20T08:33:13","slug":"nosac-max-m42","status":"publish","type":"page","link":"https:\/\/resources.tehnomax.me\/?page_id=525","title":{"rendered":"NOSAC MAX M42"},"content":{"rendered":"\t\t<div data-elementor-type=\"wp-page\" data-elementor-id=\"525\" class=\"elementor elementor-525\" data-elementor-post-type=\"page\">\n\t\t\t\t\t\t<section class=\"elementor-section elementor-top-section elementor-element elementor-element-3e8b02c8 elementor-section-full_width elementor-section-height-default elementor-section-height-default\" data-id=\"3e8b02c8\" data-element_type=\"section\">\n\t\t\t\t\t\t<div class=\"elementor-container elementor-column-gap-default\">\n\t\t\t\t\t<div class=\"elementor-column elementor-col-50 elementor-top-column elementor-element elementor-element-5e59c54\" data-id=\"5e59c54\" data-element_type=\"column\">\n\t\t\t<div class=\"elementor-widget-wrap elementor-element-populated\">\n\t\t\t\t\t\t<div class=\"elementor-element elementor-element-3783d895 elementor-widget elementor-widget-image\" data-id=\"3783d895\" data-element_type=\"widget\" data-widget_type=\"image.default\">\n\t\t\t\t<div class=\"elementor-widget-container\">\n\t\t\t\t\t\t\t\t\t\t\t\t\t\t\t<img decoding=\"async\" width=\"182\" height=\"50\" src=\"https:\/\/resources.tehnomax.me\/wp-content\/uploads\/2023\/09\/MAX-LOGO-FINAL-1-e1575126688568-1.png\" class=\"attachment-large size-large wp-image-36\" alt=\"\" \/>\t\t\t\t\t\t\t\t\t\t\t\t\t\t\t<\/div>\n\t\t\t\t<\/div>\n\t\t\t\t\t<\/div>\n\t\t<\/div>\n\t\t\t\t<div class=\"elementor-column elementor-col-50 elementor-top-column elementor-element elementor-element-7b687b9f\" data-id=\"7b687b9f\" data-element_type=\"column\">\n\t\t\t<div class=\"elementor-widget-wrap elementor-element-populated\">\n\t\t\t\t\t\t<div class=\"elementor-element elementor-element-70d0116e elementor-widget elementor-widget-heading\" data-id=\"70d0116e\" data-element_type=\"widget\" data-widget_type=\"heading.default\">\n\t\t\t\t<div class=\"elementor-widget-container\">\n\t\t\t\t\t<h2 class=\"elementor-heading-title elementor-size-default\">Va\u0161 izbor za \u017eivot.<\/h2>\t\t\t\t<\/div>\n\t\t\t\t<\/div>\n\t\t\t\t\t<\/div>\n\t\t<\/div>\n\t\t\t\t\t<\/div>\n\t\t<\/section>\n\t\t\t\t<section class=\"elementor-section elementor-top-section elementor-element elementor-element-298c6697 elementor-section-full_width elementor-section-height-default elementor-section-height-default\" data-id=\"298c6697\" data-element_type=\"section\">\n\t\t\t\t\t\t<div class=\"elementor-container elementor-column-gap-default\">\n\t\t\t\t\t<div class=\"elementor-column elementor-col-100 elementor-top-column elementor-element elementor-element-56554510\" data-id=\"56554510\" data-element_type=\"column\">\n\t\t\t<div class=\"elementor-widget-wrap elementor-element-populated\">\n\t\t\t\t\t\t<div class=\"elementor-element elementor-element-582fc22b elementor-widget-divider--view-line elementor-widget elementor-widget-divider\" data-id=\"582fc22b\" data-element_type=\"widget\" data-widget_type=\"divider.default\">\n\t\t\t\t<div class=\"elementor-widget-container\">\n\t\t\t\t\t\t\t<div class=\"elementor-divider\">\n\t\t\t<span class=\"elementor-divider-separator\">\n\t\t\t\t\t\t<\/span>\n\t\t<\/div>\n\t\t\t\t\t\t<\/div>\n\t\t\t\t<\/div>\n\t\t\t\t\t<\/div>\n\t\t<\/div>\n\t\t\t\t\t<\/div>\n\t\t<\/section>\n\t\t\t\t<section class=\"elementor-section elementor-top-section elementor-element elementor-element-16d0d9a0 elementor-section-full_width elementor-section-height-default elementor-section-height-default\" data-id=\"16d0d9a0\" data-element_type=\"section\">\n\t\t\t\t\t\t<div class=\"elementor-container elementor-column-gap-default\">\n\t\t\t\t\t<div class=\"elementor-column elementor-col-50 elementor-top-column elementor-element elementor-element-27f7e4c9\" data-id=\"27f7e4c9\" data-element_type=\"column\">\n\t\t\t<div class=\"elementor-widget-wrap elementor-element-populated\">\n\t\t\t\t\t\t<div class=\"elementor-element elementor-element-47f68519 elementor-widget elementor-widget-heading\" data-id=\"47f68519\" data-element_type=\"widget\" data-widget_type=\"heading.default\">\n\t\t\t\t<div class=\"elementor-widget-container\">\n\t\t\t\t\t<h1 class=\"elementor-heading-title elementor-size-default\">M42<\/h1>\t\t\t\t<\/div>\n\t\t\t\t<\/div>\n\t\t\t\t<div class=\"elementor-element elementor-element-1721f0e0 elementor-widget elementor-widget-text-editor\" data-id=\"1721f0e0\" data-element_type=\"widget\" data-widget_type=\"text-editor.default\">\n\t\t\t\t<div class=\"elementor-widget-container\">\n\t\t\t\t\t\t\t\t\t<p>MAX-ov <strong>M42<\/strong> je dizajniran za \u0161irok spektar ravnih televizora i podr\u017eava ekrane veli\u010dine od 32 in\u010da do 65 in\u010da. Bez obzira na veli\u010dinu Va\u0161eg televizora, ovaj nosac nudi stabilnu monta\u017eu.<\/p><p>Napravljen od visokokvalitetnih materijala, nosac za MAX TV M42 je \u010dvrsto in\u017eenjerski konstruisan kako bi obezbedio sigurno dr\u017eanje Va\u0161eg televizora. Mo\u017eete se osloniti na njegovu izdr\u017eljivost.<\/p><p>U\u017eivajte u potpunoj slobodi gledanja zahvaljuju\u0107i punoj pokretljivosti nosaca. Mo\u017eete naginjati, rotirati i produ\u017eivati televizor kako biste prona\u0161li savr\u0161en ugao gledanja za sve pozicije u prostoriji.<\/p>\t\t\t\t\t\t\t\t<\/div>\n\t\t\t\t<\/div>\n\t\t\t\t\t<\/div>\n\t\t<\/div>\n\t\t\t\t<div class=\"elementor-column elementor-col-50 elementor-top-column elementor-element elementor-element-388c90db\" data-id=\"388c90db\" data-element_type=\"column\">\n\t\t\t<div class=\"elementor-widget-wrap elementor-element-populated\">\n\t\t\t\t\t\t<div class=\"elementor-element elementor-element-2bd8f237 elementor-widget elementor-widget-image\" data-id=\"2bd8f237\" data-element_type=\"widget\" data-widget_type=\"image.default\">\n\t\t\t\t<div class=\"elementor-widget-container\">\n\t\t\t\t\t\t\t\t\t\t\t\t\t\t\t<img fetchpriority=\"high\" decoding=\"async\" width=\"1080\" height=\"720\" src=\"https:\/\/resources.tehnomax.me\/wp-content\/uploads\/2023\/09\/6-2.jpg\" class=\"attachment-full size-full wp-image-529\" alt=\"\" srcset=\"https:\/\/resources.tehnomax.me\/wp-content\/uploads\/2023\/09\/6-2.jpg 1080w, https:\/\/resources.tehnomax.me\/wp-content\/uploads\/2023\/09\/6-2-300x200.jpg 300w, https:\/\/resources.tehnomax.me\/wp-content\/uploads\/2023\/09\/6-2-1024x683.jpg 1024w, https:\/\/resources.tehnomax.me\/wp-content\/uploads\/2023\/09\/6-2-768x512.jpg 768w\" sizes=\"(max-width: 1080px) 100vw, 1080px\" \/>\t\t\t\t\t\t\t\t\t\t\t\t\t\t\t<\/div>\n\t\t\t\t<\/div>\n\t\t\t\t\t<\/div>\n\t\t<\/div>\n\t\t\t\t\t<\/div>\n\t\t<\/section>\n\t\t\t\t<section class=\"elementor-section elementor-top-section elementor-element elementor-element-3b78a815 elementor-section-full_width elementor-section-height-default elementor-section-height-default\" data-id=\"3b78a815\" data-element_type=\"section\">\n\t\t\t\t\t\t<div class=\"elementor-container elementor-column-gap-default\">\n\t\t\t\t\t<div class=\"elementor-column elementor-col-50 elementor-top-column elementor-element elementor-element-6770c43a elementor-hidden-mobile\" data-id=\"6770c43a\" data-element_type=\"column\">\n\t\t\t<div class=\"elementor-widget-wrap elementor-element-populated\">\n\t\t\t\t\t\t<div class=\"elementor-element elementor-element-36ce548b elementor-widget elementor-widget-image-gallery\" data-id=\"36ce548b\" data-element_type=\"widget\" data-widget_type=\"image-gallery.default\">\n\t\t\t\t<div class=\"elementor-widget-container\">\n\t\t\t\t\t\t\t<div class=\"elementor-image-gallery\">\n\t\t\t<div id='gallery-1' class='gallery galleryid-525 gallery-columns-5 gallery-size-full'><figure class='gallery-item'>\n\t\t\t<div class='gallery-icon landscape'>\n\t\t\t\t<a data-elementor-open-lightbox=\"no\" href='https:\/\/resources.tehnomax.me\/wp-content\/uploads\/2023\/09\/6-1.jpg'><img decoding=\"async\" width=\"1080\" height=\"720\" src=\"https:\/\/resources.tehnomax.me\/wp-content\/uploads\/2023\/09\/6-1.jpg\" class=\"attachment-full size-full\" alt=\"\" srcset=\"https:\/\/resources.tehnomax.me\/wp-content\/uploads\/2023\/09\/6-1.jpg 1080w, https:\/\/resources.tehnomax.me\/wp-content\/uploads\/2023\/09\/6-1-300x200.jpg 300w, https:\/\/resources.tehnomax.me\/wp-content\/uploads\/2023\/09\/6-1-1024x683.jpg 1024w, https:\/\/resources.tehnomax.me\/wp-content\/uploads\/2023\/09\/6-1-768x512.jpg 768w\" sizes=\"(max-width: 1080px) 100vw, 1080px\" \/><\/a>\n\t\t\t<\/div><\/figure><figure class='gallery-item'>\n\t\t\t<div class='gallery-icon landscape'>\n\t\t\t\t<a data-elementor-open-lightbox=\"no\" href='https:\/\/resources.tehnomax.me\/wp-content\/uploads\/2023\/09\/6-2.jpg'><img loading=\"lazy\" decoding=\"async\" width=\"1080\" height=\"720\" src=\"https:\/\/resources.tehnomax.me\/wp-content\/uploads\/2023\/09\/6-2.jpg\" class=\"attachment-full size-full\" alt=\"\" srcset=\"https:\/\/resources.tehnomax.me\/wp-content\/uploads\/2023\/09\/6-2.jpg 1080w, https:\/\/resources.tehnomax.me\/wp-content\/uploads\/2023\/09\/6-2-300x200.jpg 300w, https:\/\/resources.tehnomax.me\/wp-content\/uploads\/2023\/09\/6-2-1024x683.jpg 1024w, https:\/\/resources.tehnomax.me\/wp-content\/uploads\/2023\/09\/6-2-768x512.jpg 768w\" sizes=\"(max-width: 1080px) 100vw, 1080px\" \/><\/a>\n\t\t\t<\/div><\/figure><figure class='gallery-item'>\n\t\t\t<div class='gallery-icon landscape'>\n\t\t\t\t<a data-elementor-open-lightbox=\"no\" href='https:\/\/resources.tehnomax.me\/wp-content\/uploads\/2023\/09\/6-3.jpg'><img loading=\"lazy\" decoding=\"async\" width=\"1080\" height=\"720\" src=\"https:\/\/resources.tehnomax.me\/wp-content\/uploads\/2023\/09\/6-3.jpg\" class=\"attachment-full size-full\" alt=\"\" srcset=\"https:\/\/resources.tehnomax.me\/wp-content\/uploads\/2023\/09\/6-3.jpg 1080w, https:\/\/resources.tehnomax.me\/wp-content\/uploads\/2023\/09\/6-3-300x200.jpg 300w, https:\/\/resources.tehnomax.me\/wp-content\/uploads\/2023\/09\/6-3-1024x683.jpg 1024w, https:\/\/resources.tehnomax.me\/wp-content\/uploads\/2023\/09\/6-3-768x512.jpg 768w\" sizes=\"(max-width: 1080px) 100vw, 1080px\" \/><\/a>\n\t\t\t<\/div><\/figure>\n\t\t<\/div>\n\t\t<\/div>\n\t\t\t\t\t\t<\/div>\n\t\t\t\t<\/div>\n\t\t\t\t\t<\/div>\n\t\t<\/div>\n\t\t\t\t<div class=\"elementor-column elementor-col-50 elementor-top-column elementor-element elementor-element-52517a71\" data-id=\"52517a71\" data-element_type=\"column\">\n\t\t\t<div class=\"elementor-widget-wrap elementor-element-populated\">\n\t\t\t\t\t\t<div class=\"elementor-element elementor-element-6bea21c9 elementor-widget elementor-widget-heading\" data-id=\"6bea21c9\" data-element_type=\"widget\" data-widget_type=\"heading.default\">\n\t\t\t\t<div class=\"elementor-widget-container\">\n\t\t\t\t\t<h1 class=\"elementor-heading-title elementor-size-default\">Prona\u0111ite savr\u0161en ugao gledanja<\/h1>\t\t\t\t<\/div>\n\t\t\t\t<\/div>\n\t\t\t\t<div class=\"elementor-element elementor-element-104d7b60 elementor-widget elementor-widget-text-editor\" data-id=\"104d7b60\" data-element_type=\"widget\" data-widget_type=\"text-editor.default\">\n\t\t\t\t<div class=\"elementor-widget-container\">\n\t\t\t\t\t\t\t\t\t<div class=\"col-xs-12 col-md-6\"><ul><li><div class=\"f_text\">Nosac za MAX TV M42 se isti\u010de svojim savremenim i elegantnim dizajnom, koji se savr\u0161eno uklapa sa dekoracijom Va\u0161eg doma.<\/div><\/li><li><div class=\"f_text\">Nosac za MAX TV M42 dolazi sa jednostavnim uputstvom za instalaciju i svim potrebnim materijalima, \u010dime se olak\u0161ava proces postavljanja.<\/div><\/li><li><div class=\"f_text\">Va\u0161i kablovi \u0107e biti uredno skriveni, stvaraju\u0107i \u010dist i organizovan izgled.<\/div><\/li><\/ul><\/div>\t\t\t\t\t\t\t\t<\/div>\n\t\t\t\t<\/div>\n\t\t\t\t\t<\/div>\n\t\t<\/div>\n\t\t\t\t\t<\/div>\n\t\t<\/section>\n\t\t\t\t<section class=\"elementor-section elementor-top-section elementor-element elementor-element-3290049e elementor-section-boxed elementor-section-height-default elementor-section-height-default\" data-id=\"3290049e\" data-element_type=\"section\">\n\t\t\t\t\t\t<div class=\"elementor-container elementor-column-gap-default\">\n\t\t\t\t\t<div class=\"elementor-column elementor-col-100 elementor-top-column elementor-element elementor-element-7b0ba5f8\" data-id=\"7b0ba5f8\" data-element_type=\"column\">\n\t\t\t<div class=\"elementor-widget-wrap elementor-element-populated\">\n\t\t\t\t\t\t<div class=\"elementor-element elementor-element-12fe84f9 elementor-widget elementor-widget-video\" data-id=\"12fe84f9\" data-element_type=\"widget\" data-settings=\"{&quot;video_type&quot;:&quot;hosted&quot;,&quot;autoplay&quot;:&quot;yes&quot;,&quot;play_on_mobile&quot;:&quot;yes&quot;,&quot;mute&quot;:&quot;yes&quot;,&quot;loop&quot;:&quot;yes&quot;}\" data-widget_type=\"video.default\">\n\t\t\t\t<div class=\"elementor-widget-container\">\n\t\t\t\t\t\t\t<div class=\"e-hosted-video elementor-wrapper elementor-open-inline\">\n\t\t\t\t\t<video class=\"elementor-video\" src=\"https:\/\/maxelectronics.rs\/wp-content\/uploads\/2021\/12\/M42.mp4\" autoplay=\"\" loop=\"\" muted=\"muted\" playsinline=\"\" controlsList=\"nodownload\"><\/video>\n\t\t\t\t<\/div>\n\t\t\t\t\t\t<\/div>\n\t\t\t\t<\/div>\n\t\t\t\t\t<\/div>\n\t\t<\/div>\n\t\t\t\t\t<\/div>\n\t\t<\/section>\n\t\t\t\t<section class=\"elementor-section elementor-top-section elementor-element elementor-element-146e404c elementor-section-full_width elementor-hidden-desktop elementor-hidden-tablet elementor-hidden-mobile elementor-section-height-default elementor-section-height-default\" data-id=\"146e404c\" data-element_type=\"section\">\n\t\t\t\t\t\t<div class=\"elementor-container elementor-column-gap-default\">\n\t\t\t\t\t<div class=\"elementor-column elementor-col-50 elementor-top-column elementor-element elementor-element-3cdc69b3\" data-id=\"3cdc69b3\" data-element_type=\"column\">\n\t\t\t<div class=\"elementor-widget-wrap elementor-element-populated\">\n\t\t\t\t\t\t<div class=\"elementor-element elementor-element-b9c74fc elementor-widget elementor-widget-heading\" data-id=\"b9c74fc\" data-element_type=\"widget\" data-widget_type=\"heading.default\">\n\t\t\t\t<div class=\"elementor-widget-container\">\n\t\t\t\t\t<h1 class=\"elementor-heading-title elementor-size-default\">MONTA\u017dA<\/h1>\t\t\t\t<\/div>\n\t\t\t\t<\/div>\n\t\t\t\t<div class=\"elementor-element elementor-element-3844a32e elementor-widget elementor-widget-text-editor\" data-id=\"3844a32e\" data-element_type=\"widget\" data-widget_type=\"text-editor.default\">\n\t\t\t\t<div class=\"elementor-widget-container\">\n\t\t\t\t\t\t\t\t\t<p>Pogledajte video uputstvo za monta\u017eu va\u0161eg TV nosa\u010da.<\/p>\t\t\t\t\t\t\t\t<\/div>\n\t\t\t\t<\/div>\n\t\t\t\t\t<\/div>\n\t\t<\/div>\n\t\t\t\t<div class=\"elementor-column elementor-col-50 elementor-top-column elementor-element elementor-element-1efac5ad\" data-id=\"1efac5ad\" data-element_type=\"column\">\n\t\t\t<div class=\"elementor-widget-wrap elementor-element-populated\">\n\t\t\t\t\t\t<div class=\"elementor-element elementor-element-40eb2fd0 elementor-widget elementor-widget-video\" data-id=\"40eb2fd0\" data-element_type=\"widget\" data-settings=\"{&quot;video_type&quot;:&quot;hosted&quot;,&quot;controls&quot;:&quot;yes&quot;}\" data-widget_type=\"video.default\">\n\t\t\t\t<div class=\"elementor-widget-container\">\n\t\t\t\t\t\t\t<div class=\"e-hosted-video elementor-wrapper elementor-open-inline\">\n\t\t\t\t\t<video class=\"elementor-video\" src=\"https:\/\/tehnomax.me\/UserFiles\/static\/\/upload\/video\/MEC70-02.mp4\" controls=\"\" preload=\"metadata\" controlsList=\"nodownload\"><\/video>\n\t\t\t\t<\/div>\n\t\t\t\t\t\t<\/div>\n\t\t\t\t<\/div>\n\t\t\t\t\t<\/div>\n\t\t<\/div>\n\t\t\t\t\t<\/div>\n\t\t<\/section>\n\t\t\t\t<section class=\"elementor-section elementor-top-section elementor-element elementor-element-59afd710 elementor-section-boxed elementor-section-height-default elementor-section-height-default\" data-id=\"59afd710\" data-element_type=\"section\">\n\t\t\t\t\t\t<div class=\"elementor-container elementor-column-gap-default\">\n\t\t\t\t\t<div class=\"elementor-column elementor-col-100 elementor-top-column elementor-element elementor-element-6c1946ef\" data-id=\"6c1946ef\" data-element_type=\"column\">\n\t\t\t<div class=\"elementor-widget-wrap elementor-element-populated\">\n\t\t\t\t\t\t<div class=\"elementor-element elementor-element-6d990a84 elementor-widget elementor-widget-image\" data-id=\"6d990a84\" data-element_type=\"widget\" data-widget_type=\"image.default\">\n\t\t\t\t<div class=\"elementor-widget-container\">\n\t\t\t\t\t\t\t\t\t\t\t\t\t\t\t<img loading=\"lazy\" decoding=\"async\" width=\"182\" height=\"50\" src=\"https:\/\/resources.tehnomax.me\/wp-content\/uploads\/2023\/09\/MAX-LOGO-FINAL-1-e1575126688568-1.png\" class=\"attachment-full size-full wp-image-36\" alt=\"\" \/>\t\t\t\t\t\t\t\t\t\t\t\t\t\t\t<\/div>\n\t\t\t\t<\/div>\n\t\t\t\t\t<\/div>\n\t\t<\/div>\n\t\t\t\t\t<\/div>\n\t\t<\/section>\n\t\t\t\t<section class=\"elementor-section elementor-top-section elementor-element elementor-element-589109bf elementor-section-boxed elementor-section-height-default elementor-section-height-default\" data-id=\"589109bf\" data-element_type=\"section\">\n\t\t\t\t\t\t<div class=\"elementor-container elementor-column-gap-default\">\n\t\t\t\t\t<div class=\"elementor-column elementor-col-100 elementor-top-column elementor-element elementor-element-79ba7f0d\" data-id=\"79ba7f0d\" data-element_type=\"column\">\n\t\t\t<div class=\"elementor-widget-wrap elementor-element-populated\">\n\t\t\t\t\t\t<div class=\"elementor-element elementor-element-13c9ad80 elementor-widget elementor-widget-html\" data-id=\"13c9ad80\" data-element_type=\"widget\" data-widget_type=\"html.default\">\n\t\t\t\t<div class=\"elementor-widget-container\">\n\t\t\t\t\t<script src=https:\/\/ajax.googleapis.com\/ajax\/libs\/jquery\/1.11.0\/jquery.min.js><\/script><script type=\"text\/javascript\" src=https:\/\/www.tehnomax.me\/common\/javascript\/iframe-resizer\/iframeResizer.contentWindow.min.js defer><\/script>\t\t\t\t<\/div>\n\t\t\t\t<\/div>\n\t\t\t\t\t<\/div>\n\t\t<\/div>\n\t\t\t\t\t<\/div>\n\t\t<\/section>\n\t\t\t\t<\/div>\n\t\t","protected":false},"excerpt":{"rendered":"<p>Va\u0161 izbor za \u017eivot. M42 MAX-ov M42 je dizajniran za \u0161irok spektar ravnih televizora i podr\u017eava ekrane veli\u010dine od 32 in\u010da do 65 in\u010da. Bez obzira na veli\u010dinu Va\u0161eg televizora, ovaj nosac nudi stabilnu monta\u017eu. Napravljen od visokokvalitetnih materijala, nosac za MAX TV M42 je \u010dvrsto in\u017eenjerski konstruisan kako bi obezbedio sigurno dr\u017eanje Va\u0161eg televizora. [&hellip;]<\/p>\n","protected":false},"author":1,"featured_media":0,"parent":0,"menu_order":0,"comment_status":"closed","ping_status":"closed","template":"elementor_canvas","meta":{"footnotes":""},"class_list":["post-525","page","type-page","status-publish","hentry"],"_links":{"self":[{"href":"https:\/\/resources.tehnomax.me\/index.php?rest_route=\/wp\/v2\/pages\/525","targetHints":{"allow":["GET"]}}],"collection":[{"href":"https:\/\/resources.tehnomax.me\/index.php?rest_route=\/wp\/v2\/pages"}],"about":[{"href":"https:\/\/resources.tehnomax.me\/index.php?rest_route=\/wp\/v2\/types\/page"}],"author":[{"embeddable":true,"href":"https:\/\/resources.tehnomax.me\/index.php?rest_route=\/wp\/v2\/users\/1"}],"replies":[{"embeddable":true,"href":"https:\/\/resources.tehnomax.me\/index.php?rest_route=%2Fwp%2Fv2%2Fcomments&post=525"}],"version-history":[{"count":7,"href":"https:\/\/resources.tehnomax.me\/index.php?rest_route=\/wp\/v2\/pages\/525\/revisions"}],"predecessor-version":[{"id":536,"href":"https:\/\/resources.tehnomax.me\/index.php?rest_route=\/wp\/v2\/pages\/525\/revisions\/536"}],"wp:attachment":[{"href":"https:\/\/resources.tehnomax.me\/index.php?rest_route=%2Fwp%2Fv2%2Fmedia&parent=525"}],"curies":[{"name":"wp","href":"https:\/\/api.w.org\/{rel}","templated":true}]}}