{"id":5164,"date":"2024-09-24T06:58:42","date_gmt":"2024-09-24T06:58:42","guid":{"rendered":"https:\/\/resources.tehnomax.me\/?page_id=5164"},"modified":"2024-09-24T07:03:14","modified_gmt":"2024-09-24T07:03:14","slug":"jbl-quantum-360p-console-wireless","status":"publish","type":"page","link":"https:\/\/resources.tehnomax.me\/?page_id=5164","title":{"rendered":"JBL Quantum 360P Console Wireless"},"content":{"rendered":"\t\t<div data-elementor-type=\"wp-page\" data-elementor-id=\"5164\" class=\"elementor elementor-5164\" data-elementor-post-type=\"page\">\n\t\t\t\t<div class=\"elementor-element elementor-element-9563e12 e-con-full e-flex e-con e-parent\" data-id=\"9563e12\" data-element_type=\"container\">\n\t\t<div class=\"elementor-element elementor-element-8ca0bac e-con-full e-flex e-con e-child\" data-id=\"8ca0bac\" data-element_type=\"container\">\n\t\t\t\t<div class=\"elementor-element elementor-element-5bbfa23 elementor-widget elementor-widget-image\" data-id=\"5bbfa23\" data-element_type=\"widget\" data-widget_type=\"image.default\">\n\t\t\t\t<div class=\"elementor-widget-container\">\n\t\t\t\t\t\t\t\t\t\t\t\t\t\t\t<img fetchpriority=\"high\" decoding=\"async\" width=\"1356\" height=\"840\" src=\"https:\/\/resources.tehnomax.me\/wp-content\/uploads\/2024\/09\/JBL_Quantum_360P_Lifestyle_Image_01_904x560-1.png\" class=\"attachment-full size-full wp-image-5166\" alt=\"\" srcset=\"https:\/\/resources.tehnomax.me\/wp-content\/uploads\/2024\/09\/JBL_Quantum_360P_Lifestyle_Image_01_904x560-1.png 1356w, https:\/\/resources.tehnomax.me\/wp-content\/uploads\/2024\/09\/JBL_Quantum_360P_Lifestyle_Image_01_904x560-1-300x186.png 300w, https:\/\/resources.tehnomax.me\/wp-content\/uploads\/2024\/09\/JBL_Quantum_360P_Lifestyle_Image_01_904x560-1-1024x634.png 1024w, https:\/\/resources.tehnomax.me\/wp-content\/uploads\/2024\/09\/JBL_Quantum_360P_Lifestyle_Image_01_904x560-1-768x476.png 768w\" sizes=\"(max-width: 1356px) 100vw, 1356px\" \/>\t\t\t\t\t\t\t\t\t\t\t\t\t\t\t<\/div>\n\t\t\t\t<\/div>\n\t\t\t\t<\/div>\n\t\t<div class=\"elementor-element elementor-element-65ac96f e-con-full e-flex e-con e-child\" data-id=\"65ac96f\" data-element_type=\"container\">\n\t\t\t\t<div class=\"elementor-element elementor-element-cc28640 elementor-widget-divider--view-line elementor-widget elementor-widget-divider\" data-id=\"cc28640\" data-element_type=\"widget\" data-widget_type=\"divider.default\">\n\t\t\t\t<div class=\"elementor-widget-container\">\n\t\t\t\t\t\t\t<div class=\"elementor-divider\">\n\t\t\t<span class=\"elementor-divider-separator\">\n\t\t\t\t\t\t<\/span>\n\t\t<\/div>\n\t\t\t\t\t\t<\/div>\n\t\t\t\t<\/div>\n\t\t\t\t<div class=\"elementor-element elementor-element-2d5f737 elementor-widget elementor-widget-heading\" data-id=\"2d5f737\" data-element_type=\"widget\" data-widget_type=\"heading.default\">\n\t\t\t\t<div class=\"elementor-widget-container\">\n\t\t\t\t\t<h2 class=\"elementor-heading-title elementor-size-default\">Nikada ne propustite trenutak uz dvostruku be\u017ei\u010dnu vezu<\/h2>\t\t\t\t<\/div>\n\t\t\t\t<\/div>\n\t\t\t\t<div class=\"elementor-element elementor-element-c90d833 elementor-widget elementor-widget-text-editor\" data-id=\"c90d833\" data-element_type=\"widget\" data-widget_type=\"text-editor.default\">\n\t\t\t\t<div class=\"elementor-widget-container\">\n\t\t\t\t\t\t\t\t\t<div class=\"lifestyle-feature\"><div class=\"feature-text\"><p>Kada je klju\u010dna svaka sekunda, ne mo\u017ee\u0161 biti vezan za svoj sistem. Be\u017ei\u010dni prenos bez gubitaka na frekvenciji od 2,4 GHz pru\u017ea ti potpunu slobodu kretanja, bez prekida zvuka u \u017earu borbe. Ove slu\u0161alice su kompatibilne sa svim ure\u0111ajima koji podr\u017eavaju Bluetooth, poput pametnih telefona i tableta.<\/p><\/div><\/div><div class=\"lifestyle-feature\">\u00a0<\/div>\t\t\t\t\t\t\t\t<\/div>\n\t\t\t\t<\/div>\n\t\t\t\t<\/div>\n\t\t\t\t<\/div>\n\t\t<div class=\"elementor-element elementor-element-3b5a6ca e-con-full e-flex e-con e-parent\" data-id=\"3b5a6ca\" data-element_type=\"container\">\n\t\t<div class=\"elementor-element elementor-element-005a820 e-con-full e-flex e-con e-child\" data-id=\"005a820\" data-element_type=\"container\">\n\t\t\t\t<div class=\"elementor-element elementor-element-99239ad elementor-widget-divider--view-line elementor-widget elementor-widget-divider\" data-id=\"99239ad\" data-element_type=\"widget\" data-widget_type=\"divider.default\">\n\t\t\t\t<div class=\"elementor-widget-container\">\n\t\t\t\t\t\t\t<div class=\"elementor-divider\">\n\t\t\t<span class=\"elementor-divider-separator\">\n\t\t\t\t\t\t<\/span>\n\t\t<\/div>\n\t\t\t\t\t\t<\/div>\n\t\t\t\t<\/div>\n\t\t\t\t<div class=\"elementor-element elementor-element-9492821 elementor-widget elementor-widget-heading\" data-id=\"9492821\" data-element_type=\"widget\" data-widget_type=\"heading.default\">\n\t\t\t\t<div class=\"elementor-widget-container\">\n\t\t\t\t\t<h2 class=\"elementor-heading-title elementor-size-default\">Do\u017eivi igru uz JBL QuantumSOUND Signature\n<\/h2>\t\t\t\t<\/div>\n\t\t\t\t<\/div>\n\t\t\t\t<div class=\"elementor-element elementor-element-cc943f8 elementor-widget elementor-widget-text-editor\" data-id=\"cc943f8\" data-element_type=\"widget\" data-widget_type=\"text-editor.default\">\n\t\t\t\t<div class=\"elementor-widget-container\">\n\t\t\t\t\t\t\t\t\t<div class=\"flex max-w-full flex-col flex-grow\"><div class=\"min-h-[20px] text-message flex w-full flex-col items-end gap-2 whitespace-normal break-words [.text-message+&amp;]:mt-5\" dir=\"auto\" data-message-author-role=\"assistant\" data-message-id=\"ee9971be-f084-4d69-b664-502aef7640ac\"><div class=\"flex w-full flex-col gap-1 empty:hidden first:pt-[3px]\"><div class=\"markdown prose w-full break-words dark:prose-invert light\"><p>Od najti\u0161ih koraka do najglasnijih laserskih rafala, kinematografski JBL QuantumSOUND Signature \u010dini svaku scenu epskom. Pogonjen sa 40mm drajverima, JBL Quantum 360P Console Wireless te potpuno uranja u igru, pru\u017eaju\u0107i ti pravu prednost u takmi\u010denju.<\/p><\/div><\/div><\/div><\/div>\t\t\t\t\t\t\t\t<\/div>\n\t\t\t\t<\/div>\n\t\t\t\t<\/div>\n\t\t<div class=\"elementor-element elementor-element-f670d5e e-con-full e-flex e-con e-child\" data-id=\"f670d5e\" data-element_type=\"container\">\n\t\t\t\t<div class=\"elementor-element elementor-element-f3388a7 elementor-widget elementor-widget-image\" data-id=\"f3388a7\" data-element_type=\"widget\" data-widget_type=\"image.default\">\n\t\t\t\t<div class=\"elementor-widget-container\">\n\t\t\t\t\t\t\t\t\t\t\t\t\t\t\t<img decoding=\"async\" width=\"800\" height=\"495\" src=\"https:\/\/resources.tehnomax.me\/wp-content\/uploads\/2024\/09\/JBL_Quantum_360P_Lifestyle_Image_02_904x560-1024x634.png\" class=\"attachment-large size-large wp-image-5167\" alt=\"\" srcset=\"https:\/\/resources.tehnomax.me\/wp-content\/uploads\/2024\/09\/JBL_Quantum_360P_Lifestyle_Image_02_904x560-1024x634.png 1024w, https:\/\/resources.tehnomax.me\/wp-content\/uploads\/2024\/09\/JBL_Quantum_360P_Lifestyle_Image_02_904x560-300x186.png 300w, https:\/\/resources.tehnomax.me\/wp-content\/uploads\/2024\/09\/JBL_Quantum_360P_Lifestyle_Image_02_904x560-768x476.png 768w, https:\/\/resources.tehnomax.me\/wp-content\/uploads\/2024\/09\/JBL_Quantum_360P_Lifestyle_Image_02_904x560.png 1356w\" sizes=\"(max-width: 800px) 100vw, 800px\" \/>\t\t\t\t\t\t\t\t\t\t\t\t\t\t\t<\/div>\n\t\t\t\t<\/div>\n\t\t\t\t<\/div>\n\t\t\t\t<\/div>\n\t\t<div class=\"elementor-element elementor-element-65c80a1 e-con-full e-flex e-con e-parent\" data-id=\"65c80a1\" data-element_type=\"container\">\n\t\t<div class=\"elementor-element elementor-element-da7d04b e-con-full e-flex e-con e-child\" data-id=\"da7d04b\" data-element_type=\"container\">\n\t\t\t\t<div class=\"elementor-element elementor-element-8c11726 elementor-widget elementor-widget-image\" data-id=\"8c11726\" data-element_type=\"widget\" data-widget_type=\"image.default\">\n\t\t\t\t<div class=\"elementor-widget-container\">\n\t\t\t\t\t\t\t\t\t\t\t\t\t\t\t<img decoding=\"async\" width=\"800\" height=\"495\" src=\"https:\/\/resources.tehnomax.me\/wp-content\/uploads\/2024\/09\/JBL_Quantum_360P_Lifestyle_Image_03_904x560-1-1024x634.png\" class=\"attachment-large size-large wp-image-5168\" alt=\"\" srcset=\"https:\/\/resources.tehnomax.me\/wp-content\/uploads\/2024\/09\/JBL_Quantum_360P_Lifestyle_Image_03_904x560-1-1024x634.png 1024w, https:\/\/resources.tehnomax.me\/wp-content\/uploads\/2024\/09\/JBL_Quantum_360P_Lifestyle_Image_03_904x560-1-300x186.png 300w, https:\/\/resources.tehnomax.me\/wp-content\/uploads\/2024\/09\/JBL_Quantum_360P_Lifestyle_Image_03_904x560-1-768x476.png 768w, https:\/\/resources.tehnomax.me\/wp-content\/uploads\/2024\/09\/JBL_Quantum_360P_Lifestyle_Image_03_904x560-1.png 1356w\" sizes=\"(max-width: 800px) 100vw, 800px\" \/>\t\t\t\t\t\t\t\t\t\t\t\t\t\t\t<\/div>\n\t\t\t\t<\/div>\n\t\t\t\t<\/div>\n\t\t<div class=\"elementor-element elementor-element-f0572b4 e-con-full e-flex e-con e-child\" data-id=\"f0572b4\" data-element_type=\"container\">\n\t\t\t\t<div class=\"elementor-element elementor-element-008d9af elementor-widget-divider--view-line elementor-widget elementor-widget-divider\" data-id=\"008d9af\" data-element_type=\"widget\" data-widget_type=\"divider.default\">\n\t\t\t\t<div class=\"elementor-widget-container\">\n\t\t\t\t\t\t\t<div class=\"elementor-divider\">\n\t\t\t<span class=\"elementor-divider-separator\">\n\t\t\t\t\t\t<\/span>\n\t\t<\/div>\n\t\t\t\t\t\t<\/div>\n\t\t\t\t<\/div>\n\t\t\t\t<div class=\"elementor-element elementor-element-038287e elementor-widget elementor-widget-heading\" data-id=\"038287e\" data-element_type=\"widget\" data-widget_type=\"heading.default\">\n\t\t\t\t<div class=\"elementor-widget-container\">\n\t\t\t\t\t<h2 class=\"elementor-heading-title elementor-size-default\">Neka se tvoj glas \u010duje ili ne uz odvojivi boom mikrofon sa funkcijom isklju\u010divanja zvuka<\/h2>\t\t\t\t<\/div>\n\t\t\t\t<\/div>\n\t\t\t\t<div class=\"elementor-element elementor-element-c1bd198 elementor-widget elementor-widget-text-editor\" data-id=\"c1bd198\" data-element_type=\"widget\" data-widget_type=\"text-editor.default\">\n\t\t\t\t<div class=\"elementor-widget-container\">\n\t\t\t\t\t\t\t\t\t<p>\u010cak i kada igre postanu bu\u010dne, odvojivi, usmjereni boom mikrofon sa fokusom na glas kod JBL Quantum 360P Console Wireless osigurava da te tvoj tim uvijek jasno \u010duje. Tu je i prakti\u010dna funkcija za isklju\u010divanje zvuka, ako treba\u0161 da ostane\u0161 neprimije\u0107en tokom tajne misije u stvarnom svijetu.<\/p>\t\t\t\t\t\t\t\t<\/div>\n\t\t\t\t<\/div>\n\t\t\t\t<\/div>\n\t\t\t\t<\/div>\n\t\t<div class=\"elementor-element elementor-element-9f6222e e-flex e-con-boxed e-con e-parent\" data-id=\"9f6222e\" data-element_type=\"container\">\n\t\t\t\t\t<div class=\"e-con-inner\">\n\t\t\t\t<div class=\"elementor-element elementor-element-12aa086 elementor-widget elementor-widget-heading\" data-id=\"12aa086\" data-element_type=\"widget\" data-widget_type=\"heading.default\">\n\t\t\t\t<div class=\"elementor-widget-container\">\n\t\t\t\t\t<h2 class=\"elementor-heading-title elementor-size-default\">KARAKTERISTIKE<\/h2>\t\t\t\t<\/div>\n\t\t\t\t<\/div>\n\t\t\t\t\t<\/div>\n\t\t\t\t<\/div>\n\t\t<div class=\"elementor-element elementor-element-85477eb e-flex e-con-boxed e-con e-parent\" data-id=\"85477eb\" data-element_type=\"container\">\n\t\t\t\t\t<div class=\"e-con-inner\">\n\t\t<div class=\"elementor-element elementor-element-d70c8f1 e-con-full e-flex e-con e-child\" data-id=\"d70c8f1\" data-element_type=\"container\">\n\t\t\t\t<div class=\"elementor-element elementor-element-d78a5dc elementor-widget elementor-widget-image\" data-id=\"d78a5dc\" data-element_type=\"widget\" data-widget_type=\"image.default\">\n\t\t\t\t<div class=\"elementor-widget-container\">\n\t\t\t\t\t\t\t\t\t\t\t\t\t\t\t<img loading=\"lazy\" decoding=\"async\" width=\"70\" height=\"70\" src=\"https:\/\/resources.tehnomax.me\/wp-content\/uploads\/2024\/09\/icon_JBL_Easy_to_Use.png\" class=\"attachment-large size-large wp-image-5169\" alt=\"\" \/>\t\t\t\t\t\t\t\t\t\t\t\t\t\t\t<\/div>\n\t\t\t\t<\/div>\n\t\t\t\t<div class=\"elementor-element elementor-element-9617185 elementor-widget elementor-widget-heading\" data-id=\"9617185\" data-element_type=\"widget\" data-widget_type=\"heading.default\">\n\t\t\t\t<div class=\"elementor-widget-container\">\n\t\t\t\t\t<h2 class=\"elementor-heading-title elementor-size-default\">Kompatibilan sa 3D zvukom za PlayStation 5\n\n\n\n\n\n\n<\/h2>\t\t\t\t<\/div>\n\t\t\t\t<\/div>\n\t\t\t\t<div class=\"elementor-element elementor-element-be20128 elementor-widget elementor-widget-text-editor\" data-id=\"be20128\" data-element_type=\"widget\" data-widget_type=\"text-editor.default\">\n\t\t\t\t<div class=\"elementor-widget-container\">\n\t\t\t\t\t\t\t\t\t<div class=\"flex max-w-full flex-col flex-grow\"><div class=\"min-h-[20px] text-message flex w-full flex-col items-end gap-2 whitespace-normal break-words [.text-message+&amp;]:mt-5\" dir=\"auto\" data-message-author-role=\"assistant\" data-message-id=\"8c02b922-04ef-4ea2-8de4-8d488dab2bc7\"><div class=\"flex w-full flex-col gap-1 empty:hidden first:pt-[3px]\"><div class=\"markdown prose w-full break-words dark:prose-invert light\"><p>JBL Quantum 360P Console Wireless slu\u0161alice su dizajnirane za potpunu kompatibilnost sa 3D zvukom na PlayStation 5.<\/p><\/div><\/div><\/div><\/div>\t\t\t\t\t\t\t\t<\/div>\n\t\t\t\t<\/div>\n\t\t\t\t<\/div>\n\t\t<div class=\"elementor-element elementor-element-6149a6e e-con-full e-flex e-con e-child\" data-id=\"6149a6e\" data-element_type=\"container\">\n\t\t\t\t<div class=\"elementor-element elementor-element-4379a14 elementor-widget elementor-widget-image\" data-id=\"4379a14\" data-element_type=\"widget\" data-widget_type=\"image.default\">\n\t\t\t\t<div class=\"elementor-widget-container\">\n\t\t\t\t\t\t\t\t\t\t\t\t\t\t\t<img loading=\"lazy\" decoding=\"async\" width=\"70\" height=\"70\" src=\"https:\/\/resources.tehnomax.me\/wp-content\/uploads\/2024\/09\/icon_JBL_Battery_Life_22h.png\" class=\"attachment-large size-large wp-image-5170\" alt=\"\" \/>\t\t\t\t\t\t\t\t\t\t\t\t\t\t\t<\/div>\n\t\t\t\t<\/div>\n\t\t\t\t<div class=\"elementor-element elementor-element-0720337 elementor-widget elementor-widget-heading\" data-id=\"0720337\" data-element_type=\"widget\" data-widget_type=\"heading.default\">\n\t\t\t\t<div class=\"elementor-widget-container\">\n\t\t\t\t\t<h2 class=\"elementor-heading-title elementor-size-default\">Baterija do 22 sata trajanja, brzo punjenje i opcija igranja tokom punjenja<\/h2>\t\t\t\t<\/div>\n\t\t\t\t<\/div>\n\t\t\t\t<div class=\"elementor-element elementor-element-631a3c9 elementor-widget elementor-widget-text-editor\" data-id=\"631a3c9\" data-element_type=\"widget\" data-widget_type=\"text-editor.default\">\n\t\t\t\t<div class=\"elementor-widget-container\">\n\t\t\t\t\t\t\t\t\t<div class=\"flex max-w-full flex-col flex-grow\"><div class=\"min-h-[20px] text-message flex w-full flex-col items-end gap-2 whitespace-normal break-words [.text-message+&amp;]:mt-5\" dir=\"auto\" data-message-author-role=\"assistant\" data-message-id=\"094f79c5-8e1f-428b-b7ba-41d8b7af36b1\"><div class=\"flex w-full flex-col gap-1 empty:hidden first:pt-[3px]\"><div class=\"markdown prose w-full break-words dark:prose-invert light\"><p>Baterija do 22 sata trajanja (sa donglom, do 26 sati preko Bluetooth-a) omogu\u0107ava vrhunski JBL zvuk \u010dak i tokom najdu\u017eih gaming sesija. Treba ti jo\u0161 vremena? Pet minuta punjenja daje dodatnih sat vremena reprodukcije, a mo\u017ee\u0161 puniti i igrati u isto vrijeme uz USB kabl za punjenje.<\/p><\/div><\/div><\/div><\/div>\t\t\t\t\t\t\t\t<\/div>\n\t\t\t\t<\/div>\n\t\t\t\t<\/div>\n\t\t<div class=\"elementor-element elementor-element-1c343c8 e-con-full e-flex e-con e-child\" data-id=\"1c343c8\" data-element_type=\"container\">\n\t\t\t\t<div class=\"elementor-element elementor-element-e141c56 elementor-widget elementor-widget-image\" data-id=\"e141c56\" data-element_type=\"widget\" data-widget_type=\"image.default\">\n\t\t\t\t<div class=\"elementor-widget-container\">\n\t\t\t\t\t\t\t\t\t\t\t\t\t\t\t<img loading=\"lazy\" decoding=\"async\" width=\"70\" height=\"70\" src=\"https:\/\/resources.tehnomax.me\/wp-content\/uploads\/2024\/09\/icon_JBL_Quantum_Voice_Focus-1.png\" class=\"attachment-large size-large wp-image-5171\" alt=\"\" \/>\t\t\t\t\t\t\t\t\t\t\t\t\t\t\t<\/div>\n\t\t\t\t<\/div>\n\t\t\t\t<div class=\"elementor-element elementor-element-ace074a elementor-widget elementor-widget-heading\" data-id=\"ace074a\" data-element_type=\"widget\" data-widget_type=\"heading.default\">\n\t\t\t\t<div class=\"elementor-widget-container\">\n\t\t\t\t\t<h2 class=\"elementor-heading-title elementor-size-default\">JBL dvostruki izvor zvuka<\/h2>\t\t\t\t<\/div>\n\t\t\t\t<\/div>\n\t\t\t\t<div class=\"elementor-element elementor-element-842e159 elementor-widget elementor-widget-text-editor\" data-id=\"842e159\" data-element_type=\"widget\" data-widget_type=\"text-editor.default\">\n\t\t\t\t<div class=\"elementor-widget-container\">\n\t\t\t\t\t\t\t\t\t<div class=\"flex max-w-full flex-col flex-grow\"><div class=\"min-h-[20px] text-message flex w-full flex-col items-end gap-2 whitespace-normal break-words [.text-message+&amp;]:mt-5\" dir=\"auto\" data-message-author-role=\"assistant\" data-message-id=\"554c635d-e426-40a0-b209-44cf6e2b0e4e\"><div class=\"flex w-full flex-col gap-1 empty:hidden first:pt-[3px]\"><div class=\"markdown prose w-full break-words dark:prose-invert light\"><p>JBL Quantum 360P Console Wireless omogu\u0107ava komunikaciju iz dva izvora istovremeno: dok te dongle dr\u017ei povezanim sa igrom, Bluetooth ti omogu\u0107ava da primi\u0161 poziv i zatim se bez problema vrati\u0161 nazad igri.<\/p><\/div><\/div><\/div><\/div>\t\t\t\t\t\t\t\t<\/div>\n\t\t\t\t<\/div>\n\t\t\t\t<\/div>\n\t\t\t\t\t<\/div>\n\t\t\t\t<\/div>\n\t\t<div class=\"elementor-element elementor-element-0fca61a e-flex e-con-boxed e-con e-parent\" data-id=\"0fca61a\" data-element_type=\"container\">\n\t\t\t\t\t<div class=\"e-con-inner\">\n\t\t<div class=\"elementor-element elementor-element-b032cb7 e-con-full e-flex e-con e-child\" data-id=\"b032cb7\" data-element_type=\"container\">\n\t\t\t\t<div class=\"elementor-element elementor-element-7e187b8 elementor-widget elementor-widget-image\" data-id=\"7e187b8\" data-element_type=\"widget\" data-widget_type=\"image.default\">\n\t\t\t\t<div class=\"elementor-widget-container\">\n\t\t\t\t\t\t\t\t\t\t\t\t\t\t\t<img loading=\"lazy\" decoding=\"async\" width=\"70\" height=\"70\" src=\"https:\/\/resources.tehnomax.me\/wp-content\/uploads\/2024\/09\/icon_JBL_Comfort_Stay_Secure_Fit.png\" class=\"attachment-large size-large wp-image-5172\" alt=\"\" \/>\t\t\t\t\t\t\t\t\t\t\t\t\t\t\t<\/div>\n\t\t\t\t<\/div>\n\t\t\t\t<div class=\"elementor-element elementor-element-66f7ee4 elementor-widget elementor-widget-heading\" data-id=\"66f7ee4\" data-element_type=\"widget\" data-widget_type=\"heading.default\">\n\t\t\t\t<div class=\"elementor-widget-container\">\n\t\t\t\t\t<h2 class=\"elementor-heading-title elementor-size-default\">Udobnost od memorijske pjene za maratonske sesije igranja<\/h2>\t\t\t\t<\/div>\n\t\t\t\t<\/div>\n\t\t\t\t<div class=\"elementor-element elementor-element-c219451 elementor-widget elementor-widget-text-editor\" data-id=\"c219451\" data-element_type=\"widget\" data-widget_type=\"text-editor.default\">\n\t\t\t\t<div class=\"elementor-widget-container\">\n\t\t\t\t\t\t\t\t\t<div class=\"flex max-w-full flex-col flex-grow\"><div class=\"min-h-[20px] text-message flex w-full flex-col items-end gap-2 whitespace-normal break-words [.text-message+&amp;]:mt-5\" dir=\"auto\" data-message-author-role=\"assistant\" data-message-id=\"fd326073-9913-4d53-9477-bf364f2e255d\"><div class=\"flex w-full flex-col gap-1 empty:hidden first:pt-[3px]\"><div class=\"markdown prose w-full break-words dark:prose-invert light\"><p>Izdr\u017eljive JBL Quantum 360P Console Wireless slu\u0161alice imaju laganu traku za glavu i jastu\u010di\u0107e od memorijske pjene oblo\u017eene PU materijalom, \u0161to pru\u017ea potpunu udobnost \u010dak i tokom intenzivnih cjelono\u0107nih gaming sesija.<\/p><\/div><\/div><\/div><\/div>\t\t\t\t\t\t\t\t<\/div>\n\t\t\t\t<\/div>\n\t\t\t\t<\/div>\n\t\t<div class=\"elementor-element elementor-element-f8ec34b e-con-full e-flex e-con e-child\" data-id=\"f8ec34b\" data-element_type=\"container\">\n\t\t\t\t<div class=\"elementor-element elementor-element-b589f91 elementor-widget elementor-widget-image\" data-id=\"b589f91\" data-element_type=\"widget\" data-widget_type=\"image.default\">\n\t\t\t\t<div class=\"elementor-widget-container\">\n\t\t\t\t\t\t\t\t\t\t\t\t\t\t\t<img loading=\"lazy\" decoding=\"async\" width=\"70\" height=\"70\" src=\"https:\/\/resources.tehnomax.me\/wp-content\/uploads\/2024\/09\/Icon_jbl_quantum_engine-2.png\" class=\"attachment-large size-large wp-image-5173\" alt=\"\" \/>\t\t\t\t\t\t\t\t\t\t\t\t\t\t\t<\/div>\n\t\t\t\t<\/div>\n\t\t\t\t<div class=\"elementor-element elementor-element-4465021 elementor-widget elementor-widget-heading\" data-id=\"4465021\" data-element_type=\"widget\" data-widget_type=\"heading.default\">\n\t\t\t\t<div class=\"elementor-widget-container\">\n\t\t\t\t\t<h2 class=\"elementor-heading-title elementor-size-default\">Prilagodi zvuk uz JBL QuantumENGINE PC paket<\/h2>\t\t\t\t<\/div>\n\t\t\t\t<\/div>\n\t\t\t\t<div class=\"elementor-element elementor-element-3bbb259 elementor-widget elementor-widget-text-editor\" data-id=\"3bbb259\" data-element_type=\"widget\" data-widget_type=\"text-editor.default\">\n\t\t\t\t<div class=\"elementor-widget-container\">\n\t\t\t\t\t\t\t\t\t<p>Kontroli\u0161i ono \u0161to \u010duje\u0161, unaprijedi svoj na\u010din igranja. Koristi PC softverski paket za prilago\u0111avanje JBL QuantumSURROUND, EQ-a, sidetone-a, postavki mikrofona, \u010duvanje svojih profila i jo\u0161 mnogo toga za ultimativno uranjaju\u0107e zvu\u010dno iskustvo.<\/p>\t\t\t\t\t\t\t\t<\/div>\n\t\t\t\t<\/div>\n\t\t\t\t<\/div>\n\t\t<div class=\"elementor-element elementor-element-568caa5 e-con-full e-flex e-con e-child\" data-id=\"568caa5\" data-element_type=\"container\">\n\t\t\t\t<div class=\"elementor-element elementor-element-47e0ea5 elementor-widget elementor-widget-image\" data-id=\"47e0ea5\" data-element_type=\"widget\" data-widget_type=\"image.default\">\n\t\t\t\t<div class=\"elementor-widget-container\">\n\t\t\t\t\t\t\t\t\t\t\t\t\t\t\t<img loading=\"lazy\" decoding=\"async\" width=\"70\" height=\"70\" src=\"https:\/\/resources.tehnomax.me\/wp-content\/uploads\/2024\/09\/icon_JBL_All_Platform_Devices_Compatibility-3.png\" class=\"attachment-large size-large wp-image-5174\" alt=\"\" \/>\t\t\t\t\t\t\t\t\t\t\t\t\t\t\t<\/div>\n\t\t\t\t<\/div>\n\t\t\t\t<div class=\"elementor-element elementor-element-6ab15cf elementor-widget elementor-widget-heading\" data-id=\"6ab15cf\" data-element_type=\"widget\" data-widget_type=\"heading.default\">\n\t\t\t\t<div class=\"elementor-widget-container\">\n\t\t\t\t\t<h2 class=\"elementor-heading-title elementor-size-default\">Kompatibilan sa vi\u0161e platformi<\/h2>\t\t\t\t<\/div>\n\t\t\t\t<\/div>\n\t\t\t\t<div class=\"elementor-element elementor-element-425f08d elementor-widget elementor-widget-text-editor\" data-id=\"425f08d\" data-element_type=\"widget\" data-widget_type=\"text-editor.default\">\n\t\t\t\t<div class=\"elementor-widget-container\">\n\t\t\t\t\t\t\t\t\t<p>JBL Quantum 360P Console Wireless slu\u0161alice su optimizovane za PlayStation. Ove slu\u0161alice su tako\u0111e kompatibilne sa PC-jem i mogu se povezati be\u017ei\u010dno (preko 2,4GHz) sa PC-jem, PlayStation*, Nintendo Switch** i Mac-om. Funkcije podr\u017eane od strane JBL QuantumENGINE (JBL QuantumSURROUND, RGB, EQ, postavke mikrofona itd.) dostupne su samo na PC-u. Pogledaj vodi\u010d za povezivanje za informacije o kompatibilnosti.<br \/>*Be\u017ei\u010dno kompatibilne sa svim PlayStation modelima, uklju\u010duju\u0107i PS5 i PS4.<br \/>**Be\u017ei\u010dno kompatibilne sa Nintendo Switch-om samo kada je u dokovanom re\u017eimu.<\/p>\t\t\t\t\t\t\t\t<\/div>\n\t\t\t\t<\/div>\n\t\t\t\t<\/div>\n\t\t\t\t\t<\/div>\n\t\t\t\t<\/div>\n\t\t<div class=\"elementor-element elementor-element-e3c833e e-grid e-con-boxed e-con e-parent\" data-id=\"e3c833e\" data-element_type=\"container\">\n\t\t\t\t\t<div class=\"e-con-inner\">\n\t\t\t\t<div class=\"elementor-element elementor-element-e8a28d3 elementor-widget elementor-widget-html\" data-id=\"e8a28d3\" data-element_type=\"widget\" data-widget_type=\"html.default\">\n\t\t\t\t<div class=\"elementor-widget-container\">\n\t\t\t\t\t<script src=https:\/\/ajax.googleapis.com\/ajax\/libs\/jquery\/1.11.0\/jquery.min.js><\/script><script type=\"text\/javascript\" src=https:\/\/www.tehnomax.me\/common\/javascript\/iframe-resizer\/iframeResizer.contentWindow.min.js defer><\/script>\t\t\t\t<\/div>\n\t\t\t\t<\/div>\n\t\t\t\t\t<\/div>\n\t\t\t\t<\/div>\n\t\t\t\t<\/div>\n\t\t","protected":false},"excerpt":{"rendered":"<p>Nikada ne propustite trenutak uz dvostruku be\u017ei\u010dnu vezu Kada je klju\u010dna svaka sekunda, ne mo\u017ee\u0161 biti vezan za svoj sistem. Be\u017ei\u010dni prenos bez gubitaka na frekvenciji od 2,4 GHz pru\u017ea ti potpunu slobodu kretanja, bez prekida zvuka u \u017earu borbe. Ove slu\u0161alice su kompatibilne sa svim ure\u0111ajima koji podr\u017eavaju Bluetooth, poput pametnih telefona i tableta. [&hellip;]<\/p>\n","protected":false},"author":1,"featured_media":0,"parent":0,"menu_order":0,"comment_status":"closed","ping_status":"closed","template":"elementor_canvas","meta":{"footnotes":""},"class_list":["post-5164","page","type-page","status-publish","hentry"],"_links":{"self":[{"href":"https:\/\/resources.tehnomax.me\/index.php?rest_route=\/wp\/v2\/pages\/5164","targetHints":{"allow":["GET"]}}],"collection":[{"href":"https:\/\/resources.tehnomax.me\/index.php?rest_route=\/wp\/v2\/pages"}],"about":[{"href":"https:\/\/resources.tehnomax.me\/index.php?rest_route=\/wp\/v2\/types\/page"}],"author":[{"embeddable":true,"href":"https:\/\/resources.tehnomax.me\/index.php?rest_route=\/wp\/v2\/users\/1"}],"replies":[{"embeddable":true,"href":"https:\/\/resources.tehnomax.me\/index.php?rest_route=%2Fwp%2Fv2%2Fcomments&post=5164"}],"version-history":[{"count":4,"href":"https:\/\/resources.tehnomax.me\/index.php?rest_route=\/wp\/v2\/pages\/5164\/revisions"}],"predecessor-version":[{"id":5177,"href":"https:\/\/resources.tehnomax.me\/index.php?rest_route=\/wp\/v2\/pages\/5164\/revisions\/5177"}],"wp:attachment":[{"href":"https:\/\/resources.tehnomax.me\/index.php?rest_route=%2Fwp%2Fv2%2Fmedia&parent=5164"}],"curies":[{"name":"wp","href":"https:\/\/api.w.org\/{rel}","templated":true}]}}