{"id":5126,"date":"2024-09-23T12:32:42","date_gmt":"2024-09-23T12:32:42","guid":{"rendered":"https:\/\/resources.tehnomax.me\/?page_id=5126"},"modified":"2024-09-23T12:37:16","modified_gmt":"2024-09-23T12:37:16","slug":"jbl-bar-300","status":"publish","type":"page","link":"https:\/\/resources.tehnomax.me\/?page_id=5126","title":{"rendered":"JBL BAR 300"},"content":{"rendered":"\t\t<div data-elementor-type=\"wp-page\" data-elementor-id=\"5126\" class=\"elementor elementor-5126\" data-elementor-post-type=\"page\">\n\t\t\t\t<div class=\"elementor-element elementor-element-6118fed e-con-full e-flex e-con e-parent\" data-id=\"6118fed\" data-element_type=\"container\">\n\t\t\t\t<div class=\"elementor-element elementor-element-f5356c9 elementor-widget elementor-widget-image\" data-id=\"f5356c9\" data-element_type=\"widget\" data-widget_type=\"image.default\">\n\t\t\t\t<div class=\"elementor-widget-container\">\n\t\t\t\t\t\t\t\t\t\t\t\t\t\t\t<img fetchpriority=\"high\" decoding=\"async\" width=\"1052\" height=\"480\" src=\"https:\/\/resources.tehnomax.me\/wp-content\/uploads\/2024\/09\/JBL-PDP_AwardBanner_Bar-300_Desktop_1052x480px.jpg\" class=\"attachment-full size-full wp-image-5128\" alt=\"\" srcset=\"https:\/\/resources.tehnomax.me\/wp-content\/uploads\/2024\/09\/JBL-PDP_AwardBanner_Bar-300_Desktop_1052x480px.jpg 1052w, https:\/\/resources.tehnomax.me\/wp-content\/uploads\/2024\/09\/JBL-PDP_AwardBanner_Bar-300_Desktop_1052x480px-300x137.jpg 300w, https:\/\/resources.tehnomax.me\/wp-content\/uploads\/2024\/09\/JBL-PDP_AwardBanner_Bar-300_Desktop_1052x480px-1024x467.jpg 1024w, https:\/\/resources.tehnomax.me\/wp-content\/uploads\/2024\/09\/JBL-PDP_AwardBanner_Bar-300_Desktop_1052x480px-768x350.jpg 768w\" sizes=\"(max-width: 1052px) 100vw, 1052px\" \/>\t\t\t\t\t\t\t\t\t\t\t\t\t\t\t<\/div>\n\t\t\t\t<\/div>\n\t\t\t\t<\/div>\n\t\t<div class=\"elementor-element elementor-element-9563e12 e-con-full e-flex e-con e-parent\" data-id=\"9563e12\" data-element_type=\"container\">\n\t\t<div class=\"elementor-element elementor-element-8ca0bac e-con-full e-flex e-con e-child\" data-id=\"8ca0bac\" data-element_type=\"container\">\n\t\t\t\t<div class=\"elementor-element elementor-element-5bbfa23 elementor-widget elementor-widget-image\" data-id=\"5bbfa23\" data-element_type=\"widget\" data-widget_type=\"image.default\">\n\t\t\t\t<div class=\"elementor-widget-container\">\n\t\t\t\t\t\t\t\t\t\t\t\t\t\t\t<img decoding=\"async\" width=\"800\" height=\"495\" src=\"https:\/\/resources.tehnomax.me\/wp-content\/uploads\/2024\/09\/JBL_Soundbar_300_Lifestyle_01_904x560px-1024x634.png\" class=\"attachment-large size-large wp-image-5129\" alt=\"\" srcset=\"https:\/\/resources.tehnomax.me\/wp-content\/uploads\/2024\/09\/JBL_Soundbar_300_Lifestyle_01_904x560px-1024x634.png 1024w, https:\/\/resources.tehnomax.me\/wp-content\/uploads\/2024\/09\/JBL_Soundbar_300_Lifestyle_01_904x560px-300x186.png 300w, https:\/\/resources.tehnomax.me\/wp-content\/uploads\/2024\/09\/JBL_Soundbar_300_Lifestyle_01_904x560px-768x476.png 768w, https:\/\/resources.tehnomax.me\/wp-content\/uploads\/2024\/09\/JBL_Soundbar_300_Lifestyle_01_904x560px.png 1356w\" sizes=\"(max-width: 800px) 100vw, 800px\" \/>\t\t\t\t\t\t\t\t\t\t\t\t\t\t\t<\/div>\n\t\t\t\t<\/div>\n\t\t\t\t<\/div>\n\t\t<div class=\"elementor-element elementor-element-65ac96f e-con-full e-flex e-con e-child\" data-id=\"65ac96f\" data-element_type=\"container\">\n\t\t\t\t<div class=\"elementor-element elementor-element-cc28640 elementor-widget-divider--view-line elementor-widget elementor-widget-divider\" data-id=\"cc28640\" data-element_type=\"widget\" data-widget_type=\"divider.default\">\n\t\t\t\t<div class=\"elementor-widget-container\">\n\t\t\t\t\t\t\t<div class=\"elementor-divider\">\n\t\t\t<span class=\"elementor-divider-separator\">\n\t\t\t\t\t\t<\/span>\n\t\t<\/div>\n\t\t\t\t\t\t<\/div>\n\t\t\t\t<\/div>\n\t\t\t\t<div class=\"elementor-element elementor-element-2d5f737 elementor-widget elementor-widget-heading\" data-id=\"2d5f737\" data-element_type=\"widget\" data-widget_type=\"heading.default\">\n\t\t\t\t<div class=\"elementor-widget-container\">\n\t\t\t\t\t<h2 class=\"elementor-heading-title elementor-size-default\">Dolby Atmos\u00ae i MultiBeam\u2122 surround zvuk<\/h2>\t\t\t\t<\/div>\n\t\t\t\t<\/div>\n\t\t\t\t<div class=\"elementor-element elementor-element-c90d833 elementor-widget elementor-widget-text-editor\" data-id=\"c90d833\" data-element_type=\"widget\" data-widget_type=\"text-editor.default\">\n\t\t\t\t<div class=\"elementor-widget-container\">\n\t\t\t\t\t\t\t\t\t<p>Uronite u 3D surround zvuk bioskopskog kvaliteta. Slu\u0161ajte izvanredne zvu\u010dne efekte svuda u prostoriji, bez potrebe za dodatnim surround zvu\u010dnicima.<\/p>\t\t\t\t\t\t\t\t<\/div>\n\t\t\t\t<\/div>\n\t\t\t\t<\/div>\n\t\t\t\t<\/div>\n\t\t<div class=\"elementor-element elementor-element-3b5a6ca e-con-full e-flex e-con e-parent\" data-id=\"3b5a6ca\" data-element_type=\"container\">\n\t\t<div class=\"elementor-element elementor-element-005a820 e-con-full e-flex e-con e-child\" data-id=\"005a820\" data-element_type=\"container\">\n\t\t\t\t<div class=\"elementor-element elementor-element-99239ad elementor-widget-divider--view-line elementor-widget elementor-widget-divider\" data-id=\"99239ad\" data-element_type=\"widget\" data-widget_type=\"divider.default\">\n\t\t\t\t<div class=\"elementor-widget-container\">\n\t\t\t\t\t\t\t<div class=\"elementor-divider\">\n\t\t\t<span class=\"elementor-divider-separator\">\n\t\t\t\t\t\t<\/span>\n\t\t<\/div>\n\t\t\t\t\t\t<\/div>\n\t\t\t\t<\/div>\n\t\t\t\t<div class=\"elementor-element elementor-element-9492821 elementor-widget elementor-widget-heading\" data-id=\"9492821\" data-element_type=\"widget\" data-widget_type=\"heading.default\">\n\t\t\t\t<div class=\"elementor-widget-container\">\n\t\t\t\t\t<h2 class=\"elementor-heading-title elementor-size-default\">Ugra\u0111eni Wi-Fi sa AirPlay, Alexa Multi-Room Music i ugra\u0111enim Chromecast\n<\/h2>\t\t\t\t<\/div>\n\t\t\t\t<\/div>\n\t\t\t\t<div class=\"elementor-element elementor-element-cc943f8 elementor-widget elementor-widget-text-editor\" data-id=\"cc943f8\" data-element_type=\"widget\" data-widget_type=\"text-editor.default\">\n\t\t\t\t<div class=\"elementor-widget-container\">\n\t\t\t\t\t\t\t\t\t<div class=\"lifestyle-feature\"><div class=\"feature-text\"><p><span>Spremite se za istra\u017eivanje. Pristupite preko 300 onlajn servisa za striming muzike putem AirPlay, Alexa MRM i ugra\u0111enog Chromecast. U\u017eivajte u svom omiljenom audio sadr\u017eaju, Internet radiju i podcastovima u visokoj rezoluciji. Wi-Fi veza tako\u0111e omogu\u0107ava automatsko a\u017euriranje softvera, tako da uvijek mo\u017eete u\u017eivati \u200b\u200bu najnovijim funkcijama.<\/span><\/p><\/div><\/div><div class=\"lifestyle-feature\">\u00a0<\/div>\t\t\t\t\t\t\t\t<\/div>\n\t\t\t\t<\/div>\n\t\t\t\t<\/div>\n\t\t<div class=\"elementor-element elementor-element-f670d5e e-con-full e-flex e-con e-child\" data-id=\"f670d5e\" data-element_type=\"container\">\n\t\t\t\t<div class=\"elementor-element elementor-element-f3388a7 elementor-widget elementor-widget-image\" data-id=\"f3388a7\" data-element_type=\"widget\" data-widget_type=\"image.default\">\n\t\t\t\t<div class=\"elementor-widget-container\">\n\t\t\t\t\t\t\t\t\t\t\t\t\t\t\t<img decoding=\"async\" width=\"800\" height=\"495\" src=\"https:\/\/resources.tehnomax.me\/wp-content\/uploads\/2024\/09\/JBL_Soundbar_300_Lifestyle_02_904x560px-1024x634.png\" class=\"attachment-large size-large wp-image-5130\" alt=\"\" srcset=\"https:\/\/resources.tehnomax.me\/wp-content\/uploads\/2024\/09\/JBL_Soundbar_300_Lifestyle_02_904x560px-1024x634.png 1024w, https:\/\/resources.tehnomax.me\/wp-content\/uploads\/2024\/09\/JBL_Soundbar_300_Lifestyle_02_904x560px-300x186.png 300w, https:\/\/resources.tehnomax.me\/wp-content\/uploads\/2024\/09\/JBL_Soundbar_300_Lifestyle_02_904x560px-768x476.png 768w, https:\/\/resources.tehnomax.me\/wp-content\/uploads\/2024\/09\/JBL_Soundbar_300_Lifestyle_02_904x560px.png 1356w\" sizes=\"(max-width: 800px) 100vw, 800px\" \/>\t\t\t\t\t\t\t\t\t\t\t\t\t\t\t<\/div>\n\t\t\t\t<\/div>\n\t\t\t\t<\/div>\n\t\t\t\t<\/div>\n\t\t<div class=\"elementor-element elementor-element-879e929 e-con-full e-flex e-con e-parent\" data-id=\"879e929\" data-element_type=\"container\">\n\t\t<div class=\"elementor-element elementor-element-29b8e56 e-con-full e-flex e-con e-child\" data-id=\"29b8e56\" data-element_type=\"container\">\n\t\t\t\t<div class=\"elementor-element elementor-element-d92110e elementor-widget elementor-widget-image\" data-id=\"d92110e\" data-element_type=\"widget\" data-widget_type=\"image.default\">\n\t\t\t\t<div class=\"elementor-widget-container\">\n\t\t\t\t\t\t\t\t\t\t\t\t\t\t\t<img loading=\"lazy\" decoding=\"async\" width=\"800\" height=\"495\" src=\"https:\/\/resources.tehnomax.me\/wp-content\/uploads\/2024\/09\/JBL_Soundbar_300_Lifestyle_03_904x560px-1024x634.png\" class=\"attachment-large size-large wp-image-5131\" alt=\"\" srcset=\"https:\/\/resources.tehnomax.me\/wp-content\/uploads\/2024\/09\/JBL_Soundbar_300_Lifestyle_03_904x560px-1024x634.png 1024w, https:\/\/resources.tehnomax.me\/wp-content\/uploads\/2024\/09\/JBL_Soundbar_300_Lifestyle_03_904x560px-300x186.png 300w, https:\/\/resources.tehnomax.me\/wp-content\/uploads\/2024\/09\/JBL_Soundbar_300_Lifestyle_03_904x560px-768x476.png 768w, https:\/\/resources.tehnomax.me\/wp-content\/uploads\/2024\/09\/JBL_Soundbar_300_Lifestyle_03_904x560px.png 1356w\" sizes=\"(max-width: 800px) 100vw, 800px\" \/>\t\t\t\t\t\t\t\t\t\t\t\t\t\t\t<\/div>\n\t\t\t\t<\/div>\n\t\t\t\t<\/div>\n\t\t<div class=\"elementor-element elementor-element-881332f e-con-full e-flex e-con e-child\" data-id=\"881332f\" data-element_type=\"container\">\n\t\t\t\t<div class=\"elementor-element elementor-element-2bd38af elementor-widget-divider--view-line elementor-widget elementor-widget-divider\" data-id=\"2bd38af\" data-element_type=\"widget\" data-widget_type=\"divider.default\">\n\t\t\t\t<div class=\"elementor-widget-container\">\n\t\t\t\t\t\t\t<div class=\"elementor-divider\">\n\t\t\t<span class=\"elementor-divider-separator\">\n\t\t\t\t\t\t<\/span>\n\t\t<\/div>\n\t\t\t\t\t\t<\/div>\n\t\t\t\t<\/div>\n\t\t\t\t<div class=\"elementor-element elementor-element-9870dc7 elementor-widget elementor-widget-heading\" data-id=\"9870dc7\" data-element_type=\"widget\" data-widget_type=\"heading.default\">\n\t\t\t\t<div class=\"elementor-widget-container\">\n\t\t\t\t\t<h2 class=\"elementor-heading-title elementor-size-default\">Izlazna snaga 260W\n<\/h2>\t\t\t\t<\/div>\n\t\t\t\t<\/div>\n\t\t\t\t<div class=\"elementor-element elementor-element-8d227c7 elementor-widget elementor-widget-text-editor\" data-id=\"8d227c7\" data-element_type=\"widget\" data-widget_type=\"text-editor.default\">\n\t\t\t\t<div class=\"elementor-widget-container\">\n\t\t\t\t\t\t\t\t\t<div class=\"pdp-lifestyle-features-container\"><div class=\"lifestyle-feature\"><div class=\"feature-text\"><p><span>Sa 260 vati ukupne izlazne snage, JBL Bar 300 pretvara va\u0161e filmove, muziku i igre u impresivna zvu\u010dna iskustva.<\/span><\/p><\/div><\/div><\/div><div class=\"content-header\">\u00a0<\/div>\t\t\t\t\t\t\t\t<\/div>\n\t\t\t\t<\/div>\n\t\t\t\t<\/div>\n\t\t\t\t<\/div>\n\t\t<div class=\"elementor-element elementor-element-9f6222e e-flex e-con-boxed e-con e-parent\" data-id=\"9f6222e\" data-element_type=\"container\">\n\t\t\t\t\t<div class=\"e-con-inner\">\n\t\t\t\t<div class=\"elementor-element elementor-element-12aa086 elementor-widget elementor-widget-heading\" data-id=\"12aa086\" data-element_type=\"widget\" data-widget_type=\"heading.default\">\n\t\t\t\t<div class=\"elementor-widget-container\">\n\t\t\t\t\t<h2 class=\"elementor-heading-title elementor-size-default\">KARAKTERISTIKE<\/h2>\t\t\t\t<\/div>\n\t\t\t\t<\/div>\n\t\t\t\t\t<\/div>\n\t\t\t\t<\/div>\n\t\t<div class=\"elementor-element elementor-element-85477eb e-flex e-con-boxed e-con e-parent\" data-id=\"85477eb\" data-element_type=\"container\">\n\t\t\t\t\t<div class=\"e-con-inner\">\n\t\t<div class=\"elementor-element elementor-element-d70c8f1 e-con-full e-flex e-con e-child\" data-id=\"d70c8f1\" data-element_type=\"container\">\n\t\t\t\t<div class=\"elementor-element elementor-element-d78a5dc elementor-widget elementor-widget-image\" data-id=\"d78a5dc\" data-element_type=\"widget\" data-widget_type=\"image.default\">\n\t\t\t\t<div class=\"elementor-widget-container\">\n\t\t\t\t\t\t\t\t\t\t\t\t\t\t\t<img loading=\"lazy\" decoding=\"async\" width=\"70\" height=\"70\" src=\"https:\/\/resources.tehnomax.me\/wp-content\/uploads\/2024\/09\/Punchy_bass_without_a_separate_subwoofer_Orange-removebg-preview.png\" class=\"attachment-large size-large wp-image-5068\" alt=\"\" \/>\t\t\t\t\t\t\t\t\t\t\t\t\t\t\t<\/div>\n\t\t\t\t<\/div>\n\t\t\t\t<div class=\"elementor-element elementor-element-9617185 elementor-widget elementor-widget-heading\" data-id=\"9617185\" data-element_type=\"widget\" data-widget_type=\"heading.default\">\n\t\t\t\t<div class=\"elementor-widget-container\">\n\t\t\t\t\t<h2 class=\"elementor-heading-title elementor-size-default\">Sna\u017ean bas bez zasebnog subwoofera<\/h2>\t\t\t\t<\/div>\n\t\t\t\t<\/div>\n\t\t\t\t<div class=\"elementor-element elementor-element-be20128 elementor-widget elementor-widget-text-editor\" data-id=\"be20128\" data-element_type=\"widget\" data-widget_type=\"text-editor.default\">\n\t\t\t\t<div class=\"elementor-widget-container\">\n\t\t\t\t\t\t\t\t\t<p>Neka vas kompaktna veli\u010dina JBL Bar 300 ne zavara. Ovaj soundbar pobolj\u0161ava va\u0161e ku\u0107no bioskopsko iskustvo sna\u017enim basom iz ugra\u0111enog bas porta, dodaju\u0107i vi\u0161e uzbu\u0111enja svakoj akcionoj sceni i vi\u0161e dubine svakoj pjesmi.<\/p>\t\t\t\t\t\t\t\t<\/div>\n\t\t\t\t<\/div>\n\t\t\t\t<\/div>\n\t\t<div class=\"elementor-element elementor-element-920fe98 e-con-full e-flex e-con e-child\" data-id=\"920fe98\" data-element_type=\"container\">\n\t\t\t\t<div class=\"elementor-element elementor-element-e276f41 elementor-widget elementor-widget-image\" data-id=\"e276f41\" data-element_type=\"widget\" data-widget_type=\"image.default\">\n\t\t\t\t<div class=\"elementor-widget-container\">\n\t\t\t\t\t\t\t\t\t\t\t\t\t\t\t<img loading=\"lazy\" decoding=\"async\" width=\"70\" height=\"70\" src=\"https:\/\/resources.tehnomax.me\/wp-content\/uploads\/2024\/09\/04-PureVoice_Orange-removebg-preview.png\" class=\"attachment-large size-large wp-image-5070\" alt=\"\" \/>\t\t\t\t\t\t\t\t\t\t\t\t\t\t\t<\/div>\n\t\t\t\t<\/div>\n\t\t\t\t<div class=\"elementor-element elementor-element-12fcef1 elementor-widget elementor-widget-heading\" data-id=\"12fcef1\" data-element_type=\"widget\" data-widget_type=\"heading.default\">\n\t\t\t\t<div class=\"elementor-widget-container\">\n\t\t\t\t\t<h2 class=\"elementor-heading-title elementor-size-default\">Tehnologija pobolj\u0161anja dijaloga PureVoice<\/h2>\t\t\t\t<\/div>\n\t\t\t\t<\/div>\n\t\t\t\t<div class=\"elementor-element elementor-element-502bb2f elementor-widget elementor-widget-text-editor\" data-id=\"502bb2f\" data-element_type=\"widget\" data-widget_type=\"text-editor.default\">\n\t\t\t\t<div class=\"elementor-widget-container\">\n\t\t\t\t\t\t\t\t\t<p>Tehnologija PureVoice koristi na\u0161 jedinstveni algoritam za optimizaciju jasno\u0107e glasa, kako biste uvijek \u010duli svaki dio dijaloga, \u010dak i kada su surround efekti na vrhuncu.<\/p>\t\t\t\t\t\t\t\t<\/div>\n\t\t\t\t<\/div>\n\t\t\t\t<\/div>\n\t\t<div class=\"elementor-element elementor-element-6149a6e e-con-full e-flex e-con e-child\" data-id=\"6149a6e\" data-element_type=\"container\">\n\t\t\t\t<div class=\"elementor-element elementor-element-4379a14 elementor-widget elementor-widget-image\" data-id=\"4379a14\" data-element_type=\"widget\" data-widget_type=\"image.default\">\n\t\t\t\t<div class=\"elementor-widget-container\">\n\t\t\t\t\t\t\t\t\t\t\t\t\t\t\t<img loading=\"lazy\" decoding=\"async\" width=\"70\" height=\"70\" src=\"https:\/\/resources.tehnomax.me\/wp-content\/uploads\/2024\/09\/14-HDMI-EARC_Orange.png\" class=\"attachment-large size-large wp-image-5096\" alt=\"\" \/>\t\t\t\t\t\t\t\t\t\t\t\t\t\t\t<\/div>\n\t\t\t\t<\/div>\n\t\t\t\t<div class=\"elementor-element elementor-element-0720337 elementor-widget elementor-widget-heading\" data-id=\"0720337\" data-element_type=\"widget\" data-widget_type=\"heading.default\">\n\t\t\t\t<div class=\"elementor-widget-container\">\n\t\t\t\t\t<h2 class=\"elementor-heading-title elementor-size-default\">Uklju\u010dite napajanje uz ugra\u0111eni powerbank<\/h2>\t\t\t\t<\/div>\n\t\t\t\t<\/div>\n\t\t\t\t<div class=\"elementor-element elementor-element-631a3c9 elementor-widget elementor-widget-text-editor\" data-id=\"631a3c9\" data-element_type=\"widget\" data-widget_type=\"text-editor.default\">\n\t\t\t\t<div class=\"elementor-widget-container\">\n\t\t\t\t\t\t\t\t\t<p>U\u017eivajte u nekompresovanom Dolby Atmos surround zvuku putem jednog HDMI kabla, zahvaljuju\u0107i HDMI eARC konekciji. HDMI ulaz tako\u0111e omogu\u0107ava 4K kvalitet videa sa kompatibilnog video plejera ili gejmerske konzole.<\/p>\t\t\t\t\t\t\t\t<\/div>\n\t\t\t\t<\/div>\n\t\t\t\t<\/div>\n\t\t\t\t\t<\/div>\n\t\t\t\t<\/div>\n\t\t<div class=\"elementor-element elementor-element-1c51a2a e-flex e-con-boxed e-con e-parent\" data-id=\"1c51a2a\" data-element_type=\"container\">\n\t\t\t\t\t<div class=\"e-con-inner\">\n\t\t<div class=\"elementor-element elementor-element-04061f0 e-con-full e-flex e-con e-child\" data-id=\"04061f0\" data-element_type=\"container\">\n\t\t\t\t<div class=\"elementor-element elementor-element-5767749 elementor-widget elementor-widget-image\" data-id=\"5767749\" data-element_type=\"widget\" data-widget_type=\"image.default\">\n\t\t\t\t<div class=\"elementor-widget-container\">\n\t\t\t\t\t\t\t\t\t\t\t\t\t\t\t<img loading=\"lazy\" decoding=\"async\" width=\"70\" height=\"70\" src=\"https:\/\/resources.tehnomax.me\/wp-content\/uploads\/2024\/09\/05-JBLOne_App_Orange-removebg-preview.png\" class=\"attachment-large size-large wp-image-5072\" alt=\"\" \/>\t\t\t\t\t\t\t\t\t\t\t\t\t\t\t<\/div>\n\t\t\t\t<\/div>\n\t\t\t\t<div class=\"elementor-element elementor-element-12ac3c8 elementor-widget elementor-widget-heading\" data-id=\"12ac3c8\" data-element_type=\"widget\" data-widget_type=\"heading.default\">\n\t\t\t\t<div class=\"elementor-widget-container\">\n\t\t\t\t\t<h2 class=\"elementor-heading-title elementor-size-default\">JBL One aplikacija<\/h2>\t\t\t\t<\/div>\n\t\t\t\t<\/div>\n\t\t\t\t<div class=\"elementor-element elementor-element-bffde9f elementor-widget elementor-widget-text-editor\" data-id=\"bffde9f\" data-element_type=\"widget\" data-widget_type=\"text-editor.default\">\n\t\t\t\t<div class=\"elementor-widget-container\">\n\t\t\t\t\t\t\t\t\t<p>Prilagodite EQ i kontroli\u0161ite sve svoje kompatibilne zvu\u010dnike putem jedne prakti\u010dne aplikacije. JBL One aplikacija vam omogu\u0107ava lako pode\u0161avanje soundbara, personalizaciju postavki i pretragu integrisanih muzi\u010dkih servisa kako biste prona\u0161li svoju novu omiljenu pjesmu.<\/p>\t\t\t\t\t\t\t\t<\/div>\n\t\t\t\t<\/div>\n\t\t\t\t<\/div>\n\t\t<div class=\"elementor-element elementor-element-0b38ff4 e-con-full e-flex e-con e-child\" data-id=\"0b38ff4\" data-element_type=\"container\">\n\t\t\t\t<div class=\"elementor-element elementor-element-ecdfdab elementor-widget elementor-widget-image\" data-id=\"ecdfdab\" data-element_type=\"widget\" data-widget_type=\"image.default\">\n\t\t\t\t<div class=\"elementor-widget-container\">\n\t\t\t\t\t\t\t\t\t\t\t\t\t\t\t<img loading=\"lazy\" decoding=\"async\" width=\"70\" height=\"70\" src=\"https:\/\/resources.tehnomax.me\/wp-content\/uploads\/2024\/09\/06-Easy_Sound_Calibration_Orange__1_-removebg-preview.png\" class=\"attachment-large size-large wp-image-5073\" alt=\"\" \/>\t\t\t\t\t\t\t\t\t\t\t\t\t\t\t<\/div>\n\t\t\t\t<\/div>\n\t\t\t\t<div class=\"elementor-element elementor-element-b3c20aa elementor-widget elementor-widget-heading\" data-id=\"b3c20aa\" data-element_type=\"widget\" data-widget_type=\"heading.default\">\n\t\t\t\t<div class=\"elementor-widget-container\">\n\t\t\t\t\t<h2 class=\"elementor-heading-title elementor-size-default\">Jednostavna kalibracija zvuka<\/h2>\t\t\t\t<\/div>\n\t\t\t\t<\/div>\n\t\t\t\t<div class=\"elementor-element elementor-element-1cd1da8 elementor-widget elementor-widget-text-editor\" data-id=\"1cd1da8\" data-element_type=\"widget\" data-widget_type=\"text-editor.default\">\n\t\t\t\t<div class=\"elementor-widget-container\">\n\t\t\t\t\t\t\t\t\t<p>Svaka prostorija je druga\u010dija. Na\u0161a funkcija kalibracije zvuka osigurava da JBL Bar 300 pru\u017ea najbolje 3D surround efekte za bilo koji enterijer i raspored prostorije.<\/p>\t\t\t\t\t\t\t\t<\/div>\n\t\t\t\t<\/div>\n\t\t\t\t<\/div>\n\t\t<div class=\"elementor-element elementor-element-23bead1 e-con-full e-flex e-con e-child\" data-id=\"23bead1\" data-element_type=\"container\">\n\t\t\t\t<div class=\"elementor-element elementor-element-0fc97a6 elementor-widget elementor-widget-image\" data-id=\"0fc97a6\" data-element_type=\"widget\" data-widget_type=\"image.default\">\n\t\t\t\t<div class=\"elementor-widget-container\">\n\t\t\t\t\t\t\t\t\t\t\t\t\t\t\t<img loading=\"lazy\" decoding=\"async\" width=\"70\" height=\"70\" src=\"https:\/\/resources.tehnomax.me\/wp-content\/uploads\/2024\/09\/07-Works_with_voice_assistant-enabled_speakers__Soundbar_Icons___________Orange-removebg-preview-1.png\" class=\"attachment-large size-large wp-image-5132\" alt=\"\" \/>\t\t\t\t\t\t\t\t\t\t\t\t\t\t\t<\/div>\n\t\t\t\t<\/div>\n\t\t\t\t<div class=\"elementor-element elementor-element-56a5c6f elementor-widget elementor-widget-heading\" data-id=\"56a5c6f\" data-element_type=\"widget\" data-widget_type=\"heading.default\">\n\t\t\t\t<div class=\"elementor-widget-container\">\n\t\t\t\t\t<h2 class=\"elementor-heading-title elementor-size-default\">Radi sa zvu\u010dnicima koji podr\u017eavaju glasovne asistente<\/h2>\t\t\t\t<\/div>\n\t\t\t\t<\/div>\n\t\t\t\t<div class=\"elementor-element elementor-element-3620f0d elementor-widget elementor-widget-text-editor\" data-id=\"3620f0d\" data-element_type=\"widget\" data-widget_type=\"text-editor.default\">\n\t\t\t\t<div class=\"elementor-widget-container\">\n\t\t\t\t\t\t\t\t\t<p>Jednostavno pove\u017eite JBL Bar 300 sa ure\u0111ajem koji podr\u017eava glasovne asistente i odmah mo\u017eete zamoliti Alexu, Google Assistant ili Siri da strimuju svu va\u0161u omiljenu muziku na soundbar.<\/p>\t\t\t\t\t\t\t\t<\/div>\n\t\t\t\t<\/div>\n\t\t\t\t<\/div>\n\t\t\t\t\t<\/div>\n\t\t\t\t<\/div>\n\t\t<div class=\"elementor-element elementor-element-e3c833e e-grid e-con-boxed e-con e-parent\" data-id=\"e3c833e\" data-element_type=\"container\">\n\t\t\t\t\t<div class=\"e-con-inner\">\n\t\t\t\t<div class=\"elementor-element elementor-element-e8a28d3 elementor-widget elementor-widget-html\" data-id=\"e8a28d3\" data-element_type=\"widget\" data-widget_type=\"html.default\">\n\t\t\t\t<div class=\"elementor-widget-container\">\n\t\t\t\t\t<script src=https:\/\/ajax.googleapis.com\/ajax\/libs\/jquery\/1.11.0\/jquery.min.js><\/script><script type=\"text\/javascript\" src=https:\/\/www.tehnomax.me\/common\/javascript\/iframe-resizer\/iframeResizer.contentWindow.min.js defer><\/script>\t\t\t\t<\/div>\n\t\t\t\t<\/div>\n\t\t\t\t\t<\/div>\n\t\t\t\t<\/div>\n\t\t\t\t<\/div>\n\t\t","protected":false},"excerpt":{"rendered":"<p>Dolby Atmos\u00ae i MultiBeam\u2122 surround zvuk Uronite u 3D surround zvuk bioskopskog kvaliteta. Slu\u0161ajte izvanredne zvu\u010dne efekte svuda u prostoriji, bez potrebe za dodatnim surround zvu\u010dnicima. Ugra\u0111eni Wi-Fi sa AirPlay, Alexa Multi-Room Music i ugra\u0111enim Chromecast Spremite se za istra\u017eivanje. Pristupite preko 300 onlajn servisa za striming muzike putem AirPlay, Alexa MRM i ugra\u0111enog Chromecast. [&hellip;]<\/p>\n","protected":false},"author":1,"featured_media":0,"parent":0,"menu_order":0,"comment_status":"closed","ping_status":"closed","template":"elementor_canvas","meta":{"footnotes":""},"class_list":["post-5126","page","type-page","status-publish","hentry"],"_links":{"self":[{"href":"https:\/\/resources.tehnomax.me\/index.php?rest_route=\/wp\/v2\/pages\/5126","targetHints":{"allow":["GET"]}}],"collection":[{"href":"https:\/\/resources.tehnomax.me\/index.php?rest_route=\/wp\/v2\/pages"}],"about":[{"href":"https:\/\/resources.tehnomax.me\/index.php?rest_route=\/wp\/v2\/types\/page"}],"author":[{"embeddable":true,"href":"https:\/\/resources.tehnomax.me\/index.php?rest_route=\/wp\/v2\/users\/1"}],"replies":[{"embeddable":true,"href":"https:\/\/resources.tehnomax.me\/index.php?rest_route=%2Fwp%2Fv2%2Fcomments&post=5126"}],"version-history":[{"count":4,"href":"https:\/\/resources.tehnomax.me\/index.php?rest_route=\/wp\/v2\/pages\/5126\/revisions"}],"predecessor-version":[{"id":5135,"href":"https:\/\/resources.tehnomax.me\/index.php?rest_route=\/wp\/v2\/pages\/5126\/revisions\/5135"}],"wp:attachment":[{"href":"https:\/\/resources.tehnomax.me\/index.php?rest_route=%2Fwp%2Fv2%2Fmedia&parent=5126"}],"curies":[{"name":"wp","href":"https:\/\/api.w.org\/{rel}","templated":true}]}}