{"id":5056,"date":"2024-09-23T09:08:22","date_gmt":"2024-09-23T09:08:22","guid":{"rendered":"https:\/\/resources.tehnomax.me\/?page_id=5056"},"modified":"2024-09-23T09:09:23","modified_gmt":"2024-09-23T09:09:23","slug":"jbl-authentics-500","status":"publish","type":"page","link":"https:\/\/resources.tehnomax.me\/?page_id=5056","title":{"rendered":"JBL Authentics 500"},"content":{"rendered":"\t\t<div data-elementor-type=\"wp-page\" data-elementor-id=\"5056\" class=\"elementor elementor-5056\" data-elementor-post-type=\"page\">\n\t\t\t\t<div class=\"elementor-element elementor-element-9563e12 e-con-full e-flex e-con e-parent\" data-id=\"9563e12\" data-element_type=\"container\">\n\t\t<div class=\"elementor-element elementor-element-8ca0bac e-con-full e-flex e-con e-child\" data-id=\"8ca0bac\" data-element_type=\"container\">\n\t\t\t\t<div class=\"elementor-element elementor-element-5bbfa23 elementor-widget elementor-widget-image\" data-id=\"5bbfa23\" data-element_type=\"widget\" data-widget_type=\"image.default\">\n\t\t\t\t<div class=\"elementor-widget-container\">\n\t\t\t\t\t\t\t\t\t\t\t\t\t\t\t<img fetchpriority=\"high\" decoding=\"async\" width=\"1356\" height=\"840\" src=\"https:\/\/resources.tehnomax.me\/wp-content\/uploads\/2024\/09\/JBL_Authentics-500_Lifestyle01_904x560px.png\" class=\"attachment-full size-full wp-image-5058\" alt=\"\" srcset=\"https:\/\/resources.tehnomax.me\/wp-content\/uploads\/2024\/09\/JBL_Authentics-500_Lifestyle01_904x560px.png 1356w, https:\/\/resources.tehnomax.me\/wp-content\/uploads\/2024\/09\/JBL_Authentics-500_Lifestyle01_904x560px-300x186.png 300w, https:\/\/resources.tehnomax.me\/wp-content\/uploads\/2024\/09\/JBL_Authentics-500_Lifestyle01_904x560px-1024x634.png 1024w, https:\/\/resources.tehnomax.me\/wp-content\/uploads\/2024\/09\/JBL_Authentics-500_Lifestyle01_904x560px-768x476.png 768w\" sizes=\"(max-width: 1356px) 100vw, 1356px\" \/>\t\t\t\t\t\t\t\t\t\t\t\t\t\t\t<\/div>\n\t\t\t\t<\/div>\n\t\t\t\t<\/div>\n\t\t<div class=\"elementor-element elementor-element-65ac96f e-con-full e-flex e-con e-child\" data-id=\"65ac96f\" data-element_type=\"container\">\n\t\t\t\t<div class=\"elementor-element elementor-element-cc28640 elementor-widget-divider--view-line elementor-widget elementor-widget-divider\" data-id=\"cc28640\" data-element_type=\"widget\" data-widget_type=\"divider.default\">\n\t\t\t\t<div class=\"elementor-widget-container\">\n\t\t\t\t\t\t\t<div class=\"elementor-divider\">\n\t\t\t<span class=\"elementor-divider-separator\">\n\t\t\t\t\t\t<\/span>\n\t\t<\/div>\n\t\t\t\t\t\t<\/div>\n\t\t\t\t<\/div>\n\t\t\t\t<div class=\"elementor-element elementor-element-2d5f737 elementor-widget elementor-widget-heading\" data-id=\"2d5f737\" data-element_type=\"widget\" data-widget_type=\"heading.default\">\n\t\t\t\t<div class=\"elementor-widget-container\">\n\t\t\t\t\t<h2 class=\"elementor-heading-title elementor-size-default\">Izvrstan zvuk i performanse uz Dolby Atmos\u00ae Music<\/h2>\t\t\t\t<\/div>\n\t\t\t\t<\/div>\n\t\t\t\t<div class=\"elementor-element elementor-element-c90d833 elementor-widget elementor-widget-text-editor\" data-id=\"c90d833\" data-element_type=\"widget\" data-widget_type=\"text-editor.default\">\n\t\t\t\t<div class=\"elementor-widget-container\">\n\t\t\t\t\t\t\t\t\t<p>270 vati zvuka u 3.1 kanalu, uz virtuelni Dolby Atmos\u00ae, stvaraju realisti\u010dnu muzi\u010dku iskustvo koje vas \u010dini da osje\u0107ate kao da slu\u0161ate muziku u\u017eivo. Tri visokotonca od 1 in\u010da i tri woofera srednjeg opsega od 2,75 in\u010da pru\u017eaju toliku jasno\u0107u da svaki detalj va\u0161e omiljene pjesme zvu\u010di kao nov, dok subwoofer od 6,5 in\u010da usmjeren prema dolje i patentirani SlipStream\u2122 bas port garantuju nevjerovatan dubok bas.<\/p>\t\t\t\t\t\t\t\t<\/div>\n\t\t\t\t<\/div>\n\t\t\t\t<\/div>\n\t\t\t\t<\/div>\n\t\t<div class=\"elementor-element elementor-element-3b5a6ca e-con-full e-flex e-con e-parent\" data-id=\"3b5a6ca\" data-element_type=\"container\">\n\t\t<div class=\"elementor-element elementor-element-005a820 e-con-full e-flex e-con e-child\" data-id=\"005a820\" data-element_type=\"container\">\n\t\t\t\t<div class=\"elementor-element elementor-element-99239ad elementor-widget-divider--view-line elementor-widget elementor-widget-divider\" data-id=\"99239ad\" data-element_type=\"widget\" data-widget_type=\"divider.default\">\n\t\t\t\t<div class=\"elementor-widget-container\">\n\t\t\t\t\t\t\t<div class=\"elementor-divider\">\n\t\t\t<span class=\"elementor-divider-separator\">\n\t\t\t\t\t\t<\/span>\n\t\t<\/div>\n\t\t\t\t\t\t<\/div>\n\t\t\t\t<\/div>\n\t\t\t\t<div class=\"elementor-element elementor-element-9492821 elementor-widget elementor-widget-heading\" data-id=\"9492821\" data-element_type=\"widget\" data-widget_type=\"heading.default\">\n\t\t\t\t<div class=\"elementor-widget-container\">\n\t\t\t\t\t<h2 class=\"elementor-heading-title elementor-size-default\">Inspirisan Retro Dizajnom<\/h2>\t\t\t\t<\/div>\n\t\t\t\t<\/div>\n\t\t\t\t<div class=\"elementor-element elementor-element-cc943f8 elementor-widget elementor-widget-text-editor\" data-id=\"cc943f8\" data-element_type=\"widget\" data-widget_type=\"text-editor.default\">\n\t\t\t\t<div class=\"elementor-widget-container\">\n\t\t\t\t\t\t\t\t\t<p>JBL Authentics 500 pru\u017ea ikoni\u010dan stil inspirisan klasi\u010dnim JBL dizajnima, nude\u0107i izgled koji se savr\u0161eno uklapa u svaku prostoriju, lako ispunjavaju\u0107i \u010dak i najve\u0107e prostore superiornim JBL zvukom. Vrhunski aluminijumski okvir, ku\u0107i\u0161te od prilago\u0111enog materijala nalik ko\u017ei i redizajnirana Quadrex maska zaista pokazuju pa\u017enju koju smo posvetili svakom vizuelnom detalju, sve do posebnog JBL uzorka koji okru\u017euje woofer usmjeren prema dolje.<\/p>\t\t\t\t\t\t\t\t<\/div>\n\t\t\t\t<\/div>\n\t\t\t\t<\/div>\n\t\t<div class=\"elementor-element elementor-element-f670d5e e-con-full e-flex e-con e-child\" data-id=\"f670d5e\" data-element_type=\"container\">\n\t\t\t\t<div class=\"elementor-element elementor-element-f3388a7 elementor-widget elementor-widget-image\" data-id=\"f3388a7\" data-element_type=\"widget\" data-widget_type=\"image.default\">\n\t\t\t\t<div class=\"elementor-widget-container\">\n\t\t\t\t\t\t\t\t\t\t\t\t\t\t\t<img decoding=\"async\" width=\"800\" height=\"495\" src=\"https:\/\/resources.tehnomax.me\/wp-content\/uploads\/2024\/09\/JBL_Authentics-500_Lifestyle02_904x560px-1024x634.png\" class=\"attachment-large size-large wp-image-5059\" alt=\"\" srcset=\"https:\/\/resources.tehnomax.me\/wp-content\/uploads\/2024\/09\/JBL_Authentics-500_Lifestyle02_904x560px-1024x634.png 1024w, https:\/\/resources.tehnomax.me\/wp-content\/uploads\/2024\/09\/JBL_Authentics-500_Lifestyle02_904x560px-300x186.png 300w, https:\/\/resources.tehnomax.me\/wp-content\/uploads\/2024\/09\/JBL_Authentics-500_Lifestyle02_904x560px-768x476.png 768w, https:\/\/resources.tehnomax.me\/wp-content\/uploads\/2024\/09\/JBL_Authentics-500_Lifestyle02_904x560px.png 1356w\" sizes=\"(max-width: 800px) 100vw, 800px\" \/>\t\t\t\t\t\t\t\t\t\t\t\t\t\t\t<\/div>\n\t\t\t\t<\/div>\n\t\t\t\t<\/div>\n\t\t\t\t<\/div>\n\t\t<div class=\"elementor-element elementor-element-65c80a1 e-con-full e-flex e-con e-parent\" data-id=\"65c80a1\" data-element_type=\"container\">\n\t\t<div class=\"elementor-element elementor-element-da7d04b e-con-full e-flex e-con e-child\" data-id=\"da7d04b\" data-element_type=\"container\">\n\t\t\t\t<div class=\"elementor-element elementor-element-8c11726 elementor-widget elementor-widget-image\" data-id=\"8c11726\" data-element_type=\"widget\" data-widget_type=\"image.default\">\n\t\t\t\t<div class=\"elementor-widget-container\">\n\t\t\t\t\t\t\t\t\t\t\t\t\t\t\t<img decoding=\"async\" width=\"800\" height=\"495\" src=\"https:\/\/resources.tehnomax.me\/wp-content\/uploads\/2024\/09\/JBL_Authentics-200_Lifestyle03_904x560px-1024x634.png\" class=\"attachment-large size-large wp-image-5035\" alt=\"\" srcset=\"https:\/\/resources.tehnomax.me\/wp-content\/uploads\/2024\/09\/JBL_Authentics-200_Lifestyle03_904x560px-1024x634.png 1024w, https:\/\/resources.tehnomax.me\/wp-content\/uploads\/2024\/09\/JBL_Authentics-200_Lifestyle03_904x560px-300x186.png 300w, https:\/\/resources.tehnomax.me\/wp-content\/uploads\/2024\/09\/JBL_Authentics-200_Lifestyle03_904x560px-768x476.png 768w, https:\/\/resources.tehnomax.me\/wp-content\/uploads\/2024\/09\/JBL_Authentics-200_Lifestyle03_904x560px.png 1356w\" sizes=\"(max-width: 800px) 100vw, 800px\" \/>\t\t\t\t\t\t\t\t\t\t\t\t\t\t\t<\/div>\n\t\t\t\t<\/div>\n\t\t\t\t<\/div>\n\t\t<div class=\"elementor-element elementor-element-f0572b4 e-con-full e-flex e-con e-child\" data-id=\"f0572b4\" data-element_type=\"container\">\n\t\t\t\t<div class=\"elementor-element elementor-element-008d9af elementor-widget-divider--view-line elementor-widget elementor-widget-divider\" data-id=\"008d9af\" data-element_type=\"widget\" data-widget_type=\"divider.default\">\n\t\t\t\t<div class=\"elementor-widget-container\">\n\t\t\t\t\t\t\t<div class=\"elementor-divider\">\n\t\t\t<span class=\"elementor-divider-separator\">\n\t\t\t\t\t\t<\/span>\n\t\t<\/div>\n\t\t\t\t\t\t<\/div>\n\t\t\t\t<\/div>\n\t\t\t\t<div class=\"elementor-element elementor-element-038287e elementor-widget elementor-widget-heading\" data-id=\"038287e\" data-element_type=\"widget\" data-widget_type=\"heading.default\">\n\t\t\t\t<div class=\"elementor-widget-container\">\n\t\t\t\t\t<h2 class=\"elementor-heading-title elementor-size-default\">Streaming muzi\u010dkih servisa putem ugra\u0111enog Wi-Fi-a<\/h2>\t\t\t\t<\/div>\n\t\t\t\t<\/div>\n\t\t\t\t<div class=\"elementor-element elementor-element-c1bd198 elementor-widget elementor-widget-text-editor\" data-id=\"c1bd198\" data-element_type=\"widget\" data-widget_type=\"text-editor.default\">\n\t\t\t\t<div class=\"elementor-widget-container\">\n\t\t\t\t\t\t\t\t\t<p>U\u017eivajte u svemu, od podkasta do internet radija, u zadivljuju\u0107oj visokoj definiciji. Ili strimujte muziku putem AirPlay-a, Alexa Multi-Room Music (MRM), ugra\u0111enog Chromecast-a\u2122 i Spotify Connect-a, a da pritom napustite prostoriju ili primite poziv bez prekidanja muzike. Wi-Fi veza osigurava da va\u0161 zvu\u010dnik automatski prima softverske i funkcionalne nadogradnje.<\/p>\t\t\t\t\t\t\t\t<\/div>\n\t\t\t\t<\/div>\n\t\t\t\t<\/div>\n\t\t\t\t<\/div>\n\t\t<div class=\"elementor-element elementor-element-9f6222e e-flex e-con-boxed e-con e-parent\" data-id=\"9f6222e\" data-element_type=\"container\">\n\t\t\t\t\t<div class=\"e-con-inner\">\n\t\t\t\t<div class=\"elementor-element elementor-element-12aa086 elementor-widget elementor-widget-heading\" data-id=\"12aa086\" data-element_type=\"widget\" data-widget_type=\"heading.default\">\n\t\t\t\t<div class=\"elementor-widget-container\">\n\t\t\t\t\t<h2 class=\"elementor-heading-title elementor-size-default\">KARAKTERISTIKE<\/h2>\t\t\t\t<\/div>\n\t\t\t\t<\/div>\n\t\t\t\t\t<\/div>\n\t\t\t\t<\/div>\n\t\t<div class=\"elementor-element elementor-element-85477eb e-flex e-con-boxed e-con e-parent\" data-id=\"85477eb\" data-element_type=\"container\">\n\t\t\t\t\t<div class=\"e-con-inner\">\n\t\t<div class=\"elementor-element elementor-element-d70c8f1 e-con-full e-flex e-con e-child\" data-id=\"d70c8f1\" data-element_type=\"container\">\n\t\t\t\t<div class=\"elementor-element elementor-element-d78a5dc elementor-widget elementor-widget-image\" data-id=\"d78a5dc\" data-element_type=\"widget\" data-widget_type=\"image.default\">\n\t\t\t\t<div class=\"elementor-widget-container\">\n\t\t\t\t\t\t\t\t\t\t\t\t\t\t\t<img loading=\"lazy\" decoding=\"async\" width=\"70\" height=\"70\" src=\"https:\/\/resources.tehnomax.me\/wp-content\/uploads\/2024\/09\/icon_JBL_Voice_Assistant_Google_Alexa_70x70px-removebg-preview.png\" class=\"attachment-large size-large wp-image-5036\" alt=\"\" \/>\t\t\t\t\t\t\t\t\t\t\t\t\t\t\t<\/div>\n\t\t\t\t<\/div>\n\t\t\t\t<div class=\"elementor-element elementor-element-9617185 elementor-widget elementor-widget-heading\" data-id=\"9617185\" data-element_type=\"widget\" data-widget_type=\"heading.default\">\n\t\t\t\t<div class=\"elementor-widget-container\">\n\t\t\t\t\t<h2 class=\"elementor-heading-title elementor-size-default\">Glasovni asistenti*, istovremeno na jednom ure\u0111aju.<\/h2>\t\t\t\t<\/div>\n\t\t\t\t<\/div>\n\t\t\t\t<div class=\"elementor-element elementor-element-be20128 elementor-widget elementor-widget-text-editor\" data-id=\"be20128\" data-element_type=\"widget\" data-widget_type=\"text-editor.default\">\n\t\t\t\t<div class=\"elementor-widget-container\">\n\t\t\t\t\t\t\t\t\t<p>Google Assistant i Amazon Alexa su dostupni istovremeno* i korisnicima pru\u017eaju maksimalnu slobodu i prakti\u010dnost u kontroli ve\u0107eg broja pametnih ku\u0107nih ure\u0111aja, reprodukciji muzike sa razli\u010ditih striming servisa i omogu\u0107avaju hands-free pomo\u0107 od bilo kog glasovnog asistenta u bilo kojem trenutku.<\/p>\t\t\t\t\t\t\t\t<\/div>\n\t\t\t\t<\/div>\n\t\t\t\t<\/div>\n\t\t<div class=\"elementor-element elementor-element-6149a6e e-con-full e-flex e-con e-child\" data-id=\"6149a6e\" data-element_type=\"container\">\n\t\t\t\t<div class=\"elementor-element elementor-element-4379a14 elementor-widget elementor-widget-image\" data-id=\"4379a14\" data-element_type=\"widget\" data-widget_type=\"image.default\">\n\t\t\t\t<div class=\"elementor-widget-container\">\n\t\t\t\t\t\t\t\t\t\t\t\t\t\t\t<img loading=\"lazy\" decoding=\"async\" width=\"70\" height=\"70\" src=\"https:\/\/resources.tehnomax.me\/wp-content\/uploads\/2024\/09\/WEB_JBL_SB140_Orange_Home_icons_for_marketing_ALL_BLUETOOTH_New__1_-removebg-preview.png\" class=\"attachment-large size-large wp-image-5037\" alt=\"\" \/>\t\t\t\t\t\t\t\t\t\t\t\t\t\t\t<\/div>\n\t\t\t\t<\/div>\n\t\t\t\t<div class=\"elementor-element elementor-element-0720337 elementor-widget elementor-widget-heading\" data-id=\"0720337\" data-element_type=\"widget\" data-widget_type=\"heading.default\">\n\t\t\t\t<div class=\"elementor-widget-container\">\n\t\t\t\t\t<h2 class=\"elementor-heading-title elementor-size-default\">Besprekorno Bluetooth povezivanje<\/h2>\t\t\t\t<\/div>\n\t\t\t\t<\/div>\n\t\t\t\t<div class=\"elementor-element elementor-element-631a3c9 elementor-widget elementor-widget-text-editor\" data-id=\"631a3c9\" data-element_type=\"widget\" data-widget_type=\"text-editor.default\">\n\t\t\t\t<div class=\"elementor-widget-container\">\n\t\t\t\t\t\t\t\t\t<p>Besprekorno dijelite plejliste povezivanjem JBL Authentics 500 sa bilo kojim Bluetooth ure\u0111ajem.<\/p>\t\t\t\t\t\t\t\t<\/div>\n\t\t\t\t<\/div>\n\t\t\t\t<\/div>\n\t\t<div class=\"elementor-element elementor-element-1c343c8 e-con-full e-flex e-con e-child\" data-id=\"1c343c8\" data-element_type=\"container\">\n\t\t\t\t<div class=\"elementor-element elementor-element-e141c56 elementor-widget elementor-widget-image\" data-id=\"e141c56\" data-element_type=\"widget\" data-widget_type=\"image.default\">\n\t\t\t\t<div class=\"elementor-widget-container\">\n\t\t\t\t\t\t\t\t\t\t\t\t\t\t\t<img loading=\"lazy\" decoding=\"async\" width=\"70\" height=\"70\" src=\"https:\/\/resources.tehnomax.me\/wp-content\/uploads\/2024\/09\/Icon_JBL_One_App__1_-removebg-preview.png\" class=\"attachment-large size-large wp-image-5038\" alt=\"\" \/>\t\t\t\t\t\t\t\t\t\t\t\t\t\t\t<\/div>\n\t\t\t\t<\/div>\n\t\t\t\t<div class=\"elementor-element elementor-element-ace074a elementor-widget elementor-widget-heading\" data-id=\"ace074a\" data-element_type=\"widget\" data-widget_type=\"heading.default\">\n\t\t\t\t<div class=\"elementor-widget-container\">\n\t\t\t\t\t<h2 class=\"elementor-heading-title elementor-size-default\">Intuitivna kontrola i JBL One aplikacija<\/h2>\t\t\t\t<\/div>\n\t\t\t\t<\/div>\n\t\t\t\t<div class=\"elementor-element elementor-element-842e159 elementor-widget elementor-widget-text-editor\" data-id=\"842e159\" data-element_type=\"widget\" data-widget_type=\"text-editor.default\">\n\t\t\t\t<div class=\"elementor-widget-container\">\n\t\t\t\t\t\t\t\t\t<p>Personalizujte svoj zvuk pomo\u0107u intuitivnih kontrola na zvu\u010dniku koje pode\u0161avaju ja\u010dinu, bas i visoke tonove. Koristite Alexa ili Google Assistant da upravljate svojim ure\u0111ajem glasom. Ili iskoristite JBL One aplikaciju za jo\u0161 vi\u0161e opcija za prilago\u0111avanje EQ-a, pode\u0161avanja i pronala\u017eenje omiljenih pjesama uz pomo\u0107 integrisanih muzi\u010dkih servisa.<\/p>\t\t\t\t\t\t\t\t<\/div>\n\t\t\t\t<\/div>\n\t\t\t\t<\/div>\n\t\t\t\t\t<\/div>\n\t\t\t\t<\/div>\n\t\t<div class=\"elementor-element elementor-element-0fca61a e-flex e-con-boxed e-con e-parent\" data-id=\"0fca61a\" data-element_type=\"container\">\n\t\t\t\t\t<div class=\"e-con-inner\">\n\t\t<div class=\"elementor-element elementor-element-b032cb7 e-con-full e-flex e-con e-child\" data-id=\"b032cb7\" data-element_type=\"container\">\n\t\t\t\t<div class=\"elementor-element elementor-element-7e187b8 elementor-widget elementor-widget-image\" data-id=\"7e187b8\" data-element_type=\"widget\" data-widget_type=\"image.default\">\n\t\t\t\t<div class=\"elementor-widget-container\">\n\t\t\t\t\t\t\t\t\t\t\t\t\t\t\t<img loading=\"lazy\" decoding=\"async\" width=\"70\" height=\"70\" src=\"https:\/\/resources.tehnomax.me\/wp-content\/uploads\/2024\/09\/Icon_JBL_Multi-room_Playback-removebg-preview.png\" class=\"attachment-large size-large wp-image-5039\" alt=\"\" \/>\t\t\t\t\t\t\t\t\t\t\t\t\t\t\t<\/div>\n\t\t\t\t<\/div>\n\t\t\t\t<div class=\"elementor-element elementor-element-66f7ee4 elementor-widget elementor-widget-heading\" data-id=\"66f7ee4\" data-element_type=\"widget\" data-widget_type=\"heading.default\">\n\t\t\t\t<div class=\"elementor-widget-container\">\n\t\t\t\t\t<h2 class=\"elementor-heading-title elementor-size-default\">Reprodukcija u vi\u0161e prostorija<\/h2>\t\t\t\t<\/div>\n\t\t\t\t<\/div>\n\t\t\t\t<div class=\"elementor-element elementor-element-c219451 elementor-widget elementor-widget-text-editor\" data-id=\"c219451\" data-element_type=\"widget\" data-widget_type=\"text-editor.default\">\n\t\t\t\t<div class=\"elementor-widget-container\">\n\t\t\t\t\t\t\t\t\t<p>Postavite vi\u0161e JBL Authentics zvu\u010dnika \u0161irom svog doma za sljede\u0107a okupljanja. Koriste\u0107i Google Home aplikaciju ili Amazon Alexa aplikaciju, mo\u017eete stvoriti atmosferu u svakoj prostoriji povezivanjem dva ili vi\u0161e zvu\u010dnika na istu plejlistu i omogu\u0107iti svima da u\u017eivaju u istom ritmu.<\/p>\t\t\t\t\t\t\t\t<\/div>\n\t\t\t\t<\/div>\n\t\t\t\t<\/div>\n\t\t<div class=\"elementor-element elementor-element-f8ec34b e-con-full e-flex e-con e-child\" data-id=\"f8ec34b\" data-element_type=\"container\">\n\t\t\t\t<div class=\"elementor-element elementor-element-b589f91 elementor-widget elementor-widget-image\" data-id=\"b589f91\" data-element_type=\"widget\" data-widget_type=\"image.default\">\n\t\t\t\t<div class=\"elementor-widget-container\">\n\t\t\t\t\t\t\t\t\t\t\t\t\t\t\t<img loading=\"lazy\" decoding=\"async\" width=\"70\" height=\"70\" src=\"https:\/\/resources.tehnomax.me\/wp-content\/uploads\/2024\/09\/Icon_JBL_Automatic_Self_Tuning-removebg-preview.png\" class=\"attachment-large size-large wp-image-5040\" alt=\"\" \/>\t\t\t\t\t\t\t\t\t\t\t\t\t\t\t<\/div>\n\t\t\t\t<\/div>\n\t\t\t\t<div class=\"elementor-element elementor-element-4465021 elementor-widget elementor-widget-heading\" data-id=\"4465021\" data-element_type=\"widget\" data-widget_type=\"heading.default\">\n\t\t\t\t<div class=\"elementor-widget-container\">\n\t\t\t\t\t<h2 class=\"elementor-heading-title elementor-size-default\">Automatsko pode\u0161avanje<\/h2>\t\t\t\t<\/div>\n\t\t\t\t<\/div>\n\t\t\t\t<div class=\"elementor-element elementor-element-3bbb259 elementor-widget elementor-widget-text-editor\" data-id=\"3bbb259\" data-element_type=\"widget\" data-widget_type=\"text-editor.default\">\n\t\t\t\t<div class=\"elementor-widget-container\">\n\t\t\t\t\t\t\t\t\t<p>U\u017eivajte u odli\u010dnom zvuku gde god \u017eelite. Zvu\u010dnik automatski kalibri\u0161e i optimizuje audio performanse za svaku lokaciju svaki put kada ga uklju\u010dite.<\/p>\t\t\t\t\t\t\t\t<\/div>\n\t\t\t\t<\/div>\n\t\t\t\t<\/div>\n\t\t<div class=\"elementor-element elementor-element-568caa5 e-con-full e-flex e-con e-child\" data-id=\"568caa5\" data-element_type=\"container\">\n\t\t\t\t<div class=\"elementor-element elementor-element-47e0ea5 elementor-widget elementor-widget-image\" data-id=\"47e0ea5\" data-element_type=\"widget\" data-widget_type=\"image.default\">\n\t\t\t\t<div class=\"elementor-widget-container\">\n\t\t\t\t\t\t\t\t\t\t\t\t\t\t\t<img loading=\"lazy\" decoding=\"async\" width=\"70\" height=\"70\" src=\"https:\/\/resources.tehnomax.me\/wp-content\/uploads\/2024\/09\/check_mark-removebg-preview.png\" class=\"attachment-large size-large wp-image-5041\" alt=\"\" \/>\t\t\t\t\t\t\t\t\t\t\t\t\t\t\t<\/div>\n\t\t\t\t<\/div>\n\t\t\t\t<div class=\"elementor-element elementor-element-6ab15cf elementor-widget elementor-widget-heading\" data-id=\"6ab15cf\" data-element_type=\"widget\" data-widget_type=\"heading.default\">\n\t\t\t\t<div class=\"elementor-widget-container\">\n\t\t\t\t\t<h2 class=\"elementor-heading-title elementor-size-default\">Djelimi\u010dno izra\u0111eno od recikliranih materijala<\/h2>\t\t\t\t<\/div>\n\t\t\t\t<\/div>\n\t\t\t\t<div class=\"elementor-element elementor-element-425f08d elementor-widget elementor-widget-text-editor\" data-id=\"425f08d\" data-element_type=\"widget\" data-widget_type=\"text-editor.default\">\n\t\t\t\t<div class=\"elementor-widget-container\">\n\t\t\t\t\t\t\t\t\t<p>Zvu\u010dnik Authentics 500 je izra\u0111en od 100% reciklirane tkanine, 85% recikliranih plastika i 50% aluminijuma, a dolazi u FSC-certifikovanoj kartonskoj kutiji \u0161tampanoj sojinim tintama.<\/p>\t\t\t\t\t\t\t\t<\/div>\n\t\t\t\t<\/div>\n\t\t\t\t<\/div>\n\t\t\t\t\t<\/div>\n\t\t\t\t<\/div>\n\t\t<div class=\"elementor-element elementor-element-e3c833e e-grid e-con-boxed e-con e-parent\" data-id=\"e3c833e\" data-element_type=\"container\">\n\t\t\t\t\t<div class=\"e-con-inner\">\n\t\t\t\t<div class=\"elementor-element elementor-element-e8a28d3 elementor-widget elementor-widget-html\" data-id=\"e8a28d3\" data-element_type=\"widget\" data-widget_type=\"html.default\">\n\t\t\t\t<div class=\"elementor-widget-container\">\n\t\t\t\t\t<script src=https:\/\/ajax.googleapis.com\/ajax\/libs\/jquery\/1.11.0\/jquery.min.js><\/script><script type=\"text\/javascript\" src=https:\/\/www.tehnomax.me\/common\/javascript\/iframe-resizer\/iframeResizer.contentWindow.min.js defer><\/script>\t\t\t\t<\/div>\n\t\t\t\t<\/div>\n\t\t\t\t\t<\/div>\n\t\t\t\t<\/div>\n\t\t\t\t<\/div>\n\t\t","protected":false},"excerpt":{"rendered":"<p>Izvrstan zvuk i performanse uz Dolby Atmos\u00ae Music 270 vati zvuka u 3.1 kanalu, uz virtuelni Dolby Atmos\u00ae, stvaraju realisti\u010dnu muzi\u010dku iskustvo koje vas \u010dini da osje\u0107ate kao da slu\u0161ate muziku u\u017eivo. Tri visokotonca od 1 in\u010da i tri woofera srednjeg opsega od 2,75 in\u010da pru\u017eaju toliku jasno\u0107u da svaki detalj va\u0161e omiljene pjesme zvu\u010di [&hellip;]<\/p>\n","protected":false},"author":1,"featured_media":0,"parent":0,"menu_order":0,"comment_status":"closed","ping_status":"closed","template":"elementor_canvas","meta":{"footnotes":""},"class_list":["post-5056","page","type-page","status-publish","hentry"],"_links":{"self":[{"href":"https:\/\/resources.tehnomax.me\/index.php?rest_route=\/wp\/v2\/pages\/5056","targetHints":{"allow":["GET"]}}],"collection":[{"href":"https:\/\/resources.tehnomax.me\/index.php?rest_route=\/wp\/v2\/pages"}],"about":[{"href":"https:\/\/resources.tehnomax.me\/index.php?rest_route=\/wp\/v2\/types\/page"}],"author":[{"embeddable":true,"href":"https:\/\/resources.tehnomax.me\/index.php?rest_route=\/wp\/v2\/users\/1"}],"replies":[{"embeddable":true,"href":"https:\/\/resources.tehnomax.me\/index.php?rest_route=%2Fwp%2Fv2%2Fcomments&post=5056"}],"version-history":[{"count":4,"href":"https:\/\/resources.tehnomax.me\/index.php?rest_route=\/wp\/v2\/pages\/5056\/revisions"}],"predecessor-version":[{"id":5062,"href":"https:\/\/resources.tehnomax.me\/index.php?rest_route=\/wp\/v2\/pages\/5056\/revisions\/5062"}],"wp:attachment":[{"href":"https:\/\/resources.tehnomax.me\/index.php?rest_route=%2Fwp%2Fv2%2Fmedia&parent=5056"}],"curies":[{"name":"wp","href":"https:\/\/api.w.org\/{rel}","templated":true}]}}