{"id":4707,"date":"2024-09-05T12:01:57","date_gmt":"2024-09-05T12:01:57","guid":{"rendered":"https:\/\/resources.tehnomax.me\/?page_id=4707"},"modified":"2024-09-05T13:08:06","modified_gmt":"2024-09-05T13:08:06","slug":"we-hear-pro-black","status":"publish","type":"page","link":"https:\/\/resources.tehnomax.me\/?page_id=4707","title":{"rendered":"We. HEAR Pro Black"},"content":{"rendered":"\t\t<div data-elementor-type=\"wp-page\" data-elementor-id=\"4707\" class=\"elementor elementor-4707\" data-elementor-post-type=\"page\">\n\t\t\t\t<div class=\"elementor-element elementor-element-6ed2b0d e-con-full e-flex e-con e-parent\" data-id=\"6ed2b0d\" data-element_type=\"container\">\n\t\t\t\t<div class=\"elementor-element elementor-element-8e30536 elementor-widget elementor-widget-heading\" data-id=\"8e30536\" data-element_type=\"widget\" data-widget_type=\"heading.default\">\n\t\t\t\t<div class=\"elementor-widget-container\">\n\t\t\t\t\t<h2 class=\"elementor-heading-title elementor-size-default\">WE. HEAR PRO<\/h2>\t\t\t\t<\/div>\n\t\t\t\t<\/div>\n\t\t\t\t<div class=\"elementor-element elementor-element-da91dcd elementor-widget elementor-widget-image\" data-id=\"da91dcd\" data-element_type=\"widget\" data-widget_type=\"image.default\">\n\t\t\t\t<div class=\"elementor-widget-container\">\n\t\t\t\t\t\t\t\t\t\t\t\t\t\t\t<img fetchpriority=\"high\" decoding=\"async\" width=\"1920\" height=\"800\" src=\"https:\/\/resources.tehnomax.me\/wp-content\/uploads\/2024\/09\/We-ezgif.com-webp-to-png-converter.png\" class=\"attachment-full size-full wp-image-4709\" alt=\"\" srcset=\"https:\/\/resources.tehnomax.me\/wp-content\/uploads\/2024\/09\/We-ezgif.com-webp-to-png-converter.png 1920w, https:\/\/resources.tehnomax.me\/wp-content\/uploads\/2024\/09\/We-ezgif.com-webp-to-png-converter-300x125.png 300w, https:\/\/resources.tehnomax.me\/wp-content\/uploads\/2024\/09\/We-ezgif.com-webp-to-png-converter-1024x427.png 1024w, https:\/\/resources.tehnomax.me\/wp-content\/uploads\/2024\/09\/We-ezgif.com-webp-to-png-converter-768x320.png 768w, https:\/\/resources.tehnomax.me\/wp-content\/uploads\/2024\/09\/We-ezgif.com-webp-to-png-converter-1536x640.png 1536w\" sizes=\"(max-width: 1920px) 100vw, 1920px\" \/>\t\t\t\t\t\t\t\t\t\t\t\t\t\t\t<\/div>\n\t\t\t\t<\/div>\n\t\t\t\t<\/div>\n\t\t<div class=\"elementor-element elementor-element-080fe33 e-con-full e-flex e-con e-parent\" data-id=\"080fe33\" data-element_type=\"container\" data-settings=\"{&quot;background_background&quot;:&quot;classic&quot;}\">\n\t\t\t\t<div class=\"elementor-element elementor-element-bc8c6a4 elementor-widget elementor-widget-heading\" data-id=\"bc8c6a4\" data-element_type=\"widget\" data-widget_type=\"heading.default\">\n\t\t\t\t<div class=\"elementor-widget-container\">\n\t\t\t\t\t<h2 class=\"elementor-heading-title elementor-size-default\">Dobrodo\u0161li u novu eru zvuka.<\/h2>\t\t\t\t<\/div>\n\t\t\t\t<\/div>\n\t\t\t\t<div class=\"elementor-element elementor-element-f580884 elementor-widget elementor-widget-text-editor\" data-id=\"f580884\" data-element_type=\"widget\" data-widget_type=\"text-editor.default\">\n\t\t\t\t<div class=\"elementor-widget-container\">\n\t\t\t\t\t\t\t\t\t<p>WE. HEAR pro &#8211; ure\u0111aj kojim \u0107ete osjetiti svaki trenutak i svaki zvu\u010dni zapis sa intenzitetom koji samo Loewe i Kylian Mbapp\u00e9 mogu isporu\u010diti. Zamislite da zaronite u svoje liste pjesama i osje\u0107ate svaki ritam i svaku notu kao da ste na koncertu u\u017eivo. Sa 100 vati \u010diste audio snage i trajanjem baterije do 24 sata, uvijek \u0107ete imati savr\u0161enog pratioca za va\u0161e li\u010dne muzi\u010dke trenutke.<\/p>\t\t\t\t\t\t\t\t<\/div>\n\t\t\t\t<\/div>\n\t\t<div class=\"elementor-element elementor-element-8d9affd e-grid e-con-boxed e-con e-child\" data-id=\"8d9affd\" data-element_type=\"container\">\n\t\t\t\t\t<div class=\"e-con-inner\">\n\t\t\t\t<div class=\"elementor-element elementor-element-b5ce5ab elementor-widget elementor-widget-image\" data-id=\"b5ce5ab\" data-element_type=\"widget\" data-widget_type=\"image.default\">\n\t\t\t\t<div class=\"elementor-widget-container\">\n\t\t\t\t\t\t\t\t\t\t\t\t\t\t\t<img decoding=\"async\" width=\"800\" height=\"800\" src=\"https:\/\/resources.tehnomax.me\/wp-content\/uploads\/2024\/09\/3-KM.png\" class=\"attachment-large size-large wp-image-4710\" alt=\"\" srcset=\"https:\/\/resources.tehnomax.me\/wp-content\/uploads\/2024\/09\/3-KM.png 874w, https:\/\/resources.tehnomax.me\/wp-content\/uploads\/2024\/09\/3-KM-300x300.png 300w, https:\/\/resources.tehnomax.me\/wp-content\/uploads\/2024\/09\/3-KM-150x150.png 150w, https:\/\/resources.tehnomax.me\/wp-content\/uploads\/2024\/09\/3-KM-768x768.png 768w\" sizes=\"(max-width: 800px) 100vw, 800px\" \/>\t\t\t\t\t\t\t\t\t\t\t\t\t\t\t<\/div>\n\t\t\t\t<\/div>\n\t\t\t\t<div class=\"elementor-element elementor-element-e27a45d elementor-widget elementor-widget-image\" data-id=\"e27a45d\" data-element_type=\"widget\" data-widget_type=\"image.default\">\n\t\t\t\t<div class=\"elementor-widget-container\">\n\t\t\t\t\t\t\t\t\t\t\t\t\t\t\t<img decoding=\"async\" width=\"800\" height=\"800\" src=\"https:\/\/resources.tehnomax.me\/wp-content\/uploads\/2024\/09\/1-1KM.png\" class=\"attachment-large size-large wp-image-4711\" alt=\"\" srcset=\"https:\/\/resources.tehnomax.me\/wp-content\/uploads\/2024\/09\/1-1KM.png 874w, https:\/\/resources.tehnomax.me\/wp-content\/uploads\/2024\/09\/1-1KM-300x300.png 300w, https:\/\/resources.tehnomax.me\/wp-content\/uploads\/2024\/09\/1-1KM-150x150.png 150w, https:\/\/resources.tehnomax.me\/wp-content\/uploads\/2024\/09\/1-1KM-768x768.png 768w\" sizes=\"(max-width: 800px) 100vw, 800px\" \/>\t\t\t\t\t\t\t\t\t\t\t\t\t\t\t<\/div>\n\t\t\t\t<\/div>\n\t\t\t\t<div class=\"elementor-element elementor-element-f177064 elementor-widget elementor-widget-image\" data-id=\"f177064\" data-element_type=\"widget\" data-widget_type=\"image.default\">\n\t\t\t\t<div class=\"elementor-widget-container\">\n\t\t\t\t\t\t\t\t\t\t\t\t\t\t\t<img loading=\"lazy\" decoding=\"async\" width=\"800\" height=\"800\" src=\"https:\/\/resources.tehnomax.me\/wp-content\/uploads\/2024\/09\/km222.png\" class=\"attachment-large size-large wp-image-4712\" alt=\"\" srcset=\"https:\/\/resources.tehnomax.me\/wp-content\/uploads\/2024\/09\/km222.png 874w, https:\/\/resources.tehnomax.me\/wp-content\/uploads\/2024\/09\/km222-300x300.png 300w, https:\/\/resources.tehnomax.me\/wp-content\/uploads\/2024\/09\/km222-150x150.png 150w, https:\/\/resources.tehnomax.me\/wp-content\/uploads\/2024\/09\/km222-768x768.png 768w\" sizes=\"(max-width: 800px) 100vw, 800px\" \/>\t\t\t\t\t\t\t\t\t\t\t\t\t\t\t<\/div>\n\t\t\t\t<\/div>\n\t\t\t\t\t<\/div>\n\t\t\t\t<\/div>\n\t\t\t\t<\/div>\n\t\t<div class=\"elementor-element elementor-element-74d6ccb e-con-full e-flex e-con e-parent\" data-id=\"74d6ccb\" data-element_type=\"container\">\n\t\t<div class=\"elementor-element elementor-element-df09c66 e-con-full e-flex e-con e-child\" data-id=\"df09c66\" data-element_type=\"container\">\n\t\t\t\t<div class=\"elementor-element elementor-element-dd729ae elementor-widget elementor-widget-image\" data-id=\"dd729ae\" data-element_type=\"widget\" data-widget_type=\"image.default\">\n\t\t\t\t<div class=\"elementor-widget-container\">\n\t\t\t\t\t\t\t\t\t\t\t\t\t\t\t<img loading=\"lazy\" decoding=\"async\" width=\"874\" height=\"874\" src=\"https:\/\/resources.tehnomax.me\/wp-content\/uploads\/2024\/09\/48946454.png\" class=\"attachment-full size-full wp-image-4720\" alt=\"\" srcset=\"https:\/\/resources.tehnomax.me\/wp-content\/uploads\/2024\/09\/48946454.png 874w, https:\/\/resources.tehnomax.me\/wp-content\/uploads\/2024\/09\/48946454-300x300.png 300w, https:\/\/resources.tehnomax.me\/wp-content\/uploads\/2024\/09\/48946454-150x150.png 150w, https:\/\/resources.tehnomax.me\/wp-content\/uploads\/2024\/09\/48946454-768x768.png 768w\" sizes=\"(max-width: 874px) 100vw, 874px\" \/>\t\t\t\t\t\t\t\t\t\t\t\t\t\t\t<\/div>\n\t\t\t\t<\/div>\n\t\t\t\t<\/div>\n\t\t<div class=\"elementor-element elementor-element-639364c e-con-full e-flex e-con e-child\" data-id=\"639364c\" data-element_type=\"container\">\n\t\t\t\t<div class=\"elementor-element elementor-element-d29b571 elementor-widget elementor-widget-text-editor\" data-id=\"d29b571\" data-element_type=\"widget\" data-widget_type=\"text-editor.default\">\n\t\t\t\t<div class=\"elementor-widget-container\">\n\t\t\t\t\t\t\t\t\t<p>Bluetooth verzija<\/p>\t\t\t\t\t\t\t\t<\/div>\n\t\t\t\t<\/div>\n\t\t\t\t<div class=\"elementor-element elementor-element-16cb862 elementor-widget elementor-widget-heading\" data-id=\"16cb862\" data-element_type=\"widget\" data-widget_type=\"heading.default\">\n\t\t\t\t<div class=\"elementor-widget-container\">\n\t\t\t\t\t<h2 class=\"elementor-heading-title elementor-size-default\">V5.3<\/h2>\t\t\t\t<\/div>\n\t\t\t\t<\/div>\n\t\t\t\t<div class=\"elementor-element elementor-element-38bfacd elementor-widget elementor-widget-text-editor\" data-id=\"38bfacd\" data-element_type=\"widget\" data-widget_type=\"text-editor.default\">\n\t\t\t\t<div class=\"elementor-widget-container\">\n\t\t\t\t\t\t\t\t\t<p>Snaga<\/p>\t\t\t\t\t\t\t\t<\/div>\n\t\t\t\t<\/div>\n\t\t\t\t<div class=\"elementor-element elementor-element-71fdca9 elementor-widget elementor-widget-heading\" data-id=\"71fdca9\" data-element_type=\"widget\" data-widget_type=\"heading.default\">\n\t\t\t\t<div class=\"elementor-widget-container\">\n\t\t\t\t\t<h2 class=\"elementor-heading-title elementor-size-default\">100W<\/h2>\t\t\t\t<\/div>\n\t\t\t\t<\/div>\n\t\t\t\t<div class=\"elementor-element elementor-element-4752637 elementor-widget elementor-widget-text-editor\" data-id=\"4752637\" data-element_type=\"widget\" data-widget_type=\"text-editor.default\">\n\t\t\t\t<div class=\"elementor-widget-container\">\n\t\t\t\t\t\t\t\t\t<p>Max. frekvencija (Hz)<\/p>\t\t\t\t\t\t\t\t<\/div>\n\t\t\t\t<\/div>\n\t\t\t\t<div class=\"elementor-element elementor-element-2b14188 elementor-widget elementor-widget-heading\" data-id=\"2b14188\" data-element_type=\"widget\" data-widget_type=\"heading.default\">\n\t\t\t\t<div class=\"elementor-widget-container\">\n\t\t\t\t\t<h2 class=\"elementor-heading-title elementor-size-default\">20000<\/h2>\t\t\t\t<\/div>\n\t\t\t\t<\/div>\n\t\t\t\t<div class=\"elementor-element elementor-element-1b5ea94 elementor-widget elementor-widget-text-editor\" data-id=\"1b5ea94\" data-element_type=\"widget\" data-widget_type=\"text-editor.default\">\n\t\t\t\t<div class=\"elementor-widget-container\">\n\t\t\t\t\t\t\t\t\t<p>Min. frekvencija (Hz)<\/p>\t\t\t\t\t\t\t\t<\/div>\n\t\t\t\t<\/div>\n\t\t\t\t<div class=\"elementor-element elementor-element-c4991f1 elementor-widget elementor-widget-heading\" data-id=\"c4991f1\" data-element_type=\"widget\" data-widget_type=\"heading.default\">\n\t\t\t\t<div class=\"elementor-widget-container\">\n\t\t\t\t\t<h2 class=\"elementor-heading-title elementor-size-default\">50<\/h2>\t\t\t\t<\/div>\n\t\t\t\t<\/div>\n\t\t\t\t<\/div>\n\t\t\t\t<\/div>\n\t\t<div class=\"elementor-element elementor-element-f63993d e-con-full e-flex e-con e-parent\" data-id=\"f63993d\" data-element_type=\"container\" data-settings=\"{&quot;background_background&quot;:&quot;classic&quot;}\">\n\t\t\t\t<div class=\"elementor-element elementor-element-389c3aa elementor-widget elementor-widget-heading\" data-id=\"389c3aa\" data-element_type=\"widget\" data-widget_type=\"heading.default\">\n\t\t\t\t<div class=\"elementor-widget-container\">\n\t\t\t\t\t<h2 class=\"elementor-heading-title elementor-size-default\">UJEDINI SE SA NAJBOLJIMA<br>\nKylian Mbapp\u00e9 x Loewe<\/h2>\t\t\t\t<\/div>\n\t\t\t\t<\/div>\n\t\t\t\t<div class=\"elementor-element elementor-element-f2e52a1 elementor-widget elementor-widget-text-editor\" data-id=\"f2e52a1\" data-element_type=\"widget\" data-widget_type=\"text-editor.default\">\n\t\t\t\t<div class=\"elementor-widget-container\">\n\t\t\t\t\t\t\t\t\t<p>Loewe kre\u0107e na uzbudljivo putovanje sa fudbalerom svjetske klase Kylian Mbapp\u00e9-om. Po prvi put u na\u0161oj 100-godi\u0161njoj istoriji, poja\u010davamo na\u0161u igru \u200b\u200bs ambasadorom koji oli\u010dava izvrsnost, ba\u0161 kao i na\u0161 brend. Kao Loewe-ov brend ambasador, Kylian Mbapp\u00e9 simbolizuje fuziju sportske izvrsnosti i vrhunske tehnologije. Zajedno pokre\u0107emo novu inovativnu liniju proizvoda We. HEAR pro &#8211; savr\u0161en muzi\u010dki pratilac za va\u0161 svakodnevni \u017eivot, bilo da se bavite sportom, slu\u0161ate podcaste ili u\u017eivate u muzici. Budite inspirisani i dru\u017eite se s Loewe-om i Kylian-om.<\/p>\t\t\t\t\t\t\t\t<\/div>\n\t\t\t\t<\/div>\n\t\t\t\t<\/div>\n\t\t<div class=\"elementor-element elementor-element-496b344 e-grid e-con-boxed e-con e-parent\" data-id=\"496b344\" data-element_type=\"container\">\n\t\t\t\t\t<div class=\"e-con-inner\">\n\t\t\t\t<div class=\"elementor-element elementor-element-1d21509 elementor-cta--skin-classic elementor-animated-content elementor-bg-transform elementor-bg-transform-zoom-in elementor-widget elementor-widget-call-to-action\" data-id=\"1d21509\" data-element_type=\"widget\" data-widget_type=\"call-to-action.default\">\n\t\t\t\t<div class=\"elementor-widget-container\">\n\t\t\t\t\t\t\t<div class=\"elementor-cta\">\n\t\t\t\t\t<div class=\"elementor-cta__bg-wrapper\">\n\t\t\t\t<div class=\"elementor-cta__bg elementor-bg\" style=\"background-image: url(https:\/\/resources.tehnomax.me\/wp-content\/uploads\/2024\/09\/Sound.png);\" role=\"img\" aria-label=\"Sound\"><\/div>\n\t\t\t\t<div class=\"elementor-cta__bg-overlay\"><\/div>\n\t\t\t<\/div>\n\t\t\t\t\t\t\t<div class=\"elementor-cta__content\">\n\t\t\t\t\n\t\t\t\t\t\t\t\t\t<h2 class=\"elementor-cta__title elementor-cta__content-item elementor-content-item\">\n\t\t\t\t\t\tAkusti\u010dko savr\u0161enstvo: Zvuk bez granica\t\t\t\t\t<\/h2>\n\t\t\t\t\n\t\t\t\t\t\t\t\t\t<div class=\"elementor-cta__description elementor-cta__content-item elementor-content-item\">\n\t\t\t\t\t\tDo\u017eivite harmoniju savr\u0161eno izbalansiranog zvuka sa We. HEAR pro. Njegov robustan stereo zvuk, koji obuhvata frekventni opseg od 50 Hz do 20.000 Hz na nivou zvu\u010dnog pritiska od 88 dB, pru\u017ea duboko impresivno iskustvo slu\u0161anja. Dizajn zvu\u010dnika, koji sadr\u017ei niz drajvera i pasivnih bas radijatora, uz poja\u010dalo klase D, osigurava zvuk koji je i mo\u0107an i netaknut. Optimizovan za horizontalno postavljanje, We. HEAR pro omogu\u0107ava direktnu kontrolu basa i visokih tonova, osiguravaju\u0107i najfinije performanse zvuka u bilo kojoj postavci.\t\t\t\t\t<\/div>\n\t\t\t\t\n\t\t\t\t\t\t\t<\/div>\n\t\t\t\t\t\t<\/div>\n\t\t\t\t\t\t<\/div>\n\t\t\t\t<\/div>\n\t\t\t\t<div class=\"elementor-element elementor-element-dd8c4b4 elementor-cta--skin-classic elementor-animated-content elementor-bg-transform elementor-bg-transform-zoom-in elementor-widget elementor-widget-call-to-action\" data-id=\"dd8c4b4\" data-element_type=\"widget\" data-widget_type=\"call-to-action.default\">\n\t\t\t\t<div class=\"elementor-widget-container\">\n\t\t\t\t\t\t\t<div class=\"elementor-cta\">\n\t\t\t\t\t<div class=\"elementor-cta__bg-wrapper\">\n\t\t\t\t<div class=\"elementor-cta__bg elementor-bg\" style=\"background-image: url(https:\/\/resources.tehnomax.me\/wp-content\/uploads\/2024\/09\/Outdoor2-corrected-copy_1.jpg);\" role=\"img\" aria-label=\"Outdoor2 corrected copy_1\"><\/div>\n\t\t\t\t<div class=\"elementor-cta__bg-overlay\"><\/div>\n\t\t\t<\/div>\n\t\t\t\t\t\t\t<div class=\"elementor-cta__content\">\n\t\t\t\t\n\t\t\t\t\t\t\t\t\t<h2 class=\"elementor-cta__title elementor-cta__content-item elementor-content-item\">\n\t\t\t\t\t\tIzdr\u017eljivost zadovoljava dizajn: IPX6 sertifikat otpornosti\t\t\t\t\t<\/h2>\n\t\t\t\t\n\t\t\t\t\t\t\t\t\t<div class=\"elementor-cta__description elementor-cta__content-item elementor-content-item\">\n\t\t\t\t\t\tRazvijen za entuzijaste na otvorenom, We. HEAR pro kombinuje moderan dizajn sa prakti\u010dnom funkcionalno\u0161\u0107u. Njegov IPX6 sertifikat garantuje vodootpornost, \u0161to ga \u010dini idealnim pratiocem za sve va\u0161e avanture. Lagana, ali robusna konstrukcija, dopunjena podesivim remenom za ramena, nudi lako\u0107u i udobnost tokom transporta i upotrebe i osigurava da We. HEAR pro mo\u017ee biti va\u0161 pratilac u svakoj situaciji. Neka vam dobar zvuk bude pratnja.\t\t\t\t\t<\/div>\n\t\t\t\t\n\t\t\t\t\t\t\t<\/div>\n\t\t\t\t\t\t<\/div>\n\t\t\t\t\t\t<\/div>\n\t\t\t\t<\/div>\n\t\t\t\t<div class=\"elementor-element elementor-element-6d8c786 elementor-cta--skin-classic elementor-animated-content elementor-bg-transform elementor-bg-transform-zoom-in elementor-widget elementor-widget-call-to-action\" data-id=\"6d8c786\" data-element_type=\"widget\" data-widget_type=\"call-to-action.default\">\n\t\t\t\t<div class=\"elementor-widget-container\">\n\t\t\t\t\t\t\t<div class=\"elementor-cta\">\n\t\t\t\t\t<div class=\"elementor-cta__bg-wrapper\">\n\t\t\t\t<div class=\"elementor-cta__bg elementor-bg\" style=\"background-image: url(https:\/\/resources.tehnomax.me\/wp-content\/uploads\/2024\/09\/Pairing.png);\" role=\"img\" aria-label=\"Pairing\"><\/div>\n\t\t\t\t<div class=\"elementor-cta__bg-overlay\"><\/div>\n\t\t\t<\/div>\n\t\t\t\t\t\t\t<div class=\"elementor-cta__content\">\n\t\t\t\t\n\t\t\t\t\t\t\t\t\t<h2 class=\"elementor-cta__title elementor-cta__content-item elementor-content-item\">\n\t\t\t\t\t\tInovativno povezivanje: pravo be\u017ei\u010dno vi\u0161estruko uparivanje\t\t\t\t\t<\/h2>\n\t\t\t\t\n\t\t\t\t\t\t\t\t\t<div class=\"elementor-cta__description elementor-cta__content-item elementor-content-item\">\n\t\t\t\t\t\tPrihvatite najnoviju Bluetooth tehnologiju uz We. HEAR pro, sa V5.3 za stabilne veze i vrhunski kvalitet zvuka. Loewe-ova prava funkcija be\u017ei\u010dnog vi\u0161estrukog uparivanja omogu\u0107ava vam da sinhronizujete do 14 zvu\u010dnika istovremeno, stvaraju\u0107i ekspanzivnu zvu\u010dnu scenu za svaku priliku. Plus, sa ugra\u0111enim mikrofonom i 3,5 mm stereo linijskim ulazom, We. HEAR pro je dovoljno svestran da pobolj\u0161a va\u0161e konferencijske pozive ili se pove\u017ee sa eksternim muzi\u010dkim izvorima.\n\t\t\t\t\t<\/div>\n\t\t\t\t\n\t\t\t\t\t\t\t<\/div>\n\t\t\t\t\t\t<\/div>\n\t\t\t\t\t\t<\/div>\n\t\t\t\t<\/div>\n\t\t\t\t<div class=\"elementor-element elementor-element-6571731 elementor-cta--skin-classic elementor-animated-content elementor-bg-transform elementor-bg-transform-zoom-in elementor-widget elementor-widget-call-to-action\" data-id=\"6571731\" data-element_type=\"widget\" data-widget_type=\"call-to-action.default\">\n\t\t\t\t<div class=\"elementor-widget-container\">\n\t\t\t\t\t\t\t<div class=\"elementor-cta\">\n\t\t\t\t\t<div class=\"elementor-cta__bg-wrapper\">\n\t\t\t\t<div class=\"elementor-cta__bg elementor-bg\" style=\"background-image: url(https:\/\/resources.tehnomax.me\/wp-content\/uploads\/2024\/09\/3-colors.png);\" role=\"img\" aria-label=\"3 colors\"><\/div>\n\t\t\t\t<div class=\"elementor-cta__bg-overlay\"><\/div>\n\t\t\t<\/div>\n\t\t\t\t\t\t\t<div class=\"elementor-cta__content\">\n\t\t\t\t\n\t\t\t\t\t\t\t\t\t<h2 class=\"elementor-cta__title elementor-cta__content-item elementor-content-item\">\n\t\t\t\t\t\tElegancija u svakom elementu: izuzetan dizajn i boje\t\t\t\t\t<\/h2>\n\t\t\t\t\n\t\t\t\t\t\t\t\t\t<div class=\"elementor-cta__description elementor-cta__content-item elementor-content-item\">\n\t\t\t\t\t\tThe We. HEAR pro je savr\u0161ena sinhronizacija izme\u0111u njema\u010dkog in\u017eenjerstva i estetike dizajna. Sa svojim elegantnim cilindri\u010dnim oblikom, vrhunskom tkaninom i odva\u017enim bojama, We. HEAR pro je izraz stila koji pobolj\u0161ava svaki prostor koji zauzima. Njegove intuitivne kontrole i kompaktna veli\u010dina osiguravaju da se neprimjetno uklapa u va\u0161 \u017eivot, pru\u017eaju\u0107i zvu\u010dni zapis za va\u0161e najupe\u010datljivije trenutke.\t\t\t\t\t<\/div>\n\t\t\t\t\n\t\t\t\t\t\t\t<\/div>\n\t\t\t\t\t\t<\/div>\n\t\t\t\t\t\t<\/div>\n\t\t\t\t<\/div>\n\t\t\t\t\t<\/div>\n\t\t\t\t<\/div>\n\t\t<div class=\"elementor-element elementor-element-e3c833e e-grid e-con-boxed e-con e-parent\" data-id=\"e3c833e\" data-element_type=\"container\">\n\t\t\t\t\t<div class=\"e-con-inner\">\n\t\t\t\t<div class=\"elementor-element elementor-element-e8a28d3 elementor-widget elementor-widget-html\" data-id=\"e8a28d3\" data-element_type=\"widget\" data-widget_type=\"html.default\">\n\t\t\t\t<div class=\"elementor-widget-container\">\n\t\t\t\t\t<script src=https:\/\/ajax.googleapis.com\/ajax\/libs\/jquery\/1.11.0\/jquery.min.js><\/script><script type=\"text\/javascript\" src=https:\/\/www.tehnomax.me\/common\/javascript\/iframe-resizer\/iframeResizer.contentWindow.min.js defer><\/script>\t\t\t\t<\/div>\n\t\t\t\t<\/div>\n\t\t\t\t\t<\/div>\n\t\t\t\t<\/div>\n\t\t\t\t<\/div>\n\t\t","protected":false},"excerpt":{"rendered":"<p>WE. HEAR PRO Dobrodo\u0161li u novu eru zvuka. WE. HEAR pro &#8211; ure\u0111aj kojim \u0107ete osjetiti svaki trenutak i svaki zvu\u010dni zapis sa intenzitetom koji samo Loewe i Kylian Mbapp\u00e9 mogu isporu\u010diti. Zamislite da zaronite u svoje liste pjesama i osje\u0107ate svaki ritam i svaku notu kao da ste na koncertu u\u017eivo. Sa 100 vati [&hellip;]<\/p>\n","protected":false},"author":1,"featured_media":0,"parent":0,"menu_order":0,"comment_status":"closed","ping_status":"closed","template":"elementor_canvas","meta":{"footnotes":""},"class_list":["post-4707","page","type-page","status-publish","hentry"],"_links":{"self":[{"href":"https:\/\/resources.tehnomax.me\/index.php?rest_route=\/wp\/v2\/pages\/4707","targetHints":{"allow":["GET"]}}],"collection":[{"href":"https:\/\/resources.tehnomax.me\/index.php?rest_route=\/wp\/v2\/pages"}],"about":[{"href":"https:\/\/resources.tehnomax.me\/index.php?rest_route=\/wp\/v2\/types\/page"}],"author":[{"embeddable":true,"href":"https:\/\/resources.tehnomax.me\/index.php?rest_route=\/wp\/v2\/users\/1"}],"replies":[{"embeddable":true,"href":"https:\/\/resources.tehnomax.me\/index.php?rest_route=%2Fwp%2Fv2%2Fcomments&post=4707"}],"version-history":[{"count":43,"href":"https:\/\/resources.tehnomax.me\/index.php?rest_route=\/wp\/v2\/pages\/4707\/revisions"}],"predecessor-version":[{"id":4762,"href":"https:\/\/resources.tehnomax.me\/index.php?rest_route=\/wp\/v2\/pages\/4707\/revisions\/4762"}],"wp:attachment":[{"href":"https:\/\/resources.tehnomax.me\/index.php?rest_route=%2Fwp%2Fv2%2Fmedia&parent=4707"}],"curies":[{"name":"wp","href":"https:\/\/api.w.org\/{rel}","templated":true}]}}