{"id":4548,"date":"2024-08-09T13:47:27","date_gmt":"2024-08-09T13:47:27","guid":{"rendered":"https:\/\/resources.tehnomax.me\/?page_id=4548"},"modified":"2024-08-20T10:45:44","modified_gmt":"2024-08-20T10:45:44","slug":"philips-ambilight","status":"publish","type":"page","link":"https:\/\/resources.tehnomax.me\/?page_id=4548","title":{"rendered":"Philips Ambilight"},"content":{"rendered":"\t\t<div data-elementor-type=\"wp-page\" data-elementor-id=\"4548\" class=\"elementor elementor-4548\" data-elementor-post-type=\"page\">\n\t\t\t\t<div class=\"elementor-element elementor-element-6118fed e-con-full e-flex e-con e-parent\" data-id=\"6118fed\" data-element_type=\"container\">\n\t\t\t\t<div class=\"elementor-element elementor-element-f5356c9 elementor-hidden-mobile elementor-widget elementor-widget-image\" data-id=\"f5356c9\" data-element_type=\"widget\" data-widget_type=\"image.default\">\n\t\t\t\t<div class=\"elementor-widget-container\">\n\t\t\t\t\t\t\t\t\t\t\t\t\t\t\t<img fetchpriority=\"high\" decoding=\"async\" width=\"1920\" height=\"592\" src=\"https:\/\/resources.tehnomax.me\/wp-content\/uploads\/2024\/08\/oled-tv-masthead-l.jpg\" class=\"attachment-full size-full wp-image-4550\" alt=\"\" srcset=\"https:\/\/resources.tehnomax.me\/wp-content\/uploads\/2024\/08\/oled-tv-masthead-l.jpg 1920w, https:\/\/resources.tehnomax.me\/wp-content\/uploads\/2024\/08\/oled-tv-masthead-l-300x93.jpg 300w, https:\/\/resources.tehnomax.me\/wp-content\/uploads\/2024\/08\/oled-tv-masthead-l-1024x316.jpg 1024w, https:\/\/resources.tehnomax.me\/wp-content\/uploads\/2024\/08\/oled-tv-masthead-l-768x237.jpg 768w, https:\/\/resources.tehnomax.me\/wp-content\/uploads\/2024\/08\/oled-tv-masthead-l-1536x474.jpg 1536w\" sizes=\"(max-width: 1920px) 100vw, 1920px\" \/>\t\t\t\t\t\t\t\t\t\t\t\t\t\t\t<\/div>\n\t\t\t\t<\/div>\n\t\t\t\t<div class=\"elementor-element elementor-element-05bdc83 elementor-hidden-desktop elementor-hidden-tablet elementor-widget elementor-widget-image\" data-id=\"05bdc83\" data-element_type=\"widget\" data-widget_type=\"image.default\">\n\t\t\t\t<div class=\"elementor-widget-container\">\n\t\t\t\t\t\t\t\t\t\t\t\t\t\t\t<img decoding=\"async\" width=\"480\" height=\"226\" src=\"https:\/\/resources.tehnomax.me\/wp-content\/uploads\/2024\/08\/the-one-masthead-xs.jpg\" class=\"attachment-full size-full wp-image-4596\" alt=\"\" srcset=\"https:\/\/resources.tehnomax.me\/wp-content\/uploads\/2024\/08\/the-one-masthead-xs.jpg 480w, https:\/\/resources.tehnomax.me\/wp-content\/uploads\/2024\/08\/the-one-masthead-xs-300x141.jpg 300w\" sizes=\"(max-width: 480px) 100vw, 480px\" \/>\t\t\t\t\t\t\t\t\t\t\t\t\t\t\t<\/div>\n\t\t\t\t<\/div>\n\t\t\t\t<div class=\"elementor-element elementor-element-df8fba0 elementor-widget elementor-widget-heading\" data-id=\"df8fba0\" data-element_type=\"widget\" data-widget_type=\"heading.default\">\n\t\t\t\t<div class=\"elementor-widget-container\">\n\t\t\t\t\t<h2 class=\"elementor-heading-title elementor-size-default\">Koji Ambilight TV je za vas?<\/h2>\t\t\t\t<\/div>\n\t\t\t\t<\/div>\n\t\t\t\t<\/div>\n\t\t<div class=\"elementor-element elementor-element-b84fed7 e-flex e-con-boxed e-con e-parent\" data-id=\"b84fed7\" data-element_type=\"container\">\n\t\t\t\t\t<div class=\"e-con-inner\">\n\t\t<div class=\"elementor-element elementor-element-6a1b115 e-con-full e-flex e-con e-child\" data-id=\"6a1b115\" data-element_type=\"container\">\n\t\t\t\t<div class=\"elementor-element elementor-element-b6ed131 elementor-widget elementor-widget-image\" data-id=\"b6ed131\" data-element_type=\"widget\" data-widget_type=\"image.default\">\n\t\t\t\t<div class=\"elementor-widget-container\">\n\t\t\t\t\t\t\t\t\t\t\t\t\t\t\t\t<a href=\"https:\/\/www.philips.rs\/c-e\/so\/tv\/oled-tvs\">\n\t\t\t\t\t\t\t<img decoding=\"async\" src=\"https:\/\/resources.tehnomax.me\/wp-content\/uploads\/elementor\/thumbs\/hero-product-oled-plus-908-qscq3wwqkj8j0vxhoc40y1qjvmz1g8wd7qz2q069z4.png\" title=\"hero-product-oled-plus-908\" alt=\"hero-product-oled-plus-908\" loading=\"lazy\" \/>\t\t\t\t\t\t\t\t<\/a>\n\t\t\t\t\t\t\t\t\t\t\t\t\t\t\t<\/div>\n\t\t\t\t<\/div>\n\t\t\t\t<div class=\"elementor-element elementor-element-e19a678 elementor-widget elementor-widget-heading\" data-id=\"e19a678\" data-element_type=\"widget\" data-widget_type=\"heading.default\">\n\t\t\t\t<div class=\"elementor-widget-container\">\n\t\t\t\t\t<h2 class=\"elementor-heading-title elementor-size-default\">Najbolje u asortimanu<\/h2>\t\t\t\t<\/div>\n\t\t\t\t<\/div>\n\t\t\t\t<div class=\"elementor-element elementor-element-2a11b6e elementor-widget elementor-widget-heading\" data-id=\"2a11b6e\" data-element_type=\"widget\" data-widget_type=\"heading.default\">\n\t\t\t\t<div class=\"elementor-widget-container\">\n\t\t\t\t\t<h2 class=\"elementor-heading-title elementor-size-default\">OLED<\/h2>\t\t\t\t<\/div>\n\t\t\t\t<\/div>\n\t\t\t\t<div class=\"elementor-element elementor-element-15b2e15 elementor-widget elementor-widget-heading\" data-id=\"15b2e15\" data-element_type=\"widget\" data-widget_type=\"heading.default\">\n\t\t\t\t<div class=\"elementor-widget-container\">\n\t\t\t\t\t<h2 class=\"elementor-heading-title elementor-size-default\">Besprekorna slika, zvuk i stil<\/h2>\t\t\t\t<\/div>\n\t\t\t\t<\/div>\n\t\t\t\t<div class=\"elementor-element elementor-element-ad419ff elementor-align-center elementor-widget elementor-widget-button\" data-id=\"ad419ff\" data-element_type=\"widget\" data-widget_type=\"button.default\">\n\t\t\t\t<div class=\"elementor-widget-container\">\n\t\t\t\t\t\t\t\t\t<div class=\"elementor-button-wrapper\">\n\t\t\t\t\t<a class=\"elementor-button elementor-button-link elementor-size-sm\" href=\"https:\/\/www.tehnomax.me\/tv-audio-video\/televizori?filter_submited=1&#038;show_filters=1&#038;sort=default&#038;filters%5BRobna+marka%5D%5B%5D=PHILIPS&#038;filters%5BTip%5D%5B%5D=OLED&#038;filters%5BAmbilight%5D%5B%5D=Da\" target=\"_blank\">\n\t\t\t\t\t\t<span class=\"elementor-button-content-wrapper\">\n\t\t\t\t\t\t\t\t\t<span class=\"elementor-button-text\">Saznajte vi\u0161e<\/span>\n\t\t\t\t\t<\/span>\n\t\t\t\t\t<\/a>\n\t\t\t\t<\/div>\n\t\t\t\t\t\t\t\t<\/div>\n\t\t\t\t<\/div>\n\t\t\t\t<\/div>\n\t\t<div class=\"elementor-element elementor-element-80eefd3 e-con-full e-flex e-con e-child\" data-id=\"80eefd3\" data-element_type=\"container\">\n\t\t\t\t<div class=\"elementor-element elementor-element-4d9f42d elementor-widget elementor-widget-image\" data-id=\"4d9f42d\" data-element_type=\"widget\" data-widget_type=\"image.default\">\n\t\t\t\t<div class=\"elementor-widget-container\">\n\t\t\t\t\t\t\t\t\t\t\t\t\t\t\t\t<a href=\"https:\/\/www.philips.rs\/c-e\/so\/tv\/miniled\">\n\t\t\t\t\t\t\t<img decoding=\"async\" src=\"https:\/\/resources.tehnomax.me\/wp-content\/uploads\/elementor\/thumbs\/ambilight-2023-hero-product-qscqbwjcnu69pkbp0sfv515lnjlcvmm8balnkobt34.png\" title=\"ambilight-2023-hero-product\" alt=\"ambilight-2023-hero-product\" loading=\"lazy\" \/>\t\t\t\t\t\t\t\t<\/a>\n\t\t\t\t\t\t\t\t\t\t\t\t\t\t\t<\/div>\n\t\t\t\t<\/div>\n\t\t\t\t<div class=\"elementor-element elementor-element-fd9ee46 elementor-widget elementor-widget-heading\" data-id=\"fd9ee46\" data-element_type=\"widget\" data-widget_type=\"heading.default\">\n\t\t\t\t<div class=\"elementor-widget-container\">\n\t\t\t\t\t<h2 class=\"elementor-heading-title elementor-size-default\">Novi model<\/h2>\t\t\t\t<\/div>\n\t\t\t\t<\/div>\n\t\t\t\t<div class=\"elementor-element elementor-element-d4de22c elementor-widget elementor-widget-heading\" data-id=\"d4de22c\" data-element_type=\"widget\" data-widget_type=\"heading.default\">\n\t\t\t\t<div class=\"elementor-widget-container\">\n\t\t\t\t\t<h2 class=\"elementor-heading-title elementor-size-default\">MiniLED<\/h2>\t\t\t\t<\/div>\n\t\t\t\t<\/div>\n\t\t\t\t<div class=\"elementor-element elementor-element-0c94f84 elementor-widget elementor-widget-heading\" data-id=\"0c94f84\" data-element_type=\"widget\" data-widget_type=\"heading.default\">\n\t\t\t\t<div class=\"elementor-widget-container\">\n\t\t\t\t\t<h2 class=\"elementor-heading-title elementor-size-default\">Vi\u0161e svjetline, boja i kontrasta<\/h2>\t\t\t\t<\/div>\n\t\t\t\t<\/div>\n\t\t\t\t<div class=\"elementor-element elementor-element-e243319 elementor-align-center elementor-widget elementor-widget-button\" data-id=\"e243319\" data-element_type=\"widget\" data-widget_type=\"button.default\">\n\t\t\t\t<div class=\"elementor-widget-container\">\n\t\t\t\t\t\t\t\t\t<div class=\"elementor-button-wrapper\">\n\t\t\t\t\t<a class=\"elementor-button elementor-button-link elementor-size-sm\" href=\"#\">\n\t\t\t\t\t\t<span class=\"elementor-button-content-wrapper\">\n\t\t\t\t\t\t\t\t\t<span class=\"elementor-button-text\">Saznajte vi\u0161e<\/span>\n\t\t\t\t\t<\/span>\n\t\t\t\t\t<\/a>\n\t\t\t\t<\/div>\n\t\t\t\t\t\t\t\t<\/div>\n\t\t\t\t<\/div>\n\t\t\t\t<\/div>\n\t\t<div class=\"elementor-element elementor-element-ec42faa e-con-full e-flex e-con e-child\" data-id=\"ec42faa\" data-element_type=\"container\">\n\t\t\t\t<div class=\"elementor-element elementor-element-e8dcf37 elementor-widget elementor-widget-image\" data-id=\"e8dcf37\" data-element_type=\"widget\" data-widget_type=\"image.default\">\n\t\t\t\t<div class=\"elementor-widget-container\">\n\t\t\t\t\t\t\t\t\t\t\t\t\t\t\t\t<a href=\"https:\/\/www.philips.rs\/c-e\/so\/tv\/the-one\">\n\t\t\t\t\t\t\t<img decoding=\"async\" src=\"https:\/\/resources.tehnomax.me\/wp-content\/uploads\/elementor\/thumbs\/ambilight-2023-hero-product-2-qscqc7texulpkvvb6xbdyyb4s61rfzv0cufhbzv30g.png\" title=\"ambilight-2023-hero-product-2\" alt=\"ambilight-2023-hero-product-2\" loading=\"lazy\" \/>\t\t\t\t\t\t\t\t<\/a>\n\t\t\t\t\t\t\t\t\t\t\t\t\t\t\t<\/div>\n\t\t\t\t<\/div>\n\t\t\t\t<div class=\"elementor-element elementor-element-81b3cf0 elementor-widget elementor-widget-heading\" data-id=\"81b3cf0\" data-element_type=\"widget\" data-widget_type=\"heading.default\">\n\t\t\t\t<div class=\"elementor-widget-container\">\n\t\t\t\t\t<h2 class=\"elementor-heading-title elementor-size-default\">Najpopularnije<\/h2>\t\t\t\t<\/div>\n\t\t\t\t<\/div>\n\t\t\t\t<div class=\"elementor-element elementor-element-0b6618c elementor-widget elementor-widget-heading\" data-id=\"0b6618c\" data-element_type=\"widget\" data-widget_type=\"heading.default\">\n\t\t\t\t<div class=\"elementor-widget-container\">\n\t\t\t\t\t<h2 class=\"elementor-heading-title elementor-size-default\">The One<\/h2>\t\t\t\t<\/div>\n\t\t\t\t<\/div>\n\t\t\t\t<div class=\"elementor-element elementor-element-dcb2aca elementor-widget elementor-widget-heading\" data-id=\"dcb2aca\" data-element_type=\"widget\" data-widget_type=\"heading.default\">\n\t\t\t\t<div class=\"elementor-widget-container\">\n\t\t\t\t\t<h2 class=\"elementor-heading-title elementor-size-default\">Sa svim \u0161to vam je potrebno<\/h2>\t\t\t\t<\/div>\n\t\t\t\t<\/div>\n\t\t\t\t<div class=\"elementor-element elementor-element-e610907 elementor-align-center elementor-widget elementor-widget-button\" data-id=\"e610907\" data-element_type=\"widget\" data-widget_type=\"button.default\">\n\t\t\t\t<div class=\"elementor-widget-container\">\n\t\t\t\t\t\t\t\t\t<div class=\"elementor-button-wrapper\">\n\t\t\t\t\t<a class=\"elementor-button elementor-button-link elementor-size-sm\" href=\"https:\/\/www.tehnomax.me\/index.php?mod=catalog&#038;op=thm_search&#038;search_type=products&#038;submited=1&#038;keywords=PUS85&#038;filters%5Bcategory%5D=TELEVIZORI&#038;filters%5Bpromo%5D=&#038;filters%5Bstock%5D=dostupno\" target=\"_blank\">\n\t\t\t\t\t\t<span class=\"elementor-button-content-wrapper\">\n\t\t\t\t\t\t\t\t\t<span class=\"elementor-button-text\">Saznajte vi\u0161e<\/span>\n\t\t\t\t\t<\/span>\n\t\t\t\t\t<\/a>\n\t\t\t\t<\/div>\n\t\t\t\t\t\t\t\t<\/div>\n\t\t\t\t<\/div>\n\t\t\t\t<\/div>\n\t\t\t\t\t<\/div>\n\t\t\t\t<\/div>\n\t\t<div class=\"elementor-element elementor-element-37d9b70 e-con-full e-flex e-con e-parent\" data-id=\"37d9b70\" data-element_type=\"container\" data-settings=\"{&quot;background_background&quot;:&quot;classic&quot;}\">\n\t\t\t\t<div class=\"elementor-element elementor-element-3efbf32 elementor-absolute elementor-widget elementor-widget-heading\" data-id=\"3efbf32\" data-element_type=\"widget\" data-settings=\"{&quot;_position&quot;:&quot;absolute&quot;}\" data-widget_type=\"heading.default\">\n\t\t\t\t<div class=\"elementor-widget-container\">\n\t\t\t\t\t<h2 class=\"elementor-heading-title elementor-size-default\">Jedini televizor sa <br>osvjetljenjem pozadi<\/h2>\t\t\t\t<\/div>\n\t\t\t\t<\/div>\n\t\t\t\t<div class=\"elementor-element elementor-element-3b215b4 elementor-absolute elementor-widget elementor-widget-heading\" data-id=\"3b215b4\" data-element_type=\"widget\" data-settings=\"{&quot;_position&quot;:&quot;absolute&quot;}\" data-widget_type=\"heading.default\">\n\t\t\t\t<div class=\"elementor-widget-container\">\n\t\t\t\t\t<p class=\"elementor-heading-title elementor-size-default\">Izvinjenje drugim televizorima. Samo Ambilight<br> TV dolazi sa ugra\u0111enim LED diodama. Savr\u0161eno<br> sinhronizovani sa akcijom, zid prekrivaju<br> kaleidoskopskim sjajem \u2013 \u010dini do\u017eivljaj televizije ve\u0107im,<br> prijatnijim i vi\u0161e obuhvataju\u0107im.<\/p>\t\t\t\t<\/div>\n\t\t\t\t<\/div>\n\t\t\t\t<\/div>\n\t\t<div class=\"elementor-element elementor-element-294ee28 e-flex e-con-boxed e-con e-parent\" data-id=\"294ee28\" data-element_type=\"container\">\n\t\t\t\t\t<div class=\"e-con-inner\">\n\t\t\t\t<div class=\"elementor-element elementor-element-6e806c5 elementor-widget elementor-widget-heading\" data-id=\"6e806c5\" data-element_type=\"widget\" data-widget_type=\"heading.default\">\n\t\t\t\t<div class=\"elementor-widget-container\">\n\t\t\t\t\t<h2 class=\"elementor-heading-title elementor-size-default\">Za \u0161ta je dobar Ambilight TV?\n<\/h2>\t\t\t\t<\/div>\n\t\t\t\t<\/div>\n\t\t\t\t\t<\/div>\n\t\t\t\t<\/div>\n\t\t<div class=\"elementor-element elementor-element-efceecd e-flex e-con-boxed e-con e-parent\" data-id=\"efceecd\" data-element_type=\"container\">\n\t\t\t\t\t<div class=\"e-con-inner\">\n\t\t<div class=\"elementor-element elementor-element-98d4601 e-con-full e-flex e-con e-child\" data-id=\"98d4601\" data-element_type=\"container\">\n\t\t\t\t<div class=\"elementor-element elementor-element-dc15454 elementor-widget elementor-widget-image\" data-id=\"dc15454\" data-element_type=\"widget\" data-widget_type=\"image.default\">\n\t\t\t\t<div class=\"elementor-widget-container\">\n\t\t\t\t\t\t\t\t\t\t\t\t\t\t\t<img decoding=\"async\" width=\"700\" height=\"420\" src=\"https:\/\/resources.tehnomax.me\/wp-content\/uploads\/2024\/08\/great-for-sports.png\" class=\"attachment-large size-large wp-image-4556\" alt=\"\" srcset=\"https:\/\/resources.tehnomax.me\/wp-content\/uploads\/2024\/08\/great-for-sports.png 700w, https:\/\/resources.tehnomax.me\/wp-content\/uploads\/2024\/08\/great-for-sports-300x180.png 300w\" sizes=\"(max-width: 700px) 100vw, 700px\" \/>\t\t\t\t\t\t\t\t\t\t\t\t\t\t\t<\/div>\n\t\t\t\t<\/div>\n\t\t\t\t<\/div>\n\t\t<div class=\"elementor-element elementor-element-c353f96 e-con-full e-flex e-con e-child\" data-id=\"c353f96\" data-element_type=\"container\">\n\t\t\t\t<div class=\"elementor-element elementor-element-d7b6415 elementor-widget elementor-widget-heading\" data-id=\"d7b6415\" data-element_type=\"widget\" data-widget_type=\"heading.default\">\n\t\t\t\t<div class=\"elementor-widget-container\">\n\t\t\t\t\t<h2 class=\"elementor-heading-title elementor-size-default\">Odli\u010dan je za sport<\/h2>\t\t\t\t<\/div>\n\t\t\t\t<\/div>\n\t\t\t\t<div class=\"elementor-element elementor-element-33a945e elementor-widget elementor-widget-text-editor\" data-id=\"33a945e\" data-element_type=\"widget\" data-widget_type=\"text-editor.default\">\n\t\t\t\t<div class=\"elementor-widget-container\">\n\t\t\t\t\t\t\t\t\t<p>Ambilight TV \u010dini do\u017eivljaj gledanja sporta upe\u010datljivijim i va\u0161 kau\u010d pretvara u najbolje sjedi\u0161te na stadionu.<\/p>\t\t\t\t\t\t\t\t<\/div>\n\t\t\t\t<\/div>\n\t\t\t\t<\/div>\n\t\t\t\t\t<\/div>\n\t\t\t\t<\/div>\n\t\t<div class=\"elementor-element elementor-element-fb05065 e-flex e-con-boxed e-con e-parent\" data-id=\"fb05065\" data-element_type=\"container\">\n\t\t\t\t\t<div class=\"e-con-inner\">\n\t\t<div class=\"elementor-element elementor-element-21a19ef e-con-full e-flex e-con e-child\" data-id=\"21a19ef\" data-element_type=\"container\">\n\t\t\t\t<div class=\"elementor-element elementor-element-1603872 elementor-widget elementor-widget-heading\" data-id=\"1603872\" data-element_type=\"widget\" data-widget_type=\"heading.default\">\n\t\t\t\t<div class=\"elementor-widget-container\">\n\t\t\t\t\t<h2 class=\"elementor-heading-title elementor-size-default\">Napravljen za filmove\n<\/h2>\t\t\t\t<\/div>\n\t\t\t\t<\/div>\n\t\t\t\t<div class=\"elementor-element elementor-element-3361a60 elementor-widget elementor-widget-text-editor\" data-id=\"3361a60\" data-element_type=\"widget\" data-widget_type=\"text-editor.default\">\n\t\t\t\t<div class=\"elementor-widget-container\">\n\t\t\t\t\t\t\t\t\t<p>Eksplozije su dinami\u010dnije. Novi svjetovi izgledaju poznatije. A filmske ve\u010deri pru\u017eaju upe\u010datljiviji bioskopski do\u017eivljaj nego ikada prije.<\/p>\t\t\t\t\t\t\t\t<\/div>\n\t\t\t\t<\/div>\n\t\t\t\t<\/div>\n\t\t<div class=\"elementor-element elementor-element-ffa7fd1 e-con-full e-flex e-con e-child\" data-id=\"ffa7fd1\" data-element_type=\"container\">\n\t\t\t\t<div class=\"elementor-element elementor-element-a11ee74 elementor-widget elementor-widget-image\" data-id=\"a11ee74\" data-element_type=\"widget\" data-widget_type=\"image.default\">\n\t\t\t\t<div class=\"elementor-widget-container\">\n\t\t\t\t\t\t\t\t\t\t\t\t\t\t\t<img loading=\"lazy\" decoding=\"async\" width=\"700\" height=\"420\" src=\"https:\/\/resources.tehnomax.me\/wp-content\/uploads\/2024\/08\/made-for-movies.png\" class=\"attachment-large size-large wp-image-4557\" alt=\"\" srcset=\"https:\/\/resources.tehnomax.me\/wp-content\/uploads\/2024\/08\/made-for-movies.png 700w, https:\/\/resources.tehnomax.me\/wp-content\/uploads\/2024\/08\/made-for-movies-300x180.png 300w\" sizes=\"(max-width: 700px) 100vw, 700px\" \/>\t\t\t\t\t\t\t\t\t\t\t\t\t\t\t<\/div>\n\t\t\t\t<\/div>\n\t\t\t\t<\/div>\n\t\t\t\t\t<\/div>\n\t\t\t\t<\/div>\n\t\t<div class=\"elementor-element elementor-element-689cc9f e-flex e-con-boxed e-con e-parent\" data-id=\"689cc9f\" data-element_type=\"container\">\n\t\t\t\t\t<div class=\"e-con-inner\">\n\t\t<div class=\"elementor-element elementor-element-8c10b19 e-con-full e-flex e-con e-child\" data-id=\"8c10b19\" data-element_type=\"container\">\n\t\t\t\t<div class=\"elementor-element elementor-element-6b3a3b1 elementor-widget elementor-widget-image\" data-id=\"6b3a3b1\" data-element_type=\"widget\" data-widget_type=\"image.default\">\n\t\t\t\t<div class=\"elementor-widget-container\">\n\t\t\t\t\t\t\t\t\t\t\t\t\t\t\t<img loading=\"lazy\" decoding=\"async\" width=\"700\" height=\"420\" src=\"https:\/\/resources.tehnomax.me\/wp-content\/uploads\/2024\/08\/next-level-gaming.png\" class=\"attachment-large size-large wp-image-4558\" alt=\"\" srcset=\"https:\/\/resources.tehnomax.me\/wp-content\/uploads\/2024\/08\/next-level-gaming.png 700w, https:\/\/resources.tehnomax.me\/wp-content\/uploads\/2024\/08\/next-level-gaming-300x180.png 300w\" sizes=\"(max-width: 700px) 100vw, 700px\" \/>\t\t\t\t\t\t\t\t\t\t\t\t\t\t\t<\/div>\n\t\t\t\t<\/div>\n\t\t\t\t<\/div>\n\t\t<div class=\"elementor-element elementor-element-4f97775 e-con-full e-flex e-con e-child\" data-id=\"4f97775\" data-element_type=\"container\">\n\t\t\t\t<div class=\"elementor-element elementor-element-9b6dcd7 elementor-widget elementor-widget-heading\" data-id=\"9b6dcd7\" data-element_type=\"widget\" data-widget_type=\"heading.default\">\n\t\t\t\t<div class=\"elementor-widget-container\">\n\t\t\t\t\t<h2 class=\"elementor-heading-title elementor-size-default\">Novi nivo gejminga<\/h2>\t\t\t\t<\/div>\n\t\t\t\t<\/div>\n\t\t\t\t<div class=\"elementor-element elementor-element-0538e9a elementor-widget elementor-widget-text-editor\" data-id=\"0538e9a\" data-element_type=\"widget\" data-widget_type=\"text-editor.default\">\n\t\t\t\t<div class=\"elementor-widget-container\">\n\t\t\t\t\t\t\t\t\t<p>Bez obzira na to da li spaljujete gume, borite se protiv vanzemaljaca ili ste na mitskom pohodu, Ambilight TV \u010dini sve upe\u010datljivijim.<\/p>\t\t\t\t\t\t\t\t<\/div>\n\t\t\t\t<\/div>\n\t\t\t\t<\/div>\n\t\t\t\t\t<\/div>\n\t\t\t\t<\/div>\n\t\t<div class=\"elementor-element elementor-element-a9d5965 e-flex e-con-boxed e-con e-parent\" data-id=\"a9d5965\" data-element_type=\"container\">\n\t\t\t\t\t<div class=\"e-con-inner\">\n\t\t<div class=\"elementor-element elementor-element-18a4b5d e-con-full e-flex e-con e-child\" data-id=\"18a4b5d\" data-element_type=\"container\">\n\t\t\t\t<div class=\"elementor-element elementor-element-4318c7e elementor-widget elementor-widget-heading\" data-id=\"4318c7e\" data-element_type=\"widget\" data-widget_type=\"heading.default\">\n\t\t\t\t<div class=\"elementor-widget-container\">\n\t\t\t\t\t<h2 class=\"elementor-heading-title elementor-size-default\">Instant atmosfera\n<\/h2>\t\t\t\t<\/div>\n\t\t\t\t<\/div>\n\t\t\t\t<div class=\"elementor-element elementor-element-1614ea9 elementor-widget elementor-widget-text-editor\" data-id=\"1614ea9\" data-element_type=\"widget\" data-widget_type=\"text-editor.default\">\n\t\t\t\t<div class=\"elementor-widget-container\">\n\t\t\t\t\t\t\t\t\t<p>Re\u017eim za opu\u0161tanje ispunjava prostoriju opu\u0161taju\u0107om atmosferom kada je ekran isklju\u010den, dok vam galerija Aurora omogu\u0107ava da birate umjetni\u010dke slike i fotografije koje \u0107e se prikazivati dok ne gledate ni\u0161ta drugo.<\/p>\t\t\t\t\t\t\t\t<\/div>\n\t\t\t\t<\/div>\n\t\t\t\t<\/div>\n\t\t<div class=\"elementor-element elementor-element-5ea62c1 e-con-full e-flex e-con e-child\" data-id=\"5ea62c1\" data-element_type=\"container\">\n\t\t\t\t<div class=\"elementor-element elementor-element-f753c97 elementor-widget elementor-widget-image\" data-id=\"f753c97\" data-element_type=\"widget\" data-widget_type=\"image.default\">\n\t\t\t\t<div class=\"elementor-widget-container\">\n\t\t\t\t\t\t\t\t\t\t\t\t\t\t\t<img loading=\"lazy\" decoding=\"async\" width=\"700\" height=\"420\" src=\"https:\/\/resources.tehnomax.me\/wp-content\/uploads\/2024\/08\/instant-atmosphere.jpg\" class=\"attachment-large size-large wp-image-4559\" alt=\"\" srcset=\"https:\/\/resources.tehnomax.me\/wp-content\/uploads\/2024\/08\/instant-atmosphere.jpg 700w, https:\/\/resources.tehnomax.me\/wp-content\/uploads\/2024\/08\/instant-atmosphere-300x180.jpg 300w\" sizes=\"(max-width: 700px) 100vw, 700px\" \/>\t\t\t\t\t\t\t\t\t\t\t\t\t\t\t<\/div>\n\t\t\t\t<\/div>\n\t\t\t\t<\/div>\n\t\t\t\t\t<\/div>\n\t\t\t\t<\/div>\n\t\t<div class=\"elementor-element elementor-element-2f974ce e-flex e-con-boxed e-con e-parent\" data-id=\"2f974ce\" data-element_type=\"container\">\n\t\t\t\t\t<div class=\"e-con-inner\">\n\t\t\t\t<div class=\"elementor-element elementor-element-e537dce elementor-widget elementor-widget-html\" data-id=\"e537dce\" data-element_type=\"widget\" data-widget_type=\"html.default\">\n\t\t\t\t<div class=\"elementor-widget-container\">\n\t\t\t\t\t<script src=https:\/\/ajax.googleapis.com\/ajax\/libs\/jquery\/1.11.0\/jquery.min.js><\/script><script type=\"text\/javascript\" src=https:\/\/www.tehnomax.me\/common\/javascript\/iframe-resizer\/iframeResizer.contentWindow.min.js defer><\/script>\t\t\t\t<\/div>\n\t\t\t\t<\/div>\n\t\t\t\t\t<\/div>\n\t\t\t\t<\/div>\n\t\t\t\t<\/div>\n\t\t","protected":false},"excerpt":{"rendered":"<p>Koji Ambilight TV je za vas? Najbolje u asortimanu OLED Besprekorna slika, zvuk i stil Saznajte vi\u0161e Novi model MiniLED Vi\u0161e svjetline, boja i kontrasta Saznajte vi\u0161e Najpopularnije The One Sa svim \u0161to vam je potrebno Saznajte vi\u0161e Jedini televizor sa osvjetljenjem pozadi Izvinjenje drugim televizorima. Samo Ambilight TV dolazi sa ugra\u0111enim LED diodama. Savr\u0161eno [&hellip;]<\/p>\n","protected":false},"author":1,"featured_media":0,"parent":0,"menu_order":0,"comment_status":"closed","ping_status":"closed","template":"elementor_canvas","meta":{"footnotes":""},"class_list":["post-4548","page","type-page","status-publish","hentry"],"_links":{"self":[{"href":"https:\/\/resources.tehnomax.me\/index.php?rest_route=\/wp\/v2\/pages\/4548","targetHints":{"allow":["GET"]}}],"collection":[{"href":"https:\/\/resources.tehnomax.me\/index.php?rest_route=\/wp\/v2\/pages"}],"about":[{"href":"https:\/\/resources.tehnomax.me\/index.php?rest_route=\/wp\/v2\/types\/page"}],"author":[{"embeddable":true,"href":"https:\/\/resources.tehnomax.me\/index.php?rest_route=\/wp\/v2\/users\/1"}],"replies":[{"embeddable":true,"href":"https:\/\/resources.tehnomax.me\/index.php?rest_route=%2Fwp%2Fv2%2Fcomments&post=4548"}],"version-history":[{"count":46,"href":"https:\/\/resources.tehnomax.me\/index.php?rest_route=\/wp\/v2\/pages\/4548\/revisions"}],"predecessor-version":[{"id":4626,"href":"https:\/\/resources.tehnomax.me\/index.php?rest_route=\/wp\/v2\/pages\/4548\/revisions\/4626"}],"wp:attachment":[{"href":"https:\/\/resources.tehnomax.me\/index.php?rest_route=%2Fwp%2Fv2%2Fmedia&parent=4548"}],"curies":[{"name":"wp","href":"https:\/\/api.w.org\/{rel}","templated":true}]}}