{"id":4403,"date":"2024-08-08T10:14:21","date_gmt":"2024-08-08T10:14:21","guid":{"rendered":"https:\/\/resources.tehnomax.me\/?page_id=4403"},"modified":"2024-08-08T10:16:41","modified_gmt":"2024-08-08T10:16:41","slug":"jbl-vibe-flex","status":"publish","type":"page","link":"https:\/\/resources.tehnomax.me\/?page_id=4403","title":{"rendered":"JBL Vibe Flex"},"content":{"rendered":"\t\t<div data-elementor-type=\"wp-page\" data-elementor-id=\"4403\" class=\"elementor elementor-4403\" data-elementor-post-type=\"page\">\n\t\t\t\t<div class=\"elementor-element elementor-element-9563e12 e-con-full e-flex e-con e-parent\" data-id=\"9563e12\" data-element_type=\"container\">\n\t\t<div class=\"elementor-element elementor-element-8ca0bac e-con-full e-flex e-con e-child\" data-id=\"8ca0bac\" data-element_type=\"container\">\n\t\t\t\t<div class=\"elementor-element elementor-element-5bbfa23 elementor-widget elementor-widget-image\" data-id=\"5bbfa23\" data-element_type=\"widget\" data-widget_type=\"image.default\">\n\t\t\t\t<div class=\"elementor-widget-container\">\n\t\t\t\t\t\t\t\t\t\t\t\t\t\t\t<img fetchpriority=\"high\" decoding=\"async\" width=\"800\" height=\"496\" src=\"https:\/\/resources.tehnomax.me\/wp-content\/uploads\/2024\/08\/JBL_Wave_Vibe_Flex_-Lifestyle_Image_Mint_904x560px-1.png\" class=\"attachment-large size-large wp-image-4405\" alt=\"\" srcset=\"https:\/\/resources.tehnomax.me\/wp-content\/uploads\/2024\/08\/JBL_Wave_Vibe_Flex_-Lifestyle_Image_Mint_904x560px-1.png 904w, https:\/\/resources.tehnomax.me\/wp-content\/uploads\/2024\/08\/JBL_Wave_Vibe_Flex_-Lifestyle_Image_Mint_904x560px-1-300x186.png 300w, https:\/\/resources.tehnomax.me\/wp-content\/uploads\/2024\/08\/JBL_Wave_Vibe_Flex_-Lifestyle_Image_Mint_904x560px-1-768x476.png 768w\" sizes=\"(max-width: 800px) 100vw, 800px\" \/>\t\t\t\t\t\t\t\t\t\t\t\t\t\t\t<\/div>\n\t\t\t\t<\/div>\n\t\t\t\t<\/div>\n\t\t<div class=\"elementor-element elementor-element-65ac96f e-con-full e-flex e-con e-child\" data-id=\"65ac96f\" data-element_type=\"container\">\n\t\t\t\t<div class=\"elementor-element elementor-element-cc28640 elementor-widget-divider--view-line elementor-widget elementor-widget-divider\" data-id=\"cc28640\" data-element_type=\"widget\" data-widget_type=\"divider.default\">\n\t\t\t\t<div class=\"elementor-widget-container\">\n\t\t\t\t\t\t\t<div class=\"elementor-divider\">\n\t\t\t<span class=\"elementor-divider-separator\">\n\t\t\t\t\t\t<\/span>\n\t\t<\/div>\n\t\t\t\t\t\t<\/div>\n\t\t\t\t<\/div>\n\t\t\t\t<div class=\"elementor-element elementor-element-2d5f737 elementor-widget elementor-widget-heading\" data-id=\"2d5f737\" data-element_type=\"widget\" data-widget_type=\"heading.default\">\n\t\t\t\t<div class=\"elementor-widget-container\">\n\t\t\t\t\t<h2 class=\"elementor-heading-title elementor-size-default\">JBL duboki bas zvuk\n<\/h2>\t\t\t\t<\/div>\n\t\t\t\t<\/div>\n\t\t\t\t<div class=\"elementor-element elementor-element-c90d833 elementor-widget elementor-widget-text-editor\" data-id=\"c90d833\" data-element_type=\"widget\" data-widget_type=\"text-editor.default\">\n\t\t\t\t<div class=\"elementor-widget-container\">\n\t\t\t\t\t\t\t\t\t<div class=\"lifestyle-feature\"><div class=\"feature-text\"><p><span>Iskoristite maksimum iz svojih mikseva uz zvuk visokog kvaliteta iz sigurnih, pouzdanih slu\u0161alica sa 12 mm drajverima koji sadr\u017ee JBL Deep Bass Sound.<\/span><\/p><\/div><\/div>\t\t\t\t\t\t\t\t<\/div>\n\t\t\t\t<\/div>\n\t\t\t\t<\/div>\n\t\t\t\t<\/div>\n\t\t<div class=\"elementor-element elementor-element-3b5a6ca e-con-full e-flex e-con e-parent\" data-id=\"3b5a6ca\" data-element_type=\"container\">\n\t\t<div class=\"elementor-element elementor-element-005a820 e-con-full e-flex e-con e-child\" data-id=\"005a820\" data-element_type=\"container\">\n\t\t\t\t<div class=\"elementor-element elementor-element-99239ad elementor-widget-divider--view-line elementor-widget elementor-widget-divider\" data-id=\"99239ad\" data-element_type=\"widget\" data-widget_type=\"divider.default\">\n\t\t\t\t<div class=\"elementor-widget-container\">\n\t\t\t\t\t\t\t<div class=\"elementor-divider\">\n\t\t\t<span class=\"elementor-divider-separator\">\n\t\t\t\t\t\t<\/span>\n\t\t<\/div>\n\t\t\t\t\t\t<\/div>\n\t\t\t\t<\/div>\n\t\t\t\t<div class=\"elementor-element elementor-element-9492821 elementor-widget elementor-widget-heading\" data-id=\"9492821\" data-element_type=\"widget\" data-widget_type=\"heading.default\">\n\t\t\t\t<div class=\"elementor-widget-container\">\n\t\t\t\t\t<h2 class=\"elementor-heading-title elementor-size-default\">Udoban dizajn<\/h2>\t\t\t\t<\/div>\n\t\t\t\t<\/div>\n\t\t\t\t<div class=\"elementor-element elementor-element-cc943f8 elementor-widget elementor-widget-text-editor\" data-id=\"cc943f8\" data-element_type=\"widget\" data-widget_type=\"text-editor.default\">\n\t\t\t\t<div class=\"elementor-widget-container\">\n\t\t\t\t\t\t\t\t\t<div class=\"lifestyle-feature\"><div class=\"feature-text\"><p><span>Ergonomski, otvoreni dizajn JBL Vibe Flexa pristaje tako udobno da mo\u017eete zaboraviti da ih nosite. Otvoreni dizajn omogu\u0107ava vam da u\u017eivate u svim zvukovima bez blokiranja u\u0161nog kanala.<\/span><\/p><\/div><\/div><div class=\"lifestyle-feature\">\u00a0<\/div>\t\t\t\t\t\t\t\t<\/div>\n\t\t\t\t<\/div>\n\t\t\t\t<\/div>\n\t\t<div class=\"elementor-element elementor-element-f670d5e e-con-full e-flex e-con e-child\" data-id=\"f670d5e\" data-element_type=\"container\">\n\t\t\t\t<div class=\"elementor-element elementor-element-f3388a7 elementor-widget elementor-widget-image\" data-id=\"f3388a7\" data-element_type=\"widget\" data-widget_type=\"image.default\">\n\t\t\t\t<div class=\"elementor-widget-container\">\n\t\t\t\t\t\t\t\t\t\t\t\t\t\t\t<img decoding=\"async\" width=\"800\" height=\"495\" src=\"https:\/\/resources.tehnomax.me\/wp-content\/uploads\/2024\/08\/JBL_Wave_Vibe_Flex_Lifestyle_Image_Sound_Black_904x560px-1024x634.png\" class=\"attachment-large size-large wp-image-4406\" alt=\"\" srcset=\"https:\/\/resources.tehnomax.me\/wp-content\/uploads\/2024\/08\/JBL_Wave_Vibe_Flex_Lifestyle_Image_Sound_Black_904x560px-1024x634.png 1024w, https:\/\/resources.tehnomax.me\/wp-content\/uploads\/2024\/08\/JBL_Wave_Vibe_Flex_Lifestyle_Image_Sound_Black_904x560px-300x186.png 300w, https:\/\/resources.tehnomax.me\/wp-content\/uploads\/2024\/08\/JBL_Wave_Vibe_Flex_Lifestyle_Image_Sound_Black_904x560px-768x476.png 768w, https:\/\/resources.tehnomax.me\/wp-content\/uploads\/2024\/08\/JBL_Wave_Vibe_Flex_Lifestyle_Image_Sound_Black_904x560px.png 1356w\" sizes=\"(max-width: 800px) 100vw, 800px\" \/>\t\t\t\t\t\t\t\t\t\t\t\t\t\t\t<\/div>\n\t\t\t\t<\/div>\n\t\t\t\t<\/div>\n\t\t\t\t<\/div>\n\t\t<div class=\"elementor-element elementor-element-f377b06 e-con-full e-flex e-con e-parent\" data-id=\"f377b06\" data-element_type=\"container\">\n\t\t<div class=\"elementor-element elementor-element-44c1775 e-con-full e-flex e-con e-child\" data-id=\"44c1775\" data-element_type=\"container\">\n\t\t\t\t<div class=\"elementor-element elementor-element-c4a854e elementor-widget elementor-widget-image\" data-id=\"c4a854e\" data-element_type=\"widget\" data-widget_type=\"image.default\">\n\t\t\t\t<div class=\"elementor-widget-container\">\n\t\t\t\t\t\t\t\t\t\t\t\t\t\t\t<img decoding=\"async\" width=\"800\" height=\"496\" src=\"https:\/\/resources.tehnomax.me\/wp-content\/uploads\/2024\/08\/JBL_Wave_Vibe_Flex_-Lifestyle_Image_Beige_904x560px.png\" class=\"attachment-large size-large wp-image-4407\" alt=\"\" srcset=\"https:\/\/resources.tehnomax.me\/wp-content\/uploads\/2024\/08\/JBL_Wave_Vibe_Flex_-Lifestyle_Image_Beige_904x560px.png 904w, https:\/\/resources.tehnomax.me\/wp-content\/uploads\/2024\/08\/JBL_Wave_Vibe_Flex_-Lifestyle_Image_Beige_904x560px-300x186.png 300w, https:\/\/resources.tehnomax.me\/wp-content\/uploads\/2024\/08\/JBL_Wave_Vibe_Flex_-Lifestyle_Image_Beige_904x560px-768x476.png 768w\" sizes=\"(max-width: 800px) 100vw, 800px\" \/>\t\t\t\t\t\t\t\t\t\t\t\t\t\t\t<\/div>\n\t\t\t\t<\/div>\n\t\t\t\t<\/div>\n\t\t<div class=\"elementor-element elementor-element-6ddf71d e-con-full e-flex e-con e-child\" data-id=\"6ddf71d\" data-element_type=\"container\">\n\t\t\t\t<div class=\"elementor-element elementor-element-f260a2b elementor-widget-divider--view-line elementor-widget elementor-widget-divider\" data-id=\"f260a2b\" data-element_type=\"widget\" data-widget_type=\"divider.default\">\n\t\t\t\t<div class=\"elementor-widget-container\">\n\t\t\t\t\t\t\t<div class=\"elementor-divider\">\n\t\t\t<span class=\"elementor-divider-separator\">\n\t\t\t\t\t\t<\/span>\n\t\t<\/div>\n\t\t\t\t\t\t<\/div>\n\t\t\t\t<\/div>\n\t\t\t\t<div class=\"elementor-element elementor-element-93f8aa1 elementor-widget elementor-widget-heading\" data-id=\"93f8aa1\" data-element_type=\"widget\" data-widget_type=\"heading.default\">\n\t\t\t\t<div class=\"elementor-widget-container\">\n\t\t\t\t\t<h2 class=\"elementor-heading-title elementor-size-default\">Do 32 (8h + 24h) ukupno sati trajanja baterije uz brzo punjenje<\/h2>\t\t\t\t<\/div>\n\t\t\t\t<\/div>\n\t\t\t\t<div class=\"elementor-element elementor-element-f5dc192 elementor-widget elementor-widget-text-editor\" data-id=\"f5dc192\" data-element_type=\"widget\" data-widget_type=\"text-editor.default\">\n\t\t\t\t<div class=\"elementor-widget-container\">\n\t\t\t\t\t\t\t\t\t<div class=\"lifestyle-feature\"><div class=\"feature-text\"><div class=\"pdp-lifestyle-features-container\"><div class=\"lifestyle-feature\"><div class=\"feature-text\"><p><span>Sa 8 sati trajanja baterije u slu\u0161alicama i 24 u ku\u0107i\u0161tu, JBL Vibe Flex pru\u017ea cjelodnevni zvuk. A kada vam treba vi\u0161e energije, mo\u017eete ubrzati punjenje dodatnih dva sata za samo 10 minuta.<\/span><\/p><\/div><\/div><\/div><\/div><\/div>\t\t\t\t\t\t\t\t<\/div>\n\t\t\t\t<\/div>\n\t\t\t\t<\/div>\n\t\t\t\t<\/div>\n\t\t<div class=\"elementor-element elementor-element-e3c833e e-grid e-con-boxed e-con e-parent\" data-id=\"e3c833e\" data-element_type=\"container\">\n\t\t\t\t\t<div class=\"e-con-inner\">\n\t\t\t\t<div class=\"elementor-element elementor-element-e8a28d3 elementor-widget elementor-widget-html\" data-id=\"e8a28d3\" data-element_type=\"widget\" data-widget_type=\"html.default\">\n\t\t\t\t<div class=\"elementor-widget-container\">\n\t\t\t\t\t<script src=https:\/\/ajax.googleapis.com\/ajax\/libs\/jquery\/1.11.0\/jquery.min.js><\/script><script type=\"text\/javascript\" src=https:\/\/www.tehnomax.me\/common\/javascript\/iframe-resizer\/iframeResizer.contentWindow.min.js defer><\/script>\t\t\t\t<\/div>\n\t\t\t\t<\/div>\n\t\t\t\t\t<\/div>\n\t\t\t\t<\/div>\n\t\t<div class=\"elementor-element elementor-element-9f6222e e-flex e-con-boxed e-con e-parent\" data-id=\"9f6222e\" data-element_type=\"container\">\n\t\t\t\t\t<div class=\"e-con-inner\">\n\t\t\t\t<div class=\"elementor-element elementor-element-12aa086 elementor-widget elementor-widget-heading\" data-id=\"12aa086\" data-element_type=\"widget\" data-widget_type=\"heading.default\">\n\t\t\t\t<div class=\"elementor-widget-container\">\n\t\t\t\t\t<h2 class=\"elementor-heading-title elementor-size-default\">KARAKTERISTIKE<\/h2>\t\t\t\t<\/div>\n\t\t\t\t<\/div>\n\t\t\t\t\t<\/div>\n\t\t\t\t<\/div>\n\t\t<div class=\"elementor-element elementor-element-85477eb e-flex e-con-boxed e-con e-parent\" data-id=\"85477eb\" data-element_type=\"container\">\n\t\t\t\t\t<div class=\"e-con-inner\">\n\t\t<div class=\"elementor-element elementor-element-d70c8f1 e-con-full e-flex e-con e-child\" data-id=\"d70c8f1\" data-element_type=\"container\">\n\t\t\t\t<div class=\"elementor-element elementor-element-d78a5dc elementor-widget elementor-widget-image\" data-id=\"d78a5dc\" data-element_type=\"widget\" data-widget_type=\"image.default\">\n\t\t\t\t<div class=\"elementor-widget-container\">\n\t\t\t\t\t\t\t\t\t\t\t\t\t\t\t<img loading=\"lazy\" decoding=\"async\" width=\"55\" height=\"55\" src=\"https:\/\/resources.tehnomax.me\/wp-content\/uploads\/2024\/08\/Ambient-Aware.png\" class=\"attachment-large size-large wp-image-4388\" alt=\"\" \/>\t\t\t\t\t\t\t\t\t\t\t\t\t\t\t<\/div>\n\t\t\t\t<\/div>\n\t\t\t\t<div class=\"elementor-element elementor-element-9617185 elementor-widget elementor-widget-heading\" data-id=\"9617185\" data-element_type=\"widget\" data-widget_type=\"heading.default\">\n\t\t\t\t<div class=\"elementor-widget-container\">\n\t\t\t\t\t<h2 class=\"elementor-heading-title elementor-size-default\">Budite svjesni okoline<\/h2>\t\t\t\t<\/div>\n\t\t\t\t<\/div>\n\t\t\t\t<div class=\"elementor-element elementor-element-be20128 elementor-widget elementor-widget-text-editor\" data-id=\"be20128\" data-element_type=\"widget\" data-widget_type=\"text-editor.default\">\n\t\t\t\t<div class=\"elementor-widget-container\">\n\t\t\t\t\t\t\t\t\t<div class=\"flex max-w-full flex-col flex-grow\"><div class=\"min-h-[20px] text-message flex w-full flex-col items-end gap-2 whitespace-pre-wrap break-words [.text-message+&amp;]:mt-5 overflow-x-auto\" dir=\"auto\" data-message-author-role=\"assistant\" data-message-id=\"e99a3a72-e1ce-4b3e-97f5-45c9e89a05ea\"><div class=\"flex w-full flex-col gap-1 empty:hidden first:pt-[3px]\"><div class=\"markdown prose w-full break-words dark:prose-invert light\"><p>Krenite bilo gdje i \u010dujte sve uz Smart Ambient tehnologiju. Kada trebate stati na trenutak za brzi razgovor, TalkThru vam omogu\u0107ava da odmah \u010dujete sebe i ljude oko vas, bez potrebe da vadite slu\u0161alice. Ili koristite Ambient Aware da nastavite s muzikom dok ostajete svjesni svoje okoline.<\/p><\/div><\/div><\/div><\/div>\t\t\t\t\t\t\t\t<\/div>\n\t\t\t\t<\/div>\n\t\t\t\t<\/div>\n\t\t<div class=\"elementor-element elementor-element-920fe98 e-con-full e-flex e-con e-child\" data-id=\"920fe98\" data-element_type=\"container\">\n\t\t\t\t<div class=\"elementor-element elementor-element-e276f41 elementor-widget elementor-widget-image\" data-id=\"e276f41\" data-element_type=\"widget\" data-widget_type=\"image.default\">\n\t\t\t\t<div class=\"elementor-widget-container\">\n\t\t\t\t\t\t\t\t\t\t\t\t\t\t\t<img loading=\"lazy\" decoding=\"async\" width=\"70\" height=\"70\" src=\"https:\/\/resources.tehnomax.me\/wp-content\/uploads\/2024\/08\/icon_JBL_Works_with_Voice_Control.png\" class=\"attachment-large size-large wp-image-4397\" alt=\"\" \/>\t\t\t\t\t\t\t\t\t\t\t\t\t\t\t<\/div>\n\t\t\t\t<\/div>\n\t\t\t\t<div class=\"elementor-element elementor-element-12fcef1 elementor-widget elementor-widget-heading\" data-id=\"12fcef1\" data-element_type=\"widget\" data-widget_type=\"heading.default\">\n\t\t\t\t<div class=\"elementor-widget-container\">\n\t\t\t\t\t<h2 class=\"elementor-heading-title elementor-size-default\">Hands-free pozivi uz VoiceAware<\/h2>\t\t\t\t<\/div>\n\t\t\t\t<\/div>\n\t\t\t\t<div class=\"elementor-element elementor-element-502bb2f elementor-widget elementor-widget-text-editor\" data-id=\"502bb2f\" data-element_type=\"widget\" data-widget_type=\"text-editor.default\">\n\t\t\t\t<div class=\"elementor-widget-container\">\n\t\t\t\t\t\t\t\t\t<div class=\"flex max-w-full flex-col flex-grow\"><div class=\"min-h-[20px] text-message flex w-full flex-col items-end gap-2 whitespace-pre-wrap break-words [.text-message+&amp;]:mt-5 overflow-x-auto\" dir=\"auto\" data-message-author-role=\"assistant\" data-message-id=\"d7babc2b-a5a4-4a8e-b3ce-b540f287cbf3\"><div class=\"flex w-full flex-col gap-1 empty:hidden first:pt-[3px]\"><div class=\"markdown prose w-full break-words dark:prose-invert light\"><p>Dok obavljate stereo pozive bez ruku u pokretu, funkcija VoiceAware vam omogu\u0107ava da prilagodite koliko svog vlastitog glasa \u010dujete dok razgovarate s drugima.<\/p><\/div><\/div><\/div><\/div>\t\t\t\t\t\t\t\t<\/div>\n\t\t\t\t<\/div>\n\t\t\t\t<\/div>\n\t\t<div class=\"elementor-element elementor-element-6149a6e e-con-full e-flex e-con e-child\" data-id=\"6149a6e\" data-element_type=\"container\">\n\t\t\t\t<div class=\"elementor-element elementor-element-4379a14 elementor-widget elementor-widget-image\" data-id=\"4379a14\" data-element_type=\"widget\" data-widget_type=\"image.default\">\n\t\t\t\t<div class=\"elementor-widget-container\">\n\t\t\t\t\t\t\t\t\t\t\t\t\t\t\t<img loading=\"lazy\" decoding=\"async\" width=\"70\" height=\"70\" src=\"https:\/\/resources.tehnomax.me\/wp-content\/uploads\/2024\/08\/icon_JBL_IP67_Waterproof__Dustproof.png\" class=\"attachment-large size-large wp-image-4398\" alt=\"\" \/>\t\t\t\t\t\t\t\t\t\t\t\t\t\t\t<\/div>\n\t\t\t\t<\/div>\n\t\t\t\t<div class=\"elementor-element elementor-element-0720337 elementor-widget elementor-widget-heading\" data-id=\"0720337\" data-element_type=\"widget\" data-widget_type=\"heading.default\">\n\t\t\t\t<div class=\"elementor-widget-container\">\n\t\t\t\t\t<h2 class=\"elementor-heading-title elementor-size-default\">Otporan na vodu i pra\u0161inu<\/h2>\t\t\t\t<\/div>\n\t\t\t\t<\/div>\n\t\t\t\t<div class=\"elementor-element elementor-element-631a3c9 elementor-widget elementor-widget-text-editor\" data-id=\"631a3c9\" data-element_type=\"widget\" data-widget_type=\"text-editor.default\">\n\t\t\t\t<div class=\"elementor-widget-container\">\n\t\t\t\t\t\t\t\t\t<div class=\"flex max-w-full flex-col flex-grow\"><div class=\"min-h-[20px] text-message flex w-full flex-col items-end gap-2 whitespace-pre-wrap break-words [.text-message+&amp;]:mt-5 overflow-x-auto\" dir=\"auto\" data-message-author-role=\"assistant\" data-message-id=\"c779c37e-e9df-4064-9514-03a6ddb4616f\"><div class=\"flex w-full flex-col gap-1 empty:hidden first:pt-[3px]\"><div class=\"markdown prose w-full break-words dark:prose-invert light\"><p>Od pla\u017ee do biciklisti\u010dke staze, slu\u0161alice sa IP54 certifikatom i punja\u010d sa IPX2 certifikatom su otporne na vodu i pra\u0161inu za cjelodnevno kori\u0161\u0107enje.<\/p><\/div><\/div><\/div><\/div>\t\t\t\t\t\t\t\t<\/div>\n\t\t\t\t<\/div>\n\t\t\t\t<\/div>\n\t\t\t\t\t<\/div>\n\t\t\t\t<\/div>\n\t\t<div class=\"elementor-element elementor-element-ae58ad5 e-flex e-con-boxed e-con e-parent\" data-id=\"ae58ad5\" data-element_type=\"container\">\n\t\t\t\t\t<div class=\"e-con-inner\">\n\t\t<div class=\"elementor-element elementor-element-94fe933 e-con-full e-flex e-con e-child\" data-id=\"94fe933\" data-element_type=\"container\">\n\t\t\t\t<div class=\"elementor-element elementor-element-16ee7a5 elementor-widget elementor-widget-image\" data-id=\"16ee7a5\" data-element_type=\"widget\" data-widget_type=\"image.default\">\n\t\t\t\t<div class=\"elementor-widget-container\">\n\t\t\t\t\t\t\t\t\t\t\t\t\t\t\t<img loading=\"lazy\" decoding=\"async\" width=\"70\" height=\"70\" src=\"https:\/\/resources.tehnomax.me\/wp-content\/uploads\/2024\/08\/My-JBL-Headphones.png\" class=\"attachment-large size-large wp-image-4399\" alt=\"\" \/>\t\t\t\t\t\t\t\t\t\t\t\t\t\t\t<\/div>\n\t\t\t\t<\/div>\n\t\t\t\t<div class=\"elementor-element elementor-element-ad35405 elementor-widget elementor-widget-heading\" data-id=\"ad35405\" data-element_type=\"widget\" data-widget_type=\"heading.default\">\n\t\t\t\t<div class=\"elementor-widget-container\">\n\t\t\t\t\t<h2 class=\"elementor-heading-title elementor-size-default\">Kompatibilnost sa JBL Headphones aplikacijom<\/h2>\t\t\t\t<\/div>\n\t\t\t\t<\/div>\n\t\t\t\t<div class=\"elementor-element elementor-element-e090ceb elementor-widget elementor-widget-text-editor\" data-id=\"e090ceb\" data-element_type=\"widget\" data-widget_type=\"text-editor.default\">\n\t\t\t\t<div class=\"elementor-widget-container\">\n\t\t\t\t\t\t\t\t\t<div class=\"flex max-w-full flex-col flex-grow\"><div class=\"min-h-[20px] text-message flex w-full flex-col items-end gap-2 whitespace-pre-wrap break-words [.text-message+&amp;]:mt-5 overflow-x-auto\" dir=\"auto\" data-message-author-role=\"assistant\" data-message-id=\"e99a3a72-e1ce-4b3e-97f5-45c9e89a05ea\"><div class=\"flex w-full flex-col gap-1 empty:hidden first:pt-[3px]\"><div class=\"markdown prose w-full break-words dark:prose-invert light\"><div class=\"flex max-w-full flex-col flex-grow\"><div class=\"min-h-[20px] text-message flex w-full flex-col items-end gap-2 whitespace-pre-wrap break-words [.text-message+&amp;]:mt-5 overflow-x-auto\" dir=\"auto\" data-message-author-role=\"assistant\" data-message-id=\"4357fa80-1790-40e0-89a6-710490fa603e\"><div class=\"flex w-full flex-col gap-1 empty:hidden first:pt-[3px]\"><div class=\"markdown prose w-full break-words dark:prose-invert light\"><p>Slu\u0161ajte cijeli dan na svoj na\u010din. Prilagodite svoj omiljeni zvuk putem posve\u0107ene aplikacije i transformi\u0161ite JBL Vibe Beam u svog idealnog audio saputnika.<\/p><\/div><\/div><\/div><\/div><\/div><\/div><\/div><\/div>\t\t\t\t\t\t\t\t<\/div>\n\t\t\t\t<\/div>\n\t\t\t\t<\/div>\n\t\t\t\t\t<\/div>\n\t\t\t\t<\/div>\n\t\t\t\t<\/div>\n\t\t","protected":false},"excerpt":{"rendered":"<p>JBL duboki bas zvuk Iskoristite maksimum iz svojih mikseva uz zvuk visokog kvaliteta iz sigurnih, pouzdanih slu\u0161alica sa 12 mm drajverima koji sadr\u017ee JBL Deep Bass Sound. Udoban dizajn Ergonomski, otvoreni dizajn JBL Vibe Flexa pristaje tako udobno da mo\u017eete zaboraviti da ih nosite. Otvoreni dizajn omogu\u0107ava vam da u\u017eivate u svim zvukovima bez blokiranja [&hellip;]<\/p>\n","protected":false},"author":1,"featured_media":0,"parent":0,"menu_order":0,"comment_status":"closed","ping_status":"closed","template":"elementor_canvas","meta":{"footnotes":""},"class_list":["post-4403","page","type-page","status-publish","hentry"],"_links":{"self":[{"href":"https:\/\/resources.tehnomax.me\/index.php?rest_route=\/wp\/v2\/pages\/4403","targetHints":{"allow":["GET"]}}],"collection":[{"href":"https:\/\/resources.tehnomax.me\/index.php?rest_route=\/wp\/v2\/pages"}],"about":[{"href":"https:\/\/resources.tehnomax.me\/index.php?rest_route=\/wp\/v2\/types\/page"}],"author":[{"embeddable":true,"href":"https:\/\/resources.tehnomax.me\/index.php?rest_route=\/wp\/v2\/users\/1"}],"replies":[{"embeddable":true,"href":"https:\/\/resources.tehnomax.me\/index.php?rest_route=%2Fwp%2Fv2%2Fcomments&post=4403"}],"version-history":[{"count":4,"href":"https:\/\/resources.tehnomax.me\/index.php?rest_route=\/wp\/v2\/pages\/4403\/revisions"}],"predecessor-version":[{"id":4410,"href":"https:\/\/resources.tehnomax.me\/index.php?rest_route=\/wp\/v2\/pages\/4403\/revisions\/4410"}],"wp:attachment":[{"href":"https:\/\/resources.tehnomax.me\/index.php?rest_route=%2Fwp%2Fv2%2Fmedia&parent=4403"}],"curies":[{"name":"wp","href":"https:\/\/api.w.org\/{rel}","templated":true}]}}