{"id":4288,"date":"2024-08-07T12:13:47","date_gmt":"2024-08-07T12:13:47","guid":{"rendered":"https:\/\/resources.tehnomax.me\/?page_id=4288"},"modified":"2024-08-07T12:14:58","modified_gmt":"2024-08-07T12:14:58","slug":"jbl-tune-500-3-5mm","status":"publish","type":"page","link":"https:\/\/resources.tehnomax.me\/?page_id=4288","title":{"rendered":"JBL Tune 500 3.5mm"},"content":{"rendered":"\t\t<div data-elementor-type=\"wp-page\" data-elementor-id=\"4288\" class=\"elementor elementor-4288\" data-elementor-post-type=\"page\">\n\t\t\t\t<div class=\"elementor-element elementor-element-9563e12 e-con-full e-flex e-con e-parent\" data-id=\"9563e12\" data-element_type=\"container\">\n\t\t<div class=\"elementor-element elementor-element-8ca0bac e-con-full e-flex e-con e-child\" data-id=\"8ca0bac\" data-element_type=\"container\">\n\t\t\t\t<div class=\"elementor-element elementor-element-5bbfa23 elementor-widget elementor-widget-image\" data-id=\"5bbfa23\" data-element_type=\"widget\" data-widget_type=\"image.default\">\n\t\t\t\t<div class=\"elementor-widget-container\">\n\t\t\t\t\t\t\t\t\t\t\t\t\t\t\t<img fetchpriority=\"high\" decoding=\"async\" width=\"1356\" height=\"840\" src=\"https:\/\/resources.tehnomax.me\/wp-content\/uploads\/2024\/08\/JBL_Tune500_Black_Feature01-1.png\" class=\"attachment-full size-full wp-image-4290\" alt=\"\" srcset=\"https:\/\/resources.tehnomax.me\/wp-content\/uploads\/2024\/08\/JBL_Tune500_Black_Feature01-1.png 1356w, https:\/\/resources.tehnomax.me\/wp-content\/uploads\/2024\/08\/JBL_Tune500_Black_Feature01-1-300x186.png 300w, https:\/\/resources.tehnomax.me\/wp-content\/uploads\/2024\/08\/JBL_Tune500_Black_Feature01-1-1024x634.png 1024w, https:\/\/resources.tehnomax.me\/wp-content\/uploads\/2024\/08\/JBL_Tune500_Black_Feature01-1-768x476.png 768w\" sizes=\"(max-width: 1356px) 100vw, 1356px\" \/>\t\t\t\t\t\t\t\t\t\t\t\t\t\t\t<\/div>\n\t\t\t\t<\/div>\n\t\t\t\t<\/div>\n\t\t<div class=\"elementor-element elementor-element-65ac96f e-con-full e-flex e-con e-child\" data-id=\"65ac96f\" data-element_type=\"container\">\n\t\t\t\t<div class=\"elementor-element elementor-element-cc28640 elementor-widget-divider--view-line elementor-widget elementor-widget-divider\" data-id=\"cc28640\" data-element_type=\"widget\" data-widget_type=\"divider.default\">\n\t\t\t\t<div class=\"elementor-widget-container\">\n\t\t\t\t\t\t\t<div class=\"elementor-divider\">\n\t\t\t<span class=\"elementor-divider-separator\">\n\t\t\t\t\t\t<\/span>\n\t\t<\/div>\n\t\t\t\t\t\t<\/div>\n\t\t\t\t<\/div>\n\t\t\t\t<div class=\"elementor-element elementor-element-2d5f737 elementor-widget elementor-widget-heading\" data-id=\"2d5f737\" data-element_type=\"widget\" data-widget_type=\"heading.default\">\n\t\t\t\t<div class=\"elementor-widget-container\">\n\t\t\t\t\t<h2 class=\"elementor-heading-title elementor-size-default\">JBL PURE BASS ZVUK\n\n\n<\/h2>\t\t\t\t<\/div>\n\t\t\t\t<\/div>\n\t\t\t\t<div class=\"elementor-element elementor-element-c90d833 elementor-widget elementor-widget-text-editor\" data-id=\"c90d833\" data-element_type=\"widget\" data-widget_type=\"text-editor.default\">\n\t\t\t\t<div class=\"elementor-widget-container\">\n\t\t\t\t\t\t\t\t\t<div class=\"flex max-w-full flex-col flex-grow\"><div class=\"min-h-[20px] text-message flex w-full flex-col items-end gap-2 whitespace-pre-wrap break-words [.text-message+&amp;]:mt-5 overflow-x-auto\" dir=\"auto\" data-message-author-role=\"assistant\" data-message-id=\"989c75f6-d902-412e-a08a-05574f45fba1\"><div class=\"flex w-full flex-col gap-1 empty:hidden first:pt-[3px]\"><div class=\"markdown prose w-full break-words dark:prose-invert light\"><p>Karakteri\u0161e ga poznati JBL Pure Bass zvuk, prisutan u najpoznatijim mjestima \u0161irom sveta.<\/p><\/div><\/div><\/div><\/div>\t\t\t\t\t\t\t\t<\/div>\n\t\t\t\t<\/div>\n\t\t\t\t<\/div>\n\t\t\t\t<\/div>\n\t\t<div class=\"elementor-element elementor-element-3b5a6ca e-con-full e-flex e-con e-parent\" data-id=\"3b5a6ca\" data-element_type=\"container\">\n\t\t<div class=\"elementor-element elementor-element-005a820 e-con-full e-flex e-con e-child\" data-id=\"005a820\" data-element_type=\"container\">\n\t\t\t\t<div class=\"elementor-element elementor-element-99239ad elementor-widget-divider--view-line elementor-widget elementor-widget-divider\" data-id=\"99239ad\" data-element_type=\"widget\" data-widget_type=\"divider.default\">\n\t\t\t\t<div class=\"elementor-widget-container\">\n\t\t\t\t\t\t\t<div class=\"elementor-divider\">\n\t\t\t<span class=\"elementor-divider-separator\">\n\t\t\t\t\t\t<\/span>\n\t\t<\/div>\n\t\t\t\t\t\t<\/div>\n\t\t\t\t<\/div>\n\t\t\t\t<div class=\"elementor-element elementor-element-9492821 elementor-widget elementor-widget-heading\" data-id=\"9492821\" data-element_type=\"widget\" data-widget_type=\"heading.default\">\n\t\t\t\t<div class=\"elementor-widget-container\">\n\t\t\t\t\t<h2 class=\"elementor-heading-title elementor-size-default\">DALJINSKI MIKROFON SA JEDNIM DUGMETOM\n\n<\/h2>\t\t\t\t<\/div>\n\t\t\t\t<\/div>\n\t\t\t\t<div class=\"elementor-element elementor-element-cc943f8 elementor-widget elementor-widget-text-editor\" data-id=\"cc943f8\" data-element_type=\"widget\" data-widget_type=\"text-editor.default\">\n\t\t\t\t<div class=\"elementor-widget-container\">\n\t\t\t\t\t\t\t\t\t<p>Jednim dugmetom lako kontroli\u0161ete muziku, pozive i pristup Siri\/Google Now.<\/p>\t\t\t\t\t\t\t\t<\/div>\n\t\t\t\t<\/div>\n\t\t\t\t<\/div>\n\t\t<div class=\"elementor-element elementor-element-f670d5e e-con-full e-flex e-con e-child\" data-id=\"f670d5e\" data-element_type=\"container\">\n\t\t\t\t<div class=\"elementor-element elementor-element-f3388a7 elementor-widget elementor-widget-image\" data-id=\"f3388a7\" data-element_type=\"widget\" data-widget_type=\"image.default\">\n\t\t\t\t<div class=\"elementor-widget-container\">\n\t\t\t\t\t\t\t\t\t\t\t\t\t\t\t<img decoding=\"async\" width=\"800\" height=\"495\" src=\"https:\/\/resources.tehnomax.me\/wp-content\/uploads\/2024\/08\/JBL_Tune500_White_Feature03-1024x634.png\" class=\"attachment-large size-large wp-image-4291\" alt=\"\" srcset=\"https:\/\/resources.tehnomax.me\/wp-content\/uploads\/2024\/08\/JBL_Tune500_White_Feature03-1024x634.png 1024w, https:\/\/resources.tehnomax.me\/wp-content\/uploads\/2024\/08\/JBL_Tune500_White_Feature03-300x186.png 300w, https:\/\/resources.tehnomax.me\/wp-content\/uploads\/2024\/08\/JBL_Tune500_White_Feature03-768x476.png 768w, https:\/\/resources.tehnomax.me\/wp-content\/uploads\/2024\/08\/JBL_Tune500_White_Feature03.png 1356w\" sizes=\"(max-width: 800px) 100vw, 800px\" \/>\t\t\t\t\t\t\t\t\t\t\t\t\t\t\t<\/div>\n\t\t\t\t<\/div>\n\t\t\t\t<\/div>\n\t\t\t\t<\/div>\n\t\t<div class=\"elementor-element elementor-element-65c80a1 e-con-full e-flex e-con e-parent\" data-id=\"65c80a1\" data-element_type=\"container\">\n\t\t<div class=\"elementor-element elementor-element-da7d04b e-con-full e-flex e-con e-child\" data-id=\"da7d04b\" data-element_type=\"container\">\n\t\t\t\t<div class=\"elementor-element elementor-element-8c11726 elementor-widget elementor-widget-image\" data-id=\"8c11726\" data-element_type=\"widget\" data-widget_type=\"image.default\">\n\t\t\t\t<div class=\"elementor-widget-container\">\n\t\t\t\t\t\t\t\t\t\t\t\t\t\t\t<img decoding=\"async\" width=\"800\" height=\"495\" src=\"https:\/\/resources.tehnomax.me\/wp-content\/uploads\/2024\/08\/JBL_Tune500_Black_Feature01-1-1-1024x634.png\" class=\"attachment-large size-large wp-image-4294\" alt=\"\" srcset=\"https:\/\/resources.tehnomax.me\/wp-content\/uploads\/2024\/08\/JBL_Tune500_Black_Feature01-1-1-1024x634.png 1024w, https:\/\/resources.tehnomax.me\/wp-content\/uploads\/2024\/08\/JBL_Tune500_Black_Feature01-1-1-300x186.png 300w, https:\/\/resources.tehnomax.me\/wp-content\/uploads\/2024\/08\/JBL_Tune500_Black_Feature01-1-1-768x476.png 768w, https:\/\/resources.tehnomax.me\/wp-content\/uploads\/2024\/08\/JBL_Tune500_Black_Feature01-1-1.png 1356w\" sizes=\"(max-width: 800px) 100vw, 800px\" \/>\t\t\t\t\t\t\t\t\t\t\t\t\t\t\t<\/div>\n\t\t\t\t<\/div>\n\t\t\t\t<\/div>\n\t\t<div class=\"elementor-element elementor-element-f0572b4 e-con-full e-flex e-con e-child\" data-id=\"f0572b4\" data-element_type=\"container\">\n\t\t\t\t<div class=\"elementor-element elementor-element-008d9af elementor-widget-divider--view-line elementor-widget elementor-widget-divider\" data-id=\"008d9af\" data-element_type=\"widget\" data-widget_type=\"divider.default\">\n\t\t\t\t<div class=\"elementor-widget-container\">\n\t\t\t\t\t\t\t<div class=\"elementor-divider\">\n\t\t\t<span class=\"elementor-divider-separator\">\n\t\t\t\t\t\t<\/span>\n\t\t<\/div>\n\t\t\t\t\t\t<\/div>\n\t\t\t\t<\/div>\n\t\t\t\t<div class=\"elementor-element elementor-element-038287e elementor-widget elementor-widget-heading\" data-id=\"038287e\" data-element_type=\"widget\" data-widget_type=\"heading.default\">\n\t\t\t\t<div class=\"elementor-widget-container\">\n\t\t\t\t\t<h2 class=\"elementor-heading-title elementor-size-default\">LAKI I SKLOPIVI DIZAJN\n\n<\/h2>\t\t\t\t<\/div>\n\t\t\t\t<\/div>\n\t\t\t\t<div class=\"elementor-element elementor-element-c1bd198 elementor-widget elementor-widget-text-editor\" data-id=\"c1bd198\" data-element_type=\"widget\" data-widget_type=\"text-editor.default\">\n\t\t\t\t<div class=\"elementor-widget-container\">\n\t\t\t\t\t\t\t\t\t<div class=\"flex max-w-full flex-col flex-grow\"><div class=\"min-h-[20px] text-message flex w-full flex-col items-end gap-2 whitespace-pre-wrap break-words [.text-message+&amp;]:mt-5 overflow-x-auto\" dir=\"auto\" data-message-author-role=\"assistant\" data-message-id=\"7031d337-06f3-4742-b25c-5f0664f74641\"><div class=\"flex w-full flex-col gap-1 empty:hidden first:pt-[3px]\"><div class=\"markdown prose w-full break-words dark:prose-invert light\"><p>Lagani materijali i sklopivi dizajn omogu\u0107avaju jednostavno preno\u0161enje slu\u0161alica bilo gde i u bilo kojem trenutku kada vam je potrebna muzika.<\/p><\/div><\/div><\/div><\/div>\t\t\t\t\t\t\t\t<\/div>\n\t\t\t\t<\/div>\n\t\t\t\t<\/div>\n\t\t\t\t<\/div>\n\t\t<div class=\"elementor-element elementor-element-9f6222e e-flex e-con-boxed e-con e-parent\" data-id=\"9f6222e\" data-element_type=\"container\">\n\t\t\t\t\t<div class=\"e-con-inner\">\n\t\t\t\t<div class=\"elementor-element elementor-element-12aa086 elementor-widget elementor-widget-heading\" data-id=\"12aa086\" data-element_type=\"widget\" data-widget_type=\"heading.default\">\n\t\t\t\t<div class=\"elementor-widget-container\">\n\t\t\t\t\t<h2 class=\"elementor-heading-title elementor-size-default\">KARAKTERISTIKE<\/h2>\t\t\t\t<\/div>\n\t\t\t\t<\/div>\n\t\t\t\t\t<\/div>\n\t\t\t\t<\/div>\n\t\t<div class=\"elementor-element elementor-element-85477eb e-flex e-con-boxed e-con e-parent\" data-id=\"85477eb\" data-element_type=\"container\">\n\t\t\t\t\t<div class=\"e-con-inner\">\n\t\t<div class=\"elementor-element elementor-element-d70c8f1 e-con-full e-flex e-con e-child\" data-id=\"d70c8f1\" data-element_type=\"container\">\n\t\t\t\t<div class=\"elementor-element elementor-element-d78a5dc elementor-widget elementor-widget-image\" data-id=\"d78a5dc\" data-element_type=\"widget\" data-widget_type=\"image.default\">\n\t\t\t\t<div class=\"elementor-widget-container\">\n\t\t\t\t\t\t\t\t\t\t\t\t\t\t\t<img loading=\"lazy\" decoding=\"async\" width=\"66\" height=\"66\" src=\"https:\/\/resources.tehnomax.me\/wp-content\/uploads\/2024\/08\/JBL_Tangle_free_Cable-Icon-1.png\" class=\"attachment-large size-large wp-image-4292\" alt=\"\" \/>\t\t\t\t\t\t\t\t\t\t\t\t\t\t\t<\/div>\n\t\t\t\t<\/div>\n\t\t\t\t<div class=\"elementor-element elementor-element-9617185 elementor-widget elementor-widget-heading\" data-id=\"9617185\" data-element_type=\"widget\" data-widget_type=\"heading.default\">\n\t\t\t\t<div class=\"elementor-widget-container\">\n\t\t\t\t\t<h2 class=\"elementor-heading-title elementor-size-default\">Kabl bez zeptljavanja\n\n<\/h2>\t\t\t\t<\/div>\n\t\t\t\t<\/div>\n\t\t\t\t<div class=\"elementor-element elementor-element-be20128 elementor-widget elementor-widget-text-editor\" data-id=\"be20128\" data-element_type=\"widget\" data-widget_type=\"text-editor.default\">\n\t\t\t\t<div class=\"elementor-widget-container\">\n\t\t\t\t\t\t\t\t\t<p>Izdr\u017eljiv i ravni kabl spre\u010dava zapetljavanje i neprijatnosti dok ste u pokretu.<\/p><p>\u00a0<\/p>\t\t\t\t\t\t\t\t<\/div>\n\t\t\t\t<\/div>\n\t\t\t\t<\/div>\n\t\t<div class=\"elementor-element elementor-element-6149a6e e-con-full e-flex e-con e-child\" data-id=\"6149a6e\" data-element_type=\"container\">\n\t\t\t\t<div class=\"elementor-element elementor-element-4379a14 elementor-widget elementor-widget-image\" data-id=\"4379a14\" data-element_type=\"widget\" data-widget_type=\"image.default\">\n\t\t\t\t<div class=\"elementor-widget-container\">\n\t\t\t\t\t\t\t\t\t\t\t\t\t\t\t<img loading=\"lazy\" decoding=\"async\" width=\"70\" height=\"70\" src=\"https:\/\/resources.tehnomax.me\/wp-content\/uploads\/2024\/08\/JBL-HANDS-FREE-VOICE-CONTROL-icon.png\" class=\"attachment-large size-large wp-image-4293\" alt=\"\" \/>\t\t\t\t\t\t\t\t\t\t\t\t\t\t\t<\/div>\n\t\t\t\t<\/div>\n\t\t\t\t<div class=\"elementor-element elementor-element-0720337 elementor-widget elementor-widget-heading\" data-id=\"0720337\" data-element_type=\"widget\" data-widget_type=\"heading.default\">\n\t\t\t\t<div class=\"elementor-widget-container\">\n\t\t\t\t\t<h2 class=\"elementor-heading-title elementor-size-default\">Pitajte Siri ili Google Now<\/h2>\t\t\t\t<\/div>\n\t\t\t\t<\/div>\n\t\t\t\t<div class=\"elementor-element elementor-element-631a3c9 elementor-widget elementor-widget-text-editor\" data-id=\"631a3c9\" data-element_type=\"widget\" data-widget_type=\"text-editor.default\">\n\t\t\t\t<div class=\"elementor-widget-container\">\n\t\t\t\t\t\t\t\t\t<div class=\"flex max-w-full flex-col flex-grow\"><div class=\"min-h-[20px] text-message flex w-full flex-col items-end gap-2 whitespace-pre-wrap break-words [.text-message+&amp;]:mt-5 overflow-x-auto\" dir=\"auto\" data-message-author-role=\"assistant\" data-message-id=\"fcf74ad8-bf2c-4af3-a55d-f0eabbb68a41\"><div class=\"flex w-full flex-col gap-1 empty:hidden first:pt-[3px]\"><div class=\"markdown prose w-full break-words dark:prose-invert light\"><div class=\"flex max-w-full flex-col flex-grow\"><div class=\"min-h-[20px] text-message flex w-full flex-col items-end gap-2 whitespace-pre-wrap break-words [.text-message+&amp;]:mt-5 overflow-x-auto\" dir=\"auto\" data-message-author-role=\"assistant\" data-message-id=\"298b703a-b73b-4251-9fb9-2ce84652c226\"><div class=\"flex w-full flex-col gap-1 empty:hidden first:pt-[3px]\"><div class=\"markdown prose w-full break-words dark:prose-invert light\"><p>Siri ili Google Now su samo na dohvat ruke: aktivirajte glasovnog asistenta pritiskom na dugme na slu\u0161alicama.<\/p><\/div><\/div><\/div><\/div><div class=\"mt-1 flex gap-3 empty:hidden -ml-2\"><div class=\"items-center justify-start rounded-xl p-1 flex\"><div class=\"flex items-center\"><div class=\"flex\">\u00a0<\/div><div class=\"flex items-center pb-0\"><div class=\"[&amp;_svg]:h-full [&amp;_svg]:w-full icon-md h-4 w-4\">\u00a0<\/div><\/div><\/div><\/div><\/div><\/div><\/div><\/div><\/div>\t\t\t\t\t\t\t\t<\/div>\n\t\t\t\t<\/div>\n\t\t\t\t<\/div>\n\t\t\t\t\t<\/div>\n\t\t\t\t<\/div>\n\t\t<div class=\"elementor-element elementor-element-e3c833e e-grid e-con-boxed e-con e-parent\" data-id=\"e3c833e\" data-element_type=\"container\">\n\t\t\t\t\t<div class=\"e-con-inner\">\n\t\t\t\t<div class=\"elementor-element elementor-element-e8a28d3 elementor-widget elementor-widget-html\" data-id=\"e8a28d3\" data-element_type=\"widget\" data-widget_type=\"html.default\">\n\t\t\t\t<div class=\"elementor-widget-container\">\n\t\t\t\t\t<script src=https:\/\/ajax.googleapis.com\/ajax\/libs\/jquery\/1.11.0\/jquery.min.js><\/script><script type=\"text\/javascript\" src=https:\/\/www.tehnomax.me\/common\/javascript\/iframe-resizer\/iframeResizer.contentWindow.min.js defer><\/script>\t\t\t\t<\/div>\n\t\t\t\t<\/div>\n\t\t\t\t\t<\/div>\n\t\t\t\t<\/div>\n\t\t\t\t<\/div>\n\t\t","protected":false},"excerpt":{"rendered":"<p>JBL PURE BASS ZVUK Karakteri\u0161e ga poznati JBL Pure Bass zvuk, prisutan u najpoznatijim mjestima \u0161irom sveta. DALJINSKI MIKROFON SA JEDNIM DUGMETOM Jednim dugmetom lako kontroli\u0161ete muziku, pozive i pristup Siri\/Google Now. LAKI I SKLOPIVI DIZAJN Lagani materijali i sklopivi dizajn omogu\u0107avaju jednostavno preno\u0161enje slu\u0161alica bilo gde i u bilo kojem trenutku kada vam je [&hellip;]<\/p>\n","protected":false},"author":1,"featured_media":0,"parent":0,"menu_order":0,"comment_status":"closed","ping_status":"closed","template":"elementor_canvas","meta":{"footnotes":""},"class_list":["post-4288","page","type-page","status-publish","hentry"],"_links":{"self":[{"href":"https:\/\/resources.tehnomax.me\/index.php?rest_route=\/wp\/v2\/pages\/4288","targetHints":{"allow":["GET"]}}],"collection":[{"href":"https:\/\/resources.tehnomax.me\/index.php?rest_route=\/wp\/v2\/pages"}],"about":[{"href":"https:\/\/resources.tehnomax.me\/index.php?rest_route=\/wp\/v2\/types\/page"}],"author":[{"embeddable":true,"href":"https:\/\/resources.tehnomax.me\/index.php?rest_route=\/wp\/v2\/users\/1"}],"replies":[{"embeddable":true,"href":"https:\/\/resources.tehnomax.me\/index.php?rest_route=%2Fwp%2Fv2%2Fcomments&post=4288"}],"version-history":[{"count":4,"href":"https:\/\/resources.tehnomax.me\/index.php?rest_route=\/wp\/v2\/pages\/4288\/revisions"}],"predecessor-version":[{"id":4297,"href":"https:\/\/resources.tehnomax.me\/index.php?rest_route=\/wp\/v2\/pages\/4288\/revisions\/4297"}],"wp:attachment":[{"href":"https:\/\/resources.tehnomax.me\/index.php?rest_route=%2Fwp%2Fv2%2Fmedia&parent=4288"}],"curies":[{"name":"wp","href":"https:\/\/api.w.org\/{rel}","templated":true}]}}