{"id":4220,"date":"2024-08-07T08:09:58","date_gmt":"2024-08-07T08:09:58","guid":{"rendered":"https:\/\/resources.tehnomax.me\/?page_id=4220"},"modified":"2024-08-07T09:37:06","modified_gmt":"2024-08-07T09:37:06","slug":"jbl-charge-5-bt-2","status":"publish","type":"page","link":"https:\/\/resources.tehnomax.me\/?page_id=4220","title":{"rendered":"JBL Party Box 710"},"content":{"rendered":"\t\t<div data-elementor-type=\"wp-page\" data-elementor-id=\"4220\" class=\"elementor elementor-4220\" data-elementor-post-type=\"page\">\n\t\t\t\t<div class=\"elementor-element elementor-element-6118fed e-con-full e-flex e-con e-parent\" data-id=\"6118fed\" data-element_type=\"container\">\n\t\t\t\t<div class=\"elementor-element elementor-element-f5356c9 elementor-widget elementor-widget-image\" data-id=\"f5356c9\" data-element_type=\"widget\" data-widget_type=\"image.default\">\n\t\t\t\t<div class=\"elementor-widget-container\">\n\t\t\t\t\t\t\t\t\t\t\t\t\t\t\t<img fetchpriority=\"high\" decoding=\"async\" width=\"2104\" height=\"960\" src=\"https:\/\/resources.tehnomax.me\/wp-content\/uploads\/2024\/08\/JBL-PDP_AwardBanner_Partybox710_Desktop_1052x480px@2x.jpg\" class=\"attachment-full size-full wp-image-4221\" alt=\"\" srcset=\"https:\/\/resources.tehnomax.me\/wp-content\/uploads\/2024\/08\/JBL-PDP_AwardBanner_Partybox710_Desktop_1052x480px@2x.jpg 2104w, https:\/\/resources.tehnomax.me\/wp-content\/uploads\/2024\/08\/JBL-PDP_AwardBanner_Partybox710_Desktop_1052x480px@2x-300x137.jpg 300w, https:\/\/resources.tehnomax.me\/wp-content\/uploads\/2024\/08\/JBL-PDP_AwardBanner_Partybox710_Desktop_1052x480px@2x-1024x467.jpg 1024w, https:\/\/resources.tehnomax.me\/wp-content\/uploads\/2024\/08\/JBL-PDP_AwardBanner_Partybox710_Desktop_1052x480px@2x-768x350.jpg 768w, https:\/\/resources.tehnomax.me\/wp-content\/uploads\/2024\/08\/JBL-PDP_AwardBanner_Partybox710_Desktop_1052x480px@2x-1536x701.jpg 1536w, https:\/\/resources.tehnomax.me\/wp-content\/uploads\/2024\/08\/JBL-PDP_AwardBanner_Partybox710_Desktop_1052x480px@2x-2048x934.jpg 2048w\" sizes=\"(max-width: 2104px) 100vw, 2104px\" \/>\t\t\t\t\t\t\t\t\t\t\t\t\t\t\t<\/div>\n\t\t\t\t<\/div>\n\t\t\t\t<\/div>\n\t\t<div class=\"elementor-element elementor-element-9563e12 e-con-full e-flex e-con e-parent\" data-id=\"9563e12\" data-element_type=\"container\">\n\t\t<div class=\"elementor-element elementor-element-8ca0bac e-con-full e-flex e-con e-child\" data-id=\"8ca0bac\" data-element_type=\"container\">\n\t\t\t\t<div class=\"elementor-element elementor-element-5bbfa23 elementor-widget elementor-widget-image\" data-id=\"5bbfa23\" data-element_type=\"widget\" data-widget_type=\"image.default\">\n\t\t\t\t<div class=\"elementor-widget-container\">\n\t\t\t\t\t\t\t\t\t\t\t\t\t\t\t<img decoding=\"async\" width=\"800\" height=\"495\" src=\"https:\/\/resources.tehnomax.me\/wp-content\/uploads\/2024\/08\/JBL_Partybox_710__Lifestyle_03_905x560px-1-1024x634.png\" class=\"attachment-large size-large wp-image-4223\" alt=\"\" srcset=\"https:\/\/resources.tehnomax.me\/wp-content\/uploads\/2024\/08\/JBL_Partybox_710__Lifestyle_03_905x560px-1-1024x634.png 1024w, https:\/\/resources.tehnomax.me\/wp-content\/uploads\/2024\/08\/JBL_Partybox_710__Lifestyle_03_905x560px-1-300x186.png 300w, https:\/\/resources.tehnomax.me\/wp-content\/uploads\/2024\/08\/JBL_Partybox_710__Lifestyle_03_905x560px-1-768x476.png 768w, https:\/\/resources.tehnomax.me\/wp-content\/uploads\/2024\/08\/JBL_Partybox_710__Lifestyle_03_905x560px-1.png 1356w\" sizes=\"(max-width: 800px) 100vw, 800px\" \/>\t\t\t\t\t\t\t\t\t\t\t\t\t\t\t<\/div>\n\t\t\t\t<\/div>\n\t\t\t\t<\/div>\n\t\t<div class=\"elementor-element elementor-element-65ac96f e-con-full e-flex e-con e-child\" data-id=\"65ac96f\" data-element_type=\"container\">\n\t\t\t\t<div class=\"elementor-element elementor-element-cc28640 elementor-widget-divider--view-line elementor-widget elementor-widget-divider\" data-id=\"cc28640\" data-element_type=\"widget\" data-widget_type=\"divider.default\">\n\t\t\t\t<div class=\"elementor-widget-container\">\n\t\t\t\t\t\t\t<div class=\"elementor-divider\">\n\t\t\t<span class=\"elementor-divider-separator\">\n\t\t\t\t\t\t<\/span>\n\t\t<\/div>\n\t\t\t\t\t\t<\/div>\n\t\t\t\t<\/div>\n\t\t\t\t<div class=\"elementor-element elementor-element-2d5f737 elementor-widget elementor-widget-heading\" data-id=\"2d5f737\" data-element_type=\"widget\" data-widget_type=\"heading.default\">\n\t\t\t\t<div class=\"elementor-widget-container\">\n\t\t\t\t\t<h2 class=\"elementor-heading-title elementor-size-default\">800 W RMS mo\u0107nog JBL Originalnog Pro zvuka<\/h2>\t\t\t\t<\/div>\n\t\t\t\t<\/div>\n\t\t\t\t<div class=\"elementor-element elementor-element-c90d833 elementor-widget elementor-widget-text-editor\" data-id=\"c90d833\" data-element_type=\"widget\" data-widget_type=\"text-editor.default\">\n\t\t\t\t<div class=\"elementor-widget-container\">\n\t\t\t\t\t\t\t\t\t<p>Stvorite trenutnu muzi\u010dku vezu sa 800 mo\u0107nih vati JBL Original Pro zvuka visokih performansi. Dvostruki visokotonci od 2,75&#8243; i wooferi od 8&#8243; upareni sa svojim pode\u0161enim bas refleks portom daju detaljno audio savr\u0161enstvo za muziku tako glasnu da bukvalno mo\u017eete osjetiti ritam.<\/p>\t\t\t\t\t\t\t\t<\/div>\n\t\t\t\t<\/div>\n\t\t\t\t<\/div>\n\t\t\t\t<\/div>\n\t\t<div class=\"elementor-element elementor-element-3b5a6ca e-con-full e-flex e-con e-parent\" data-id=\"3b5a6ca\" data-element_type=\"container\">\n\t\t<div class=\"elementor-element elementor-element-005a820 e-con-full e-flex e-con e-child\" data-id=\"005a820\" data-element_type=\"container\">\n\t\t\t\t<div class=\"elementor-element elementor-element-99239ad elementor-widget-divider--view-line elementor-widget elementor-widget-divider\" data-id=\"99239ad\" data-element_type=\"widget\" data-widget_type=\"divider.default\">\n\t\t\t\t<div class=\"elementor-widget-container\">\n\t\t\t\t\t\t\t<div class=\"elementor-divider\">\n\t\t\t<span class=\"elementor-divider-separator\">\n\t\t\t\t\t\t<\/span>\n\t\t<\/div>\n\t\t\t\t\t\t<\/div>\n\t\t\t\t<\/div>\n\t\t\t\t<div class=\"elementor-element elementor-element-9492821 elementor-widget elementor-widget-heading\" data-id=\"9492821\" data-element_type=\"widget\" data-widget_type=\"heading.default\">\n\t\t\t\t<div class=\"elementor-widget-container\">\n\t\t\t\t\t<h2 class=\"elementor-heading-title elementor-size-default\">Dinami\u010dna, \u0161arena, prilagodljiva svjetlosna emisija\n<\/h2>\t\t\t\t<\/div>\n\t\t\t\t<\/div>\n\t\t\t\t<div class=\"elementor-element elementor-element-cc943f8 elementor-widget elementor-widget-text-editor\" data-id=\"cc943f8\" data-element_type=\"widget\" data-widget_type=\"text-editor.default\">\n\t\t\t\t<div class=\"elementor-widget-container\">\n\t\t\t\t\t\t\t\t\t<p>Svijetla, boje, zabava! Pretvorite bilo koji prostor u rok koncert, no\u0107ni klub i karaoke salon, sve u jednom. Sinhronizujte svoju muziku sa dinami\u010dnim, prilagodljivim stroboskopima, jedinstvenim efektom zvjezdane no\u0107i i trepere\u0107im klupskim oblicima sljede\u0107eg nivoa koji se lako kontroli\u0161u preko aerodinami\u010dnih, jednostavnih to\u010dki\u0107a na gornjoj plo\u010di ili aplikacije PartyBox.<\/p>\t\t\t\t\t\t\t\t<\/div>\n\t\t\t\t<\/div>\n\t\t\t\t<\/div>\n\t\t<div class=\"elementor-element elementor-element-f670d5e e-con-full e-flex e-con e-child\" data-id=\"f670d5e\" data-element_type=\"container\">\n\t\t\t\t<div class=\"elementor-element elementor-element-f3388a7 elementor-widget elementor-widget-image\" data-id=\"f3388a7\" data-element_type=\"widget\" data-widget_type=\"image.default\">\n\t\t\t\t<div class=\"elementor-widget-container\">\n\t\t\t\t\t\t\t\t\t\t\t\t\t\t\t<img decoding=\"async\" width=\"800\" height=\"495\" src=\"https:\/\/resources.tehnomax.me\/wp-content\/uploads\/2024\/08\/JBL_Partybox_710__Lifestyle_01_905x560px-1024x634.png\" class=\"attachment-large size-large wp-image-4222\" alt=\"\" srcset=\"https:\/\/resources.tehnomax.me\/wp-content\/uploads\/2024\/08\/JBL_Partybox_710__Lifestyle_01_905x560px-1024x634.png 1024w, https:\/\/resources.tehnomax.me\/wp-content\/uploads\/2024\/08\/JBL_Partybox_710__Lifestyle_01_905x560px-300x186.png 300w, https:\/\/resources.tehnomax.me\/wp-content\/uploads\/2024\/08\/JBL_Partybox_710__Lifestyle_01_905x560px-768x476.png 768w, https:\/\/resources.tehnomax.me\/wp-content\/uploads\/2024\/08\/JBL_Partybox_710__Lifestyle_01_905x560px.png 1356w\" sizes=\"(max-width: 800px) 100vw, 800px\" \/>\t\t\t\t\t\t\t\t\t\t\t\t\t\t\t<\/div>\n\t\t\t\t<\/div>\n\t\t\t\t<\/div>\n\t\t\t\t<\/div>\n\t\t<div class=\"elementor-element elementor-element-4da3c53 e-con-full e-flex e-con e-parent\" data-id=\"4da3c53\" data-element_type=\"container\">\n\t\t<div class=\"elementor-element elementor-element-2a73441 e-con-full e-flex e-con e-child\" data-id=\"2a73441\" data-element_type=\"container\">\n\t\t\t\t<div class=\"elementor-element elementor-element-49a6885 elementor-widget elementor-widget-image\" data-id=\"49a6885\" data-element_type=\"widget\" data-widget_type=\"image.default\">\n\t\t\t\t<div class=\"elementor-widget-container\">\n\t\t\t\t\t\t\t\t\t\t\t\t\t\t\t<img loading=\"lazy\" decoding=\"async\" width=\"800\" height=\"495\" src=\"https:\/\/resources.tehnomax.me\/wp-content\/uploads\/2024\/08\/JBL_Partybox_710__Lifestyle_02_905x560px-1024x634.jpg\" class=\"attachment-large size-large wp-image-4224\" alt=\"\" srcset=\"https:\/\/resources.tehnomax.me\/wp-content\/uploads\/2024\/08\/JBL_Partybox_710__Lifestyle_02_905x560px-1024x634.jpg 1024w, https:\/\/resources.tehnomax.me\/wp-content\/uploads\/2024\/08\/JBL_Partybox_710__Lifestyle_02_905x560px-300x186.jpg 300w, https:\/\/resources.tehnomax.me\/wp-content\/uploads\/2024\/08\/JBL_Partybox_710__Lifestyle_02_905x560px-768x476.jpg 768w, https:\/\/resources.tehnomax.me\/wp-content\/uploads\/2024\/08\/JBL_Partybox_710__Lifestyle_02_905x560px.jpg 1356w\" sizes=\"(max-width: 800px) 100vw, 800px\" \/>\t\t\t\t\t\t\t\t\t\t\t\t\t\t\t<\/div>\n\t\t\t\t<\/div>\n\t\t\t\t<\/div>\n\t\t<div class=\"elementor-element elementor-element-dd0be57 e-con-full e-flex e-con e-child\" data-id=\"dd0be57\" data-element_type=\"container\">\n\t\t\t\t<div class=\"elementor-element elementor-element-5f84e99 elementor-widget-divider--view-line elementor-widget elementor-widget-divider\" data-id=\"5f84e99\" data-element_type=\"widget\" data-widget_type=\"divider.default\">\n\t\t\t\t<div class=\"elementor-widget-container\">\n\t\t\t\t\t\t\t<div class=\"elementor-divider\">\n\t\t\t<span class=\"elementor-divider-separator\">\n\t\t\t\t\t\t<\/span>\n\t\t<\/div>\n\t\t\t\t\t\t<\/div>\n\t\t\t\t<\/div>\n\t\t\t\t<div class=\"elementor-element elementor-element-bb4ce87 elementor-widget elementor-widget-heading\" data-id=\"bb4ce87\" data-element_type=\"widget\" data-widget_type=\"heading.default\">\n\t\t\t\t<div class=\"elementor-widget-container\">\n\t\t\t\t\t<h2 class=\"elementor-heading-title elementor-size-default\">IPX4 otporan na prskanje<\/h2>\t\t\t\t<\/div>\n\t\t\t\t<\/div>\n\t\t\t\t<div class=\"elementor-element elementor-element-dcd6ae7 elementor-widget elementor-widget-text-editor\" data-id=\"dcd6ae7\" data-element_type=\"widget\" data-widget_type=\"text-editor.default\">\n\t\t\t\t<div class=\"elementor-widget-container\">\n\t\t\t\t\t\t\t\t\t<div class=\"flex max-w-full flex-col flex-grow\"><div class=\"min-h-[20px] text-message flex w-full flex-col items-end gap-2 whitespace-pre-wrap break-words [.text-message+&amp;]:mt-5 overflow-x-auto\" dir=\"auto\" data-message-author-role=\"assistant\" data-message-id=\"b0a4a688-9b85-4e9a-8877-295b161ecd6e\"><div class=\"flex w-full flex-col gap-1 empty:hidden first:pt-[3px]\"><div class=\"markdown prose w-full break-words dark:prose-invert light\"><p>Bilo da se zabavljate s prijateljima u svom dvori\u0161tu ili pijuckate pi\u0107e pored bazena, JBL PartyBox 710 je IPX4 otpornan na prskanje, tako da nikada ne morate brinuti da \u0107e zabava postati previ\u0161e mokra i divlja.<\/p><\/div><\/div><\/div><\/div>\t\t\t\t\t\t\t\t<\/div>\n\t\t\t\t<\/div>\n\t\t\t\t<\/div>\n\t\t\t\t<\/div>\n\t\t<div class=\"elementor-element elementor-element-e3c833e e-grid e-con-boxed e-con e-parent\" data-id=\"e3c833e\" data-element_type=\"container\">\n\t\t\t\t\t<div class=\"e-con-inner\">\n\t\t\t\t<div class=\"elementor-element elementor-element-e8a28d3 elementor-widget elementor-widget-html\" data-id=\"e8a28d3\" data-element_type=\"widget\" data-widget_type=\"html.default\">\n\t\t\t\t<div class=\"elementor-widget-container\">\n\t\t\t\t\t<script src=https:\/\/ajax.googleapis.com\/ajax\/libs\/jquery\/1.11.0\/jquery.min.js><\/script><script type=\"text\/javascript\" src=https:\/\/www.tehnomax.me\/common\/javascript\/iframe-resizer\/iframeResizer.contentWindow.min.js defer><\/script>\t\t\t\t<\/div>\n\t\t\t\t<\/div>\n\t\t\t\t\t<\/div>\n\t\t\t\t<\/div>\n\t\t<div class=\"elementor-element elementor-element-9f6222e e-flex e-con-boxed e-con e-parent\" data-id=\"9f6222e\" data-element_type=\"container\">\n\t\t\t\t\t<div class=\"e-con-inner\">\n\t\t\t\t<div class=\"elementor-element elementor-element-12aa086 elementor-widget elementor-widget-heading\" data-id=\"12aa086\" data-element_type=\"widget\" data-widget_type=\"heading.default\">\n\t\t\t\t<div class=\"elementor-widget-container\">\n\t\t\t\t\t<h2 class=\"elementor-heading-title elementor-size-default\">KARAKTERISTIKE<\/h2>\t\t\t\t<\/div>\n\t\t\t\t<\/div>\n\t\t\t\t\t<\/div>\n\t\t\t\t<\/div>\n\t\t<div class=\"elementor-element elementor-element-85477eb e-flex e-con-boxed e-con e-parent\" data-id=\"85477eb\" data-element_type=\"container\">\n\t\t\t\t\t<div class=\"e-con-inner\">\n\t\t<div class=\"elementor-element elementor-element-d70c8f1 e-con-full e-flex e-con e-child\" data-id=\"d70c8f1\" data-element_type=\"container\">\n\t\t\t\t<div class=\"elementor-element elementor-element-d78a5dc elementor-widget elementor-widget-image\" data-id=\"d78a5dc\" data-element_type=\"widget\" data-widget_type=\"image.default\">\n\t\t\t\t<div class=\"elementor-widget-container\">\n\t\t\t\t\t\t\t\t\t\t\t\t\t\t\t<img loading=\"lazy\" decoding=\"async\" width=\"70\" height=\"70\" src=\"https:\/\/resources.tehnomax.me\/wp-content\/uploads\/2024\/08\/icons_JBL_Pair_Up_Speakers.png\" class=\"attachment-large size-large wp-image-4225\" alt=\"\" \/>\t\t\t\t\t\t\t\t\t\t\t\t\t\t\t<\/div>\n\t\t\t\t<\/div>\n\t\t\t\t<div class=\"elementor-element elementor-element-9617185 elementor-widget elementor-widget-heading\" data-id=\"9617185\" data-element_type=\"widget\" data-widget_type=\"heading.default\">\n\t\t\t\t<div class=\"elementor-widget-container\">\n\t\t\t\t\t<h2 class=\"elementor-heading-title elementor-size-default\">Uparite zvu\u010dnike za jo\u0161 ja\u010di zvuk<\/h2>\t\t\t\t<\/div>\n\t\t\t\t<\/div>\n\t\t\t\t<div class=\"elementor-element elementor-element-be20128 elementor-widget elementor-widget-text-editor\" data-id=\"be20128\" data-element_type=\"widget\" data-widget_type=\"text-editor.default\">\n\t\t\t\t<div class=\"elementor-widget-container\">\n\t\t\t\t\t\t\t\t\t<p>Jedan JBL PartyBox nije dovoljan? Uparite dva zvu\u010dnika putem kabla ili Wireless by True Wireless Stereo (TWS) tehnologije za jo\u0161 ve\u0107i, hrabriji zvuk.<\/p>\t\t\t\t\t\t\t\t<\/div>\n\t\t\t\t<\/div>\n\t\t\t\t<\/div>\n\t\t<div class=\"elementor-element elementor-element-920fe98 e-con-full e-flex e-con e-child\" data-id=\"920fe98\" data-element_type=\"container\">\n\t\t\t\t<div class=\"elementor-element elementor-element-e276f41 elementor-widget elementor-widget-image\" data-id=\"e276f41\" data-element_type=\"widget\" data-widget_type=\"image.default\">\n\t\t\t\t<div class=\"elementor-widget-container\">\n\t\t\t\t\t\t\t\t\t\t\t\t\t\t\t<img loading=\"lazy\" decoding=\"async\" width=\"70\" height=\"70\" src=\"https:\/\/resources.tehnomax.me\/wp-content\/uploads\/2024\/08\/icons_JBL_Easy_Grip_Sturdy_Wheels.png\" class=\"attachment-large size-large wp-image-4226\" alt=\"\" \/>\t\t\t\t\t\t\t\t\t\t\t\t\t\t\t<\/div>\n\t\t\t\t<\/div>\n\t\t\t\t<div class=\"elementor-element elementor-element-12fcef1 elementor-widget elementor-widget-heading\" data-id=\"12fcef1\" data-element_type=\"widget\" data-widget_type=\"heading.default\">\n\t\t\t\t<div class=\"elementor-widget-container\">\n\t\t\t\t\t<h2 class=\"elementor-heading-title elementor-size-default\">Ru\u010dka koja se lako hvata i robusni to\u010dkovi<\/h2>\t\t\t\t<\/div>\n\t\t\t\t<\/div>\n\t\t\t\t<div class=\"elementor-element elementor-element-502bb2f elementor-widget elementor-widget-text-editor\" data-id=\"502bb2f\" data-element_type=\"widget\" data-widget_type=\"text-editor.default\">\n\t\t\t\t<div class=\"elementor-widget-container\">\n\t\t\t\t\t\t\t\t\t<p>Zabavite se uz velike, robusne to\u010dkove koji se lako kre\u0107u i ru\u010dku koja se lako hvata za prakti\u010dnu prenosivost i postavljanje JBL PartyBox 710 gdje god da vas muzika odvede. *Potreban je AC ulaz\u00a0<\/p>\t\t\t\t\t\t\t\t<\/div>\n\t\t\t\t<\/div>\n\t\t\t\t<\/div>\n\t\t<div class=\"elementor-element elementor-element-6149a6e e-con-full e-flex e-con e-child\" data-id=\"6149a6e\" data-element_type=\"container\">\n\t\t\t\t<div class=\"elementor-element elementor-element-4379a14 elementor-widget elementor-widget-image\" data-id=\"4379a14\" data-element_type=\"widget\" data-widget_type=\"image.default\">\n\t\t\t\t<div class=\"elementor-widget-container\">\n\t\t\t\t\t\t\t\t\t\t\t\t\t\t\t<img loading=\"lazy\" decoding=\"async\" width=\"70\" height=\"70\" src=\"https:\/\/resources.tehnomax.me\/wp-content\/uploads\/2024\/08\/icon_JBL_Guitar_and_Mic_Inputs.png\" class=\"attachment-large size-large wp-image-4227\" alt=\"\" \/>\t\t\t\t\t\t\t\t\t\t\t\t\t\t\t<\/div>\n\t\t\t\t<\/div>\n\t\t\t\t<div class=\"elementor-element elementor-element-0720337 elementor-widget elementor-widget-heading\" data-id=\"0720337\" data-element_type=\"widget\" data-widget_type=\"heading.default\">\n\t\t\t\t<div class=\"elementor-widget-container\">\n\t\t\t\t\t<h2 class=\"elementor-heading-title elementor-size-default\">Ulazi za gitaru i mikrofon<\/h2>\t\t\t\t<\/div>\n\t\t\t\t<\/div>\n\t\t\t\t<div class=\"elementor-element elementor-element-631a3c9 elementor-widget elementor-widget-text-editor\" data-id=\"631a3c9\" data-element_type=\"widget\" data-widget_type=\"text-editor.default\">\n\t\t\t\t<div class=\"elementor-widget-container\">\n\t\t\t\t\t\t\t\t\t<p>Uz ulaze za gitaru i dva mikrofona, mo\u017eete pokazati svoje talente dok pjevate i svirate. Uz pode\u0161avanje karaoke EQ, ne samo da \u0107ete zvu\u010dati sjajno, ve\u0107 \u0107ete i izgledati sjajno, uz savr\u0161enu svjetlosnu emisiju za ljuljanje!<\/p>\t\t\t\t\t\t\t\t<\/div>\n\t\t\t\t<\/div>\n\t\t\t\t<\/div>\n\t\t\t\t\t<\/div>\n\t\t\t\t<\/div>\n\t\t<div class=\"elementor-element elementor-element-91c42dc e-flex e-con-boxed e-con e-parent\" data-id=\"91c42dc\" data-element_type=\"container\">\n\t\t\t\t\t<div class=\"e-con-inner\">\n\t\t<div class=\"elementor-element elementor-element-dcb2405 e-con-full e-flex e-con e-child\" data-id=\"dcb2405\" data-element_type=\"container\">\n\t\t\t\t<div class=\"elementor-element elementor-element-1c67800 elementor-widget elementor-widget-image\" data-id=\"1c67800\" data-element_type=\"widget\" data-widget_type=\"image.default\">\n\t\t\t\t<div class=\"elementor-widget-container\">\n\t\t\t\t\t\t\t\t\t\t\t\t\t\t\t<img loading=\"lazy\" decoding=\"async\" width=\"70\" height=\"70\" src=\"https:\/\/resources.tehnomax.me\/wp-content\/uploads\/2024\/08\/icon_jbl_app-2-1.png\" class=\"attachment-large size-large wp-image-4228\" alt=\"\" \/>\t\t\t\t\t\t\t\t\t\t\t\t\t\t\t<\/div>\n\t\t\t\t<\/div>\n\t\t\t\t<div class=\"elementor-element elementor-element-edb4645 elementor-widget elementor-widget-heading\" data-id=\"edb4645\" data-element_type=\"widget\" data-widget_type=\"heading.default\">\n\t\t\t\t<div class=\"elementor-widget-container\">\n\t\t\t\t\t<h2 class=\"elementor-heading-title elementor-size-default\">PartyBox aplikacija <\/h2>\t\t\t\t<\/div>\n\t\t\t\t<\/div>\n\t\t\t\t<div class=\"elementor-element elementor-element-92edf0c elementor-widget elementor-widget-text-editor\" data-id=\"92edf0c\" data-element_type=\"widget\" data-widget_type=\"text-editor.default\">\n\t\t\t\t<div class=\"elementor-widget-container\">\n\t\t\t\t\t\t\t\t\t<p>JBL PartyBox aplikacija olak\u0161ava kontrolu va\u0161e muzike, a\u017euriranje postavki i prilago\u0111avanje boja i uzoraka va\u0161e svjetlosne emisije za savr\u0161enu atmosferu zabave.<\/p>\t\t\t\t\t\t\t\t<\/div>\n\t\t\t\t<\/div>\n\t\t\t\t<\/div>\n\t\t\t\t\t<\/div>\n\t\t\t\t<\/div>\n\t\t\t\t<\/div>\n\t\t","protected":false},"excerpt":{"rendered":"<p>800 W RMS mo\u0107nog JBL Originalnog Pro zvuka Stvorite trenutnu muzi\u010dku vezu sa 800 mo\u0107nih vati JBL Original Pro zvuka visokih performansi. Dvostruki visokotonci od 2,75&#8243; i wooferi od 8&#8243; upareni sa svojim pode\u0161enim bas refleks portom daju detaljno audio savr\u0161enstvo za muziku tako glasnu da bukvalno mo\u017eete osjetiti ritam. Dinami\u010dna, \u0161arena, prilagodljiva svjetlosna emisija [&hellip;]<\/p>\n","protected":false},"author":1,"featured_media":0,"parent":0,"menu_order":0,"comment_status":"closed","ping_status":"closed","template":"elementor_canvas","meta":{"footnotes":""},"class_list":["post-4220","page","type-page","status-publish","hentry"],"_links":{"self":[{"href":"https:\/\/resources.tehnomax.me\/index.php?rest_route=\/wp\/v2\/pages\/4220","targetHints":{"allow":["GET"]}}],"collection":[{"href":"https:\/\/resources.tehnomax.me\/index.php?rest_route=\/wp\/v2\/pages"}],"about":[{"href":"https:\/\/resources.tehnomax.me\/index.php?rest_route=\/wp\/v2\/types\/page"}],"author":[{"embeddable":true,"href":"https:\/\/resources.tehnomax.me\/index.php?rest_route=\/wp\/v2\/users\/1"}],"replies":[{"embeddable":true,"href":"https:\/\/resources.tehnomax.me\/index.php?rest_route=%2Fwp%2Fv2%2Fcomments&post=4220"}],"version-history":[{"count":4,"href":"https:\/\/resources.tehnomax.me\/index.php?rest_route=\/wp\/v2\/pages\/4220\/revisions"}],"predecessor-version":[{"id":4247,"href":"https:\/\/resources.tehnomax.me\/index.php?rest_route=\/wp\/v2\/pages\/4220\/revisions\/4247"}],"wp:attachment":[{"href":"https:\/\/resources.tehnomax.me\/index.php?rest_route=%2Fwp%2Fv2%2Fmedia&parent=4220"}],"curies":[{"name":"wp","href":"https:\/\/api.w.org\/{rel}","templated":true}]}}