{"id":4162,"date":"2024-08-06T11:41:16","date_gmt":"2024-08-06T11:41:16","guid":{"rendered":"https:\/\/resources.tehnomax.me\/?page_id=4162"},"modified":"2024-08-06T11:42:46","modified_gmt":"2024-08-06T11:42:46","slug":"jbl-flip-6-bt","status":"publish","type":"page","link":"https:\/\/resources.tehnomax.me\/?page_id=4162","title":{"rendered":"JBL Flip 6 BT"},"content":{"rendered":"\t\t<div data-elementor-type=\"wp-page\" data-elementor-id=\"4162\" class=\"elementor elementor-4162\" data-elementor-post-type=\"page\">\n\t\t\t\t<div class=\"elementor-element elementor-element-6118fed e-con-full e-flex e-con e-parent\" data-id=\"6118fed\" data-element_type=\"container\">\n\t\t\t\t<div class=\"elementor-element elementor-element-f5356c9 elementor-widget elementor-widget-image\" data-id=\"f5356c9\" data-element_type=\"widget\" data-widget_type=\"image.default\">\n\t\t\t\t<div class=\"elementor-widget-container\">\n\t\t\t\t\t\t\t\t\t\t\t\t\t\t\t<img fetchpriority=\"high\" decoding=\"async\" width=\"2104\" height=\"960\" src=\"https:\/\/resources.tehnomax.me\/wp-content\/uploads\/2024\/08\/JBL-PDP_AwardBanner_Flip6_Desktop_1052x480px@2x.jpg\" class=\"attachment-full size-full wp-image-4164\" alt=\"\" srcset=\"https:\/\/resources.tehnomax.me\/wp-content\/uploads\/2024\/08\/JBL-PDP_AwardBanner_Flip6_Desktop_1052x480px@2x.jpg 2104w, https:\/\/resources.tehnomax.me\/wp-content\/uploads\/2024\/08\/JBL-PDP_AwardBanner_Flip6_Desktop_1052x480px@2x-300x137.jpg 300w, https:\/\/resources.tehnomax.me\/wp-content\/uploads\/2024\/08\/JBL-PDP_AwardBanner_Flip6_Desktop_1052x480px@2x-1024x467.jpg 1024w, https:\/\/resources.tehnomax.me\/wp-content\/uploads\/2024\/08\/JBL-PDP_AwardBanner_Flip6_Desktop_1052x480px@2x-768x350.jpg 768w, https:\/\/resources.tehnomax.me\/wp-content\/uploads\/2024\/08\/JBL-PDP_AwardBanner_Flip6_Desktop_1052x480px@2x-1536x701.jpg 1536w, https:\/\/resources.tehnomax.me\/wp-content\/uploads\/2024\/08\/JBL-PDP_AwardBanner_Flip6_Desktop_1052x480px@2x-2048x934.jpg 2048w\" sizes=\"(max-width: 2104px) 100vw, 2104px\" \/>\t\t\t\t\t\t\t\t\t\t\t\t\t\t\t<\/div>\n\t\t\t\t<\/div>\n\t\t\t\t<\/div>\n\t\t<div class=\"elementor-element elementor-element-50d37ee e-con-full e-flex e-con e-parent\" data-id=\"50d37ee\" data-element_type=\"container\">\n\t\t<div class=\"elementor-element elementor-element-fd105a4 e-con-full e-flex e-con e-child\" data-id=\"fd105a4\" data-element_type=\"container\">\n\t\t\t\t<div class=\"elementor-element elementor-element-9148e67 elementor-widget elementor-widget-image\" data-id=\"9148e67\" data-element_type=\"widget\" data-widget_type=\"image.default\">\n\t\t\t\t<div class=\"elementor-widget-container\">\n\t\t\t\t\t\t\t\t\t\t\t\t\t\t\t<img decoding=\"async\" width=\"800\" height=\"495\" src=\"https:\/\/resources.tehnomax.me\/wp-content\/uploads\/2024\/08\/JBL_Flip_6_Lifestyle_01_904x560px-1024x634.png\" class=\"attachment-large size-large wp-image-4165\" alt=\"\" srcset=\"https:\/\/resources.tehnomax.me\/wp-content\/uploads\/2024\/08\/JBL_Flip_6_Lifestyle_01_904x560px-1024x634.png 1024w, https:\/\/resources.tehnomax.me\/wp-content\/uploads\/2024\/08\/JBL_Flip_6_Lifestyle_01_904x560px-300x186.png 300w, https:\/\/resources.tehnomax.me\/wp-content\/uploads\/2024\/08\/JBL_Flip_6_Lifestyle_01_904x560px-768x476.png 768w, https:\/\/resources.tehnomax.me\/wp-content\/uploads\/2024\/08\/JBL_Flip_6_Lifestyle_01_904x560px.png 1356w\" sizes=\"(max-width: 800px) 100vw, 800px\" \/>\t\t\t\t\t\t\t\t\t\t\t\t\t\t\t<\/div>\n\t\t\t\t<\/div>\n\t\t\t\t<\/div>\n\t\t<div class=\"elementor-element elementor-element-c5b6c15 e-con-full e-flex e-con e-child\" data-id=\"c5b6c15\" data-element_type=\"container\">\n\t\t\t\t<div class=\"elementor-element elementor-element-d0e3930 elementor-widget-divider--view-line elementor-widget elementor-widget-divider\" data-id=\"d0e3930\" data-element_type=\"widget\" data-widget_type=\"divider.default\">\n\t\t\t\t<div class=\"elementor-widget-container\">\n\t\t\t\t\t\t\t<div class=\"elementor-divider\">\n\t\t\t<span class=\"elementor-divider-separator\">\n\t\t\t\t\t\t<\/span>\n\t\t<\/div>\n\t\t\t\t\t\t<\/div>\n\t\t\t\t<\/div>\n\t\t\t\t<div class=\"elementor-element elementor-element-6bda4ef elementor-widget elementor-widget-heading\" data-id=\"6bda4ef\" data-element_type=\"widget\" data-widget_type=\"heading.default\">\n\t\t\t\t<div class=\"elementor-widget-container\">\n\t\t\t\t\t<h2 class=\"elementor-heading-title elementor-size-default\">Glasniji, mo\u0107niji zvuk<\/h2>\t\t\t\t<\/div>\n\t\t\t\t<\/div>\n\t\t\t\t<div class=\"elementor-element elementor-element-256d9d3 elementor-widget elementor-widget-text-editor\" data-id=\"256d9d3\" data-element_type=\"widget\" data-widget_type=\"text-editor.default\">\n\t\t\t\t<div class=\"elementor-widget-container\">\n\t\t\t\t\t\t\t\t\t<p>Beat se nastavlja sa JBL Flip 6 2-sistemskim sistemom zvu\u010dnika, dizajniranim da isporu\u010duje glasan, kristalno \u010dist, mo\u0107an zvuk. Njegov vufer u obliku trka\u010dke staze daje izuzetne niske frekvencije i srednje frekvencije, dok odvojeni visokotonac proizvodi o\u0161tre, jasne visoke frekvencije. Flip 6 tako\u0111e ima optimizovane dvostruke pasivne zone za duboki bas, fino pode\u0161ene kori\u0161\u0107enjem Harmanovog naprednog algoritma.<\/p>\t\t\t\t\t\t\t\t<\/div>\n\t\t\t\t<\/div>\n\t\t\t\t<\/div>\n\t\t\t\t<\/div>\n\t\t<div class=\"elementor-element elementor-element-3b5a6ca e-con-full e-flex e-con e-parent\" data-id=\"3b5a6ca\" data-element_type=\"container\">\n\t\t<div class=\"elementor-element elementor-element-005a820 e-con-full e-flex e-con e-child\" data-id=\"005a820\" data-element_type=\"container\">\n\t\t\t\t<div class=\"elementor-element elementor-element-99239ad elementor-widget-divider--view-line elementor-widget elementor-widget-divider\" data-id=\"99239ad\" data-element_type=\"widget\" data-widget_type=\"divider.default\">\n\t\t\t\t<div class=\"elementor-widget-container\">\n\t\t\t\t\t\t\t<div class=\"elementor-divider\">\n\t\t\t<span class=\"elementor-divider-separator\">\n\t\t\t\t\t\t<\/span>\n\t\t<\/div>\n\t\t\t\t\t\t<\/div>\n\t\t\t\t<\/div>\n\t\t\t\t<div class=\"elementor-element elementor-element-9492821 elementor-widget elementor-widget-heading\" data-id=\"9492821\" data-element_type=\"widget\" data-widget_type=\"heading.default\">\n\t\t\t\t<div class=\"elementor-widget-container\">\n\t\t\t\t\t<h2 class=\"elementor-heading-title elementor-size-default\">IP67 vodootporan i otporan na pra\u0161inu<\/h2>\t\t\t\t<\/div>\n\t\t\t\t<\/div>\n\t\t\t\t<div class=\"elementor-element elementor-element-cc943f8 elementor-widget elementor-widget-text-editor\" data-id=\"cc943f8\" data-element_type=\"widget\" data-widget_type=\"text-editor.default\">\n\t\t\t\t<div class=\"elementor-widget-container\">\n\t\t\t\t\t\t\t\t\t<p><span style=\"font-family: abc-diatype, 'ABC Diatype', roc-grotesk, 'system-ui', -apple-system, BlinkMacSystemFont, 'Segoe UI', Roboto, Oxygen-Sans, Ubuntu, Cantarell, 'Helvetica Neue', sans-serif; font-size: 16px; white-space: balance;\">Do bazena. U parku. JBL Flip 6 je IP67 vodootporan i otporan na pra\u0161inu, tako da svoj zvu\u010dnik mo\u017eete ponijeti bilo gdje.<\/span><\/p>\t\t\t\t\t\t\t\t<\/div>\n\t\t\t\t<\/div>\n\t\t\t\t<\/div>\n\t\t<div class=\"elementor-element elementor-element-f670d5e e-con-full e-flex e-con e-child\" data-id=\"f670d5e\" data-element_type=\"container\">\n\t\t\t\t<div class=\"elementor-element elementor-element-f3388a7 elementor-widget elementor-widget-image\" data-id=\"f3388a7\" data-element_type=\"widget\" data-widget_type=\"image.default\">\n\t\t\t\t<div class=\"elementor-widget-container\">\n\t\t\t\t\t\t\t\t\t\t\t\t\t\t\t<img decoding=\"async\" width=\"800\" height=\"495\" src=\"https:\/\/resources.tehnomax.me\/wp-content\/uploads\/2024\/08\/JBL_Flip_6_Lifestyle_02_904x560px-ezgif.com-webp-to-png-converter-1024x634.png\" class=\"attachment-large size-large wp-image-4166\" alt=\"\" srcset=\"https:\/\/resources.tehnomax.me\/wp-content\/uploads\/2024\/08\/JBL_Flip_6_Lifestyle_02_904x560px-ezgif.com-webp-to-png-converter-1024x634.png 1024w, https:\/\/resources.tehnomax.me\/wp-content\/uploads\/2024\/08\/JBL_Flip_6_Lifestyle_02_904x560px-ezgif.com-webp-to-png-converter-300x186.png 300w, https:\/\/resources.tehnomax.me\/wp-content\/uploads\/2024\/08\/JBL_Flip_6_Lifestyle_02_904x560px-ezgif.com-webp-to-png-converter-768x476.png 768w, https:\/\/resources.tehnomax.me\/wp-content\/uploads\/2024\/08\/JBL_Flip_6_Lifestyle_02_904x560px-ezgif.com-webp-to-png-converter.png 1356w\" sizes=\"(max-width: 800px) 100vw, 800px\" \/>\t\t\t\t\t\t\t\t\t\t\t\t\t\t\t<\/div>\n\t\t\t\t<\/div>\n\t\t\t\t<\/div>\n\t\t\t\t<\/div>\n\t\t<div class=\"elementor-element elementor-element-9563e12 e-con-full e-flex e-con e-parent\" data-id=\"9563e12\" data-element_type=\"container\">\n\t\t<div class=\"elementor-element elementor-element-8ca0bac e-con-full e-flex e-con e-child\" data-id=\"8ca0bac\" data-element_type=\"container\">\n\t\t\t\t<div class=\"elementor-element elementor-element-5bbfa23 elementor-widget elementor-widget-image\" data-id=\"5bbfa23\" data-element_type=\"widget\" data-widget_type=\"image.default\">\n\t\t\t\t<div class=\"elementor-widget-container\">\n\t\t\t\t\t\t\t\t\t\t\t\t\t\t\t<img loading=\"lazy\" decoding=\"async\" width=\"800\" height=\"495\" src=\"https:\/\/resources.tehnomax.me\/wp-content\/uploads\/2024\/08\/JBL_Flip_6_Lifestyle_03_904x560px-ezgif.com-webp-to-png-converter-1024x634.png\" class=\"attachment-large size-large wp-image-4167\" alt=\"\" srcset=\"https:\/\/resources.tehnomax.me\/wp-content\/uploads\/2024\/08\/JBL_Flip_6_Lifestyle_03_904x560px-ezgif.com-webp-to-png-converter-1024x634.png 1024w, https:\/\/resources.tehnomax.me\/wp-content\/uploads\/2024\/08\/JBL_Flip_6_Lifestyle_03_904x560px-ezgif.com-webp-to-png-converter-300x186.png 300w, https:\/\/resources.tehnomax.me\/wp-content\/uploads\/2024\/08\/JBL_Flip_6_Lifestyle_03_904x560px-ezgif.com-webp-to-png-converter-768x476.png 768w, https:\/\/resources.tehnomax.me\/wp-content\/uploads\/2024\/08\/JBL_Flip_6_Lifestyle_03_904x560px-ezgif.com-webp-to-png-converter.png 1356w\" sizes=\"(max-width: 800px) 100vw, 800px\" \/>\t\t\t\t\t\t\t\t\t\t\t\t\t\t\t<\/div>\n\t\t\t\t<\/div>\n\t\t\t\t<\/div>\n\t\t<div class=\"elementor-element elementor-element-65ac96f e-con-full e-flex e-con e-child\" data-id=\"65ac96f\" data-element_type=\"container\">\n\t\t\t\t<div class=\"elementor-element elementor-element-cc28640 elementor-widget-divider--view-line elementor-widget elementor-widget-divider\" data-id=\"cc28640\" data-element_type=\"widget\" data-widget_type=\"divider.default\">\n\t\t\t\t<div class=\"elementor-widget-container\">\n\t\t\t\t\t\t\t<div class=\"elementor-divider\">\n\t\t\t<span class=\"elementor-divider-separator\">\n\t\t\t\t\t\t<\/span>\n\t\t<\/div>\n\t\t\t\t\t\t<\/div>\n\t\t\t\t<\/div>\n\t\t\t\t<div class=\"elementor-element elementor-element-2d5f737 elementor-widget elementor-widget-heading\" data-id=\"2d5f737\" data-element_type=\"widget\" data-widget_type=\"heading.default\">\n\t\t\t\t<div class=\"elementor-widget-container\">\n\t\t\t\t\t<h2 class=\"elementor-heading-title elementor-size-default\">12 sati reprodukcije\n<\/h2>\t\t\t\t<\/div>\n\t\t\t\t<\/div>\n\t\t\t\t<div class=\"elementor-element elementor-element-c90d833 elementor-widget elementor-widget-text-editor\" data-id=\"c90d833\" data-element_type=\"widget\" data-widget_type=\"text-editor.default\">\n\t\t\t\t<div class=\"elementor-widget-container\">\n\t\t\t\t\t\t\t\t\t<p>Nemojte se zamarati malim stvarima poput punjenja baterije. JBL Flip 6 vam daje do 12 sati reprodukcije sa jednim punjenjem.<\/p>\t\t\t\t\t\t\t\t<\/div>\n\t\t\t\t<\/div>\n\t\t\t\t<\/div>\n\t\t\t\t<\/div>\n\t\t<div class=\"elementor-element elementor-element-e3c833e e-grid e-con-boxed e-con e-parent\" data-id=\"e3c833e\" data-element_type=\"container\">\n\t\t\t\t\t<div class=\"e-con-inner\">\n\t\t\t\t<div class=\"elementor-element elementor-element-e8a28d3 elementor-widget elementor-widget-html\" data-id=\"e8a28d3\" data-element_type=\"widget\" data-widget_type=\"html.default\">\n\t\t\t\t<div class=\"elementor-widget-container\">\n\t\t\t\t\t<script src=https:\/\/ajax.googleapis.com\/ajax\/libs\/jquery\/1.11.0\/jquery.min.js><\/script><script type=\"text\/javascript\" src=https:\/\/www.tehnomax.me\/common\/javascript\/iframe-resizer\/iframeResizer.contentWindow.min.js defer><\/script>\t\t\t\t<\/div>\n\t\t\t\t<\/div>\n\t\t\t\t\t<\/div>\n\t\t\t\t<\/div>\n\t\t<div class=\"elementor-element elementor-element-9f6222e e-flex e-con-boxed e-con e-parent\" data-id=\"9f6222e\" data-element_type=\"container\">\n\t\t\t\t\t<div class=\"e-con-inner\">\n\t\t\t\t<div class=\"elementor-element elementor-element-12aa086 elementor-widget elementor-widget-heading\" data-id=\"12aa086\" data-element_type=\"widget\" data-widget_type=\"heading.default\">\n\t\t\t\t<div class=\"elementor-widget-container\">\n\t\t\t\t\t<h2 class=\"elementor-heading-title elementor-size-default\">KARAKTERISTIKE<\/h2>\t\t\t\t<\/div>\n\t\t\t\t<\/div>\n\t\t\t\t\t<\/div>\n\t\t\t\t<\/div>\n\t\t<div class=\"elementor-element elementor-element-85477eb e-flex e-con-boxed e-con e-parent\" data-id=\"85477eb\" data-element_type=\"container\">\n\t\t\t\t\t<div class=\"e-con-inner\">\n\t\t<div class=\"elementor-element elementor-element-d70c8f1 e-con-full e-flex e-con e-child\" data-id=\"d70c8f1\" data-element_type=\"container\">\n\t\t\t\t<div class=\"elementor-element elementor-element-d78a5dc elementor-widget elementor-widget-image\" data-id=\"d78a5dc\" data-element_type=\"widget\" data-widget_type=\"image.default\">\n\t\t\t\t<div class=\"elementor-widget-container\">\n\t\t\t\t\t\t\t\t\t\t\t\t\t\t\t<img loading=\"lazy\" decoding=\"async\" width=\"70\" height=\"70\" src=\"https:\/\/resources.tehnomax.me\/wp-content\/uploads\/2024\/08\/JBL-sound-signature-ezgif.com-webp-to-png-converter.png\" class=\"attachment-large size-large wp-image-4168\" alt=\"\" \/>\t\t\t\t\t\t\t\t\t\t\t\t\t\t\t<\/div>\n\t\t\t\t<\/div>\n\t\t\t\t<div class=\"elementor-element elementor-element-9617185 elementor-widget elementor-widget-heading\" data-id=\"9617185\" data-element_type=\"widget\" data-widget_type=\"heading.default\">\n\t\t\t\t<div class=\"elementor-widget-container\">\n\t\t\t\t\t<h2 class=\"elementor-heading-title elementor-size-default\">Odva\u017ean dizajn<\/h2>\t\t\t\t<\/div>\n\t\t\t\t<\/div>\n\t\t\t\t<div class=\"elementor-element elementor-element-be20128 elementor-widget elementor-widget-text-editor\" data-id=\"be20128\" data-element_type=\"widget\" data-widget_type=\"text-editor.default\">\n\t\t\t\t<div class=\"elementor-widget-container\">\n\t\t\t\t\t\t\t\t\t<p>Odva\u017eni zvuk u kombinaciji sa odva\u017enim dizajnom. Jakog zvuka, ali lak za no\u0161enje, dizajn se uklapa u svaki li\u010dni stil. Postavite ga vertikalno ili horizontalno i birajte izme\u0111u raznih \u017eivih boja.<\/p>\t\t\t\t\t\t\t\t<\/div>\n\t\t\t\t<\/div>\n\t\t\t\t<\/div>\n\t\t<div class=\"elementor-element elementor-element-920fe98 e-con-full e-flex e-con e-child\" data-id=\"920fe98\" data-element_type=\"container\">\n\t\t\t\t<div class=\"elementor-element elementor-element-e276f41 elementor-widget elementor-widget-image\" data-id=\"e276f41\" data-element_type=\"widget\" data-widget_type=\"image.default\">\n\t\t\t\t<div class=\"elementor-widget-container\">\n\t\t\t\t\t\t\t\t\t\t\t\t\t\t\t<img loading=\"lazy\" decoding=\"async\" width=\"70\" height=\"70\" src=\"https:\/\/resources.tehnomax.me\/wp-content\/uploads\/2024\/08\/icon_JBL_Partyboost.webp\" class=\"attachment-large size-large wp-image-4130\" alt=\"\" \/>\t\t\t\t\t\t\t\t\t\t\t\t\t\t\t<\/div>\n\t\t\t\t<\/div>\n\t\t\t\t<div class=\"elementor-element elementor-element-12fcef1 elementor-widget elementor-widget-heading\" data-id=\"12fcef1\" data-element_type=\"widget\" data-widget_type=\"heading.default\">\n\t\t\t\t<div class=\"elementor-widget-container\">\n\t\t\t\t\t<h2 class=\"elementor-heading-title elementor-size-default\">Poja\u010dajte zabavu uz PartyBoost<\/h2>\t\t\t\t<\/div>\n\t\t\t\t<\/div>\n\t\t\t\t<div class=\"elementor-element elementor-element-502bb2f elementor-widget elementor-widget-text-editor\" data-id=\"502bb2f\" data-element_type=\"widget\" data-widget_type=\"text-editor.default\">\n\t\t\t\t<div class=\"elementor-widget-container\">\n\t\t\t\t\t\t\t\t\t<p>PartyBoost vam omogu\u0107ava da uparite dva zvu\u010dnika kompatibilna sa JBL PartyBoost za stereo zvuk ili pove\u017eete vi\u0161e zvu\u010dnika kompatibilnih sa JBL PartyBoost kako biste istinski nadahnuli va\u0161u zabavu.<\/p>\t\t\t\t\t\t\t\t<\/div>\n\t\t\t\t<\/div>\n\t\t\t\t<\/div>\n\t\t<div class=\"elementor-element elementor-element-6149a6e e-con-full e-flex e-con e-child\" data-id=\"6149a6e\" data-element_type=\"container\">\n\t\t\t\t<div class=\"elementor-element elementor-element-4379a14 elementor-widget elementor-widget-image\" data-id=\"4379a14\" data-element_type=\"widget\" data-widget_type=\"image.default\">\n\t\t\t\t<div class=\"elementor-widget-container\">\n\t\t\t\t\t\t\t\t\t\t\t\t\t\t\t<img loading=\"lazy\" decoding=\"async\" width=\"70\" height=\"70\" src=\"https:\/\/resources.tehnomax.me\/wp-content\/uploads\/2024\/08\/icons_JBL_Portable_APP-1.webp\" class=\"attachment-large size-large wp-image-4169\" alt=\"\" \/>\t\t\t\t\t\t\t\t\t\t\t\t\t\t\t<\/div>\n\t\t\t\t<\/div>\n\t\t\t\t<div class=\"elementor-element elementor-element-0720337 elementor-widget elementor-widget-heading\" data-id=\"0720337\" data-element_type=\"widget\" data-widget_type=\"heading.default\">\n\t\t\t\t<div class=\"elementor-widget-container\">\n\t\t\t\t\t<h2 class=\"elementor-heading-title elementor-size-default\">Aplikacija JBL Portable<\/h2>\t\t\t\t<\/div>\n\t\t\t\t<\/div>\n\t\t\t\t<div class=\"elementor-element elementor-element-631a3c9 elementor-widget elementor-widget-text-editor\" data-id=\"631a3c9\" data-element_type=\"widget\" data-widget_type=\"text-editor.default\">\n\t\t\t\t<div class=\"elementor-widget-container\">\n\t\t\t\t\t\t\t\t\t<p>Koristite aplikaciju JBL Portable za primanje a\u017euriranja, podr\u0161ku za proizvode i funkcije otklju\u010davanja, sve direktno sa svog telefona. Fino podesite svoj zvuk sa vi\u0161e opcija unaprijed pode\u0161enih EQ opcija. Ili koristite potpuno prilagodljiv ekvilajzer za pode\u0161avanje visokih, srednjih i niskih tonova\u2014tako da je va\u0161a muzika ba\u0161 za vas.<\/p>\t\t\t\t\t\t\t\t<\/div>\n\t\t\t\t<\/div>\n\t\t\t\t<\/div>\n\t\t\t\t\t<\/div>\n\t\t\t\t<\/div>\n\t\t<div class=\"elementor-element elementor-element-2142ccb e-flex e-con-boxed e-con e-parent\" data-id=\"2142ccb\" data-element_type=\"container\">\n\t\t\t\t\t<div class=\"e-con-inner\">\n\t\t<div class=\"elementor-element elementor-element-423b211 e-con-full e-flex e-con e-child\" data-id=\"423b211\" data-element_type=\"container\">\n\t\t\t\t<div class=\"elementor-element elementor-element-ddbcc37 elementor-widget elementor-widget-image\" data-id=\"ddbcc37\" data-element_type=\"widget\" data-widget_type=\"image.default\">\n\t\t\t\t<div class=\"elementor-widget-container\">\n\t\t\t\t\t\t\t\t\t\t\t\t\t\t\t<img loading=\"lazy\" decoding=\"async\" width=\"75\" height=\"75\" src=\"https:\/\/resources.tehnomax.me\/wp-content\/uploads\/2024\/08\/USB-charge-out.png\" class=\"attachment-large size-large wp-image-4170\" alt=\"\" \/>\t\t\t\t\t\t\t\t\t\t\t\t\t\t\t<\/div>\n\t\t\t\t<\/div>\n\t\t\t\t<div class=\"elementor-element elementor-element-51bbad9 elementor-widget elementor-widget-heading\" data-id=\"51bbad9\" data-element_type=\"widget\" data-widget_type=\"heading.default\">\n\t\t\t\t<div class=\"elementor-widget-container\">\n\t\t\t\t\t<h2 class=\"elementor-heading-title elementor-size-default\">USB za\u0161tita od punjenja<\/h2>\t\t\t\t<\/div>\n\t\t\t\t<\/div>\n\t\t\t\t<div class=\"elementor-element elementor-element-54153fb elementor-widget elementor-widget-text-editor\" data-id=\"54153fb\" data-element_type=\"widget\" data-widget_type=\"text-editor.default\">\n\t\t\t\t<div class=\"elementor-widget-container\">\n\t\t\t\t\t\t\t\t\t<p>Uklju\u010dite bezbri\u017eno. JBL Flip 6 nudi USB-C za\u0161titu od punjenja. To zna\u010di da \u0107e va\u0161 zvuk podsjetnika upozoriti da isklju\u010dite utika\u010d ako konektor otkrije vodu, sol ili bilo koju drugu hemikaliju.<\/p>\t\t\t\t\t\t\t\t<\/div>\n\t\t\t\t<\/div>\n\t\t\t\t<\/div>\n\t\t<div class=\"elementor-element elementor-element-eb84dbd e-con-full e-flex e-con e-child\" data-id=\"eb84dbd\" data-element_type=\"container\">\n\t\t\t\t<div class=\"elementor-element elementor-element-3ece5b0 elementor-widget elementor-widget-image\" data-id=\"3ece5b0\" data-element_type=\"widget\" data-widget_type=\"image.default\">\n\t\t\t\t<div class=\"elementor-widget-container\">\n\t\t\t\t\t\t\t\t\t\t\t\t\t\t\t<img loading=\"lazy\" decoding=\"async\" width=\"70\" height=\"70\" src=\"https:\/\/resources.tehnomax.me\/wp-content\/uploads\/2024\/08\/jbl_icon_checkmark-1.png\" class=\"attachment-large size-large wp-image-4171\" alt=\"\" \/>\t\t\t\t\t\t\t\t\t\t\t\t\t\t\t<\/div>\n\t\t\t\t<\/div>\n\t\t\t\t<div class=\"elementor-element elementor-element-0d9397b elementor-widget elementor-widget-heading\" data-id=\"0d9397b\" data-element_type=\"widget\" data-widget_type=\"heading.default\">\n\t\t\t\t<div class=\"elementor-widget-container\">\n\t\t\t\t\t<h2 class=\"elementor-heading-title elementor-size-default\">Be\u017ei\u010dni Bluetooth streaming<\/h2>\t\t\t\t<\/div>\n\t\t\t\t<\/div>\n\t\t\t\t<div class=\"elementor-element elementor-element-bbdb3d1 elementor-widget elementor-widget-text-editor\" data-id=\"bbdb3d1\" data-element_type=\"widget\" data-widget_type=\"text-editor.default\">\n\t\t\t\t<div class=\"elementor-widget-container\">\n\t\t\t\t\t\t\t\t\t<p>Be\u017ei\u010dno pove\u017eite do 2 pametna telefona ili tableta na zvu\u010dnik i naizmjeni\u010dno u\u017eivajte u JBL Original Pro zvuku.<\/p>\t\t\t\t\t\t\t\t<\/div>\n\t\t\t\t<\/div>\n\t\t\t\t<\/div>\n\t\t<div class=\"elementor-element elementor-element-116e694 e-con-full e-flex e-con e-child\" data-id=\"116e694\" data-element_type=\"container\">\n\t\t\t\t<div class=\"elementor-element elementor-element-f81a3ca elementor-widget elementor-widget-image\" data-id=\"f81a3ca\" data-element_type=\"widget\" data-widget_type=\"image.default\">\n\t\t\t\t<div class=\"elementor-widget-container\">\n\t\t\t\t\t\t\t\t\t\t\t\t\t\t\t<img loading=\"lazy\" decoding=\"async\" width=\"70\" height=\"70\" src=\"https:\/\/resources.tehnomax.me\/wp-content\/uploads\/2024\/08\/icons_JBL_ECO_Friendly-ezgif.com-webp-to-png-converter.png\" class=\"attachment-large size-large wp-image-4172\" alt=\"\" \/>\t\t\t\t\t\t\t\t\t\t\t\t\t\t\t<\/div>\n\t\t\t\t<\/div>\n\t\t\t\t<div class=\"elementor-element elementor-element-d451d87 elementor-widget elementor-widget-heading\" data-id=\"d451d87\" data-element_type=\"widget\" data-widget_type=\"heading.default\">\n\t\t\t\t<div class=\"elementor-widget-container\">\n\t\t\t\t\t<h2 class=\"elementor-heading-title elementor-size-default\">Ekolo\u0161ko pakovanje<\/h2>\t\t\t\t<\/div>\n\t\t\t\t<\/div>\n\t\t\t\t<div class=\"elementor-element elementor-element-6bc5be8 elementor-widget elementor-widget-text-editor\" data-id=\"6bc5be8\" data-element_type=\"widget\" data-widget_type=\"text-editor.default\">\n\t\t\t\t<div class=\"elementor-widget-container\">\n\t\t\t\t\t\t\t\t\t<p>JBL je posve\u0107en odr\u017eivijoj ambala\u017ei koja je prihvatljivija za zemlju. Flip 6 je upakovan u kutiju od papira koja se mo\u017ee reciklirati, uklju\u010duju\u0107i unutra\u0161nju ladicu. Plasti\u010dna etiketa je vi\u0161e od 90% reciklirana, a spolja\u0161njost je \u0161tampana sojinim mastilom.<\/p>\t\t\t\t\t\t\t\t<\/div>\n\t\t\t\t<\/div>\n\t\t\t\t<\/div>\n\t\t\t\t\t<\/div>\n\t\t\t\t<\/div>\n\t\t\t\t<\/div>\n\t\t","protected":false},"excerpt":{"rendered":"<p>Glasniji, mo\u0107niji zvuk Beat se nastavlja sa JBL Flip 6 2-sistemskim sistemom zvu\u010dnika, dizajniranim da isporu\u010duje glasan, kristalno \u010dist, mo\u0107an zvuk. Njegov vufer u obliku trka\u010dke staze daje izuzetne niske frekvencije i srednje frekvencije, dok odvojeni visokotonac proizvodi o\u0161tre, jasne visoke frekvencije. Flip 6 tako\u0111e ima optimizovane dvostruke pasivne zone za duboki bas, fino pode\u0161ene [&hellip;]<\/p>\n","protected":false},"author":1,"featured_media":0,"parent":0,"menu_order":0,"comment_status":"closed","ping_status":"closed","template":"elementor_canvas","meta":{"footnotes":""},"class_list":["post-4162","page","type-page","status-publish","hentry"],"_links":{"self":[{"href":"https:\/\/resources.tehnomax.me\/index.php?rest_route=\/wp\/v2\/pages\/4162","targetHints":{"allow":["GET"]}}],"collection":[{"href":"https:\/\/resources.tehnomax.me\/index.php?rest_route=\/wp\/v2\/pages"}],"about":[{"href":"https:\/\/resources.tehnomax.me\/index.php?rest_route=\/wp\/v2\/types\/page"}],"author":[{"embeddable":true,"href":"https:\/\/resources.tehnomax.me\/index.php?rest_route=\/wp\/v2\/users\/1"}],"replies":[{"embeddable":true,"href":"https:\/\/resources.tehnomax.me\/index.php?rest_route=%2Fwp%2Fv2%2Fcomments&post=4162"}],"version-history":[{"count":4,"href":"https:\/\/resources.tehnomax.me\/index.php?rest_route=\/wp\/v2\/pages\/4162\/revisions"}],"predecessor-version":[{"id":4175,"href":"https:\/\/resources.tehnomax.me\/index.php?rest_route=\/wp\/v2\/pages\/4162\/revisions\/4175"}],"wp:attachment":[{"href":"https:\/\/resources.tehnomax.me\/index.php?rest_route=%2Fwp%2Fv2%2Fmedia&parent=4162"}],"curies":[{"name":"wp","href":"https:\/\/api.w.org\/{rel}","templated":true}]}}