{"id":4138,"date":"2024-08-06T09:48:06","date_gmt":"2024-08-06T09:48:06","guid":{"rendered":"https:\/\/resources.tehnomax.me\/?page_id=4138"},"modified":"2024-08-06T10:01:36","modified_gmt":"2024-08-06T10:01:36","slug":"jbl-charge-essential-2","status":"publish","type":"page","link":"https:\/\/resources.tehnomax.me\/?page_id=4138","title":{"rendered":"JBL Charge Essential 2"},"content":{"rendered":"\t\t<div data-elementor-type=\"wp-page\" data-elementor-id=\"4138\" class=\"elementor elementor-4138\" data-elementor-post-type=\"page\">\n\t\t\t\t<div class=\"elementor-element elementor-element-9563e12 e-con-full e-flex e-con e-parent\" data-id=\"9563e12\" data-element_type=\"container\">\n\t\t<div class=\"elementor-element elementor-element-8ca0bac e-con-full e-flex e-con e-child\" data-id=\"8ca0bac\" data-element_type=\"container\">\n\t\t\t\t<div class=\"elementor-element elementor-element-5bbfa23 elementor-widget elementor-widget-image\" data-id=\"5bbfa23\" data-element_type=\"widget\" data-widget_type=\"image.default\">\n\t\t\t\t<div class=\"elementor-widget-container\">\n\t\t\t\t\t\t\t\t\t\t\t\t\t\t\t<img fetchpriority=\"high\" decoding=\"async\" width=\"904\" height=\"560\" src=\"https:\/\/resources.tehnomax.me\/wp-content\/uploads\/2024\/08\/JBL_CHARGE_ESSENTIAL_2_LIFESTYLE_01_904x560px.png\" class=\"attachment-full size-full wp-image-4140\" alt=\"\" srcset=\"https:\/\/resources.tehnomax.me\/wp-content\/uploads\/2024\/08\/JBL_CHARGE_ESSENTIAL_2_LIFESTYLE_01_904x560px.png 904w, https:\/\/resources.tehnomax.me\/wp-content\/uploads\/2024\/08\/JBL_CHARGE_ESSENTIAL_2_LIFESTYLE_01_904x560px-300x186.png 300w, https:\/\/resources.tehnomax.me\/wp-content\/uploads\/2024\/08\/JBL_CHARGE_ESSENTIAL_2_LIFESTYLE_01_904x560px-768x476.png 768w\" sizes=\"(max-width: 904px) 100vw, 904px\" \/>\t\t\t\t\t\t\t\t\t\t\t\t\t\t\t<\/div>\n\t\t\t\t<\/div>\n\t\t\t\t<\/div>\n\t\t<div class=\"elementor-element elementor-element-65ac96f e-con-full e-flex e-con e-child\" data-id=\"65ac96f\" data-element_type=\"container\">\n\t\t\t\t<div class=\"elementor-element elementor-element-cc28640 elementor-widget-divider--view-line elementor-widget elementor-widget-divider\" data-id=\"cc28640\" data-element_type=\"widget\" data-widget_type=\"divider.default\">\n\t\t\t\t<div class=\"elementor-widget-container\">\n\t\t\t\t\t\t\t<div class=\"elementor-divider\">\n\t\t\t<span class=\"elementor-divider-separator\">\n\t\t\t\t\t\t<\/span>\n\t\t<\/div>\n\t\t\t\t\t\t<\/div>\n\t\t\t\t<\/div>\n\t\t\t\t<div class=\"elementor-element elementor-element-2d5f737 elementor-widget elementor-widget-heading\" data-id=\"2d5f737\" data-element_type=\"widget\" data-widget_type=\"heading.default\">\n\t\t\t\t<div class=\"elementor-widget-container\">\n\t\t\t\t\t<h2 class=\"elementor-heading-title elementor-size-default\">Bold JBL Originalni Pro Sound<\/h2>\t\t\t\t<\/div>\n\t\t\t\t<\/div>\n\t\t\t\t<div class=\"elementor-element elementor-element-c90d833 elementor-widget elementor-widget-text-editor\" data-id=\"c90d833\" data-element_type=\"widget\" data-widget_type=\"text-editor.default\">\n\t\t\t\t<div class=\"elementor-widget-container\">\n\t\t\t\t\t\t\t\t\t<p>JBL Charge Essential 2 ima drajver u obliku trka\u010dke staze, odvojeni visokotonac i dvije JBL pasivne zone za dublji bas. Optimizovani pretvara\u010d daje ve\u0107u glasno\u0107u. JBL Charge Essential 2 pru\u017ea mo\u0107an zvuk gdje god da se nalazite.<\/p>\t\t\t\t\t\t\t\t<\/div>\n\t\t\t\t<\/div>\n\t\t\t\t<\/div>\n\t\t\t\t<\/div>\n\t\t<div class=\"elementor-element elementor-element-3b5a6ca e-con-full e-flex e-con e-parent\" data-id=\"3b5a6ca\" data-element_type=\"container\">\n\t\t<div class=\"elementor-element elementor-element-005a820 e-con-full e-flex e-con e-child\" data-id=\"005a820\" data-element_type=\"container\">\n\t\t\t\t<div class=\"elementor-element elementor-element-99239ad elementor-widget-divider--view-line elementor-widget elementor-widget-divider\" data-id=\"99239ad\" data-element_type=\"widget\" data-widget_type=\"divider.default\">\n\t\t\t\t<div class=\"elementor-widget-container\">\n\t\t\t\t\t\t\t<div class=\"elementor-divider\">\n\t\t\t<span class=\"elementor-divider-separator\">\n\t\t\t\t\t\t<\/span>\n\t\t<\/div>\n\t\t\t\t\t\t<\/div>\n\t\t\t\t<\/div>\n\t\t\t\t<div class=\"elementor-element elementor-element-9492821 elementor-widget elementor-widget-heading\" data-id=\"9492821\" data-element_type=\"widget\" data-widget_type=\"heading.default\">\n\t\t\t\t<div class=\"elementor-widget-container\">\n\t\t\t\t\t<h2 class=\"elementor-heading-title elementor-size-default\">20 sati muzike<\/h2>\t\t\t\t<\/div>\n\t\t\t\t<\/div>\n\t\t\t\t<div class=\"elementor-element elementor-element-cc943f8 elementor-widget elementor-widget-text-editor\" data-id=\"cc943f8\" data-element_type=\"widget\" data-widget_type=\"text-editor.default\">\n\t\t\t\t<div class=\"elementor-widget-container\">\n\t\t\t\t\t\t\t\t\t<p>Zabava ne mora da prestane. Uz nevjerovatnih 20 sati trajanja baterije, JBL Charge Essential 2 omogu\u0107ava vam zabavu cijeli dan i no\u0107.<\/p>\t\t\t\t\t\t\t\t<\/div>\n\t\t\t\t<\/div>\n\t\t\t\t<\/div>\n\t\t<div class=\"elementor-element elementor-element-f670d5e e-con-full e-flex e-con e-child\" data-id=\"f670d5e\" data-element_type=\"container\">\n\t\t\t\t<div class=\"elementor-element elementor-element-f3388a7 elementor-widget elementor-widget-image\" data-id=\"f3388a7\" data-element_type=\"widget\" data-widget_type=\"image.default\">\n\t\t\t\t<div class=\"elementor-widget-container\">\n\t\t\t\t\t\t\t\t\t\t\t\t\t\t\t<img decoding=\"async\" width=\"800\" height=\"496\" src=\"https:\/\/resources.tehnomax.me\/wp-content\/uploads\/2024\/08\/JBL_CHARGE_ESSENTIAL_2_LIFESTYLE_03_904x560px.png\" class=\"attachment-large size-large wp-image-4141\" alt=\"\" srcset=\"https:\/\/resources.tehnomax.me\/wp-content\/uploads\/2024\/08\/JBL_CHARGE_ESSENTIAL_2_LIFESTYLE_03_904x560px.png 904w, https:\/\/resources.tehnomax.me\/wp-content\/uploads\/2024\/08\/JBL_CHARGE_ESSENTIAL_2_LIFESTYLE_03_904x560px-300x186.png 300w, https:\/\/resources.tehnomax.me\/wp-content\/uploads\/2024\/08\/JBL_CHARGE_ESSENTIAL_2_LIFESTYLE_03_904x560px-768x476.png 768w\" sizes=\"(max-width: 800px) 100vw, 800px\" \/>\t\t\t\t\t\t\t\t\t\t\t\t\t\t\t<\/div>\n\t\t\t\t<\/div>\n\t\t\t\t<\/div>\n\t\t\t\t<\/div>\n\t\t<div class=\"elementor-element elementor-element-65c80a1 e-con-full e-flex e-con e-parent\" data-id=\"65c80a1\" data-element_type=\"container\">\n\t\t<div class=\"elementor-element elementor-element-da7d04b e-con-full e-flex e-con e-child\" data-id=\"da7d04b\" data-element_type=\"container\">\n\t\t\t\t<div class=\"elementor-element elementor-element-8c11726 elementor-widget elementor-widget-image\" data-id=\"8c11726\" data-element_type=\"widget\" data-widget_type=\"image.default\">\n\t\t\t\t<div class=\"elementor-widget-container\">\n\t\t\t\t\t\t\t\t\t\t\t\t\t\t\t<img decoding=\"async\" width=\"800\" height=\"496\" src=\"https:\/\/resources.tehnomax.me\/wp-content\/uploads\/2024\/08\/JBL_CHARGE_ESSENTIAL_2_LIFESTYLE_02_904x560px.png\" class=\"attachment-large size-large wp-image-4142\" alt=\"\" srcset=\"https:\/\/resources.tehnomax.me\/wp-content\/uploads\/2024\/08\/JBL_CHARGE_ESSENTIAL_2_LIFESTYLE_02_904x560px.png 904w, https:\/\/resources.tehnomax.me\/wp-content\/uploads\/2024\/08\/JBL_CHARGE_ESSENTIAL_2_LIFESTYLE_02_904x560px-300x186.png 300w, https:\/\/resources.tehnomax.me\/wp-content\/uploads\/2024\/08\/JBL_CHARGE_ESSENTIAL_2_LIFESTYLE_02_904x560px-768x476.png 768w\" sizes=\"(max-width: 800px) 100vw, 800px\" \/>\t\t\t\t\t\t\t\t\t\t\t\t\t\t\t<\/div>\n\t\t\t\t<\/div>\n\t\t\t\t<\/div>\n\t\t<div class=\"elementor-element elementor-element-f0572b4 e-con-full e-flex e-con e-child\" data-id=\"f0572b4\" data-element_type=\"container\">\n\t\t\t\t<div class=\"elementor-element elementor-element-008d9af elementor-widget-divider--view-line elementor-widget elementor-widget-divider\" data-id=\"008d9af\" data-element_type=\"widget\" data-widget_type=\"divider.default\">\n\t\t\t\t<div class=\"elementor-widget-container\">\n\t\t\t\t\t\t\t<div class=\"elementor-divider\">\n\t\t\t<span class=\"elementor-divider-separator\">\n\t\t\t\t\t\t<\/span>\n\t\t<\/div>\n\t\t\t\t\t\t<\/div>\n\t\t\t\t<\/div>\n\t\t\t\t<div class=\"elementor-element elementor-element-038287e elementor-widget elementor-widget-heading\" data-id=\"038287e\" data-element_type=\"widget\" data-widget_type=\"heading.default\">\n\t\t\t\t<div class=\"elementor-widget-container\">\n\t\t\t\t\t<h2 class=\"elementor-heading-title elementor-size-default\">Napravite razliku s IPX7 vodootpornim dizajnom<\/h2>\t\t\t\t<\/div>\n\t\t\t\t<\/div>\n\t\t\t\t<div class=\"elementor-element elementor-element-c1bd198 elementor-widget elementor-widget-text-editor\" data-id=\"c1bd198\" data-element_type=\"widget\" data-widget_type=\"text-editor.default\">\n\t\t\t\t<div class=\"elementor-widget-container\">\n\t\t\t\t\t\t\t\t\t<p>Ponesite svoje zvu\u010dnike svugdje. Zabava na bazenu? Savr\u0161eno. Neo\u010dekivana ki\u0161a? Nema problema. Zabava na pla\u017ei? JBL Charge Essential 2 je IPX7 vodootporan za neustra\u0161ivu zabavu na otvorenom.<\/p>\t\t\t\t\t\t\t\t<\/div>\n\t\t\t\t<\/div>\n\t\t\t\t<\/div>\n\t\t\t\t<\/div>\n\t\t<div class=\"elementor-element elementor-element-9f6222e e-flex e-con-boxed e-con e-parent\" data-id=\"9f6222e\" data-element_type=\"container\">\n\t\t\t\t\t<div class=\"e-con-inner\">\n\t\t\t\t<div class=\"elementor-element elementor-element-12aa086 elementor-widget elementor-widget-heading\" data-id=\"12aa086\" data-element_type=\"widget\" data-widget_type=\"heading.default\">\n\t\t\t\t<div class=\"elementor-widget-container\">\n\t\t\t\t\t<h2 class=\"elementor-heading-title elementor-size-default\">KARAKTERISTIKE<\/h2>\t\t\t\t<\/div>\n\t\t\t\t<\/div>\n\t\t\t\t\t<\/div>\n\t\t\t\t<\/div>\n\t\t<div class=\"elementor-element elementor-element-85477eb e-flex e-con-boxed e-con e-parent\" data-id=\"85477eb\" data-element_type=\"container\">\n\t\t\t\t\t<div class=\"e-con-inner\">\n\t\t<div class=\"elementor-element elementor-element-d70c8f1 e-con-full e-flex e-con e-child\" data-id=\"d70c8f1\" data-element_type=\"container\">\n\t\t\t\t<div class=\"elementor-element elementor-element-d78a5dc elementor-widget elementor-widget-image\" data-id=\"d78a5dc\" data-element_type=\"widget\" data-widget_type=\"image.default\">\n\t\t\t\t<div class=\"elementor-widget-container\">\n\t\t\t\t\t\t\t\t\t\t\t\t\t\t\t<img loading=\"lazy\" decoding=\"async\" width=\"70\" height=\"70\" src=\"https:\/\/resources.tehnomax.me\/wp-content\/uploads\/2024\/08\/Orange_Home_icons_for-marketing_ALL_BLUETOOTH_New.webp\" class=\"attachment-large size-large wp-image-4129\" alt=\"\" \/>\t\t\t\t\t\t\t\t\t\t\t\t\t\t\t<\/div>\n\t\t\t\t<\/div>\n\t\t\t\t<div class=\"elementor-element elementor-element-9617185 elementor-widget elementor-widget-heading\" data-id=\"9617185\" data-element_type=\"widget\" data-widget_type=\"heading.default\">\n\t\t\t\t<div class=\"elementor-widget-container\">\n\t\t\t\t\t<h2 class=\"elementor-heading-title elementor-size-default\">Be\u017ei\u010dni Bluetooth Streaming<\/h2>\t\t\t\t<\/div>\n\t\t\t\t<\/div>\n\t\t\t\t<div class=\"elementor-element elementor-element-be20128 elementor-widget elementor-widget-text-editor\" data-id=\"be20128\" data-element_type=\"widget\" data-widget_type=\"text-editor.default\">\n\t\t\t\t<div class=\"elementor-widget-container\">\n\t\t\t\t\t\t\t\t\t<p>Be\u017ei\u010dno prenosite muziku sa svog telefona, tableta ili bilo kojeg drugog ure\u0111aja koji ima omogu\u0107en Bluetooth.<\/p>\t\t\t\t\t\t\t\t<\/div>\n\t\t\t\t<\/div>\n\t\t\t\t<\/div>\n\t\t<div class=\"elementor-element elementor-element-6149a6e e-con-full e-flex e-con e-child\" data-id=\"6149a6e\" data-element_type=\"container\">\n\t\t\t\t<div class=\"elementor-element elementor-element-4379a14 elementor-widget elementor-widget-image\" data-id=\"4379a14\" data-element_type=\"widget\" data-widget_type=\"image.default\">\n\t\t\t\t<div class=\"elementor-widget-container\">\n\t\t\t\t\t\t\t\t\t\t\t\t\t\t\t<img loading=\"lazy\" decoding=\"async\" width=\"70\" height=\"70\" src=\"https:\/\/resources.tehnomax.me\/wp-content\/uploads\/2024\/08\/icon_JBL_Powerbank.webp\" class=\"attachment-large size-large wp-image-4131\" alt=\"\" \/>\t\t\t\t\t\t\t\t\t\t\t\t\t\t\t<\/div>\n\t\t\t\t<\/div>\n\t\t\t\t<div class=\"elementor-element elementor-element-0720337 elementor-widget elementor-widget-heading\" data-id=\"0720337\" data-element_type=\"widget\" data-widget_type=\"heading.default\">\n\t\t\t\t<div class=\"elementor-widget-container\">\n\t\t\t\t\t<h2 class=\"elementor-heading-title elementor-size-default\">Uklju\u010dite napajanje uz ugra\u0111eni powerbank<\/h2>\t\t\t\t<\/div>\n\t\t\t\t<\/div>\n\t\t\t\t<div class=\"elementor-element elementor-element-631a3c9 elementor-widget elementor-widget-text-editor\" data-id=\"631a3c9\" data-element_type=\"widget\" data-widget_type=\"text-editor.default\">\n\t\t\t\t<div class=\"elementor-widget-container\">\n\t\t\t\t\t\t\t\t\t<p>Ne prekidajte zabavu. Ugra\u0111eni powerbank vam omogu\u0107ava da punite svoje ure\u0111aje bez prekidanja muzike.\u00a0<\/p>\t\t\t\t\t\t\t\t<\/div>\n\t\t\t\t<\/div>\n\t\t\t\t<\/div>\n\t\t\t\t\t<\/div>\n\t\t\t\t<\/div>\n\t\t<div class=\"elementor-element elementor-element-e3c833e e-grid e-con-boxed e-con e-parent\" data-id=\"e3c833e\" data-element_type=\"container\">\n\t\t\t\t\t<div class=\"e-con-inner\">\n\t\t\t\t<div class=\"elementor-element elementor-element-e8a28d3 elementor-widget elementor-widget-html\" data-id=\"e8a28d3\" data-element_type=\"widget\" data-widget_type=\"html.default\">\n\t\t\t\t<div class=\"elementor-widget-container\">\n\t\t\t\t\t<script src=https:\/\/ajax.googleapis.com\/ajax\/libs\/jquery\/1.11.0\/jquery.min.js><\/script><script type=\"text\/javascript\" src=https:\/\/www.tehnomax.me\/common\/javascript\/iframe-resizer\/iframeResizer.contentWindow.min.js defer><\/script>\t\t\t\t<\/div>\n\t\t\t\t<\/div>\n\t\t\t\t\t<\/div>\n\t\t\t\t<\/div>\n\t\t\t\t<\/div>\n\t\t","protected":false},"excerpt":{"rendered":"<p>Bold JBL Originalni Pro Sound JBL Charge Essential 2 ima drajver u obliku trka\u010dke staze, odvojeni visokotonac i dvije JBL pasivne zone za dublji bas. Optimizovani pretvara\u010d daje ve\u0107u glasno\u0107u. JBL Charge Essential 2 pru\u017ea mo\u0107an zvuk gdje god da se nalazite. 20 sati muzike Zabava ne mora da prestane. Uz nevjerovatnih 20 sati trajanja [&hellip;]<\/p>\n","protected":false},"author":1,"featured_media":0,"parent":0,"menu_order":0,"comment_status":"closed","ping_status":"closed","template":"elementor_canvas","meta":{"footnotes":""},"class_list":["post-4138","page","type-page","status-publish","hentry"],"_links":{"self":[{"href":"https:\/\/resources.tehnomax.me\/index.php?rest_route=\/wp\/v2\/pages\/4138","targetHints":{"allow":["GET"]}}],"collection":[{"href":"https:\/\/resources.tehnomax.me\/index.php?rest_route=\/wp\/v2\/pages"}],"about":[{"href":"https:\/\/resources.tehnomax.me\/index.php?rest_route=\/wp\/v2\/types\/page"}],"author":[{"embeddable":true,"href":"https:\/\/resources.tehnomax.me\/index.php?rest_route=\/wp\/v2\/users\/1"}],"replies":[{"embeddable":true,"href":"https:\/\/resources.tehnomax.me\/index.php?rest_route=%2Fwp%2Fv2%2Fcomments&post=4138"}],"version-history":[{"count":7,"href":"https:\/\/resources.tehnomax.me\/index.php?rest_route=\/wp\/v2\/pages\/4138\/revisions"}],"predecessor-version":[{"id":4148,"href":"https:\/\/resources.tehnomax.me\/index.php?rest_route=\/wp\/v2\/pages\/4138\/revisions\/4148"}],"wp:attachment":[{"href":"https:\/\/resources.tehnomax.me\/index.php?rest_route=%2Fwp%2Fv2%2Fmedia&parent=4138"}],"curies":[{"name":"wp","href":"https:\/\/api.w.org\/{rel}","templated":true}]}}