{"id":3896,"date":"2024-06-20T12:53:07","date_gmt":"2024-06-20T12:53:07","guid":{"rendered":"https:\/\/resources.tehnomax.me\/?page_id=3896"},"modified":"2024-06-20T12:53:57","modified_gmt":"2024-06-20T12:53:57","slug":"philips-multigroom","status":"publish","type":"page","link":"https:\/\/resources.tehnomax.me\/?page_id=3896","title":{"rendered":"Philips Multigroom"},"content":{"rendered":"\t\t<div data-elementor-type=\"wp-page\" data-elementor-id=\"3896\" class=\"elementor elementor-3896\" data-elementor-post-type=\"page\">\n\t\t\t\t<div class=\"elementor-element elementor-element-b45616c e-con-full e-flex e-con e-parent\" data-id=\"b45616c\" data-element_type=\"container\">\n\t\t\t\t<div class=\"elementor-element elementor-element-862c7a7 elementor-hidden-mobile elementor-widget elementor-widget-image\" data-id=\"862c7a7\" data-element_type=\"widget\" data-widget_type=\"image.default\">\n\t\t\t\t<div class=\"elementor-widget-container\">\n\t\t\t\t\t\t\t\t\t\t\t\t\t\t\t<img fetchpriority=\"high\" decoding=\"async\" width=\"1920\" height=\"401\" src=\"https:\/\/resources.tehnomax.me\/wp-content\/uploads\/2024\/06\/multigroom-desktop.png\" class=\"attachment-full size-full wp-image-3898\" alt=\"\" srcset=\"https:\/\/resources.tehnomax.me\/wp-content\/uploads\/2024\/06\/multigroom-desktop.png 1920w, https:\/\/resources.tehnomax.me\/wp-content\/uploads\/2024\/06\/multigroom-desktop-300x63.png 300w, https:\/\/resources.tehnomax.me\/wp-content\/uploads\/2024\/06\/multigroom-desktop-1024x214.png 1024w, https:\/\/resources.tehnomax.me\/wp-content\/uploads\/2024\/06\/multigroom-desktop-768x160.png 768w, https:\/\/resources.tehnomax.me\/wp-content\/uploads\/2024\/06\/multigroom-desktop-1536x321.png 1536w\" sizes=\"(max-width: 1920px) 100vw, 1920px\" \/>\t\t\t\t\t\t\t\t\t\t\t\t\t\t\t<\/div>\n\t\t\t\t<\/div>\n\t\t\t\t<div class=\"elementor-element elementor-element-369a767 elementor-hidden-desktop elementor-hidden-tablet elementor-widget elementor-widget-image\" data-id=\"369a767\" data-element_type=\"widget\" data-widget_type=\"image.default\">\n\t\t\t\t<div class=\"elementor-widget-container\">\n\t\t\t\t\t\t\t\t\t\t\t\t\t\t\t<img decoding=\"async\" width=\"800\" height=\"401\" src=\"https:\/\/resources.tehnomax.me\/wp-content\/uploads\/2024\/06\/multigroom-mob.png\" class=\"attachment-full size-full wp-image-3899\" alt=\"\" srcset=\"https:\/\/resources.tehnomax.me\/wp-content\/uploads\/2024\/06\/multigroom-mob.png 800w, https:\/\/resources.tehnomax.me\/wp-content\/uploads\/2024\/06\/multigroom-mob-300x150.png 300w, https:\/\/resources.tehnomax.me\/wp-content\/uploads\/2024\/06\/multigroom-mob-768x385.png 768w\" sizes=\"(max-width: 800px) 100vw, 800px\" \/>\t\t\t\t\t\t\t\t\t\t\t\t\t\t\t<\/div>\n\t\t\t\t<\/div>\n\t\t\t\t<div class=\"elementor-element elementor-element-84f633d elementor-widget elementor-widget-heading\" data-id=\"84f633d\" data-element_type=\"widget\" data-widget_type=\"heading.default\">\n\t\t\t\t<div class=\"elementor-widget-container\">\n\t\t\t\t\t<h2 class=\"elementor-heading-title elementor-size-default\">IZGLEDAJ BESPREKORNO SVAKI DAN UZ PHILIPS TRIMERE VRHUNSKE TEHNOLOGIJE KOJI \u0106E TI OSIGURATI VRHUNSKU PRECIZNOST TOKOM BRIJANJA.<\/h2>\t\t\t\t<\/div>\n\t\t\t\t<\/div>\n\t\t\t\t<div class=\"elementor-element elementor-element-7cce61b elementor-widget elementor-widget-text-editor\" data-id=\"7cce61b\" data-element_type=\"widget\" data-widget_type=\"text-editor.default\">\n\t\t\t\t<div class=\"elementor-widget-container\">\n\t\t\t\t\t\t\t\t\t<p>Jednostavni za kori\u0161\u0107enje, omogu\u0107i\u0107e ti lako i brzo brijanje, sa prilago\u0111avanjem du\u017eine sje\u010denja, kako bi postigao savr\u0161en izgled.<\/p><p>Philips trimeri su savr\u0161en izbor za svakog mu\u0161karca u pokretu, jer daju profesionalne rezultate brijanja, i to sve bez nereda u kupatilu.<\/p><p>Nabavi neki od vrhunskih trimera koji su trenutno na popustu i budi sam svoj berberin.<\/p>\t\t\t\t\t\t\t\t<\/div>\n\t\t\t\t<\/div>\n\t\t\t\t<div class=\"elementor-element elementor-element-fa1ecca elementor-align-center elementor-widget elementor-widget-button\" data-id=\"fa1ecca\" data-element_type=\"widget\" data-widget_type=\"button.default\">\n\t\t\t\t<div class=\"elementor-widget-container\">\n\t\t\t\t\t\t\t\t\t<div class=\"elementor-button-wrapper\">\n\t\t\t\t\t<a class=\"elementor-button elementor-button-link elementor-size-sm\" href=\"https:\/\/tehnomax.me\/index.php?mod=catalog&#038;op=thm_search&#038;search_type=&#038;submited=1&#038;keywords=Multigroom\" target=\"_blank\">\n\t\t\t\t\t\t<span class=\"elementor-button-content-wrapper\">\n\t\t\t\t\t\t\t\t\t<span class=\"elementor-button-text\">Istra\u017eite Multigroom ponudu<\/span>\n\t\t\t\t\t<\/span>\n\t\t\t\t\t<\/a>\n\t\t\t\t<\/div>\n\t\t\t\t\t\t\t\t<\/div>\n\t\t\t\t<\/div>\n\t\t\t\t<\/div>\n\t\t<div class=\"elementor-element elementor-element-5cfcfb5 e-flex e-con-boxed e-con e-parent\" data-id=\"5cfcfb5\" data-element_type=\"container\">\n\t\t\t\t\t<div class=\"e-con-inner\">\n\t\t\t\t<div class=\"elementor-element elementor-element-03374d2 elementor-widget elementor-widget-video\" data-id=\"03374d2\" data-element_type=\"widget\" data-settings=\"{&quot;youtube_url&quot;:&quot;https:\\\/\\\/youtu.be\\\/atLlAxQFoCs&quot;,&quot;video_type&quot;:&quot;youtube&quot;,&quot;controls&quot;:&quot;yes&quot;}\" data-widget_type=\"video.default\">\n\t\t\t\t<div class=\"elementor-widget-container\">\n\t\t\t\t\t\t\t<div class=\"elementor-wrapper elementor-open-inline\">\n\t\t\t<div class=\"elementor-video\"><\/div>\t\t<\/div>\n\t\t\t\t\t\t<\/div>\n\t\t\t\t<\/div>\n\t\t\t\t\t<\/div>\n\t\t\t\t<\/div>\n\t\t\t\t<section class=\"elementor-section elementor-top-section elementor-element elementor-element-2d296465 elementor-section-boxed elementor-section-height-default elementor-section-height-default\" data-id=\"2d296465\" data-element_type=\"section\">\n\t\t\t\t\t\t<div class=\"elementor-container elementor-column-gap-default\">\n\t\t\t\t\t<div class=\"elementor-column elementor-col-100 elementor-top-column elementor-element elementor-element-79dbb805\" data-id=\"79dbb805\" data-element_type=\"column\">\n\t\t\t<div class=\"elementor-widget-wrap elementor-element-populated\">\n\t\t\t\t\t\t<div class=\"elementor-element elementor-element-52c8e34d elementor-widget elementor-widget-html\" data-id=\"52c8e34d\" data-element_type=\"widget\" data-widget_type=\"html.default\">\n\t\t\t\t<div class=\"elementor-widget-container\">\n\t\t\t\t\t<script src=https:\/\/ajax.googleapis.com\/ajax\/libs\/jquery\/1.11.0\/jquery.min.js><\/script><script type=\"text\/javascript\" src=https:\/\/www.tehnomax.me\/common\/javascript\/iframe-resizer\/iframeResizer.contentWindow.min.js defer><\/script>\t\t\t\t<\/div>\n\t\t\t\t<\/div>\n\t\t\t\t\t<\/div>\n\t\t<\/div>\n\t\t\t\t\t<\/div>\n\t\t<\/section>\n\t\t\t\t<\/div>\n\t\t","protected":false},"excerpt":{"rendered":"<p>IZGLEDAJ BESPREKORNO SVAKI DAN UZ PHILIPS TRIMERE VRHUNSKE TEHNOLOGIJE KOJI \u0106E TI OSIGURATI VRHUNSKU PRECIZNOST TOKOM BRIJANJA. Jednostavni za kori\u0161\u0107enje, omogu\u0107i\u0107e ti lako i brzo brijanje, sa prilago\u0111avanjem du\u017eine sje\u010denja, kako bi postigao savr\u0161en izgled. Philips trimeri su savr\u0161en izbor za svakog mu\u0161karca u pokretu, jer daju profesionalne rezultate brijanja, i to sve bez nereda [&hellip;]<\/p>\n","protected":false},"author":1,"featured_media":0,"parent":0,"menu_order":0,"comment_status":"closed","ping_status":"closed","template":"elementor_canvas","meta":{"footnotes":""},"class_list":["post-3896","page","type-page","status-publish","hentry"],"_links":{"self":[{"href":"https:\/\/resources.tehnomax.me\/index.php?rest_route=\/wp\/v2\/pages\/3896","targetHints":{"allow":["GET"]}}],"collection":[{"href":"https:\/\/resources.tehnomax.me\/index.php?rest_route=\/wp\/v2\/pages"}],"about":[{"href":"https:\/\/resources.tehnomax.me\/index.php?rest_route=\/wp\/v2\/types\/page"}],"author":[{"embeddable":true,"href":"https:\/\/resources.tehnomax.me\/index.php?rest_route=\/wp\/v2\/users\/1"}],"replies":[{"embeddable":true,"href":"https:\/\/resources.tehnomax.me\/index.php?rest_route=%2Fwp%2Fv2%2Fcomments&post=3896"}],"version-history":[{"count":4,"href":"https:\/\/resources.tehnomax.me\/index.php?rest_route=\/wp\/v2\/pages\/3896\/revisions"}],"predecessor-version":[{"id":3902,"href":"https:\/\/resources.tehnomax.me\/index.php?rest_route=\/wp\/v2\/pages\/3896\/revisions\/3902"}],"wp:attachment":[{"href":"https:\/\/resources.tehnomax.me\/index.php?rest_route=%2Fwp%2Fv2%2Fmedia&parent=3896"}],"curies":[{"name":"wp","href":"https:\/\/api.w.org\/{rel}","templated":true}]}}