{"id":3783,"date":"2024-06-20T10:40:58","date_gmt":"2024-06-20T10:40:58","guid":{"rendered":"https:\/\/resources.tehnomax.me\/?page_id=3783"},"modified":"2024-08-05T07:00:28","modified_gmt":"2024-08-05T07:00:28","slug":"philips-sonicare","status":"publish","type":"page","link":"https:\/\/resources.tehnomax.me\/?page_id=3783","title":{"rendered":"Philips Sonicare"},"content":{"rendered":"\t\t<div data-elementor-type=\"wp-page\" data-elementor-id=\"3783\" class=\"elementor elementor-3783\" data-elementor-post-type=\"page\">\n\t\t\t\t<div class=\"elementor-element elementor-element-b45616c e-con-full e-flex e-con e-parent\" data-id=\"b45616c\" data-element_type=\"container\">\n\t\t\t\t<div class=\"elementor-element elementor-element-862c7a7 elementor-hidden-mobile elementor-widget elementor-widget-image\" data-id=\"862c7a7\" data-element_type=\"widget\" data-widget_type=\"image.default\">\n\t\t\t\t<div class=\"elementor-widget-container\">\n\t\t\t\t\t\t\t\t\t\t\t\t\t\t\t<img fetchpriority=\"high\" decoding=\"async\" width=\"1920\" height=\"450\" src=\"https:\/\/resources.tehnomax.me\/wp-content\/uploads\/2024\/08\/philips-sonicare-desktop1.png\" class=\"attachment-full size-full wp-image-4091\" alt=\"\" srcset=\"https:\/\/resources.tehnomax.me\/wp-content\/uploads\/2024\/08\/philips-sonicare-desktop1.png 1920w, https:\/\/resources.tehnomax.me\/wp-content\/uploads\/2024\/08\/philips-sonicare-desktop1-300x70.png 300w, https:\/\/resources.tehnomax.me\/wp-content\/uploads\/2024\/08\/philips-sonicare-desktop1-1024x240.png 1024w, https:\/\/resources.tehnomax.me\/wp-content\/uploads\/2024\/08\/philips-sonicare-desktop1-768x180.png 768w, https:\/\/resources.tehnomax.me\/wp-content\/uploads\/2024\/08\/philips-sonicare-desktop1-1536x360.png 1536w\" sizes=\"(max-width: 1920px) 100vw, 1920px\" \/>\t\t\t\t\t\t\t\t\t\t\t\t\t\t\t<\/div>\n\t\t\t\t<\/div>\n\t\t\t\t<div class=\"elementor-element elementor-element-369a767 elementor-hidden-desktop elementor-hidden-tablet elementor-widget elementor-widget-image\" data-id=\"369a767\" data-element_type=\"widget\" data-widget_type=\"image.default\">\n\t\t\t\t<div class=\"elementor-widget-container\">\n\t\t\t\t\t\t\t\t\t\t\t\t\t\t\t<img decoding=\"async\" width=\"800\" height=\"400\" src=\"https:\/\/resources.tehnomax.me\/wp-content\/uploads\/2024\/08\/philips-sonicare-mob1-1.png\" class=\"attachment-full size-full wp-image-4092\" alt=\"\" srcset=\"https:\/\/resources.tehnomax.me\/wp-content\/uploads\/2024\/08\/philips-sonicare-mob1-1.png 800w, https:\/\/resources.tehnomax.me\/wp-content\/uploads\/2024\/08\/philips-sonicare-mob1-1-300x150.png 300w, https:\/\/resources.tehnomax.me\/wp-content\/uploads\/2024\/08\/philips-sonicare-mob1-1-768x384.png 768w\" sizes=\"(max-width: 800px) 100vw, 800px\" \/>\t\t\t\t\t\t\t\t\t\t\t\t\t\t\t<\/div>\n\t\t\t\t<\/div>\n\t\t\t\t<div class=\"elementor-element elementor-element-1f8dda6 elementor-widget elementor-widget-image\" data-id=\"1f8dda6\" data-element_type=\"widget\" data-widget_type=\"image.default\">\n\t\t\t\t<div class=\"elementor-widget-container\">\n\t\t\t\t\t\t\t\t\t\t\t\t\t\t\t<img decoding=\"async\" width=\"1921\" height=\"1005\" src=\"https:\/\/resources.tehnomax.me\/wp-content\/uploads\/2024\/08\/philips-sonicare-2.png\" class=\"attachment-full size-full wp-image-4093\" alt=\"\" srcset=\"https:\/\/resources.tehnomax.me\/wp-content\/uploads\/2024\/08\/philips-sonicare-2.png 1921w, https:\/\/resources.tehnomax.me\/wp-content\/uploads\/2024\/08\/philips-sonicare-2-300x157.png 300w, https:\/\/resources.tehnomax.me\/wp-content\/uploads\/2024\/08\/philips-sonicare-2-1024x536.png 1024w, https:\/\/resources.tehnomax.me\/wp-content\/uploads\/2024\/08\/philips-sonicare-2-768x402.png 768w, https:\/\/resources.tehnomax.me\/wp-content\/uploads\/2024\/08\/philips-sonicare-2-1536x804.png 1536w\" sizes=\"(max-width: 1921px) 100vw, 1921px\" \/>\t\t\t\t\t\t\t\t\t\t\t\t\t\t\t<\/div>\n\t\t\t\t<\/div>\n\t\t\t\t<\/div>\n\t\t<div class=\"elementor-element elementor-element-5cfcfb5 e-flex e-con-boxed e-con e-parent\" data-id=\"5cfcfb5\" data-element_type=\"container\">\n\t\t\t\t\t<div class=\"e-con-inner\">\n\t\t\t\t<div class=\"elementor-element elementor-element-03374d2 elementor-widget elementor-widget-video\" data-id=\"03374d2\" data-element_type=\"widget\" data-settings=\"{&quot;youtube_url&quot;:&quot;https:\\\/\\\/youtu.be\\\/uOBEYBI2n4k&quot;,&quot;video_type&quot;:&quot;youtube&quot;,&quot;controls&quot;:&quot;yes&quot;}\" data-widget_type=\"video.default\">\n\t\t\t\t<div class=\"elementor-widget-container\">\n\t\t\t\t\t\t\t<div class=\"elementor-wrapper elementor-open-inline\">\n\t\t\t<div class=\"elementor-video\"><\/div>\t\t<\/div>\n\t\t\t\t\t\t<\/div>\n\t\t\t\t<\/div>\n\t\t\t\t\t<\/div>\n\t\t\t\t<\/div>\n\t\t<div class=\"elementor-element elementor-element-35e69b0 e-con-full e-flex e-con e-parent\" data-id=\"35e69b0\" data-element_type=\"container\">\n\t\t\t\t<div class=\"elementor-element elementor-element-5b73456 elementor-align-center elementor-widget elementor-widget-button\" data-id=\"5b73456\" data-element_type=\"widget\" data-widget_type=\"button.default\">\n\t\t\t\t<div class=\"elementor-widget-container\">\n\t\t\t\t\t\t\t\t\t<div class=\"elementor-button-wrapper\">\n\t\t\t\t\t<a class=\"elementor-button elementor-button-link elementor-size-sm\" href=\"https:\/\/www.tehnomax.me\/mali-kucni-aparati\/elektricne-cetkice-za-zube?filter_submited=1&#038;show_filters=1&#038;sort=default&#038;filters%5BRobna+marka%5D%5B%5D=PHILIPS\" target=\"_blank\">\n\t\t\t\t\t\t<span class=\"elementor-button-content-wrapper\">\n\t\t\t\t\t\t\t\t\t<span class=\"elementor-button-text\">Istra\u017eite ponudu<\/span>\n\t\t\t\t\t<\/span>\n\t\t\t\t\t<\/a>\n\t\t\t\t<\/div>\n\t\t\t\t\t\t\t\t<\/div>\n\t\t\t\t<\/div>\n\t\t\t\t<\/div>\n\t\t<div class=\"elementor-element elementor-element-01a370a e-flex e-con-boxed e-con e-parent\" data-id=\"01a370a\" data-element_type=\"container\">\n\t\t\t\t\t<div class=\"e-con-inner\">\n\t\t\t\t<div class=\"elementor-element elementor-element-1648321 elementor-widget elementor-widget-heading\" data-id=\"1648321\" data-element_type=\"widget\" data-widget_type=\"heading.default\">\n\t\t\t\t<div class=\"elementor-widget-container\">\n\t\t\t\t\t<h2 class=\"elementor-heading-title elementor-size-default\">Upoznaj Philips Sonicare za djecu<\/h2>\t\t\t\t<\/div>\n\t\t\t\t<\/div>\n\t\t\t\t<div class=\"elementor-element elementor-element-94b2007 elementor-widget elementor-widget-text-editor\" data-id=\"94b2007\" data-element_type=\"widget\" data-widget_type=\"text-editor.default\">\n\t\t\t\t<div class=\"elementor-widget-container\">\n\t\t\t\t\t\t\t\t\t<p><em>98% ispitanih roditelja ka\u017ee da je lak\u0161e potaknuti djecu da peru zubi\u0107e du\u017ee i bolje<\/em><\/p><p>Zahvaljuju\u0107i dinami\u010dnom na\u010dinu \u010di\u0161\u0107enja \u2013 s \u010dak do 62.000 pokreta u minuti*, soni\u010dne \u010detkice Philips Sonicare omogu\u0107uju optimalno \u010di\u0161\u0107enje podru\u010dja izme\u0111u zuba i uzdu\u017e linije desni osiguravaju\u0107i u\u010dinkovitije <br \/>uklanjanje zubnih naslaga u pore\u0111enju sa obi\u010dnom \u010detkicom.<\/p>\t\t\t\t\t\t\t\t<\/div>\n\t\t\t\t<\/div>\n\t\t\t\t<div class=\"elementor-element elementor-element-660276e elementor-widget elementor-widget-video\" data-id=\"660276e\" data-element_type=\"widget\" data-settings=\"{&quot;youtube_url&quot;:&quot;https:\\\/\\\/youtu.be\\\/D69IJTCWIlI&quot;,&quot;video_type&quot;:&quot;youtube&quot;,&quot;controls&quot;:&quot;yes&quot;}\" data-widget_type=\"video.default\">\n\t\t\t\t<div class=\"elementor-widget-container\">\n\t\t\t\t\t\t\t<div class=\"elementor-wrapper elementor-open-inline\">\n\t\t\t<div class=\"elementor-video\"><\/div>\t\t<\/div>\n\t\t\t\t\t\t<\/div>\n\t\t\t\t<\/div>\n\t\t<div class=\"elementor-element elementor-element-f6423e1 e-con-full e-flex e-con e-child\" data-id=\"f6423e1\" data-element_type=\"container\">\n\t\t<div class=\"elementor-element elementor-element-f332029 e-grid e-con-full e-con e-child\" data-id=\"f332029\" data-element_type=\"container\">\n\t\t<div class=\"elementor-element elementor-element-087e34e e-con-full e-flex e-con e-child\" data-id=\"087e34e\" data-element_type=\"container\">\n\t\t\t\t<div class=\"elementor-element elementor-element-7235688 elementor-widget elementor-widget-heading\" data-id=\"7235688\" data-element_type=\"widget\" data-widget_type=\"heading.default\">\n\t\t\t\t<div class=\"elementor-widget-container\">\n\t\t\t\t\t<h2 class=\"elementor-heading-title elementor-size-default\">8 naljepnica<\/h2>\t\t\t\t<\/div>\n\t\t\t\t<\/div>\n\t\t\t\t<div class=\"elementor-element elementor-element-c5d7e6e elementor-widget elementor-widget-heading\" data-id=\"c5d7e6e\" data-element_type=\"widget\" data-widget_type=\"heading.default\">\n\t\t\t\t<div class=\"elementor-widget-container\">\n\t\t\t\t\t<h2 class=\"elementor-heading-title elementor-size-default\">za personalizaciju \u010detkice<\/h2>\t\t\t\t<\/div>\n\t\t\t\t<\/div>\n\t\t\t\t<div class=\"elementor-element elementor-element-1e1b919 elementor-widget elementor-widget-text-editor\" data-id=\"1e1b919\" data-element_type=\"widget\" data-widget_type=\"text-editor.default\">\n\t\t\t\t<div class=\"elementor-widget-container\">\n\t\t\t\t\t\t\t\t\t<div class=\"p-grid-item p-l-seven-twelfths p-m-seven-twelfths p-s-one-whole p-xs-one-whole p-push-l-none p-push-m-none p-push-s-none p-push-xs-none p-pull-l-none p-pull-m-none p-pull-s-none p-pull-xs-none\"><div class=\"containerpar_item_2 tc01v2-backgroundparsys component-base\"><section class=\"p-tc01-backgroundparsys p-cell-gutter \" data-comp-id=\"tc01BackgroundParsys\" data-background=\"{}\" aria-label=\"\"><div class=\"containerpar parsys\"><div class=\"gc11v3-generictext component-base section\"><section id=\"gc11v3-RyKgerz9jkdOS8Ay\" class=\"p-gc11v3-generictext p-valign-parent p-row-gutter \" data-comp-id=\"gc11v3Generictext\" data-containerlink=\"{&quot;useLink&quot;:&quot;no&quot;, &quot;url&quot;:&quot;&quot;, &quot;navdest&quot;:&quot;&quot;, &quot;target&quot;:&quot;_self&quot;, &quot;omniture&quot;:&quot;&quot;}\" data-is-internal=\"true\"><div class=\"p-vertical-positioning p-text-container p-valign-top\"><div class=\"p-text-container-inner\"><p class=\"p-body-text p-text-smaller p-l-col1 p-m-col1 p-s-col1 p-xs-col1\"><span class=\"p-body-copy-01\"><strong>Izmjenjive naljepnice\u00a0<\/strong>omogu\u0107uju djeci da svoju dr\u0161ku \u010detkice za zube pretvore u novi dizajn kad god po\u017eele. A sada kada je \u010detkanje popra\u0107eno \u0161arenom i smije\u0161nom \u010detkicom<strong>, djeci je jo\u0161 lak\u0161e zabaviti se dok dobijaju u\u010dinkovito \u010di\u0161\u0107enje naprednom soni\u010dnom tehnologijom.<\/strong><\/span><\/p><\/div><\/div><\/section><\/div><\/div><\/section><\/div><\/div><div class=\"p-grid-item p-l-five-twelfths p-m-five-twelfths p-s-one-whole p-xs-one-whole p-push-l-none p-push-m-none p-push-s-none p-push-xs-none p-pull-l-none p-pull-m-none p-pull-s-none p-pull-xs-none\"><div class=\"containerpar_item_3 tc01v2-backgroundparsys component-base\"><section class=\"p-tc01-backgroundparsys p-cell-gutter \" data-comp-id=\"tc01BackgroundParsys\" data-background=\"{}\" aria-label=\"\"><div class=\"containerpar parsys\"><div class=\"gc13v2-genericimage component-base section\"><section class=\"p-gc13v2-genericimage p-row-gutter p-l-spacing-top-none p-m-spacing-top-none p-s-spacing-top-a p-xs-spacing-top-a\" data-comp-id=\"gc13v2Genericimage\" data-minheight=\"dynamic\" data-include-hover-effect=\"no\" data-settings=\"{&quot;l&quot;:{&quot;vertical&quot;:&quot;middle&quot;,&quot;horizontal&quot;:&quot;center&quot;,&quot;minimumHeight&quot;:&quot;0px&quot;},&quot;m&quot;:{&quot;vertical&quot;:&quot;middle&quot;,&quot;horizontal&quot;:&quot;right&quot;,&quot;minimumHeight&quot;:&quot;0px&quot;},&quot;s&quot;:{&quot;vertical&quot;:&quot;middle&quot;,&quot;horizontal&quot;:&quot;left&quot;,&quot;minimumHeight&quot;:&quot;0px&quot;},&quot;xs&quot;:{&quot;vertical&quot;:&quot;middle&quot;,&quot;horizontal&quot;:&quot;left&quot;,&quot;minimumHeight&quot;:&quot;0px&quot;}}\" data-image-source=\"dam\" data-link-container=\"no\" data-link-url=\"\" data-omniture=\"\"><div class=\"p-gc13v2-positioning\">\u00a0<\/div><\/section><\/div><\/div><\/section><\/div><\/div>\t\t\t\t\t\t\t\t<\/div>\n\t\t\t\t<\/div>\n\t\t\t\t<\/div>\n\t\t<div class=\"elementor-element elementor-element-8a7d158 e-con-full e-flex e-con e-child\" data-id=\"8a7d158\" data-element_type=\"container\">\n\t\t\t\t<div class=\"elementor-element elementor-element-48aec2c elementor-widget elementor-widget-image\" data-id=\"48aec2c\" data-element_type=\"widget\" data-widget_type=\"image.default\">\n\t\t\t\t<div class=\"elementor-widget-container\">\n\t\t\t\t\t\t\t\t\t\t\t\t\t\t\t<img loading=\"lazy\" decoding=\"async\" width=\"1080\" height=\"1080\" src=\"https:\/\/resources.tehnomax.me\/wp-content\/uploads\/2024\/06\/sonicare_4kids_autocolante-ezgif.com-webp-to-gif-converter.gif\" class=\"attachment-full size-full wp-image-3840\" alt=\"\" \/>\t\t\t\t\t\t\t\t\t\t\t\t\t\t\t<\/div>\n\t\t\t\t<\/div>\n\t\t\t\t<\/div>\n\t\t\t\t<\/div>\n\t\t\t\t<\/div>\n\t\t\t\t\t<\/div>\n\t\t\t\t<\/div>\n\t\t<div class=\"elementor-element elementor-element-f21647a e-con-full e-flex e-con e-parent\" data-id=\"f21647a\" data-element_type=\"container\">\n\t\t\t\t<div class=\"elementor-element elementor-element-e17c31c elementor-widget elementor-widget-image\" data-id=\"e17c31c\" data-element_type=\"widget\" data-widget_type=\"image.default\">\n\t\t\t\t<div class=\"elementor-widget-container\">\n\t\t\t\t\t\t\t\t\t\t\t\t\t\t\t<img loading=\"lazy\" decoding=\"async\" width=\"1921\" height=\"789\" src=\"https:\/\/resources.tehnomax.me\/wp-content\/uploads\/2024\/08\/philips-sonicare-3.png\" class=\"attachment-full size-full wp-image-4094\" alt=\"\" srcset=\"https:\/\/resources.tehnomax.me\/wp-content\/uploads\/2024\/08\/philips-sonicare-3.png 1921w, https:\/\/resources.tehnomax.me\/wp-content\/uploads\/2024\/08\/philips-sonicare-3-300x123.png 300w, https:\/\/resources.tehnomax.me\/wp-content\/uploads\/2024\/08\/philips-sonicare-3-1024x421.png 1024w, https:\/\/resources.tehnomax.me\/wp-content\/uploads\/2024\/08\/philips-sonicare-3-768x315.png 768w, https:\/\/resources.tehnomax.me\/wp-content\/uploads\/2024\/08\/philips-sonicare-3-1536x631.png 1536w\" sizes=\"(max-width: 1921px) 100vw, 1921px\" \/>\t\t\t\t\t\t\t\t\t\t\t\t\t\t\t<\/div>\n\t\t\t\t<\/div>\n\t\t\t\t<\/div>\n\t\t<div class=\"elementor-element elementor-element-866fb47 e-flex e-con-boxed e-con e-parent\" data-id=\"866fb47\" data-element_type=\"container\">\n\t\t\t\t\t<div class=\"e-con-inner\">\n\t\t\t\t<div class=\"elementor-element elementor-element-00ab7f6 elementor-widget elementor-widget-heading\" data-id=\"00ab7f6\" data-element_type=\"widget\" data-widget_type=\"heading.default\">\n\t\t\t\t<div class=\"elementor-widget-container\">\n\t\t\t\t\t<h2 class=\"elementor-heading-title elementor-size-default\">Nova dimenzija \u010di\u0161\u0107enja prostora izme\u0111u zuba uz tehnologiju QuadStream<\/h2>\t\t\t\t<\/div>\n\t\t\t\t<\/div>\n\t\t\t\t<div class=\"elementor-element elementor-element-620937d elementor-widget elementor-widget-video\" data-id=\"620937d\" data-element_type=\"widget\" data-settings=\"{&quot;youtube_url&quot;:&quot;https:\\\/\\\/youtu.be\\\/l8ao_Em3uOk&quot;,&quot;video_type&quot;:&quot;youtube&quot;,&quot;controls&quot;:&quot;yes&quot;}\" data-widget_type=\"video.default\">\n\t\t\t\t<div class=\"elementor-widget-container\">\n\t\t\t\t\t\t\t<div class=\"elementor-wrapper elementor-open-inline\">\n\t\t\t<div class=\"elementor-video\"><\/div>\t\t<\/div>\n\t\t\t\t\t\t<\/div>\n\t\t\t\t<\/div>\n\t\t\t\t\t<\/div>\n\t\t\t\t<\/div>\n\t\t\t\t<section class=\"elementor-section elementor-top-section elementor-element elementor-element-2d296465 elementor-section-boxed elementor-section-height-default elementor-section-height-default\" data-id=\"2d296465\" data-element_type=\"section\">\n\t\t\t\t\t\t<div class=\"elementor-container elementor-column-gap-default\">\n\t\t\t\t\t<div class=\"elementor-column elementor-col-100 elementor-top-column elementor-element elementor-element-79dbb805\" data-id=\"79dbb805\" data-element_type=\"column\">\n\t\t\t<div class=\"elementor-widget-wrap elementor-element-populated\">\n\t\t\t\t\t\t<div class=\"elementor-element elementor-element-52c8e34d elementor-widget elementor-widget-html\" data-id=\"52c8e34d\" data-element_type=\"widget\" data-widget_type=\"html.default\">\n\t\t\t\t<div class=\"elementor-widget-container\">\n\t\t\t\t\t<script src=https:\/\/ajax.googleapis.com\/ajax\/libs\/jquery\/1.11.0\/jquery.min.js><\/script><script type=\"text\/javascript\" src=https:\/\/www.tehnomax.me\/common\/javascript\/iframe-resizer\/iframeResizer.contentWindow.min.js defer><\/script>\t\t\t\t<\/div>\n\t\t\t\t<\/div>\n\t\t\t\t\t<\/div>\n\t\t<\/div>\n\t\t\t\t\t<\/div>\n\t\t<\/section>\n\t\t\t\t<\/div>\n\t\t","protected":false},"excerpt":{"rendered":"<p>Istra\u017eite ponudu Upoznaj Philips Sonicare za djecu 98% ispitanih roditelja ka\u017ee da je lak\u0161e potaknuti djecu da peru zubi\u0107e du\u017ee i bolje Zahvaljuju\u0107i dinami\u010dnom na\u010dinu \u010di\u0161\u0107enja \u2013 s \u010dak do 62.000 pokreta u minuti*, soni\u010dne \u010detkice Philips Sonicare omogu\u0107uju optimalno \u010di\u0161\u0107enje podru\u010dja izme\u0111u zuba i uzdu\u017e linije desni osiguravaju\u0107i u\u010dinkovitije uklanjanje zubnih naslaga u pore\u0111enju [&hellip;]<\/p>\n","protected":false},"author":1,"featured_media":0,"parent":0,"menu_order":0,"comment_status":"closed","ping_status":"closed","template":"elementor_canvas","meta":{"footnotes":""},"class_list":["post-3783","page","type-page","status-publish","hentry"],"_links":{"self":[{"href":"https:\/\/resources.tehnomax.me\/index.php?rest_route=\/wp\/v2\/pages\/3783","targetHints":{"allow":["GET"]}}],"collection":[{"href":"https:\/\/resources.tehnomax.me\/index.php?rest_route=\/wp\/v2\/pages"}],"about":[{"href":"https:\/\/resources.tehnomax.me\/index.php?rest_route=\/wp\/v2\/types\/page"}],"author":[{"embeddable":true,"href":"https:\/\/resources.tehnomax.me\/index.php?rest_route=\/wp\/v2\/users\/1"}],"replies":[{"embeddable":true,"href":"https:\/\/resources.tehnomax.me\/index.php?rest_route=%2Fwp%2Fv2%2Fcomments&post=3783"}],"version-history":[{"count":61,"href":"https:\/\/resources.tehnomax.me\/index.php?rest_route=\/wp\/v2\/pages\/3783\/revisions"}],"predecessor-version":[{"id":4097,"href":"https:\/\/resources.tehnomax.me\/index.php?rest_route=\/wp\/v2\/pages\/3783\/revisions\/4097"}],"wp:attachment":[{"href":"https:\/\/resources.tehnomax.me\/index.php?rest_route=%2Fwp%2Fv2%2Fmedia&parent=3783"}],"curies":[{"name":"wp","href":"https:\/\/api.w.org\/{rel}","templated":true}]}}