{"id":3710,"date":"2024-06-20T09:29:21","date_gmt":"2024-06-20T09:29:21","guid":{"rendered":"https:\/\/resources.tehnomax.me\/?page_id=3710"},"modified":"2024-08-05T06:58:00","modified_gmt":"2024-08-05T06:58:00","slug":"philips-njega-kose","status":"publish","type":"page","link":"https:\/\/resources.tehnomax.me\/?page_id=3710","title":{"rendered":"Philips njega kose"},"content":{"rendered":"\t\t<div data-elementor-type=\"wp-page\" data-elementor-id=\"3710\" class=\"elementor elementor-3710\" data-elementor-post-type=\"page\">\n\t\t\t\t<div class=\"elementor-element elementor-element-b45616c e-con-full e-flex e-con e-parent\" data-id=\"b45616c\" data-element_type=\"container\">\n\t\t\t\t<div class=\"elementor-element elementor-element-862c7a7 elementor-hidden-mobile elementor-widget elementor-widget-image\" data-id=\"862c7a7\" data-element_type=\"widget\" data-widget_type=\"image.default\">\n\t\t\t\t<div class=\"elementor-widget-container\">\n\t\t\t\t\t\t\t\t\t\t\t\t\t\t\t<img fetchpriority=\"high\" decoding=\"async\" width=\"1921\" height=\"451\" src=\"https:\/\/resources.tehnomax.me\/wp-content\/uploads\/2024\/08\/philips-lepota-desktop1.png\" class=\"attachment-full size-full wp-image-4086\" alt=\"\" srcset=\"https:\/\/resources.tehnomax.me\/wp-content\/uploads\/2024\/08\/philips-lepota-desktop1.png 1921w, https:\/\/resources.tehnomax.me\/wp-content\/uploads\/2024\/08\/philips-lepota-desktop1-300x70.png 300w, https:\/\/resources.tehnomax.me\/wp-content\/uploads\/2024\/08\/philips-lepota-desktop1-1024x240.png 1024w, https:\/\/resources.tehnomax.me\/wp-content\/uploads\/2024\/08\/philips-lepota-desktop1-768x180.png 768w, https:\/\/resources.tehnomax.me\/wp-content\/uploads\/2024\/08\/philips-lepota-desktop1-1536x361.png 1536w\" sizes=\"(max-width: 1921px) 100vw, 1921px\" \/>\t\t\t\t\t\t\t\t\t\t\t\t\t\t\t<\/div>\n\t\t\t\t<\/div>\n\t\t\t\t<div class=\"elementor-element elementor-element-369a767 elementor-hidden-desktop elementor-hidden-tablet elementor-widget elementor-widget-image\" data-id=\"369a767\" data-element_type=\"widget\" data-widget_type=\"image.default\">\n\t\t\t\t<div class=\"elementor-widget-container\">\n\t\t\t\t\t\t\t\t\t\t\t\t\t\t\t<img decoding=\"async\" width=\"800\" height=\"401\" src=\"https:\/\/resources.tehnomax.me\/wp-content\/uploads\/2024\/08\/philips-lepota-mob1.png\" class=\"attachment-full size-full wp-image-4087\" alt=\"\" srcset=\"https:\/\/resources.tehnomax.me\/wp-content\/uploads\/2024\/08\/philips-lepota-mob1.png 800w, https:\/\/resources.tehnomax.me\/wp-content\/uploads\/2024\/08\/philips-lepota-mob1-300x150.png 300w, https:\/\/resources.tehnomax.me\/wp-content\/uploads\/2024\/08\/philips-lepota-mob1-768x385.png 768w\" sizes=\"(max-width: 800px) 100vw, 800px\" \/>\t\t\t\t\t\t\t\t\t\t\t\t\t\t\t<\/div>\n\t\t\t\t<\/div>\n\t\t\t\t<div class=\"elementor-element elementor-element-ddc58d5 elementor-widget elementor-widget-heading\" data-id=\"ddc58d5\" data-element_type=\"widget\" data-widget_type=\"heading.default\">\n\t\t\t\t<div class=\"elementor-widget-container\">\n\t\t\t\t\t<h2 class=\"elementor-heading-title elementor-size-default\"><b>SenseIQ<\/b> linija za njegu kose\n<\/h2>\t\t\t\t<\/div>\n\t\t\t\t<\/div>\n\t\t\t\t<\/div>\n\t\t\t\t<section class=\"elementor-section elementor-top-section elementor-element elementor-element-54676a2 elementor-section-boxed elementor-section-height-default elementor-section-height-default\" data-id=\"54676a2\" data-element_type=\"section\">\n\t\t\t\t\t\t<div class=\"elementor-container elementor-column-gap-default\">\n\t\t\t\t\t<div class=\"elementor-column elementor-col-33 elementor-top-column elementor-element elementor-element-abd2186\" data-id=\"abd2186\" data-element_type=\"column\" data-settings=\"{&quot;background_background&quot;:&quot;classic&quot;}\">\n\t\t\t<div class=\"elementor-widget-wrap elementor-element-populated\">\n\t\t\t\t\t\t<div class=\"elementor-element elementor-element-83d045a elementor-widget elementor-widget-image\" data-id=\"83d045a\" data-element_type=\"widget\" data-widget_type=\"image.default\">\n\t\t\t\t<div class=\"elementor-widget-container\">\n\t\t\t\t\t\t\t\t\t\t\t\t\t\t\t\t<a href=\"https:\/\/tehnomax.me\/mali-kucni-aparati\/stajleri-i-prese-za-kosu\/uvijac-kose-philips-bhb887-00.html\" target=\"_blank\">\n\t\t\t\t\t\t\t<img decoding=\"async\" width=\"1000\" height=\"1000\" src=\"https:\/\/resources.tehnomax.me\/wp-content\/uploads\/2024\/06\/image649be3db146a4.jpg\" class=\"attachment-full size-full wp-image-3718\" alt=\"\" srcset=\"https:\/\/resources.tehnomax.me\/wp-content\/uploads\/2024\/06\/image649be3db146a4.jpg 1000w, https:\/\/resources.tehnomax.me\/wp-content\/uploads\/2024\/06\/image649be3db146a4-300x300.jpg 300w, https:\/\/resources.tehnomax.me\/wp-content\/uploads\/2024\/06\/image649be3db146a4-150x150.jpg 150w, https:\/\/resources.tehnomax.me\/wp-content\/uploads\/2024\/06\/image649be3db146a4-768x768.jpg 768w\" sizes=\"(max-width: 1000px) 100vw, 1000px\" \/>\t\t\t\t\t\t\t\t<\/a>\n\t\t\t\t\t\t\t\t\t\t\t\t\t\t\t<\/div>\n\t\t\t\t<\/div>\n\t\t\t\t<div class=\"elementor-element elementor-element-582d0ae elementor-widget elementor-widget-heading\" data-id=\"582d0ae\" data-element_type=\"widget\" data-widget_type=\"heading.default\">\n\t\t\t\t<div class=\"elementor-widget-container\">\n\t\t\t\t\t<p class=\"elementor-heading-title elementor-size-default\">Divne kovrd\u017ee njegovanog izgleda, automatski\n<\/p>\t\t\t\t<\/div>\n\t\t\t\t<\/div>\n\t\t\t\t<div class=\"elementor-element elementor-element-edb4f06 elementor-widget elementor-widget-heading\" data-id=\"edb4f06\" data-element_type=\"widget\" data-widget_type=\"heading.default\">\n\t\t\t\t<div class=\"elementor-widget-container\">\n\t\t\t\t\t<h1 class=\"elementor-heading-title elementor-size-default\"><a href=\"https:\/\/tehnomax.me\/mali-kucni-aparati\/stajleri-i-prese-za-kosu\/uvijac-kose-philips-bhb887-00.html\" target=\"_blank\">AUTOMATSKI UVIJA\u010c ZA KOSU SENSEIQ PHILIPS BHB887\/00<\/a><\/h1>\t\t\t\t<\/div>\n\t\t\t\t<\/div>\n\t\t\t\t\t<\/div>\n\t\t<\/div>\n\t\t\t\t<div class=\"elementor-column elementor-col-33 elementor-top-column elementor-element elementor-element-78d97c3\" data-id=\"78d97c3\" data-element_type=\"column\" data-settings=\"{&quot;background_background&quot;:&quot;classic&quot;}\">\n\t\t\t<div class=\"elementor-widget-wrap elementor-element-populated\">\n\t\t\t\t\t\t<div class=\"elementor-element elementor-element-f2e5b4d elementor-widget elementor-widget-image\" data-id=\"f2e5b4d\" data-element_type=\"widget\" data-widget_type=\"image.default\">\n\t\t\t\t<div class=\"elementor-widget-container\">\n\t\t\t\t\t\t\t\t\t\t\t\t\t\t\t\t<a href=\"https:\/\/tehnomax.me\/mali-kucni-aparati\/fenovi\/fen-philips-bhd829-00.html\" target=\"_blank\">\n\t\t\t\t\t\t\t<img loading=\"lazy\" decoding=\"async\" width=\"1000\" height=\"1000\" src=\"https:\/\/resources.tehnomax.me\/wp-content\/uploads\/2024\/06\/image64f87835a12cf.jpg\" class=\"attachment-full size-full wp-image-3719\" alt=\"\" srcset=\"https:\/\/resources.tehnomax.me\/wp-content\/uploads\/2024\/06\/image64f87835a12cf.jpg 1000w, https:\/\/resources.tehnomax.me\/wp-content\/uploads\/2024\/06\/image64f87835a12cf-300x300.jpg 300w, https:\/\/resources.tehnomax.me\/wp-content\/uploads\/2024\/06\/image64f87835a12cf-150x150.jpg 150w, https:\/\/resources.tehnomax.me\/wp-content\/uploads\/2024\/06\/image64f87835a12cf-768x768.jpg 768w\" sizes=\"(max-width: 1000px) 100vw, 1000px\" \/>\t\t\t\t\t\t\t\t<\/a>\n\t\t\t\t\t\t\t\t\t\t\t\t\t\t\t<\/div>\n\t\t\t\t<\/div>\n\t\t\t\t<div class=\"elementor-element elementor-element-432ec39 elementor-widget elementor-widget-heading\" data-id=\"432ec39\" data-element_type=\"widget\" data-widget_type=\"heading.default\">\n\t\t\t\t<div class=\"elementor-widget-container\">\n\t\t\t\t\t<p class=\"elementor-heading-title elementor-size-default\">Jedinstvena kosa. Jedinstvena njega.<\/p>\t\t\t\t<\/div>\n\t\t\t\t<\/div>\n\t\t\t\t<div class=\"elementor-element elementor-element-596693d elementor-widget elementor-widget-heading\" data-id=\"596693d\" data-element_type=\"widget\" data-widget_type=\"heading.default\">\n\t\t\t\t<div class=\"elementor-widget-container\">\n\t\t\t\t\t<h1 class=\"elementor-heading-title elementor-size-default\"><a href=\"https:\/\/tehnomax.me\/mali-kucni-aparati\/fenovi\/fen-philips-bhd829-00.html\" target=\"_blank\">FEN ZA KOSU SA TEHNOLOGIJOM SENSEIQ PHILIPS BHD829\/00<\/a><\/h1>\t\t\t\t<\/div>\n\t\t\t\t<\/div>\n\t\t\t\t\t<\/div>\n\t\t<\/div>\n\t\t\t\t<div class=\"elementor-column elementor-col-33 elementor-top-column elementor-element elementor-element-58eff35\" data-id=\"58eff35\" data-element_type=\"column\" data-settings=\"{&quot;background_background&quot;:&quot;classic&quot;}\">\n\t\t\t<div class=\"elementor-widget-wrap elementor-element-populated\">\n\t\t\t\t\t\t<div class=\"elementor-element elementor-element-20d385f elementor-widget elementor-widget-image\" data-id=\"20d385f\" data-element_type=\"widget\" data-widget_type=\"image.default\">\n\t\t\t\t<div class=\"elementor-widget-container\">\n\t\t\t\t\t\t\t\t\t\t\t\t\t\t\t\t<a href=\"https:\/\/tehnomax.me\/mali-kucni-aparati\/stajleri-i-prese-za-kosu\/pegla-za-kosu-senselq-tehnologija-philips-bhs830-00.html\" target=\"_blank\">\n\t\t\t\t\t\t\t<img loading=\"lazy\" decoding=\"async\" width=\"1000\" height=\"1000\" src=\"https:\/\/resources.tehnomax.me\/wp-content\/uploads\/2024\/06\/image64f87835a12cf.png\" class=\"attachment-full size-full wp-image-3720\" alt=\"\" srcset=\"https:\/\/resources.tehnomax.me\/wp-content\/uploads\/2024\/06\/image64f87835a12cf.png 1000w, https:\/\/resources.tehnomax.me\/wp-content\/uploads\/2024\/06\/image64f87835a12cf-300x300.png 300w, https:\/\/resources.tehnomax.me\/wp-content\/uploads\/2024\/06\/image64f87835a12cf-150x150.png 150w, https:\/\/resources.tehnomax.me\/wp-content\/uploads\/2024\/06\/image64f87835a12cf-768x768.png 768w\" sizes=\"(max-width: 1000px) 100vw, 1000px\" \/>\t\t\t\t\t\t\t\t<\/a>\n\t\t\t\t\t\t\t\t\t\t\t\t\t\t\t<\/div>\n\t\t\t\t<\/div>\n\t\t\t\t<div class=\"elementor-element elementor-element-6ad6002 elementor-widget elementor-widget-heading\" data-id=\"6ad6002\" data-element_type=\"widget\" data-widget_type=\"heading.default\">\n\t\t\t\t<div class=\"elementor-widget-container\">\n\t\t\t\t\t<p class=\"elementor-heading-title elementor-size-default\">Personalizovano ispravljanje uz SenseIQ<\/p>\t\t\t\t<\/div>\n\t\t\t\t<\/div>\n\t\t\t\t<div class=\"elementor-element elementor-element-83dcc19 elementor-widget elementor-widget-heading\" data-id=\"83dcc19\" data-element_type=\"widget\" data-widget_type=\"heading.default\">\n\t\t\t\t<div class=\"elementor-widget-container\">\n\t\t\t\t\t<h1 class=\"elementor-heading-title elementor-size-default\"><a href=\"https:\/\/tehnomax.me\/mali-kucni-aparati\/stajleri-i-prese-za-kosu\/pegla-za-kosu-senselq-tehnologija-philips-bhs830-00.html\" target=\"_blank\">PRESA ZA KOSU SA TEHNOLOGIJOM SENSEIQ PHILIPS BHS830\/00<\/a><\/h1>\t\t\t\t<\/div>\n\t\t\t\t<\/div>\n\t\t\t\t\t<\/div>\n\t\t<\/div>\n\t\t\t\t\t<\/div>\n\t\t<\/section>\n\t\t<div class=\"elementor-element elementor-element-35e69b0 e-con-full e-flex e-con e-parent\" data-id=\"35e69b0\" data-element_type=\"container\">\n\t\t\t\t<div class=\"elementor-element elementor-element-12b1bdc elementor-widget elementor-widget-heading\" data-id=\"12b1bdc\" data-element_type=\"widget\" data-widget_type=\"heading.default\">\n\t\t\t\t<div class=\"elementor-widget-container\">\n\t\t\t\t\t<h2 class=\"elementor-heading-title elementor-size-default\">Tehnologija koja osje\u0107a<\/h2>\t\t\t\t<\/div>\n\t\t\t\t<\/div>\n\t\t\t\t<\/div>\n\t\t<div class=\"elementor-element elementor-element-0325114 e-flex e-con-boxed e-con e-parent\" data-id=\"0325114\" data-element_type=\"container\">\n\t\t\t\t\t<div class=\"e-con-inner\">\n\t\t<div class=\"elementor-element elementor-element-3f1141f e-con-full e-flex e-con e-child\" data-id=\"3f1141f\" data-element_type=\"container\">\n\t\t\t\t<div class=\"elementor-element elementor-element-3fad008 elementor-widget elementor-widget-text-editor\" data-id=\"3fad008\" data-element_type=\"widget\" data-widget_type=\"text-editor.default\">\n\t\t\t\t<div class=\"elementor-widget-container\">\n\t\t\t\t\t\t\t\t\t<h3>Osje\u0107a Va\u0161u kosu, prilago\u0111ava joj se i brine o njoj.<\/h3><p>Philips SenseIQ linija za kosu donosi personalizovanu njegu va\u0161e jedinstvene kose pri \u010demu je aktivno \u0161titi od o\u0161te\u0107enja i pucanja.<\/p><p>Tehnologija SenseIQ radi na principu vje\u0161ta\u010dke inteligencije koja osje\u0107a kosu, prilago\u0111ava joj se i njeguje je pa vi\u0161e ne morate tra\u017eiti kompromise izme\u0111u zdrave kose i savr\u0161enih rezultata oblikovanja.<\/p>\t\t\t\t\t\t\t\t<\/div>\n\t\t\t\t<\/div>\n\t\t\t\t<\/div>\n\t\t<div class=\"elementor-element elementor-element-e3ef37b e-con-full e-flex e-con e-child\" data-id=\"e3ef37b\" data-element_type=\"container\">\n\t\t\t\t<div class=\"elementor-element elementor-element-a4b029f elementor-widget elementor-widget-image\" data-id=\"a4b029f\" data-element_type=\"widget\" data-widget_type=\"image.default\">\n\t\t\t\t<div class=\"elementor-widget-container\">\n\t\t\t\t\t\t\t\t\t\t\t\t\t\t\t<img loading=\"lazy\" decoding=\"async\" width=\"800\" height=\"800\" src=\"https:\/\/resources.tehnomax.me\/wp-content\/uploads\/2024\/06\/SenseIQ-kapljica-800x800-100.webp\" class=\"attachment-large size-large wp-image-3733\" alt=\"\" srcset=\"https:\/\/resources.tehnomax.me\/wp-content\/uploads\/2024\/06\/SenseIQ-kapljica-800x800-100.webp 801w, https:\/\/resources.tehnomax.me\/wp-content\/uploads\/2024\/06\/SenseIQ-kapljica-800x800-100-300x300.webp 300w, https:\/\/resources.tehnomax.me\/wp-content\/uploads\/2024\/06\/SenseIQ-kapljica-800x800-100-150x150.webp 150w, https:\/\/resources.tehnomax.me\/wp-content\/uploads\/2024\/06\/SenseIQ-kapljica-800x800-100-768x768.webp 768w\" sizes=\"(max-width: 800px) 100vw, 800px\" \/>\t\t\t\t\t\t\t\t\t\t\t\t\t\t\t<\/div>\n\t\t\t\t<\/div>\n\t\t\t\t<\/div>\n\t\t\t\t\t<\/div>\n\t\t\t\t<\/div>\n\t\t\t\t<section class=\"elementor-section elementor-top-section elementor-element elementor-element-2d296465 elementor-section-boxed elementor-section-height-default elementor-section-height-default\" data-id=\"2d296465\" data-element_type=\"section\">\n\t\t\t\t\t\t<div class=\"elementor-container elementor-column-gap-default\">\n\t\t\t\t\t<div class=\"elementor-column elementor-col-100 elementor-top-column elementor-element elementor-element-79dbb805\" data-id=\"79dbb805\" data-element_type=\"column\">\n\t\t\t<div class=\"elementor-widget-wrap elementor-element-populated\">\n\t\t\t\t\t\t<div class=\"elementor-element elementor-element-52c8e34d elementor-widget elementor-widget-html\" data-id=\"52c8e34d\" data-element_type=\"widget\" data-widget_type=\"html.default\">\n\t\t\t\t<div class=\"elementor-widget-container\">\n\t\t\t\t\t<script src=https:\/\/ajax.googleapis.com\/ajax\/libs\/jquery\/1.11.0\/jquery.min.js><\/script><script type=\"text\/javascript\" src=https:\/\/www.tehnomax.me\/common\/javascript\/iframe-resizer\/iframeResizer.contentWindow.min.js defer><\/script>\t\t\t\t<\/div>\n\t\t\t\t<\/div>\n\t\t\t\t\t<\/div>\n\t\t<\/div>\n\t\t\t\t\t<\/div>\n\t\t<\/section>\n\t\t\t\t<\/div>\n\t\t","protected":false},"excerpt":{"rendered":"<p>SenseIQ linija za njegu kose Divne kovrd\u017ee njegovanog izgleda, automatski AUTOMATSKI UVIJA\u010c ZA KOSU SENSEIQ PHILIPS BHB887\/00 Jedinstvena kosa. Jedinstvena njega. FEN ZA KOSU SA TEHNOLOGIJOM SENSEIQ PHILIPS BHD829\/00 Personalizovano ispravljanje uz SenseIQ PRESA ZA KOSU SA TEHNOLOGIJOM SENSEIQ PHILIPS BHS830\/00 Tehnologija koja osje\u0107a Osje\u0107a Va\u0161u kosu, prilago\u0111ava joj se i brine o njoj. Philips [&hellip;]<\/p>\n","protected":false},"author":1,"featured_media":0,"parent":0,"menu_order":0,"comment_status":"closed","ping_status":"closed","template":"elementor_canvas","meta":{"footnotes":""},"class_list":["post-3710","page","type-page","status-publish","hentry"],"_links":{"self":[{"href":"https:\/\/resources.tehnomax.me\/index.php?rest_route=\/wp\/v2\/pages\/3710","targetHints":{"allow":["GET"]}}],"collection":[{"href":"https:\/\/resources.tehnomax.me\/index.php?rest_route=\/wp\/v2\/pages"}],"about":[{"href":"https:\/\/resources.tehnomax.me\/index.php?rest_route=\/wp\/v2\/types\/page"}],"author":[{"embeddable":true,"href":"https:\/\/resources.tehnomax.me\/index.php?rest_route=\/wp\/v2\/users\/1"}],"replies":[{"embeddable":true,"href":"https:\/\/resources.tehnomax.me\/index.php?rest_route=%2Fwp%2Fv2%2Fcomments&post=3710"}],"version-history":[{"count":22,"href":"https:\/\/resources.tehnomax.me\/index.php?rest_route=\/wp\/v2\/pages\/3710\/revisions"}],"predecessor-version":[{"id":4090,"href":"https:\/\/resources.tehnomax.me\/index.php?rest_route=\/wp\/v2\/pages\/3710\/revisions\/4090"}],"wp:attachment":[{"href":"https:\/\/resources.tehnomax.me\/index.php?rest_route=%2Fwp%2Fv2%2Fmedia&parent=3710"}],"curies":[{"name":"wp","href":"https:\/\/api.w.org\/{rel}","templated":true}]}}