{"id":358,"date":"2023-09-19T13:15:06","date_gmt":"2023-09-19T13:15:06","guid":{"rendered":"https:\/\/resources.tehnomax.me\/?page_id=358"},"modified":"2023-09-19T13:19:37","modified_gmt":"2023-09-19T13:19:37","slug":"nosac-max-tl70","status":"publish","type":"page","link":"https:\/\/resources.tehnomax.me\/?page_id=358","title":{"rendered":"NOSAC MAX TL70"},"content":{"rendered":"\t\t<div data-elementor-type=\"wp-page\" data-elementor-id=\"358\" class=\"elementor elementor-358\" data-elementor-post-type=\"page\">\n\t\t\t\t\t\t<section class=\"elementor-section elementor-top-section elementor-element elementor-element-3e8b02c8 elementor-section-full_width elementor-section-height-default elementor-section-height-default\" data-id=\"3e8b02c8\" data-element_type=\"section\">\n\t\t\t\t\t\t<div class=\"elementor-container elementor-column-gap-default\">\n\t\t\t\t\t<div class=\"elementor-column elementor-col-50 elementor-top-column elementor-element elementor-element-5e59c54\" data-id=\"5e59c54\" data-element_type=\"column\">\n\t\t\t<div class=\"elementor-widget-wrap elementor-element-populated\">\n\t\t\t\t\t\t<div class=\"elementor-element elementor-element-3783d895 elementor-widget elementor-widget-image\" data-id=\"3783d895\" data-element_type=\"widget\" data-widget_type=\"image.default\">\n\t\t\t\t<div class=\"elementor-widget-container\">\n\t\t\t\t\t\t\t\t\t\t\t\t\t\t\t<img decoding=\"async\" width=\"182\" height=\"50\" src=\"https:\/\/resources.tehnomax.me\/wp-content\/uploads\/2023\/09\/MAX-LOGO-FINAL-1-e1575126688568-1.png\" class=\"attachment-large size-large wp-image-36\" alt=\"\" \/>\t\t\t\t\t\t\t\t\t\t\t\t\t\t\t<\/div>\n\t\t\t\t<\/div>\n\t\t\t\t\t<\/div>\n\t\t<\/div>\n\t\t\t\t<div class=\"elementor-column elementor-col-50 elementor-top-column elementor-element elementor-element-7b687b9f\" data-id=\"7b687b9f\" data-element_type=\"column\">\n\t\t\t<div class=\"elementor-widget-wrap elementor-element-populated\">\n\t\t\t\t\t\t<div class=\"elementor-element elementor-element-70d0116e elementor-widget elementor-widget-heading\" data-id=\"70d0116e\" data-element_type=\"widget\" data-widget_type=\"heading.default\">\n\t\t\t\t<div class=\"elementor-widget-container\">\n\t\t\t\t\t<h2 class=\"elementor-heading-title elementor-size-default\">Va\u0161 izbor za \u017eivot.<\/h2>\t\t\t\t<\/div>\n\t\t\t\t<\/div>\n\t\t\t\t\t<\/div>\n\t\t<\/div>\n\t\t\t\t\t<\/div>\n\t\t<\/section>\n\t\t\t\t<section class=\"elementor-section elementor-top-section elementor-element elementor-element-298c6697 elementor-section-full_width elementor-section-height-default elementor-section-height-default\" data-id=\"298c6697\" data-element_type=\"section\">\n\t\t\t\t\t\t<div class=\"elementor-container elementor-column-gap-default\">\n\t\t\t\t\t<div class=\"elementor-column elementor-col-100 elementor-top-column elementor-element elementor-element-56554510\" data-id=\"56554510\" data-element_type=\"column\">\n\t\t\t<div class=\"elementor-widget-wrap elementor-element-populated\">\n\t\t\t\t\t\t<div class=\"elementor-element elementor-element-582fc22b elementor-widget-divider--view-line elementor-widget elementor-widget-divider\" data-id=\"582fc22b\" data-element_type=\"widget\" data-widget_type=\"divider.default\">\n\t\t\t\t<div class=\"elementor-widget-container\">\n\t\t\t\t\t\t\t<div class=\"elementor-divider\">\n\t\t\t<span class=\"elementor-divider-separator\">\n\t\t\t\t\t\t<\/span>\n\t\t<\/div>\n\t\t\t\t\t\t<\/div>\n\t\t\t\t<\/div>\n\t\t\t\t\t<\/div>\n\t\t<\/div>\n\t\t\t\t\t<\/div>\n\t\t<\/section>\n\t\t\t\t<section class=\"elementor-section elementor-top-section elementor-element elementor-element-16d0d9a0 elementor-section-full_width elementor-section-height-default elementor-section-height-default\" data-id=\"16d0d9a0\" data-element_type=\"section\">\n\t\t\t\t\t\t<div class=\"elementor-container elementor-column-gap-default\">\n\t\t\t\t\t<div class=\"elementor-column elementor-col-50 elementor-top-column elementor-element elementor-element-27f7e4c9\" data-id=\"27f7e4c9\" data-element_type=\"column\">\n\t\t\t<div class=\"elementor-widget-wrap elementor-element-populated\">\n\t\t\t\t\t\t<div class=\"elementor-element elementor-element-47f68519 elementor-widget elementor-widget-heading\" data-id=\"47f68519\" data-element_type=\"widget\" data-widget_type=\"heading.default\">\n\t\t\t\t<div class=\"elementor-widget-container\">\n\t\t\t\t\t<h1 class=\"elementor-heading-title elementor-size-default\">TL70<\/h1>\t\t\t\t<\/div>\n\t\t\t\t<\/div>\n\t\t\t\t<div class=\"elementor-element elementor-element-1721f0e0 elementor-widget elementor-widget-text-editor\" data-id=\"1721f0e0\" data-element_type=\"widget\" data-widget_type=\"text-editor.default\">\n\t\t\t\t<div class=\"elementor-widget-container\">\n\t\t\t\t\t\t\t\t\t<p>MAX-ov <strong>TL70<\/strong> Ekonomi\u010dan nagibni zidni nosa\u010d za TV je dizajniran da stane na bilo koji TV sa ravnim ekranom od 37&#8243;-70&#8243; do 35kg\/77lbs, a debljina \u010delika je samo 1,2 mm, ali dovoljno jaka.<\/p><p>Mo\u017ee se nagnuti od 0\u00b0 do 8\u00b0. Super tanak dizajn se nalazi na samo 20,5 mm od zida kako bi upotpunio elegantan izgled ultra tankih televizora. Odlikuje ga otvoreni dizajn koji maksimizira protok vazduha do opreme i omoguc\u0301ava lak pristup zadnjoj strani komponenti.<\/p><p>Tako\u0111e omoguc\u0301ava pode\u0161avanje bo\u010dnog pomeranja, omoguc\u0301avajuc\u0301i televizoru da klizi levo i desno na zidnoj plo\u010di tako da je postavljen ta\u010dno tamo gde \u017eelite. Dizajn sa podesivim nagibom omoguc\u0301ava vam najbolje gledanje.<\/p>\t\t\t\t\t\t\t\t<\/div>\n\t\t\t\t<\/div>\n\t\t\t\t\t<\/div>\n\t\t<\/div>\n\t\t\t\t<div class=\"elementor-column elementor-col-50 elementor-top-column elementor-element elementor-element-388c90db\" data-id=\"388c90db\" data-element_type=\"column\">\n\t\t\t<div class=\"elementor-widget-wrap elementor-element-populated\">\n\t\t\t\t\t\t<div class=\"elementor-element elementor-element-2bd8f237 elementor-widget elementor-widget-image\" data-id=\"2bd8f237\" data-element_type=\"widget\" data-widget_type=\"image.default\">\n\t\t\t\t<div class=\"elementor-widget-container\">\n\t\t\t\t\t\t\t\t\t\t\t\t\t\t\t<img fetchpriority=\"high\" decoding=\"async\" width=\"500\" height=\"500\" src=\"https:\/\/resources.tehnomax.me\/wp-content\/uploads\/2023\/09\/10.jpg\" class=\"attachment-full size-full wp-image-360\" alt=\"\" srcset=\"https:\/\/resources.tehnomax.me\/wp-content\/uploads\/2023\/09\/10.jpg 500w, https:\/\/resources.tehnomax.me\/wp-content\/uploads\/2023\/09\/10-300x300.jpg 300w, https:\/\/resources.tehnomax.me\/wp-content\/uploads\/2023\/09\/10-150x150.jpg 150w\" sizes=\"(max-width: 500px) 100vw, 500px\" \/>\t\t\t\t\t\t\t\t\t\t\t\t\t\t\t<\/div>\n\t\t\t\t<\/div>\n\t\t\t\t\t<\/div>\n\t\t<\/div>\n\t\t\t\t\t<\/div>\n\t\t<\/section>\n\t\t\t\t<section class=\"elementor-section elementor-top-section elementor-element elementor-element-3b78a815 elementor-section-full_width elementor-section-height-default elementor-section-height-default\" data-id=\"3b78a815\" data-element_type=\"section\">\n\t\t\t\t\t\t<div class=\"elementor-container elementor-column-gap-default\">\n\t\t\t\t\t<div class=\"elementor-column elementor-col-50 elementor-top-column elementor-element elementor-element-6770c43a elementor-hidden-mobile\" data-id=\"6770c43a\" data-element_type=\"column\">\n\t\t\t<div class=\"elementor-widget-wrap elementor-element-populated\">\n\t\t\t\t\t\t<div class=\"elementor-element elementor-element-36ce548b elementor-widget elementor-widget-image-gallery\" data-id=\"36ce548b\" data-element_type=\"widget\" data-widget_type=\"image-gallery.default\">\n\t\t\t\t<div class=\"elementor-widget-container\">\n\t\t\t\t\t\t\t<div class=\"elementor-image-gallery\">\n\t\t\t<div id='gallery-1' class='gallery galleryid-358 gallery-columns-5 gallery-size-full'><figure class='gallery-item'>\n\t\t\t<div class='gallery-icon landscape'>\n\t\t\t\t<a data-elementor-open-lightbox=\"no\" href='https:\/\/resources.tehnomax.me\/wp-content\/uploads\/2023\/09\/10.jpg'><img decoding=\"async\" width=\"500\" height=\"500\" src=\"https:\/\/resources.tehnomax.me\/wp-content\/uploads\/2023\/09\/10.jpg\" class=\"attachment-full size-full\" alt=\"\" srcset=\"https:\/\/resources.tehnomax.me\/wp-content\/uploads\/2023\/09\/10.jpg 500w, https:\/\/resources.tehnomax.me\/wp-content\/uploads\/2023\/09\/10-300x300.jpg 300w, https:\/\/resources.tehnomax.me\/wp-content\/uploads\/2023\/09\/10-150x150.jpg 150w\" sizes=\"(max-width: 500px) 100vw, 500px\" \/><\/a>\n\t\t\t<\/div><\/figure>\n\t\t<\/div>\n\t\t<\/div>\n\t\t\t\t\t\t<\/div>\n\t\t\t\t<\/div>\n\t\t\t\t\t<\/div>\n\t\t<\/div>\n\t\t\t\t<div class=\"elementor-column elementor-col-50 elementor-top-column elementor-element elementor-element-52517a71\" data-id=\"52517a71\" data-element_type=\"column\">\n\t\t\t<div class=\"elementor-widget-wrap elementor-element-populated\">\n\t\t\t\t\t\t<div class=\"elementor-element elementor-element-6bea21c9 elementor-widget elementor-widget-heading\" data-id=\"6bea21c9\" data-element_type=\"widget\" data-widget_type=\"heading.default\">\n\t\t\t\t<div class=\"elementor-widget-container\">\n\t\t\t\t\t<h1 class=\"elementor-heading-title elementor-size-default\">Prona\u0111ite savr\u0161en ugao gledanja<\/h1>\t\t\t\t<\/div>\n\t\t\t\t<\/div>\n\t\t\t\t<div class=\"elementor-element elementor-element-104d7b60 elementor-widget elementor-widget-text-editor\" data-id=\"104d7b60\" data-element_type=\"widget\" data-widget_type=\"text-editor.default\">\n\t\t\t\t<div class=\"elementor-widget-container\">\n\t\t\t\t\t\t\t\t\t<div class=\"col-xs-12 col-md-6\"><ul><li><div class=\"f_text\">Lako sklapanje: Instalacija je jednostavna kao 1-2-3<\/div><\/li><li><div class=\"f_text\">Otvorena arhitektura: obezbe\u0111uje povec\u0301anu ventilaciju i lak\u0161i pristup \u017eicama<\/div><\/li><li><div class=\"f_text\">Tv nosa\u010di \u0161kljocnu na svoje mesto za dodatnu sigurnost pomoc\u0301u sigurnosnih \u0161rafova.<\/div><\/li><\/ul><\/div>\t\t\t\t\t\t\t\t<\/div>\n\t\t\t\t<\/div>\n\t\t\t\t\t<\/div>\n\t\t<\/div>\n\t\t\t\t\t<\/div>\n\t\t<\/section>\n\t\t\t\t<section class=\"elementor-section elementor-top-section elementor-element elementor-element-3290049e elementor-section-full_width elementor-hidden-desktop elementor-hidden-tablet elementor-hidden-mobile elementor-section-height-default elementor-section-height-default\" data-id=\"3290049e\" data-element_type=\"section\">\n\t\t\t\t\t\t<div class=\"elementor-container elementor-column-gap-default\">\n\t\t\t\t\t<div class=\"elementor-column elementor-col-100 elementor-top-column elementor-element elementor-element-7b0ba5f8\" data-id=\"7b0ba5f8\" data-element_type=\"column\">\n\t\t\t<div class=\"elementor-widget-wrap elementor-element-populated\">\n\t\t\t\t\t\t<div class=\"elementor-element elementor-element-12fe84f9 elementor-widget elementor-widget-video\" data-id=\"12fe84f9\" data-element_type=\"widget\" data-settings=\"{&quot;video_type&quot;:&quot;hosted&quot;,&quot;controls&quot;:&quot;yes&quot;}\" data-widget_type=\"video.default\">\n\t\t\t\t<div class=\"elementor-widget-container\">\n\t\t\t\t\t\t\t<div class=\"e-hosted-video elementor-wrapper elementor-open-inline\">\n\t\t\t\t\t<video class=\"elementor-video\" src=\"https:\/\/tehnomax.me\/UserFiles\/static\/\/upload\/video\/MED80%2001.mp4\" controls=\"\" preload=\"metadata\" controlsList=\"nodownload\"><\/video>\n\t\t\t\t<\/div>\n\t\t\t\t\t\t<\/div>\n\t\t\t\t<\/div>\n\t\t\t\t\t<\/div>\n\t\t<\/div>\n\t\t\t\t\t<\/div>\n\t\t<\/section>\n\t\t\t\t<section class=\"elementor-section elementor-top-section elementor-element elementor-element-146e404c elementor-section-full_width elementor-hidden-desktop elementor-hidden-tablet elementor-hidden-mobile elementor-section-height-default elementor-section-height-default\" data-id=\"146e404c\" data-element_type=\"section\">\n\t\t\t\t\t\t<div class=\"elementor-container elementor-column-gap-default\">\n\t\t\t\t\t<div class=\"elementor-column elementor-col-50 elementor-top-column elementor-element elementor-element-3cdc69b3\" data-id=\"3cdc69b3\" data-element_type=\"column\">\n\t\t\t<div class=\"elementor-widget-wrap elementor-element-populated\">\n\t\t\t\t\t\t<div class=\"elementor-element elementor-element-b9c74fc elementor-widget elementor-widget-heading\" data-id=\"b9c74fc\" data-element_type=\"widget\" data-widget_type=\"heading.default\">\n\t\t\t\t<div class=\"elementor-widget-container\">\n\t\t\t\t\t<h1 class=\"elementor-heading-title elementor-size-default\">MONTA\u017dA<\/h1>\t\t\t\t<\/div>\n\t\t\t\t<\/div>\n\t\t\t\t<div class=\"elementor-element elementor-element-3844a32e elementor-widget elementor-widget-text-editor\" data-id=\"3844a32e\" data-element_type=\"widget\" data-widget_type=\"text-editor.default\">\n\t\t\t\t<div class=\"elementor-widget-container\">\n\t\t\t\t\t\t\t\t\t<p>Pogledajte video uputstvo za monta\u017eu va\u0161eg TV nosa\u010da.<\/p>\t\t\t\t\t\t\t\t<\/div>\n\t\t\t\t<\/div>\n\t\t\t\t\t<\/div>\n\t\t<\/div>\n\t\t\t\t<div class=\"elementor-column elementor-col-50 elementor-top-column elementor-element elementor-element-1efac5ad\" data-id=\"1efac5ad\" data-element_type=\"column\">\n\t\t\t<div class=\"elementor-widget-wrap elementor-element-populated\">\n\t\t\t\t\t\t<div class=\"elementor-element elementor-element-40eb2fd0 elementor-widget elementor-widget-video\" data-id=\"40eb2fd0\" data-element_type=\"widget\" data-settings=\"{&quot;video_type&quot;:&quot;hosted&quot;,&quot;controls&quot;:&quot;yes&quot;}\" data-widget_type=\"video.default\">\n\t\t\t\t<div class=\"elementor-widget-container\">\n\t\t\t\t\t\t\t<div class=\"e-hosted-video elementor-wrapper elementor-open-inline\">\n\t\t\t\t\t<video class=\"elementor-video\" src=\"https:\/\/tehnomax.me\/UserFiles\/static\/\/upload\/video\/MEC70-02.mp4\" controls=\"\" preload=\"metadata\" controlsList=\"nodownload\"><\/video>\n\t\t\t\t<\/div>\n\t\t\t\t\t\t<\/div>\n\t\t\t\t<\/div>\n\t\t\t\t\t<\/div>\n\t\t<\/div>\n\t\t\t\t\t<\/div>\n\t\t<\/section>\n\t\t\t\t<section class=\"elementor-section elementor-top-section elementor-element elementor-element-59afd710 elementor-section-boxed elementor-section-height-default elementor-section-height-default\" data-id=\"59afd710\" data-element_type=\"section\">\n\t\t\t\t\t\t<div class=\"elementor-container elementor-column-gap-default\">\n\t\t\t\t\t<div class=\"elementor-column elementor-col-100 elementor-top-column elementor-element elementor-element-6c1946ef\" data-id=\"6c1946ef\" data-element_type=\"column\">\n\t\t\t<div class=\"elementor-widget-wrap elementor-element-populated\">\n\t\t\t\t\t\t<div class=\"elementor-element elementor-element-6d990a84 elementor-widget elementor-widget-image\" data-id=\"6d990a84\" data-element_type=\"widget\" data-widget_type=\"image.default\">\n\t\t\t\t<div class=\"elementor-widget-container\">\n\t\t\t\t\t\t\t\t\t\t\t\t\t\t\t<img loading=\"lazy\" decoding=\"async\" width=\"182\" height=\"50\" src=\"https:\/\/resources.tehnomax.me\/wp-content\/uploads\/2023\/09\/MAX-LOGO-FINAL-1-e1575126688568-1.png\" class=\"attachment-full size-full wp-image-36\" alt=\"\" \/>\t\t\t\t\t\t\t\t\t\t\t\t\t\t\t<\/div>\n\t\t\t\t<\/div>\n\t\t\t\t\t<\/div>\n\t\t<\/div>\n\t\t\t\t\t<\/div>\n\t\t<\/section>\n\t\t\t\t<section class=\"elementor-section elementor-top-section elementor-element elementor-element-589109bf elementor-section-boxed elementor-section-height-default elementor-section-height-default\" data-id=\"589109bf\" data-element_type=\"section\">\n\t\t\t\t\t\t<div class=\"elementor-container elementor-column-gap-default\">\n\t\t\t\t\t<div class=\"elementor-column elementor-col-100 elementor-top-column elementor-element elementor-element-79ba7f0d\" data-id=\"79ba7f0d\" data-element_type=\"column\">\n\t\t\t<div class=\"elementor-widget-wrap elementor-element-populated\">\n\t\t\t\t\t\t<div class=\"elementor-element elementor-element-13c9ad80 elementor-widget elementor-widget-html\" data-id=\"13c9ad80\" data-element_type=\"widget\" data-widget_type=\"html.default\">\n\t\t\t\t<div class=\"elementor-widget-container\">\n\t\t\t\t\t<script src=https:\/\/ajax.googleapis.com\/ajax\/libs\/jquery\/1.11.0\/jquery.min.js><\/script><script type=\"text\/javascript\" src=https:\/\/www.tehnomax.me\/common\/javascript\/iframe-resizer\/iframeResizer.contentWindow.min.js defer><\/script>\t\t\t\t<\/div>\n\t\t\t\t<\/div>\n\t\t\t\t\t<\/div>\n\t\t<\/div>\n\t\t\t\t\t<\/div>\n\t\t<\/section>\n\t\t\t\t<\/div>\n\t\t","protected":false},"excerpt":{"rendered":"<p>Va\u0161 izbor za \u017eivot. TL70 MAX-ov TL70 Ekonomi\u010dan nagibni zidni nosa\u010d za TV je dizajniran da stane na bilo koji TV sa ravnim ekranom od 37&#8243;-70&#8243; do 35kg\/77lbs, a debljina \u010delika je samo 1,2 mm, ali dovoljno jaka. Mo\u017ee se nagnuti od 0\u00b0 do 8\u00b0. Super tanak dizajn se nalazi na samo 20,5 mm od [&hellip;]<\/p>\n","protected":false},"author":1,"featured_media":0,"parent":0,"menu_order":0,"comment_status":"closed","ping_status":"closed","template":"elementor_canvas","meta":{"footnotes":""},"class_list":["post-358","page","type-page","status-publish","hentry"],"_links":{"self":[{"href":"https:\/\/resources.tehnomax.me\/index.php?rest_route=\/wp\/v2\/pages\/358","targetHints":{"allow":["GET"]}}],"collection":[{"href":"https:\/\/resources.tehnomax.me\/index.php?rest_route=\/wp\/v2\/pages"}],"about":[{"href":"https:\/\/resources.tehnomax.me\/index.php?rest_route=\/wp\/v2\/types\/page"}],"author":[{"embeddable":true,"href":"https:\/\/resources.tehnomax.me\/index.php?rest_route=\/wp\/v2\/users\/1"}],"replies":[{"embeddable":true,"href":"https:\/\/resources.tehnomax.me\/index.php?rest_route=%2Fwp%2Fv2%2Fcomments&post=358"}],"version-history":[{"count":4,"href":"https:\/\/resources.tehnomax.me\/index.php?rest_route=\/wp\/v2\/pages\/358\/revisions"}],"predecessor-version":[{"id":363,"href":"https:\/\/resources.tehnomax.me\/index.php?rest_route=\/wp\/v2\/pages\/358\/revisions\/363"}],"wp:attachment":[{"href":"https:\/\/resources.tehnomax.me\/index.php?rest_route=%2Fwp%2Fv2%2Fmedia&parent=358"}],"curies":[{"name":"wp","href":"https:\/\/api.w.org\/{rel}","templated":true}]}}